{"id":5848,"date":"2025-03-19T08:33:20","date_gmt":"2025-03-19T07:33:20","guid":{"rendered":"https:\/\/wimar.net\/?post_type=product&#038;p=5848"},"modified":"2025-03-19T08:50:32","modified_gmt":"2025-03-19T07:50:32","slug":"pfropfmesser-due-buoi-203c-buffelhorngriff-rechtshandig","status":"publish","type":"product","link":"https:\/\/wimar.net\/de\/produkt\/pfropfmesser-due-buoi-203c-buffelhorngriff-rechtshandig\/","title":{"rendered":"Baumschulmesser, Veredelungsmesser Due Buoi 203C, B\u00fcffelhorngriff, rechtsh\u00e4ndig"},"content":{"rendered":"<h3 data-start=\"0\" data-end=\"298\">Baumschulmesser, Veredelungsmaschine<\/h3>\n<p data-start=\"0\" data-end=\"298\">Das Veredelungsmesser Due Buoi 203C f\u00fcr Rechtsh\u00e4nder ist ein Pr\u00e4zisionswerkzeug f\u00fcr den professionellen Einsatz in Baumschulen und G\u00e4rtnereien. Dank seiner robusten Konstruktion und seines speziellen Designs ist es ideal f\u00fcr das Veredeln und Entkernen von Pflanzen geeignet und garantiert dem Rechtsh\u00e4nder Komfort und Pr\u00e4zision beim Schneiden.<\/p>\n<p data-start=\"0\" data-end=\"298\">Due Buoi (Zwei Ochsen) ist ein 1884 in Italien gegr\u00fcndetes Familienunternehmen, das seit vier Generationen Messer und Werkzeuge f\u00fcr die Landwirtschaft herstellt. DueBuoi hat seine eigene sorgf\u00e4ltige Methode der Metallbearbeitung entwickelt\u00a0<em>extra duro<\/em>die daf\u00fcr sorgt, dass die Klingen der hergestellten Messer und Scheren ihre au\u00dfergew\u00f6hnliche Langlebigkeit beibehalten. Das Unternehmen aus Maniago (Stadt der Schneidwaren) ist in Italien f\u00fcr die Herstellung von K\u00fcchenmessern, Baumschul- und \u00dcberlebensmessern, Gartenscheren und \u00c4xten bekannt.<\/p>\n<h3 data-start=\"300\" data-end=\"324\">Wesentliche Merkmale:<\/h3>\n<ul>\n<li data-start=\"326\" data-end=\"993\"><strong data-start=\"305\" data-end=\"332\">Hochwertige Verarbeitung<\/strong> - Das Messer wird in Italien von der renommierten Firma Due Buoi hergestellt, die f\u00fcr die Produktion professioneller Gartenger\u00e4te bekannt ist.<\/li>\n<li data-start=\"326\" data-end=\"993\"><strong data-start=\"459\" data-end=\"480\">Pr\u00e4zisionsklinge<\/strong> - Sie ist aus Kohlenstoffstahl gefertigt und eignet sich ideal f\u00fcr pr\u00e4zise Schnitte beim Veredeln und Verstemmen.<\/li>\n<li data-start=\"326\" data-end=\"993\"><strong data-start=\"590\" data-end=\"615\">Ergonomischer Griff<\/strong> - Der wohlgeformte Griff aus B\u00fcffelhorn bietet Komfort und einen sicheren Halt.<\/li>\n<li data-start=\"326\" data-end=\"993\"><strong data-start=\"701\" data-end=\"728\">Langlebigkeit und Zuverl\u00e4ssigkeit<\/strong> - Die robuste Konstruktion des Messers garantiert auch bei intensivem Gebrauch eine lange Lebensdauer.<\/li>\n<li data-start=\"326\" data-end=\"993\"><strong data-start=\"823\" data-end=\"853\">Professioneller Einsatz<\/strong> - Ideal f\u00fcr Baumschuler, Obstbauern und G\u00e4rtner, die sich mit der Vermehrung von Pflanzen besch\u00e4ftigen.<\/li>\n<li data-start=\"326\" data-end=\"993\"><strong>L\u00e4nge der Klinge<\/strong> - 5,5 cm<\/li>\n<li data-start=\"326\" data-end=\"993\"><strong>Breite der Klinge<\/strong> - 1,5 cm<\/li>\n<li data-start=\"326\" data-end=\"993\"><strong>Gesamtgr\u00f6\u00dfe<\/strong> - 17 cm<\/li>\n<li data-start=\"326\" data-end=\"993\"><strong>Material<\/strong> - Kohlenstoffstahl (Klinge), massives Messing (Liner), B\u00fcffelhorn (Griff)<\/li>\n<\/ul>\n<h3 data-start=\"995\" data-end=\"1012\">Anwendung:<\/h3>\n<ul data-start=\"1014\" data-end=\"1347\">\n<li data-start=\"966\" data-end=\"1060\"><strong data-start=\"968\" data-end=\"1009\">Veredelung von Obstb\u00e4umen und -str\u00e4uchern<\/strong> - Unverzichtbar f\u00fcr die Kombination von Sprossen und Unterlagen.<\/li>\n<li data-start=\"1061\" data-end=\"1188\"><strong data-start=\"1063\" data-end=\"1084\">Entkusselung von Pflanzen<\/strong> - Die Pr\u00e4zisionsklinge erm\u00f6glicht die f\u00fcr diese Vermehrungsmethode erforderlichen pr\u00e4zisen Schnitte.<\/li>\n<li data-start=\"1189\" data-end=\"1286\"><strong data-start=\"1191\" data-end=\"1213\">Arbeit in der Kinderkrippe<\/strong> - Ideal f\u00fcr den professionellen Einsatz in Baum- und Strauchschulen.<\/li>\n<li data-start=\"1287\" data-end=\"1370\"><strong data-start=\"1289\" data-end=\"1322\">Pflege von Gartenpflanzen<\/strong> - Erleichtert Arbeiten, die Pr\u00e4zisionsschnitte erfordern.<\/li>\n<\/ul>\n<h3 data-start=\"1471\" data-end=\"1538\">Warum sollten Sie sich f\u00fcr das Due Buoi 203C Kindermesser f\u00fcr Rechtsh\u00e4nder entscheiden?<\/h3>\n<p data-start=\"1539\" data-end=\"1977\" data-is-last-node=\"\" data-is-only-node=\"\">Das Messer Due Buoi 203C ist ein zuverl\u00e4ssiges Werkzeug, das f\u00fcr Profis und anspruchsvolle Rechtsh\u00e4nder entwickelt wurde. Es ist bequem und sicher in der Handhabung, w\u00e4hrend die Langlebigkeit und Sch\u00e4rfe der Klinge einen langen Gebrauch ohne Einbu\u00dfen bei der Schnittqualit\u00e4t gew\u00e4hrleisten.<\/p>","protected":false},"excerpt":{"rendered":"<p>N\u00f3\u017c szk\u00f3\u0142karski, szczepak N\u00f3\u017c szk\u00f3\u0142karski szczepak Due Buoi 203C prawor\u0119czny to precyzyjne narz\u0119dzie stworzone z my\u015bl\u0105 o profesjonalnych zastosowaniach szk\u00f3\u0142karskich i ogrodniczych. Dzi\u0119ki solidnemu wykonaniu i specjalistycznej konstrukcji idealnie sprawdza si\u0119 podczas szczepienia i okulizacji ro\u015blin, gwarantuj\u0105c wygod\u0119 oraz precyzj\u0119 ci\u0119cia dla os\u00f3b prawor\u0119cznych. Due Buoi (Dwa Wo\u0142y) to rodzinna firma za\u0142o\u017cona w 1884 roku [&hellip;]<\/p>","protected":false},"featured_media":5846,"template":"","meta":{"site-sidebar-layout":"default","site-content-layout":"","ast-site-content-layout":"default","site-content-style":"default","site-sidebar-style":"default","ast-global-header-display":"","ast-banner-title-visibility":"","ast-main-header-display":"","ast-hfb-above-header-display":"","ast-hfb-below-header-display":"","ast-hfb-mobile-header-display":"","site-post-title":"","ast-breadcrumbs-content":"","ast-featured-img":"","footer-sml-layout":"","theme-transparent-header-meta":"default","adv-header-id-meta":"","stick-header-meta":"default","header-above-stick-meta":"","header-main-stick-meta":"","header-below-stick-meta":"","astra-migrate-meta-layouts":"set","ast-page-background-enabled":"default","ast-page-background-meta":{"desktop":{"background-color":"var(--ast-global-color-4)","background-image":"","background-repeat":"repeat","background-position":"center center","background-size":"auto","background-attachment":"scroll","background-type":"","background-media":"","overlay-type":"","overlay-color":"","overlay-opacity":"","overlay-gradient":""},"tablet":{"background-color":"","background-image":"","background-repeat":"repeat","background-position":"center center","background-size":"auto","background-attachment":"scroll","background-type":"","background-media":"","overlay-type":"","overlay-color":"","overlay-opacity":"","overlay-gradient":""},"mobile":{"background-color":"","background-image":"","background-repeat":"repeat","background-position":"center center","background-size":"auto","background-attachment":"scroll","background-type":"","background-media":"","overlay-type":"","overlay-color":"","overlay-opacity":"","overlay-gradient":""}},"ast-content-background-meta":{"desktop":{"background-color":"var(--ast-global-color-5)","background-image":"","background-repeat":"repeat","background-position":"center center","background-size":"auto","background-attachment":"scroll","background-type":"","background-media":"","overlay-type":"","overlay-color":"","overlay-opacity":"","overlay-gradient":""},"tablet":{"background-color":"var(--ast-global-color-5)","background-image":"","background-repeat":"repeat","background-position":"center center","background-size":"auto","background-attachment":"scroll","background-type":"","background-media":"","overlay-type":"","overlay-color":"","overlay-opacity":"","overlay-gradient":""},"mobile":{"background-color":"var(--ast-global-color-5)","background-image":"","background-repeat":"repeat","background-position":"center center","background-size":"auto","background-attachment":"scroll","background-type":"","background-media":"","overlay-type":"","overlay-color":"","overlay-opacity":"","overlay-gradient":""}}},"product_brand":[],"product_cat":[253,258],"product_tag":[],"class_list":{"0":"post-5848","1":"product","2":"type-product","3":"status-publish","4":"has-post-thumbnail","6":"product_cat-noze","7":"product_cat-reczne-narzedzia-ogrodnicze","8":"desktop-align-left","9":"tablet-align-left","10":"mobile-align-left","11":"ast-product-gallery-layout-horizontal","12":"ast-product-tabs-layout-horizontal","14":"first","15":"instock","16":"shipping-taxable","17":"product-type-simple"},"_links":{"self":[{"href":"https:\/\/wimar.net\/de\/wp-json\/wp\/v2\/product\/5848","targetHints":{"allow":["GET"]}}],"collection":[{"href":"https:\/\/wimar.net\/de\/wp-json\/wp\/v2\/product"}],"about":[{"href":"https:\/\/wimar.net\/de\/wp-json\/wp\/v2\/types\/product"}],"version-history":[{"count":3,"href":"https:\/\/wimar.net\/de\/wp-json\/wp\/v2\/product\/5848\/revisions"}],"predecessor-version":[{"id":5856,"href":"https:\/\/wimar.net\/de\/wp-json\/wp\/v2\/product\/5848\/revisions\/5856"}],"wp:featuredmedia":[{"embeddable":true,"href":"https:\/\/wimar.net\/de\/wp-json\/wp\/v2\/media\/5846"}],"wp:attachment":[{"href":"https:\/\/wimar.net\/de\/wp-json\/wp\/v2\/media?parent=5848"}],"wp:term":[{"taxonomy":"product_brand","embeddable":true,"href":"https:\/\/wimar.net\/de\/wp-json\/wp\/v2\/product_brand?post=5848"},{"taxonomy":"product_cat","embeddable":true,"href":"https:\/\/wimar.net\/de\/wp-json\/wp\/v2\/product_cat?post=5848"},{"taxonomy":"product_tag","embeddable":true,"href":"https:\/\/wimar.net\/de\/wp-json\/wp\/v2\/product_tag?post=5848"}],"curies":[{"name":"wp","href":"https:\/\/api.w.org\/{rel}","templated":true}]}}