{"id":5861,"date":"2025-03-19T08:57:07","date_gmt":"2025-03-19T07:57:07","guid":{"rendered":"https:\/\/wimar.net\/?post_type=product&#038;p=5861"},"modified":"2025-03-19T09:49:07","modified_gmt":"2025-03-19T08:49:07","slug":"veredelungsmesser-due-buoi-205l-holz","status":"publish","type":"product","link":"https:\/\/wimar.net\/de\/produkt\/veredelungsmesser-due-buoi-205l-holz\/","title":{"rendered":"Veredelungsmesser, caulizer Due Buoi 205L, Holz"},"content":{"rendered":"<h3 data-start=\"0\" data-end=\"298\">Impfmesser, Ophthalmoskop<\/h3>\n<p data-start=\"0\" data-end=\"298\">Das Veredelungsmesser Due Buoi 205L mit Holzgriff ist ein pr\u00e4zises Gartenwerkzeug, das in jedem Obstgarten, jeder Baumschule und jedem Garten unverzichtbar ist. Dank seiner robusten Verarbeitung und ergonomischen Form ist es ideal zum Veredeln und Entkernen von Obst- und Zierb\u00e4umen und -str\u00e4uchern.<\/p>\n<p data-start=\"0\" data-end=\"298\">Due Buoi (Zwei Ochsen) ist ein 1884 in Italien gegr\u00fcndetes Familienunternehmen, das seit vier Generationen Messer und Werkzeuge f\u00fcr die Landwirtschaft herstellt. DueBuoi hat seine eigene sorgf\u00e4ltige Methode der Metallbearbeitung entwickelt\u00a0<em>extra duro<\/em>die daf\u00fcr sorgt, dass die Klingen der hergestellten Messer und Scheren ihre au\u00dfergew\u00f6hnliche Langlebigkeit beibehalten. Das Unternehmen aus Maniago (Stadt der Schneidwaren) ist in Italien f\u00fcr die Herstellung von K\u00fcchenmessern, Baumschul- und \u00dcberlebensmessern, Gartenscheren und \u00c4xten bekannt.<\/p>\n<h3 data-start=\"300\" data-end=\"324\">Wesentliche Merkmale:<\/h3>\n<ul>\n<li data-start=\"326\" data-end=\"993\"><strong data-start=\"330\" data-end=\"357\">Nat\u00fcrlichkeit und Robustheit<\/strong> - Ausgestattet mit einem bequemen Griff aus Naturholz f\u00fcr sicheren Halt und Komfort.<\/li>\n<li data-start=\"326\" data-end=\"993\"><strong data-start=\"458\" data-end=\"479\">Pr\u00e4zisionsklinge<\/strong> - Die hochwertige Stahlklinge erm\u00f6glicht pr\u00e4zise und saubere Schnitte, die f\u00fcr Transplantationen und Kauterisationen notwendig sind.<\/li>\n<li data-start=\"326\" data-end=\"993\"><strong data-start=\"596\" data-end=\"626\">Professioneller Einsatz<\/strong> - Entwickelt f\u00fcr Obstbauern, Baumschuler und G\u00e4rtner, die Wert auf Pr\u00e4zision und langlebige Werkzeuge legen.<\/li>\n<li data-start=\"326\" data-end=\"993\"><strong data-start=\"744\" data-end=\"756\">Nachhaltigkeit<\/strong> - Hochwertige Materialien sorgen f\u00fcr eine lange Lebensdauer des Messers auch bei intensivem Gebrauch.<\/li>\n<li data-start=\"326\" data-end=\"993\"><strong data-start=\"858\" data-end=\"872\">Handlichkeit<\/strong> - Leicht, gut ausbalanciert, liegt er perfekt in der Hand und erleichtert pr\u00e4zises Arbeiten.<\/li>\n<li data-start=\"326\" data-end=\"993\"><strong>L\u00e4nge der Klinge<\/strong> - 4 cm<\/li>\n<li data-start=\"326\" data-end=\"993\"><strong>Gesamtgr\u00f6\u00dfe<\/strong> - 16 cm<\/li>\n<li data-start=\"326\" data-end=\"993\"><strong>Material<\/strong> - Holz (Griff), massives Messing (Einlage), Kohlenstoffstahl (Klinge)<\/li>\n<\/ul>\n<h3 data-start=\"995\" data-end=\"1012\">Anwendung:<\/h3>\n<ul data-start=\"1014\" data-end=\"1347\">\n<li data-start=\"966\" data-end=\"1060\">\u00a0<strong data-start=\"979\" data-end=\"1020\">Veredelung von Obstb\u00e4umen und -str\u00e4uchern<\/strong> - Hervorragend geeignet zum Schneiden und Vorbereiten von Edelreisern.<\/li>\n<li data-start=\"966\" data-end=\"1060\"><strong data-start=\"1086\" data-end=\"1100\">Bedeckung<\/strong> - Unverzichtbar f\u00fcr die pr\u00e4zise Verankerung und Veredelung unter der Rinde.<\/li>\n<li data-start=\"966\" data-end=\"1060\"><strong data-start=\"1175\" data-end=\"1210\">Baumschul- und Gartenbauarbeiten<\/strong> - N\u00fctzlich \u00fcberall dort, wo Pr\u00e4zision und Feinf\u00fchligkeit beim Schneiden gefragt sind.<\/li>\n<\/ul>\n<h3 data-start=\"1295\" data-end=\"1346\">Warum das Veredelungsmesser Due Buoi 205L w\u00e4hlen?<\/h3>\n<p data-start=\"1348\" data-end=\"1722\" data-is-last-node=\"\" data-is-only-node=\"\">Das Messer Due Buoi 205L ist ein zuverl\u00e4ssiges und professionelles Werkzeug, das dank der Kombination aus einer Pr\u00e4zisionsklinge und einem Holzgriff Komfort und Effizienz gew\u00e4hrleistet. Langlebig, handlich und einfach zu bedienen, ist es die ideale Wahl f\u00fcr alle, die mit dem Veredeln und Pfropfen von Pflanzen zu tun haben. Es ist ein unverzichtbares Ger\u00e4t f\u00fcr jeden G\u00e4rtner und Obstbauern, der Qualit\u00e4t und traditionelles Handwerk sch\u00e4tzt.<\/p>","protected":false},"excerpt":{"rendered":"<p>N\u00f3\u017c do szczepie\u0144, okulizak N\u00f3\u017c do szczepie\u0144, okulizak Due Buoi 205L z drewnian\u0105 r\u0119koje\u015bci\u0105 to precyzyjne narz\u0119dzie ogrodnicze, niezb\u0119dne w ka\u017cdym sadzie, szk\u00f3\u0142ce czy ogrodzie. Dzi\u0119ki solidnemu wykonaniu i ergonomicznemu kszta\u0142towi doskonale sprawdzi si\u0119 podczas szczepienia i okulizacji drzew oraz krzew\u00f3w owocowych i ozdobnych. Due Buoi (Dwa Wo\u0142y) to rodzinna firma za\u0142o\u017cona w 1884 roku [&hellip;]<\/p>","protected":false},"featured_media":5866,"template":"","meta":{"site-sidebar-layout":"default","site-content-layout":"","ast-site-content-layout":"default","site-content-style":"default","site-sidebar-style":"default","ast-global-header-display":"","ast-banner-title-visibility":"","ast-main-header-display":"","ast-hfb-above-header-display":"","ast-hfb-below-header-display":"","ast-hfb-mobile-header-display":"","site-post-title":"","ast-breadcrumbs-content":"","ast-featured-img":"","footer-sml-layout":"","theme-transparent-header-meta":"default","adv-header-id-meta":"","stick-header-meta":"default","header-above-stick-meta":"","header-main-stick-meta":"","header-below-stick-meta":"","astra-migrate-meta-layouts":"set","ast-page-background-enabled":"default","ast-page-background-meta":{"desktop":{"background-color":"var(--ast-global-color-4)","background-image":"","background-repeat":"repeat","background-position":"center center","background-size":"auto","background-attachment":"scroll","background-type":"","background-media":"","overlay-type":"","overlay-color":"","overlay-opacity":"","overlay-gradient":""},"tablet":{"background-color":"","background-image":"","background-repeat":"repeat","background-position":"center center","background-size":"auto","background-attachment":"scroll","background-type":"","background-media":"","overlay-type":"","overlay-color":"","overlay-opacity":"","overlay-gradient":""},"mobile":{"background-color":"","background-image":"","background-repeat":"repeat","background-position":"center center","background-size":"auto","background-attachment":"scroll","background-type":"","background-media":"","overlay-type":"","overlay-color":"","overlay-opacity":"","overlay-gradient":""}},"ast-content-background-meta":{"desktop":{"background-color":"var(--ast-global-color-5)","background-image":"","background-repeat":"repeat","background-position":"center center","background-size":"auto","background-attachment":"scroll","background-type":"","background-media":"","overlay-type":"","overlay-color":"","overlay-opacity":"","overlay-gradient":""},"tablet":{"background-color":"var(--ast-global-color-5)","background-image":"","background-repeat":"repeat","background-position":"center center","background-size":"auto","background-attachment":"scroll","background-type":"","background-media":"","overlay-type":"","overlay-color":"","overlay-opacity":"","overlay-gradient":""},"mobile":{"background-color":"var(--ast-global-color-5)","background-image":"","background-repeat":"repeat","background-position":"center center","background-size":"auto","background-attachment":"scroll","background-type":"","background-media":"","overlay-type":"","overlay-color":"","overlay-opacity":"","overlay-gradient":""}}},"product_brand":[],"product_cat":[253,258],"product_tag":[],"class_list":{"0":"post-5861","1":"product","2":"type-product","3":"status-publish","4":"has-post-thumbnail","6":"product_cat-noze","7":"product_cat-reczne-narzedzia-ogrodnicze","8":"desktop-align-left","9":"tablet-align-left","10":"mobile-align-left","11":"ast-product-gallery-layout-horizontal","12":"ast-product-tabs-layout-horizontal","14":"first","15":"instock","16":"shipping-taxable","17":"product-type-simple"},"_links":{"self":[{"href":"https:\/\/wimar.net\/de\/wp-json\/wp\/v2\/product\/5861","targetHints":{"allow":["GET"]}}],"collection":[{"href":"https:\/\/wimar.net\/de\/wp-json\/wp\/v2\/product"}],"about":[{"href":"https:\/\/wimar.net\/de\/wp-json\/wp\/v2\/types\/product"}],"version-history":[{"count":3,"href":"https:\/\/wimar.net\/de\/wp-json\/wp\/v2\/product\/5861\/revisions"}],"predecessor-version":[{"id":7314,"href":"https:\/\/wimar.net\/de\/wp-json\/wp\/v2\/product\/5861\/revisions\/7314"}],"wp:featuredmedia":[{"embeddable":true,"href":"https:\/\/wimar.net\/de\/wp-json\/wp\/v2\/media\/5866"}],"wp:attachment":[{"href":"https:\/\/wimar.net\/de\/wp-json\/wp\/v2\/media?parent=5861"}],"wp:term":[{"taxonomy":"product_brand","embeddable":true,"href":"https:\/\/wimar.net\/de\/wp-json\/wp\/v2\/product_brand?post=5861"},{"taxonomy":"product_cat","embeddable":true,"href":"https:\/\/wimar.net\/de\/wp-json\/wp\/v2\/product_cat?post=5861"},{"taxonomy":"product_tag","embeddable":true,"href":"https:\/\/wimar.net\/de\/wp-json\/wp\/v2\/product_tag?post=5861"}],"curies":[{"name":"wp","href":"https:\/\/api.w.org\/{rel}","templated":true}]}}