{"id":5867,"date":"2025-03-19T09:40:43","date_gmt":"2025-03-19T08:40:43","guid":{"rendered":"https:\/\/wimar.net\/?post_type=product&#038;p=5867"},"modified":"2025-03-19T09:48:29","modified_gmt":"2025-03-19T08:48:29","slug":"spaltkeilschneider-duo-buoi-275l-obstbau","status":"publish","type":"product","link":"https:\/\/wimar.net\/de\/produkt\/spaltkeilschneider-duo-buoi-275l-obstbau\/","title":{"rendered":"Duo Buoi 275L Spaltkeilmesser - Obstgarten"},"content":{"rendered":"<h3 data-start=\"0\" data-end=\"298\">Spaltkeilmesser<\/h3>\n<p data-start=\"0\" data-end=\"298\">Das Due Buoi 275L Spaltkeilmesser ist ein Spezialwerkzeug f\u00fcr den Obstbau, das f\u00fcr das pr\u00e4zise und effiziente Spalten von St\u00e4mmen und \u00c4sten bei der Veredelung von Obstb\u00e4umen entwickelt wurde. Seine hochwertige Verarbeitung und robuste Konstruktion machen es zu einem unverzichtbaren Werkzeug f\u00fcr jeden Obstbaubetrieb.<\/p>\n<p data-start=\"0\" data-end=\"298\">Due Buoi (Zwei Ochsen) ist ein 1884 in Italien gegr\u00fcndetes Familienunternehmen, das seit vier Generationen Messer und Werkzeuge f\u00fcr die Landwirtschaft herstellt. DueBuoi hat seine eigene sorgf\u00e4ltige Methode der Metallbearbeitung entwickelt\u00a0<em>extra duro<\/em>die daf\u00fcr sorgt, dass die Klingen der hergestellten Messer und Scheren ihre au\u00dfergew\u00f6hnliche Langlebigkeit beibehalten. Das Unternehmen aus Maniago (Stadt der Schneidwaren) ist in Italien f\u00fcr die Herstellung von K\u00fcchenmessern, Baumschul- und \u00dcberlebensmessern, Gartenscheren und \u00c4xten bekannt.<\/p>\n<h3 data-start=\"300\" data-end=\"324\">Wesentliche Merkmale:<\/h3>\n<ul>\n<li data-start=\"326\" data-end=\"993\"><strong data-start=\"367\" data-end=\"389\">Feinmechanik<\/strong> - Das Messer ist aus hochwertigem Stahl gefertigt und garantiert Langlebigkeit und Zuverl\u00e4ssigkeit im Gebrauch.<\/li>\n<li data-start=\"326\" data-end=\"993\"><strong data-start=\"488\" data-end=\"504\">Robustheit<\/strong> - Die Konstruktion ist widerstandsf\u00e4hig gegen mechanische Besch\u00e4digungen und den intensiven Einsatz unter rauen Bedingungen im Obstbau.<\/li>\n<li data-start=\"326\" data-end=\"993\"><strong data-start=\"618\" data-end=\"643\">Ideale Keilform<\/strong> - Die speziell geformte Klinge erm\u00f6glicht ein einfaches und kontrolliertes Spalten von Holz, ohne den Baum zu besch\u00e4digen.<\/li>\n<li data-start=\"326\" data-end=\"993\"><strong data-start=\"766\" data-end=\"791\">Ergonomischer Griff<\/strong> - Sie erm\u00f6glicht einen sicheren Griff und komfortables Arbeiten auch \u00fcber l\u00e4ngere Zeitr\u00e4ume.<\/li>\n<li data-start=\"326\" data-end=\"993\"><strong data-start=\"863\" data-end=\"893\">Multisaisonale Verwendung<\/strong> - Bei richtiger Pflege beh\u00e4lt das Werkzeug seine Eigenschaften \u00fcber viele Jahre hinweg.<\/li>\n<li data-start=\"326\" data-end=\"993\"><strong>L\u00e4nge der Klinge<\/strong> - 4,5 cm<\/li>\n<li data-start=\"326\" data-end=\"993\"><strong>Gesamtgr\u00f6\u00dfe<\/strong> - 24,6 cm<\/li>\n<li data-start=\"326\" data-end=\"993\"><strong>Material<\/strong> - Holz (Griff), Eisen (Ring), Kohlenstoffstahl (Klinge)<\/li>\n<\/ul>\n<h3 data-start=\"995\" data-end=\"1012\">Anwendung:<\/h3>\n<ul data-start=\"1014\" data-end=\"1347\">\n<li data-start=\"1010\" data-end=\"1148\"><strong data-start=\"1012\" data-end=\"1043\">Veredelung von Obstb\u00e4umen<\/strong> - Unverzichtbar bei der Veredelung mit der Keilmethode, denn sie erm\u00f6glicht eine pr\u00e4zise Spaltung der Unterlage.<\/li>\n<li data-start=\"1149\" data-end=\"1251\"><strong data-start=\"1151\" data-end=\"1173\">Arbeit in der Kinderkrippe<\/strong> - Erleichtert die pr\u00e4zise Veredelung in der Obstbaumproduktion.<\/li>\n<li data-start=\"1252\" data-end=\"1368\"><strong data-start=\"1254\" data-end=\"1279\">Behandlungen<\/strong> - N\u00fctzlich in Obstplantagen f\u00fcr alle Arbeiten, bei denen \u00c4ste oder St\u00e4mme gespalten werden m\u00fcssen.<\/li>\n<\/ul>\n<h3 data-start=\"1375\" data-end=\"1421\">Warum sollten Sie sich f\u00fcr das Due Buoi 275L Keilmesser entscheiden?<\/h3>\n<p data-start=\"1422\" data-end=\"1844\" data-is-last-node=\"\" data-is-only-node=\"\">Das Keilmesser Due Buoi 275L ist ein professionelles Werkzeug, das die Arbeit des Veredelns von Obstb\u00e4umen erheblich verbessert und erleichtert. Seine Robustheit, Pr\u00e4zision und Ergonomie machen es in jedem Obstgarten und jeder Obstbaumschule unentbehrlich. Es sorgt f\u00fcr Sicherheit bei der Ausf\u00fchrung des Spaltens, minimiert das Risiko, die Pflanze zu besch\u00e4digen und erh\u00f6ht die Effizienz des Verfahrens. F\u00fcr jeden, der sich professionell mit Obstbau besch\u00e4ftigt, ist es eine Investition f\u00fcr die n\u00e4chsten Jahre.<\/p>","protected":false},"excerpt":{"rendered":"<p>N\u00f3\u017c klinowy do rozszczepiania N\u00f3\u017c klinowy do rozszczepiania Due Buoi 275L to specjalistyczne narz\u0119dzie sadownicze, zaprojektowane z my\u015bl\u0105 o precyzyjnym i efektywnym rozszczepianiu pni i konar\u00f3w podczas wykonywania szczepie\u0144 drzew owocowych. Wysoka jako\u015b\u0107 wykonania i solidna konstrukcja sprawiaj\u0105, \u017ce jest to niezast\u0105pione narz\u0119dzie w ka\u017cdym gospodarstwie sadowniczym. Due Buoi (Dwa Wo\u0142y) to rodzinna firma za\u0142o\u017cona [&hellip;]<\/p>","protected":false},"featured_media":5870,"template":"","meta":{"site-sidebar-layout":"default","site-content-layout":"","ast-site-content-layout":"default","site-content-style":"default","site-sidebar-style":"default","ast-global-header-display":"","ast-banner-title-visibility":"","ast-main-header-display":"","ast-hfb-above-header-display":"","ast-hfb-below-header-display":"","ast-hfb-mobile-header-display":"","site-post-title":"","ast-breadcrumbs-content":"","ast-featured-img":"","footer-sml-layout":"","theme-transparent-header-meta":"default","adv-header-id-meta":"","stick-header-meta":"default","header-above-stick-meta":"","header-main-stick-meta":"","header-below-stick-meta":"","astra-migrate-meta-layouts":"set","ast-page-background-enabled":"default","ast-page-background-meta":{"desktop":{"background-color":"var(--ast-global-color-4)","background-image":"","background-repeat":"repeat","background-position":"center center","background-size":"auto","background-attachment":"scroll","background-type":"","background-media":"","overlay-type":"","overlay-color":"","overlay-opacity":"","overlay-gradient":""},"tablet":{"background-color":"","background-image":"","background-repeat":"repeat","background-position":"center center","background-size":"auto","background-attachment":"scroll","background-type":"","background-media":"","overlay-type":"","overlay-color":"","overlay-opacity":"","overlay-gradient":""},"mobile":{"background-color":"","background-image":"","background-repeat":"repeat","background-position":"center center","background-size":"auto","background-attachment":"scroll","background-type":"","background-media":"","overlay-type":"","overlay-color":"","overlay-opacity":"","overlay-gradient":""}},"ast-content-background-meta":{"desktop":{"background-color":"var(--ast-global-color-5)","background-image":"","background-repeat":"repeat","background-position":"center center","background-size":"auto","background-attachment":"scroll","background-type":"","background-media":"","overlay-type":"","overlay-color":"","overlay-opacity":"","overlay-gradient":""},"tablet":{"background-color":"var(--ast-global-color-5)","background-image":"","background-repeat":"repeat","background-position":"center center","background-size":"auto","background-attachment":"scroll","background-type":"","background-media":"","overlay-type":"","overlay-color":"","overlay-opacity":"","overlay-gradient":""},"mobile":{"background-color":"var(--ast-global-color-5)","background-image":"","background-repeat":"repeat","background-position":"center center","background-size":"auto","background-attachment":"scroll","background-type":"","background-media":"","overlay-type":"","overlay-color":"","overlay-opacity":"","overlay-gradient":""}}},"product_brand":[],"product_cat":[253,258],"product_tag":[],"class_list":{"0":"post-5867","1":"product","2":"type-product","3":"status-publish","4":"has-post-thumbnail","6":"product_cat-noze","7":"product_cat-reczne-narzedzia-ogrodnicze","8":"desktop-align-left","9":"tablet-align-left","10":"mobile-align-left","11":"ast-product-gallery-layout-horizontal","12":"ast-product-tabs-layout-horizontal","14":"first","15":"instock","16":"shipping-taxable","17":"product-type-simple"},"_links":{"self":[{"href":"https:\/\/wimar.net\/de\/wp-json\/wp\/v2\/product\/5867","targetHints":{"allow":["GET"]}}],"collection":[{"href":"https:\/\/wimar.net\/de\/wp-json\/wp\/v2\/product"}],"about":[{"href":"https:\/\/wimar.net\/de\/wp-json\/wp\/v2\/types\/product"}],"version-history":[{"count":2,"href":"https:\/\/wimar.net\/de\/wp-json\/wp\/v2\/product\/5867\/revisions"}],"predecessor-version":[{"id":7313,"href":"https:\/\/wimar.net\/de\/wp-json\/wp\/v2\/product\/5867\/revisions\/7313"}],"wp:featuredmedia":[{"embeddable":true,"href":"https:\/\/wimar.net\/de\/wp-json\/wp\/v2\/media\/5870"}],"wp:attachment":[{"href":"https:\/\/wimar.net\/de\/wp-json\/wp\/v2\/media?parent=5867"}],"wp:term":[{"taxonomy":"product_brand","embeddable":true,"href":"https:\/\/wimar.net\/de\/wp-json\/wp\/v2\/product_brand?post=5867"},{"taxonomy":"product_cat","embeddable":true,"href":"https:\/\/wimar.net\/de\/wp-json\/wp\/v2\/product_cat?post=5867"},{"taxonomy":"product_tag","embeddable":true,"href":"https:\/\/wimar.net\/de\/wp-json\/wp\/v2\/product_tag?post=5867"}],"curies":[{"name":"wp","href":"https:\/\/api.w.org\/{rel}","templated":true}]}}