{"id":5873,"date":"2025-03-19T09:53:07","date_gmt":"2025-03-19T08:53:07","guid":{"rendered":"https:\/\/wimar.net\/?post_type=product&#038;p=5873"},"modified":"2025-03-19T09:58:33","modified_gmt":"2025-03-19T08:58:33","slug":"roz-due-buoi-veredelungsmesser-213c","status":"publish","type":"product","link":"https:\/\/wimar.net\/de\/produkt\/roz-due-buoi-veredelungsmesser-213c\/","title":{"rendered":"Due Buoi 213C Rosenveredelungsmesser f\u00fcr Baumschulen"},"content":{"rendered":"<h3 data-start=\"0\" data-end=\"298\">Baumschulmesser f\u00fcr die Veredelung<\/h3>\n<p data-start=\"0\" data-end=\"298\">Das Rosenveredelungsmesser Due Buoi 213C ist ein professionelles Werkzeug f\u00fcr die Pr\u00e4zisionsarbeit im Garten, insbesondere f\u00fcr die Veredelung von Rosen und anderen Pflanzen. Aus hochwertigen Materialien gefertigt, bietet es einen pr\u00e4zisen Schnitt und Komfort, der f\u00fcr professionelle G\u00e4rtner und Gartenliebhaber gleicherma\u00dfen wichtig ist.<\/p>\n<p data-start=\"0\" data-end=\"298\">Due Buoi (Zwei Ochsen) ist ein 1884 in Italien gegr\u00fcndetes Familienunternehmen, das seit vier Generationen Messer und Werkzeuge f\u00fcr die Landwirtschaft herstellt. DueBuoi hat seine eigene sorgf\u00e4ltige Methode der Metallbearbeitung entwickelt\u00a0<em>extra duro<\/em>die daf\u00fcr sorgt, dass die Klingen der hergestellten Messer und Scheren ihre au\u00dfergew\u00f6hnliche Langlebigkeit beibehalten. Das Unternehmen aus Maniago (Stadt der Schneidwaren) ist in Italien f\u00fcr die Herstellung von K\u00fcchenmessern, Baumschul- und \u00dcberlebensmessern, Gartenscheren und \u00c4xten bekannt.<\/p>\n<h3 data-start=\"300\" data-end=\"324\">Wesentliche Merkmale:<\/h3>\n<ul>\n<li data-start=\"326\" data-end=\"993\"><strong data-start=\"378\" data-end=\"405\">Hochwertige Verarbeitung<\/strong> - Klinge aus Kohlenstoffstahl f\u00fcr Langlebigkeit und pr\u00e4zises Schneiden.<\/li>\n<li data-start=\"326\" data-end=\"993\"><strong data-start=\"490\" data-end=\"523\">Besondere Verwendung<\/strong> - Entwickelt f\u00fcr das Veredeln von Rosen, aber auch f\u00fcr andere Pr\u00e4zisionsarbeiten im Garten geeignet.<\/li>\n<li data-start=\"326\" data-end=\"993\"><strong data-start=\"644\" data-end=\"669\">Ergonomischer Griff<\/strong> - Der komfortable Holzgriff sorgt f\u00fcr sicheren Halt und Komfort auch bei l\u00e4ngerem Gebrauch.<\/li>\n<li data-start=\"326\" data-end=\"993\"><strong data-start=\"777\" data-end=\"805\">Traditionelle italienische Qualit\u00e4t<\/strong> - Ein Produkt der renommierten italienischen Marke Due Buoi, die f\u00fcr die Herstellung professioneller Gartenger\u00e4te bekannt ist.<\/li>\n<li data-start=\"326\" data-end=\"993\"><strong data-start=\"915\" data-end=\"937\">Profilierte Klinge<\/strong> - Erleichtert pr\u00e4zise Schnitte, die f\u00fcr die Verpflanzung erforderlich sind.<\/li>\n<li data-start=\"326\" data-end=\"993\"><strong>L\u00e4nge der Klinge<\/strong> - 3 cm<\/li>\n<li data-start=\"326\" data-end=\"993\"><strong>Gesamtgr\u00f6\u00dfe<\/strong> - 14 cm<\/li>\n<li data-start=\"326\" data-end=\"993\"><strong>Material<\/strong> - B\u00fcffelhorn (Griff), massives Messing (Liner), Kohlenstoffstahl (Klinge)<\/li>\n<\/ul>\n<h3 data-start=\"995\" data-end=\"1012\">Anwendung:<\/h3>\n<ul data-start=\"1014\" data-end=\"1347\">\n<li data-start=\"1035\" data-end=\"1137\"><strong data-start=\"1037\" data-end=\"1056\">Rosenveredelung<\/strong> - Ideal f\u00fcr pr\u00e4zise Schnitte und Verpflanzungen in Rosenschulen.<\/li>\n<li data-start=\"1138\" data-end=\"1246\"><strong data-start=\"1140\" data-end=\"1162\">Arbeit in der Kinderkrippe<\/strong> - Hervorragend geeignet f\u00fcr die Veredelung von B\u00e4umen, Obstb\u00e4umen und Zierstr\u00e4uchern.<\/li>\n<li data-start=\"1247\" data-end=\"1387\"><strong data-start=\"1249\" data-end=\"1289\">Pr\u00e4zisionsarbeit im Garten<\/strong> - Er wird sich \u00fcberall dort als n\u00fctzlich erweisen, wo pr\u00e4zise Schnitte in empfindliches Pflanzenmaterial erforderlich sind.<\/li>\n<\/ul>\n<h3 data-start=\"1394\" data-end=\"1450\">Warum das Due Buoi 213C G\u00e4rtnermesser w\u00e4hlen?<\/h3>\n<p data-start=\"1451\" data-end=\"1808\" data-is-last-node=\"\" data-is-only-node=\"\">Das Messer Due Buoi 213C ist ein unverzichtbares Werkzeug f\u00fcr jeden G\u00e4rtner und Baumschuler, der Wert auf Pr\u00e4zision, Qualit\u00e4t und Komfort legt. Dank seines robusten Designs und seines speziellen Klingenprofils erleichtert es schwierige Schnitte beim Veredeln von Pflanzen und garantiert so die Wirksamkeit des Verfahrens und die gesunde Entwicklung der Pflanzen. Sie ist eine Investition in Professionalit\u00e4t und Zuverl\u00e4ssigkeit f\u00fcr viele Jahre.<\/p>","protected":false},"excerpt":{"rendered":"<p>N\u00f3\u017c szk\u00f3\u0142karski do szczepie\u0144 N\u00f3\u017c szk\u00f3\u0142karski do szczepienia r\u00f3\u017c Due Buoi 213C to profesjonalne narz\u0119dzie stworzone z my\u015bl\u0105 o precyzyjnych pracach ogrodniczych, zw\u0142aszcza przy szczepieniu r\u00f3\u017c i innych ro\u015blin. Wykonany z wysokiej jako\u015bci materia\u0142\u00f3w, zapewnia precyzj\u0119 ci\u0119cia oraz komfort pracy, niezb\u0119dny zar\u00f3wno dla profesjonalnych szk\u00f3\u0142karzy, jak i pasjonat\u00f3w ogrodnictwa. Due Buoi (Dwa Wo\u0142y) to rodzinna [&hellip;]<\/p>","protected":false},"featured_media":5874,"template":"","meta":{"site-sidebar-layout":"default","site-content-layout":"","ast-site-content-layout":"default","site-content-style":"default","site-sidebar-style":"default","ast-global-header-display":"","ast-banner-title-visibility":"","ast-main-header-display":"","ast-hfb-above-header-display":"","ast-hfb-below-header-display":"","ast-hfb-mobile-header-display":"","site-post-title":"","ast-breadcrumbs-content":"","ast-featured-img":"","footer-sml-layout":"","theme-transparent-header-meta":"default","adv-header-id-meta":"","stick-header-meta":"default","header-above-stick-meta":"","header-main-stick-meta":"","header-below-stick-meta":"","astra-migrate-meta-layouts":"set","ast-page-background-enabled":"default","ast-page-background-meta":{"desktop":{"background-color":"var(--ast-global-color-4)","background-image":"","background-repeat":"repeat","background-position":"center center","background-size":"auto","background-attachment":"scroll","background-type":"","background-media":"","overlay-type":"","overlay-color":"","overlay-opacity":"","overlay-gradient":""},"tablet":{"background-color":"","background-image":"","background-repeat":"repeat","background-position":"center center","background-size":"auto","background-attachment":"scroll","background-type":"","background-media":"","overlay-type":"","overlay-color":"","overlay-opacity":"","overlay-gradient":""},"mobile":{"background-color":"","background-image":"","background-repeat":"repeat","background-position":"center center","background-size":"auto","background-attachment":"scroll","background-type":"","background-media":"","overlay-type":"","overlay-color":"","overlay-opacity":"","overlay-gradient":""}},"ast-content-background-meta":{"desktop":{"background-color":"var(--ast-global-color-5)","background-image":"","background-repeat":"repeat","background-position":"center center","background-size":"auto","background-attachment":"scroll","background-type":"","background-media":"","overlay-type":"","overlay-color":"","overlay-opacity":"","overlay-gradient":""},"tablet":{"background-color":"var(--ast-global-color-5)","background-image":"","background-repeat":"repeat","background-position":"center center","background-size":"auto","background-attachment":"scroll","background-type":"","background-media":"","overlay-type":"","overlay-color":"","overlay-opacity":"","overlay-gradient":""},"mobile":{"background-color":"var(--ast-global-color-5)","background-image":"","background-repeat":"repeat","background-position":"center center","background-size":"auto","background-attachment":"scroll","background-type":"","background-media":"","overlay-type":"","overlay-color":"","overlay-opacity":"","overlay-gradient":""}}},"product_brand":[],"product_cat":[253,258],"product_tag":[],"class_list":{"0":"post-5873","1":"product","2":"type-product","3":"status-publish","4":"has-post-thumbnail","6":"product_cat-noze","7":"product_cat-reczne-narzedzia-ogrodnicze","8":"desktop-align-left","9":"tablet-align-left","10":"mobile-align-left","11":"ast-product-gallery-layout-horizontal","12":"ast-product-gallery-with-no-image","13":"ast-product-tabs-layout-horizontal","15":"first","16":"instock","17":"shipping-taxable","18":"product-type-simple"},"_links":{"self":[{"href":"https:\/\/wimar.net\/de\/wp-json\/wp\/v2\/product\/5873","targetHints":{"allow":["GET"]}}],"collection":[{"href":"https:\/\/wimar.net\/de\/wp-json\/wp\/v2\/product"}],"about":[{"href":"https:\/\/wimar.net\/de\/wp-json\/wp\/v2\/types\/product"}],"version-history":[{"count":2,"href":"https:\/\/wimar.net\/de\/wp-json\/wp\/v2\/product\/5873\/revisions"}],"predecessor-version":[{"id":7312,"href":"https:\/\/wimar.net\/de\/wp-json\/wp\/v2\/product\/5873\/revisions\/7312"}],"wp:featuredmedia":[{"embeddable":true,"href":"https:\/\/wimar.net\/de\/wp-json\/wp\/v2\/media\/5874"}],"wp:attachment":[{"href":"https:\/\/wimar.net\/de\/wp-json\/wp\/v2\/media?parent=5873"}],"wp:term":[{"taxonomy":"product_brand","embeddable":true,"href":"https:\/\/wimar.net\/de\/wp-json\/wp\/v2\/product_brand?post=5873"},{"taxonomy":"product_cat","embeddable":true,"href":"https:\/\/wimar.net\/de\/wp-json\/wp\/v2\/product_cat?post=5873"},{"taxonomy":"product_tag","embeddable":true,"href":"https:\/\/wimar.net\/de\/wp-json\/wp\/v2\/product_tag?post=5873"}],"curies":[{"name":"wp","href":"https:\/\/api.w.org\/{rel}","templated":true}]}}