{"id":5876,"date":"2025-03-19T10:19:47","date_gmt":"2025-03-19T09:19:47","guid":{"rendered":"https:\/\/wimar.net\/?post_type=product&#038;p=5876"},"modified":"2025-03-19T10:30:07","modified_gmt":"2025-03-19T09:30:07","slug":"obstbaumschere-due-buoi-132-20","status":"publish","type":"product","link":"https:\/\/wimar.net\/de\/produkt\/obstbaumschere-due-buoi-132-20\/","title":{"rendered":"Obstbaumschere zweischneidig Due Buoi 132\/20"},"content":{"rendered":"<h3 data-start=\"0\" data-end=\"298\">Hand-Baumschere, Obstgarten<\/h3>\n<p data-start=\"0\" data-end=\"298\">Die Doppelklingen-Obstbaumschere ist ein unverzichtbares Werkzeug f\u00fcr jeden G\u00e4rtner und Obstbauer, um \u00c4ste, Triebe und Str\u00e4ucher pr\u00e4zise zu schneiden. Dank ihrer robusten Konstruktion und der scharfen Doppelklingen sorgt sie f\u00fcr einen sauberen Schnitt, ohne die Pflanzen zu besch\u00e4digen, was deren gesunde Entwicklung f\u00f6rdert.<\/p>\n<p data-start=\"0\" data-end=\"298\">Due Buoi (Zwei Ochsen) ist ein 1884 in Italien gegr\u00fcndetes Familienunternehmen, das seit vier Generationen Messer und Werkzeuge f\u00fcr die Landwirtschaft herstellt. DueBuoi hat seine eigene sorgf\u00e4ltige Methode der Metallbearbeitung entwickelt\u00a0<em>extra duro<\/em>die daf\u00fcr sorgt, dass die Klingen der hergestellten Messer und Scheren ihre au\u00dfergew\u00f6hnliche Langlebigkeit beibehalten. Das Unternehmen aus Maniago (Stadt der Schneidwaren) ist in Italien f\u00fcr die Herstellung von K\u00fcchenmessern, Baumschul- und \u00dcberlebensmessern, Gartenscheren und \u00c4xten bekannt.<\/p>\n<h3 data-start=\"300\" data-end=\"324\">Wesentliche Merkmale:<\/h3>\n<ul>\n<li style=\"text-align: left;\"><strong data-start=\"314\" data-end=\"333\">Pr\u00e4zision beim Schneiden<\/strong> - Ausgestattet mit zwei gleichzeitig schneidenden Klingen, die einen glatten, gleichm\u00e4\u00dfigen Schnitt ohne Quetschung der \u00c4ste gew\u00e4hrleisten.<\/li>\n<li style=\"text-align: left;\"><strong data-start=\"446\" data-end=\"473\">Hochwertige Verarbeitung<\/strong> - Klingen aus haltbarem Stahl, resistent gegen Korrosion und intensive Nutzung.<\/li>\n<li style=\"text-align: left;\"><strong data-start=\"564\" data-end=\"592\">Ergonomische Gestaltung<\/strong> - Der Griff ist so konzipiert, dass die Erm\u00fcdung der H\u00e4nde bei l\u00e4ngerem Arbeiten auf ein Minimum reduziert wird.<\/li>\n<li style=\"text-align: left;\"><strong data-start=\"713\" data-end=\"737\">Leicht und handlich<\/strong> - Ideal f\u00fcr Pr\u00e4zisionsarbeit im Obstgarten, Garten oder Kleingarten.<\/li>\n<li style=\"text-align: left;\"><strong data-start=\"808\" data-end=\"825\">Vielseitigkeit<\/strong> - Hervorragend geeignet zum Schneiden d\u00fcnner Triebe und dickerer \u00c4ste von Obstb\u00e4umen.<\/li>\n<li><strong>Gesamtl\u00e4nge<\/strong> - 20 cm<\/li>\n<li><strong>Klinge <\/strong>- Stahl C60 - H\u00e4rte: HRC 58\/59<\/li>\n<li><strong>Kappe<\/strong> - Geh\u00e4rteter Stahl C45<\/li>\n<li><strong>Malerei <\/strong>- Epoxidharz orange<\/li>\n<li><strong>Handgriff<\/strong> - Schmiedestahl mit Gummibeschichtung<\/li>\n<\/ul>\n<h3 data-start=\"995\" data-end=\"1012\">Anwendung:<\/h3>\n<ul data-start=\"1014\" data-end=\"1347\">\n<li data-start=\"932\" data-end=\"1051\"><strong data-start=\"934\" data-end=\"975\">Beschneiden von Obstb\u00e4umen und Str\u00e4uchern<\/strong> - Unerl\u00e4sslich f\u00fcr die Kronenbildung und die Entfernung \u00fcberfl\u00fcssiger Triebe.<\/li>\n<li data-start=\"1052\" data-end=\"1150\"><strong data-start=\"1054\" data-end=\"1086\">Pflege von Zierpflanzen<\/strong> - Ideal f\u00fcr die pr\u00e4zise Formgebung von Str\u00e4uchern und Hecken.<\/li>\n<li data-start=\"1151\" data-end=\"1246\"><strong data-start=\"1153\" data-end=\"1178\">Schnittblumen und Kr\u00e4uter<\/strong> - Er eignet sich gut f\u00fcr die Arbeit im Garten und den professionellen Anbau.<\/li>\n<li data-start=\"1247\" data-end=\"1350\"><strong data-start=\"1249\" data-end=\"1278\">Arbeit im Obstgarten und Garten<\/strong> - Es hilft bei der t\u00e4glichen Pflege der Pflanzen und f\u00f6rdert ihr gesundes Wachstum.<\/li>\n<\/ul>\n<h3 data-start=\"1352\" data-end=\"1409\">Warum eine zweischneidige Gartenschere w\u00e4hlen?<\/h3>\n<p data-start=\"1410\" data-end=\"1820\" data-is-last-node=\"\" data-is-only-node=\"\">Die zweischneidige Gartenschere ist ein professionelles Werkzeug, das dank seines Designs einen pr\u00e4zisen und sauberen Schnitt gew\u00e4hrleistet und das Risiko von Pflanzenverletzungen minimiert. Ihre Langlebigkeit, ihr Bedienungskomfort und ihre Vielseitigkeit machen sie zu einem unverzichtbaren Ger\u00e4t f\u00fcr jeden G\u00e4rtner, ob Amateur oder Profi. Es ist eine Investition, die viele Jahre lang h\u00e4lt und die t\u00e4gliche Gartenarbeit erleichtert.<\/p>","protected":false},"excerpt":{"rendered":"<p>Sekator r\u0119czny, sadowniczy Sekator sadowniczy dwuostrzowy to niezast\u0105pione narz\u0119dzie dla ka\u017cdego ogrodnika i sadownika, kt\u00f3re umo\u017cliwia precyzyjne ci\u0119cie ga\u0142\u0119zi, p\u0119d\u00f3w i krzew\u00f3w. Dzi\u0119ki solidnej konstrukcji i ostrym, podw\u00f3jnym ostrzom zapewnia czyste ci\u0119cie bez uszkadzania ro\u015blin, co wspiera ich zdrowy rozw\u00f3j. Due Buoi (Dwa Wo\u0142y) to rodzinna firma za\u0142o\u017cona w 1884 roku we W\u0142oszech od czterech [&hellip;]<\/p>","protected":false},"featured_media":5877,"template":"","meta":{"site-sidebar-layout":"default","site-content-layout":"","ast-site-content-layout":"default","site-content-style":"default","site-sidebar-style":"default","ast-global-header-display":"","ast-banner-title-visibility":"","ast-main-header-display":"","ast-hfb-above-header-display":"","ast-hfb-below-header-display":"","ast-hfb-mobile-header-display":"","site-post-title":"","ast-breadcrumbs-content":"","ast-featured-img":"","footer-sml-layout":"","theme-transparent-header-meta":"default","adv-header-id-meta":"","stick-header-meta":"default","header-above-stick-meta":"","header-main-stick-meta":"","header-below-stick-meta":"","astra-migrate-meta-layouts":"set","ast-page-background-enabled":"default","ast-page-background-meta":{"desktop":{"background-color":"var(--ast-global-color-4)","background-image":"","background-repeat":"repeat","background-position":"center center","background-size":"auto","background-attachment":"scroll","background-type":"","background-media":"","overlay-type":"","overlay-color":"","overlay-opacity":"","overlay-gradient":""},"tablet":{"background-color":"","background-image":"","background-repeat":"repeat","background-position":"center center","background-size":"auto","background-attachment":"scroll","background-type":"","background-media":"","overlay-type":"","overlay-color":"","overlay-opacity":"","overlay-gradient":""},"mobile":{"background-color":"","background-image":"","background-repeat":"repeat","background-position":"center center","background-size":"auto","background-attachment":"scroll","background-type":"","background-media":"","overlay-type":"","overlay-color":"","overlay-opacity":"","overlay-gradient":""}},"ast-content-background-meta":{"desktop":{"background-color":"var(--ast-global-color-5)","background-image":"","background-repeat":"repeat","background-position":"center center","background-size":"auto","background-attachment":"scroll","background-type":"","background-media":"","overlay-type":"","overlay-color":"","overlay-opacity":"","overlay-gradient":""},"tablet":{"background-color":"var(--ast-global-color-5)","background-image":"","background-repeat":"repeat","background-position":"center center","background-size":"auto","background-attachment":"scroll","background-type":"","background-media":"","overlay-type":"","overlay-color":"","overlay-opacity":"","overlay-gradient":""},"mobile":{"background-color":"var(--ast-global-color-5)","background-image":"","background-repeat":"repeat","background-position":"center center","background-size":"auto","background-attachment":"scroll","background-type":"","background-media":"","overlay-type":"","overlay-color":"","overlay-opacity":"","overlay-gradient":""}}},"product_brand":[],"product_cat":[258,251],"product_tag":[],"class_list":{"0":"post-5876","1":"product","2":"type-product","3":"status-publish","4":"has-post-thumbnail","6":"product_cat-reczne-narzedzia-ogrodnicze","7":"product_cat-sekatory-reczne","8":"desktop-align-left","9":"tablet-align-left","10":"mobile-align-left","11":"ast-product-gallery-layout-horizontal","12":"ast-product-tabs-layout-horizontal","14":"first","15":"instock","16":"shipping-taxable","17":"product-type-simple"},"_links":{"self":[{"href":"https:\/\/wimar.net\/de\/wp-json\/wp\/v2\/product\/5876","targetHints":{"allow":["GET"]}}],"collection":[{"href":"https:\/\/wimar.net\/de\/wp-json\/wp\/v2\/product"}],"about":[{"href":"https:\/\/wimar.net\/de\/wp-json\/wp\/v2\/types\/product"}],"version-history":[{"count":2,"href":"https:\/\/wimar.net\/de\/wp-json\/wp\/v2\/product\/5876\/revisions"}],"predecessor-version":[{"id":7311,"href":"https:\/\/wimar.net\/de\/wp-json\/wp\/v2\/product\/5876\/revisions\/7311"}],"wp:featuredmedia":[{"embeddable":true,"href":"https:\/\/wimar.net\/de\/wp-json\/wp\/v2\/media\/5877"}],"wp:attachment":[{"href":"https:\/\/wimar.net\/de\/wp-json\/wp\/v2\/media?parent=5876"}],"wp:term":[{"taxonomy":"product_brand","embeddable":true,"href":"https:\/\/wimar.net\/de\/wp-json\/wp\/v2\/product_brand?post=5876"},{"taxonomy":"product_cat","embeddable":true,"href":"https:\/\/wimar.net\/de\/wp-json\/wp\/v2\/product_cat?post=5876"},{"taxonomy":"product_tag","embeddable":true,"href":"https:\/\/wimar.net\/de\/wp-json\/wp\/v2\/product_tag?post=5876"}],"curies":[{"name":"wp","href":"https:\/\/api.w.org\/{rel}","templated":true}]}}