{"id":5935,"date":"2025-03-20T09:34:21","date_gmt":"2025-03-20T08:34:21","guid":{"rendered":"https:\/\/wimar.net\/?post_type=product&#038;p=5935"},"modified":"2025-12-12T09:59:53","modified_gmt":"2025-12-12T08:59:53","slug":"klettband-fur-flausch-gewichtsbefestigung-25m","status":"publish","type":"product","link":"https:\/\/wimar.net\/de\/produkt\/klettband-fur-flausch-gewichtsbefestigung-25m\/","title":{"rendered":"Klettband f\u00fcr Flausch, Lastfixierung 25m"},"content":{"rendered":"<h3 data-start=\"0\" data-end=\"80\"><strong data-start=\"0\" data-end=\"78\">Tragf\u00e4higes Band<\/strong><\/h3>\n<p data-start=\"42\" data-end=\"307\">Das Klettband f\u00fcr Vlies zur Befestigung von Gewichten ist eine praktische und wiederverwendbare L\u00f6sung, ideal f\u00fcr die stabile Befestigung von Gewichten an Agrofaser, Vlies oder anderen Materialien im Gartenbau. Dank seines robusten Designs bietet es Komfort und Sicherheit in der Anwendung und erleichtert die Arbeit in der Landwirtschaft, im Gartenbau und in der Baumschule.<\/p>\n<h3 data-start=\"309\" data-end=\"339\"><strong data-start=\"313\" data-end=\"337\">Wesentliche Merkmale:<\/strong><\/h3>\n<ul>\n<li data-start=\"320\" data-end=\"903\"><strong data-start=\"346\" data-end=\"367\">Robuste Verarbeitung<\/strong> - Klebeband aus robustem, besch\u00e4digungs- und witterungsbest\u00e4ndigem Material.<\/li>\n<li data-start=\"320\" data-end=\"903\"><strong data-start=\"464\" data-end=\"488\">Wiederverwendbar<\/strong> - Der starke Klettverschluss erm\u00f6glicht wiederholtes An- und Ablegen, ohne seine Eigenschaften zu verlieren.<\/li>\n<li data-start=\"320\" data-end=\"903\"><strong data-start=\"574\" data-end=\"598\">Sichere Befestigung<\/strong> - Damit lassen sich die Gewichte schnell und sicher am Vlies oder Agrotextil befestigen, so dass sie bei Wind und Regen nicht verrutschen k\u00f6nnen.<\/li>\n<li data-start=\"320\" data-end=\"903\"><strong data-start=\"747\" data-end=\"765\">Benutzerfreundlichkeit<\/strong> - Er l\u00e4sst sich einfach montieren und demontieren und erm\u00f6glicht eine flexible Anpassung.<\/li>\n<li data-start=\"320\" data-end=\"903\"><strong data-start=\"848\" data-end=\"865\">Vielseitigkeit<\/strong> - Er ist f\u00fcr eine Vielzahl von Lasten und Materialien geeignet und eignet sich f\u00fcr viele Anwendungen im Gartenbau.<\/li>\n<li data-start=\"320\" data-end=\"903\"><strong>L\u00e4nge<\/strong> - 25 m<\/li>\n<li data-start=\"320\" data-end=\"903\"><strong>Breite<\/strong> - 5 cm<\/li>\n<\/ul>\n<h3 data-start=\"1013\" data-end=\"1036\"><strong data-start=\"1017\" data-end=\"1034\">Anwendung:<\/strong><\/h3>\n<ul>\n<li data-start=\"988\" data-end=\"1101\"><strong data-start=\"990\" data-end=\"1039\">Gewichte auf dem Vlies befestigen<\/strong> - Er sorgt f\u00fcr Stabilit\u00e4t und sch\u00fctzt das Vlies vor dem Aufbl\u00e4hen.<\/li>\n<li data-start=\"1102\" data-end=\"1218\"><strong data-start=\"1233\" data-end=\"1278\">Verwendung in Baumschulen und Plantagen<\/strong> - Hilfreich bei der Befestigung von Schutzmaterialien w\u00e4hrend der Pflanzenproduktion.<\/li>\n<\/ul>\n<h3 data-start=\"1476\" data-end=\"1522\">Warum Klettband f\u00fcr Fleece?<\/h3>\n<p data-start=\"1523\" data-end=\"1863\" data-is-last-node=\"\" data-is-only-node=\"\">Klettband ist eine praktische, dauerhafte und bequeme L\u00f6sung, die die Gartenarbeit und die Befestigung von Materialien erheblich erleichtert. Seine Vielseitigkeit und die zahlreichen Einsatzm\u00f6glichkeiten machen es zu einer wirtschaftlichen Wahl f\u00fcr jeden G\u00e4rtner und Baumschuler. Dank seiner robusten Befestigung sorgt es f\u00fcr mehr Sicherheit und Ordnung im Garten oder auf der Plantage.<\/p>","protected":false},"excerpt":{"rendered":"<p>Ta\u015bma do mocowania obci\u0105\u017cenia Ta\u015bma rzep do flizu do mocowania obci\u0105\u017cenia to praktyczne i wielokrotnego u\u017cytku rozwi\u0105zanie, idealne do stabilnego mocowania obci\u0105\u017cnik\u00f3w na agrow\u0142\u00f3kninie, flizie czy innych materia\u0142ach ogrodniczych. Dzi\u0119ki solidnemu wykonaniu zapewnia wygod\u0119 i bezpiecze\u0144stwo u\u017cytkowania, u\u0142atwiaj\u0105c prace rolnicze, ogrodnicze i szk\u00f3\u0142karskie. Najwa\u017cniejsze cechy: Solidne wykonanie \u2013 Ta\u015bma wykonana z wytrzyma\u0142ego materia\u0142u odpornego na [&hellip;]<\/p>","protected":false},"featured_media":5941,"template":"","meta":{"site-sidebar-layout":"default","site-content-layout":"","ast-site-content-layout":"default","site-content-style":"default","site-sidebar-style":"default","ast-global-header-display":"","ast-banner-title-visibility":"","ast-main-header-display":"","ast-hfb-above-header-display":"","ast-hfb-below-header-display":"","ast-hfb-mobile-header-display":"","site-post-title":"","ast-breadcrumbs-content":"","ast-featured-img":"","footer-sml-layout":"","theme-transparent-header-meta":"default","adv-header-id-meta":"","stick-header-meta":"default","header-above-stick-meta":"","header-main-stick-meta":"","header-below-stick-meta":"","astra-migrate-meta-layouts":"set","ast-page-background-enabled":"default","ast-page-background-meta":{"desktop":{"background-color":"var(--ast-global-color-4)","background-image":"","background-repeat":"repeat","background-position":"center center","background-size":"auto","background-attachment":"scroll","background-type":"","background-media":"","overlay-type":"","overlay-color":"","overlay-opacity":"","overlay-gradient":""},"tablet":{"background-color":"","background-image":"","background-repeat":"repeat","background-position":"center center","background-size":"auto","background-attachment":"scroll","background-type":"","background-media":"","overlay-type":"","overlay-color":"","overlay-opacity":"","overlay-gradient":""},"mobile":{"background-color":"","background-image":"","background-repeat":"repeat","background-position":"center center","background-size":"auto","background-attachment":"scroll","background-type":"","background-media":"","overlay-type":"","overlay-color":"","overlay-opacity":"","overlay-gradient":""}},"ast-content-background-meta":{"desktop":{"background-color":"var(--ast-global-color-5)","background-image":"","background-repeat":"repeat","background-position":"center center","background-size":"auto","background-attachment":"scroll","background-type":"","background-media":"","overlay-type":"","overlay-color":"","overlay-opacity":"","overlay-gradient":""},"tablet":{"background-color":"var(--ast-global-color-5)","background-image":"","background-repeat":"repeat","background-position":"center center","background-size":"auto","background-attachment":"scroll","background-type":"","background-media":"","overlay-type":"","overlay-color":"","overlay-opacity":"","overlay-gradient":""},"mobile":{"background-color":"var(--ast-global-color-5)","background-image":"","background-repeat":"repeat","background-position":"center center","background-size":"auto","background-attachment":"scroll","background-type":"","background-media":"","overlay-type":"","overlay-color":"","overlay-opacity":"","overlay-gradient":""}}},"product_brand":[],"product_cat":[481],"product_tag":[],"class_list":{"0":"post-5935","1":"product","2":"type-product","3":"status-publish","4":"has-post-thumbnail","6":"product_cat-tasmy-do-flizu","7":"desktop-align-left","8":"tablet-align-left","9":"mobile-align-left","10":"ast-product-gallery-layout-horizontal","11":"ast-product-tabs-layout-horizontal","13":"first","14":"instock","15":"shipping-taxable","16":"product-type-simple"},"_links":{"self":[{"href":"https:\/\/wimar.net\/de\/wp-json\/wp\/v2\/product\/5935","targetHints":{"allow":["GET"]}}],"collection":[{"href":"https:\/\/wimar.net\/de\/wp-json\/wp\/v2\/product"}],"about":[{"href":"https:\/\/wimar.net\/de\/wp-json\/wp\/v2\/types\/product"}],"version-history":[{"count":4,"href":"https:\/\/wimar.net\/de\/wp-json\/wp\/v2\/product\/5935\/revisions"}],"predecessor-version":[{"id":5943,"href":"https:\/\/wimar.net\/de\/wp-json\/wp\/v2\/product\/5935\/revisions\/5943"}],"wp:featuredmedia":[{"embeddable":true,"href":"https:\/\/wimar.net\/de\/wp-json\/wp\/v2\/media\/5941"}],"wp:attachment":[{"href":"https:\/\/wimar.net\/de\/wp-json\/wp\/v2\/media?parent=5935"}],"wp:term":[{"taxonomy":"product_brand","embeddable":true,"href":"https:\/\/wimar.net\/de\/wp-json\/wp\/v2\/product_brand?post=5935"},{"taxonomy":"product_cat","embeddable":true,"href":"https:\/\/wimar.net\/de\/wp-json\/wp\/v2\/product_cat?post=5935"},{"taxonomy":"product_tag","embeddable":true,"href":"https:\/\/wimar.net\/de\/wp-json\/wp\/v2\/product_tag?post=5935"}],"curies":[{"name":"wp","href":"https:\/\/api.w.org\/{rel}","templated":true}]}}