{"id":6470,"date":"2025-03-25T13:41:15","date_gmt":"2025-03-25T12:41:15","guid":{"rendered":"https:\/\/wimar.net\/?post_type=product&#038;p=6470"},"modified":"2025-12-11T13:03:03","modified_gmt":"2025-12-11T12:03:03","slug":"beton-pflanzpfahle-350cm-abschnitt-11x10cm-auf-bestellung","status":"publish","type":"product","link":"https:\/\/wimar.net\/de\/produkt\/beton-pflanzpfahle-350cm-abschnitt-11x10cm-auf-bestellung\/","title":{"rendered":"Beton-Pflanzpf\u00e4hle 350cm, Profil 11x10cm AUF BESTELLUNG"},"content":{"rendered":"<h3 data-start=\"0\" data-end=\"51\"><strong data-start=\"0\" data-end=\"49\">Obstbaumpf\u00e4hle aus Beton<\/strong><\/h3>\n<p data-start=\"53\" data-end=\"324\">Obstbaumpf\u00e4hle aus Beton sind ein robustes und zuverl\u00e4ssiges Bauelement f\u00fcr den Obstbau und die Landwirtschaft. Dank ihrer Festigkeit und Witterungsbest\u00e4ndigkeit sind sie ideal f\u00fcr den Bau von dauerhaften Ger\u00fcsten f\u00fcr Obstkulturen wie Apfel-, Birnen- oder Himbeer- und Johannisbeerplantagen.<\/p>\n<h3 data-start=\"326\" data-end=\"356\"><strong data-start=\"330\" data-end=\"354\">Wesentliche Merkmale:<\/strong><\/h3>\n<ul>\n<li data-start=\"358\" data-end=\"966\"><strong data-start=\"356\" data-end=\"378\">Nat\u00fcrliche Haltbarkeit<\/strong> - Sie sind aus hochwertigem Beton gefertigt und bieten Stabilit\u00e4t und langj\u00e4hrige Best\u00e4ndigkeit gegen mechanische Besch\u00e4digungen und wechselnde Witterungsbedingungen.<\/li>\n<li data-start=\"358\" data-end=\"966\"><strong data-start=\"821\" data-end=\"837\">Robustheit<\/strong> - Die Innenverst\u00e4rkung sorgt f\u00fcr eine hohe Belastbarkeit und ist damit ideal f\u00fcr moderne Obstbauanlagen.<\/li>\n<li data-start=\"358\" data-end=\"966\"><strong data-start=\"983\" data-end=\"1001\">Langlebigkeit<\/strong> - Einmal installiert, k\u00f6nnen die Pfosten jahrzehntelang halten, ohne dass sie ersetzt werden m\u00fcssen.<\/li>\n<li data-start=\"358\" data-end=\"966\"><strong>L\u00e4nge<\/strong> - 350 cm<\/li>\n<li data-start=\"358\" data-end=\"966\"><strong>Querschnitt<\/strong> - 11\u00d710 cm<\/li>\n<li data-start=\"358\" data-end=\"966\"><strong>AUF BESTELLUNG<\/strong><\/li>\n<\/ul>\n<h3 data-start=\"968\" data-end=\"991\"><strong data-start=\"972\" data-end=\"989\">Anwendung:<\/strong><\/h3>\n<ul>\n<li data-start=\"993\" data-end=\"1407\"><strong data-start=\"1113\" data-end=\"1134\">Obstkulturen<\/strong> - Ideal zur Unterst\u00fctzung von Obstb\u00e4umen in Apfel-, Birnen- oder Kirschg\u00e4rten.<\/li>\n<li data-start=\"993\" data-end=\"1407\"><strong data-start=\"1234\" data-end=\"1265\">Beerenplantagen<\/strong> - Unverzichtbar f\u00fcr Himbeeren, Johannisbeeren, Stachelbeeren oder Weinreben.<\/li>\n<li data-start=\"993\" data-end=\"1407\"><strong data-start=\"1485\" data-end=\"1529\">Z\u00e4une und dauerhafte landwirtschaftliche Strukturen<\/strong> - Sie k\u00f6nnen auch beim Bau von Z\u00e4unen oder anderen festen Installationen auf dem Feld verwendet werden.<\/li>\n<\/ul>\n<h3 class=\"\" data-start=\"1630\" data-end=\"1683\">Warum sollten Sie sich f\u00fcr Betonpf\u00e4hle entscheiden?<\/h3>\n<p class=\"\" data-start=\"1685\" data-end=\"2039\">Betonpf\u00e4hle sind eine Investition f\u00fcr die n\u00e4chsten Jahre. Dank ihrer Langlebigkeit und Widerstandsf\u00e4higkeit gegen \u00e4u\u00dfere Einfl\u00fcsse gew\u00e4hrleisten sie die Sicherheit der Kulturen und minimieren die Betriebskosten. Sie sind stabil, \u00f6kologisch und an die modernen Bewirtschaftungssysteme der Plantagen angepasst. Sie sind ein unverzichtbares Element in jeder professionellen Obstplantage oder jedem landwirtschaftlichen Betrieb.<\/p>","protected":false},"excerpt":{"rendered":"<p>S\u0142upki sadownicze betonowe S\u0142upki sadownicze betonowe to solidny i niezawodny element konstrukcyjny wykorzystywany w sadownictwie i rolnictwie. Dzi\u0119ki swojej wytrzyma\u0142o\u015bci i odporno\u015bci na warunki atmosferyczne s\u0105 idealnym rozwi\u0105zaniem do budowy trwa\u0142ych rusztowa\u0144 dla upraw sadowniczych, takich jak jab\u0142onie, grusze czy plantacje malin i porzeczek. Najwa\u017cniejsze cechy: Naturalna trwa\u0142o\u015b\u0107 \u2013 Wykonane z wysokiej jako\u015bci betonu, zapewniaj\u0105 [&hellip;]<\/p>","protected":false},"featured_media":6464,"template":"","meta":{"site-sidebar-layout":"default","site-content-layout":"","ast-site-content-layout":"default","site-content-style":"default","site-sidebar-style":"default","ast-global-header-display":"","ast-banner-title-visibility":"","ast-main-header-display":"","ast-hfb-above-header-display":"","ast-hfb-below-header-display":"","ast-hfb-mobile-header-display":"","site-post-title":"","ast-breadcrumbs-content":"","ast-featured-img":"","footer-sml-layout":"","theme-transparent-header-meta":"default","adv-header-id-meta":"","stick-header-meta":"default","header-above-stick-meta":"","header-main-stick-meta":"","header-below-stick-meta":"","astra-migrate-meta-layouts":"set","ast-page-background-enabled":"default","ast-page-background-meta":{"desktop":{"background-color":"var(--ast-global-color-4)","background-image":"","background-repeat":"repeat","background-position":"center center","background-size":"auto","background-attachment":"scroll","background-type":"","background-media":"","overlay-type":"","overlay-color":"","overlay-opacity":"","overlay-gradient":""},"tablet":{"background-color":"","background-image":"","background-repeat":"repeat","background-position":"center center","background-size":"auto","background-attachment":"scroll","background-type":"","background-media":"","overlay-type":"","overlay-color":"","overlay-opacity":"","overlay-gradient":""},"mobile":{"background-color":"","background-image":"","background-repeat":"repeat","background-position":"center center","background-size":"auto","background-attachment":"scroll","background-type":"","background-media":"","overlay-type":"","overlay-color":"","overlay-opacity":"","overlay-gradient":""}},"ast-content-background-meta":{"desktop":{"background-color":"var(--ast-global-color-5)","background-image":"","background-repeat":"repeat","background-position":"center center","background-size":"auto","background-attachment":"scroll","background-type":"","background-media":"","overlay-type":"","overlay-color":"","overlay-opacity":"","overlay-gradient":""},"tablet":{"background-color":"var(--ast-global-color-5)","background-image":"","background-repeat":"repeat","background-position":"center center","background-size":"auto","background-attachment":"scroll","background-type":"","background-media":"","overlay-type":"","overlay-color":"","overlay-opacity":"","overlay-gradient":""},"mobile":{"background-color":"var(--ast-global-color-5)","background-image":"","background-repeat":"repeat","background-position":"center center","background-size":"auto","background-attachment":"scroll","background-type":"","background-media":"","overlay-type":"","overlay-color":"","overlay-opacity":"","overlay-gradient":""}}},"product_brand":[],"product_cat":[276],"product_tag":[],"class_list":{"0":"post-6470","1":"product","2":"type-product","3":"status-publish","4":"has-post-thumbnail","6":"product_cat-slupki-sadownicze-350cm-przekroj-11x10","7":"desktop-align-left","8":"tablet-align-left","9":"mobile-align-left","10":"ast-product-gallery-layout-horizontal","11":"ast-product-gallery-with-no-image","12":"ast-product-tabs-layout-horizontal","14":"first","15":"instock","16":"shipping-taxable","17":"product-type-simple"},"_links":{"self":[{"href":"https:\/\/wimar.net\/de\/wp-json\/wp\/v2\/product\/6470","targetHints":{"allow":["GET"]}}],"collection":[{"href":"https:\/\/wimar.net\/de\/wp-json\/wp\/v2\/product"}],"about":[{"href":"https:\/\/wimar.net\/de\/wp-json\/wp\/v2\/types\/product"}],"version-history":[{"count":4,"href":"https:\/\/wimar.net\/de\/wp-json\/wp\/v2\/product\/6470\/revisions"}],"predecessor-version":[{"id":7296,"href":"https:\/\/wimar.net\/de\/wp-json\/wp\/v2\/product\/6470\/revisions\/7296"}],"wp:featuredmedia":[{"embeddable":true,"href":"https:\/\/wimar.net\/de\/wp-json\/wp\/v2\/media\/6464"}],"wp:attachment":[{"href":"https:\/\/wimar.net\/de\/wp-json\/wp\/v2\/media?parent=6470"}],"wp:term":[{"taxonomy":"product_brand","embeddable":true,"href":"https:\/\/wimar.net\/de\/wp-json\/wp\/v2\/product_brand?post=6470"},{"taxonomy":"product_cat","embeddable":true,"href":"https:\/\/wimar.net\/de\/wp-json\/wp\/v2\/product_cat?post=6470"},{"taxonomy":"product_tag","embeddable":true,"href":"https:\/\/wimar.net\/de\/wp-json\/wp\/v2\/product_tag?post=6470"}],"curies":[{"name":"wp","href":"https:\/\/api.w.org\/{rel}","templated":true}]}}