{"id":6486,"date":"2025-03-26T08:00:33","date_gmt":"2025-03-26T07:00:33","guid":{"rendered":"https:\/\/wimar.net\/?post_type=product&#038;p=6486"},"modified":"2025-03-27T09:22:18","modified_gmt":"2025-03-27T08:22:18","slug":"bestellen-sie-ihre-bedruckte-pp-tasche","status":"publish","type":"product","link":"https:\/\/wimar.net\/de\/produkt\/bestellen-sie-ihre-bedruckte-pp-tasche\/","title":{"rendered":"Bestellen Sie Ihre bedruckte PP-Tasche"},"content":{"rendered":"<h3>PP-Gewebes\u00e4cke<\/h3>\n<p>Gewebte Polypropylens\u00e4cke sind \u00e4u\u00dferst robuste Verpackungen aus hochwertigem Kunststoffgewebe. Dank ihrer Struktur bieten sie eine hohe Belastbarkeit und Rei\u00dffestigkeit und sind daher ideal f\u00fcr den Transport und die Lagerung verschiedener Materialien.<\/p>\n<h3 style=\"text-align: center;\">RUFEN SIE AN UND BESTELLEN SIE IHRE BEDRUCKTE PP-TASCHE<\/h3>","protected":false},"excerpt":{"rendered":"<p>Worki tkane PP Worki polipropylenowe tkane to wyj\u0105tkowo wytrzyma\u0142e opakowania wykonane z wysokiej jako\u015bci syntetycznej tkaniny. Dzi\u0119ki swojej strukturze zapewniaj\u0105 du\u017c\u0105 no\u015bno\u015b\u0107 i odporno\u015b\u0107 na rozdarcia, co czyni je idealnym rozwi\u0105zaniem do transportu i przechowywania r\u00f3\u017cnych materia\u0142\u00f3w. ZADZWO\u0143 I ZAM\u00d3W WOREK PP ZE SWOIM NADRUKIEM<\/p>","protected":false},"featured_media":6500,"template":"","meta":{"site-sidebar-layout":"default","site-content-layout":"","ast-site-content-layout":"default","site-content-style":"default","site-sidebar-style":"default","ast-global-header-display":"","ast-banner-title-visibility":"","ast-main-header-display":"","ast-hfb-above-header-display":"","ast-hfb-below-header-display":"","ast-hfb-mobile-header-display":"","site-post-title":"","ast-breadcrumbs-content":"","ast-featured-img":"","footer-sml-layout":"","theme-transparent-header-meta":"default","adv-header-id-meta":"","stick-header-meta":"default","header-above-stick-meta":"","header-main-stick-meta":"","header-below-stick-meta":"","astra-migrate-meta-layouts":"set","ast-page-background-enabled":"default","ast-page-background-meta":{"desktop":{"background-color":"var(--ast-global-color-4)","background-image":"","background-repeat":"repeat","background-position":"center center","background-size":"auto","background-attachment":"scroll","background-type":"","background-media":"","overlay-type":"","overlay-color":"","overlay-opacity":"","overlay-gradient":""},"tablet":{"background-color":"","background-image":"","background-repeat":"repeat","background-position":"center center","background-size":"auto","background-attachment":"scroll","background-type":"","background-media":"","overlay-type":"","overlay-color":"","overlay-opacity":"","overlay-gradient":""},"mobile":{"background-color":"","background-image":"","background-repeat":"repeat","background-position":"center center","background-size":"auto","background-attachment":"scroll","background-type":"","background-media":"","overlay-type":"","overlay-color":"","overlay-opacity":"","overlay-gradient":""}},"ast-content-background-meta":{"desktop":{"background-color":"var(--ast-global-color-5)","background-image":"","background-repeat":"repeat","background-position":"center center","background-size":"auto","background-attachment":"scroll","background-type":"","background-media":"","overlay-type":"","overlay-color":"","overlay-opacity":"","overlay-gradient":""},"tablet":{"background-color":"var(--ast-global-color-5)","background-image":"","background-repeat":"repeat","background-position":"center center","background-size":"auto","background-attachment":"scroll","background-type":"","background-media":"","overlay-type":"","overlay-color":"","overlay-opacity":"","overlay-gradient":""},"mobile":{"background-color":"var(--ast-global-color-5)","background-image":"","background-repeat":"repeat","background-position":"center center","background-size":"auto","background-attachment":"scroll","background-type":"","background-media":"","overlay-type":"","overlay-color":"","overlay-opacity":"","overlay-gradient":""}}},"product_brand":[],"product_cat":[149],"product_tag":[],"class_list":{"0":"post-6486","1":"product","2":"type-product","3":"status-publish","4":"has-post-thumbnail","6":"product_cat-worki-polipropylenowe-z-nadrukami","7":"desktop-align-left","8":"tablet-align-left","9":"mobile-align-left","10":"ast-product-gallery-layout-horizontal","11":"ast-product-gallery-with-no-image","12":"ast-product-tabs-layout-horizontal","14":"first","15":"instock","16":"shipping-taxable","17":"product-type-simple"},"_links":{"self":[{"href":"https:\/\/wimar.net\/de\/wp-json\/wp\/v2\/product\/6486","targetHints":{"allow":["GET"]}}],"collection":[{"href":"https:\/\/wimar.net\/de\/wp-json\/wp\/v2\/product"}],"about":[{"href":"https:\/\/wimar.net\/de\/wp-json\/wp\/v2\/types\/product"}],"version-history":[{"count":2,"href":"https:\/\/wimar.net\/de\/wp-json\/wp\/v2\/product\/6486\/revisions"}],"predecessor-version":[{"id":6494,"href":"https:\/\/wimar.net\/de\/wp-json\/wp\/v2\/product\/6486\/revisions\/6494"}],"wp:featuredmedia":[{"embeddable":true,"href":"https:\/\/wimar.net\/de\/wp-json\/wp\/v2\/media\/6500"}],"wp:attachment":[{"href":"https:\/\/wimar.net\/de\/wp-json\/wp\/v2\/media?parent=6486"}],"wp:term":[{"taxonomy":"product_brand","embeddable":true,"href":"https:\/\/wimar.net\/de\/wp-json\/wp\/v2\/product_brand?post=6486"},{"taxonomy":"product_cat","embeddable":true,"href":"https:\/\/wimar.net\/de\/wp-json\/wp\/v2\/product_cat?post=6486"},{"taxonomy":"product_tag","embeddable":true,"href":"https:\/\/wimar.net\/de\/wp-json\/wp\/v2\/product_tag?post=6486"}],"curies":[{"name":"wp","href":"https:\/\/api.w.org\/{rel}","templated":true}]}}