{"id":6742,"date":"2025-05-22T09:19:59","date_gmt":"2025-05-22T07:19:59","guid":{"rendered":"https:\/\/wimar.net\/?post_type=product&#038;p=6742"},"modified":"2025-05-22T09:20:20","modified_gmt":"2025-05-22T07:20:20","slug":"silage-tragerfolie-10m-x-50m-40mic","status":"publish","type":"product","link":"https:\/\/wimar.net\/de\/produkt\/silage-tragerfolie-10m-x-50m-40mic\/","title":{"rendered":"Silofolien 10m x 50m 40mic"},"content":{"rendered":"<h3 data-start=\"0\" data-end=\"40\"><strong data-start=\"0\" data-end=\"38\">Silofolien<\/strong><\/h3>\n<p class=\"\" data-start=\"0\" data-end=\"306\">Die Silofolie ist ein wesentlicher Bestandteil bei der Herstellung von hochwertiger Silage. Sie bildet die unterste Schicht, die direkt auf die Silagemasse gelegt wird, direkt unter die Bunkerfolie. Dank ihrer ausgezeichneten Haftungs- und Dichtungseigenschaften begrenzt sie wirksam den Zugang von Sauerstoff und minimiert die Futterverluste.<\/p>\n<h3 class=\"\" data-start=\"313\" data-end=\"341\"><strong data-start=\"317\" data-end=\"341\">Wesentliche Merkmale:<\/strong><\/h3>\n<ul>\n<li><strong data-start=\"465\" data-end=\"494\">Wirksame Sauerstoffbarriere<\/strong> - Die d\u00fcnne, aber extrem luftdichte Schicht schr\u00e4nkt den Zugang von Luft ein und verbessert die Qualit\u00e4t der G\u00e4rung.<\/li>\n<li><strong data-start=\"600\" data-end=\"623\">Perfekte Haftung<\/strong> - Dank ihrer Flexibilit\u00e4t und glatten Oberfl\u00e4che passt sich die Folie genau an den geformten Flor an.<\/li>\n<li><strong data-start=\"731\" data-end=\"768\">Interaktion mit Deckfolie<\/strong> - Es erh\u00f6ht die Dichtigkeit des gesamten Abdeckungssystems und bildet dessen Grundlage.<\/li>\n<li><strong data-start=\"847\" data-end=\"887\">Rei\u00dffestigkeit und Besch\u00e4digungsbest\u00e4ndigkeit<\/strong> - Trotz seines geringen Fl\u00e4chengewichts hat es eine hohe mechanische Festigkeit.<\/li>\n<li><strong data-start=\"964\" data-end=\"985\">Einsparung von Futtermitteln<\/strong> - Es sch\u00fctzt die unteren Schichten der Silage wirksam vor dem Verderb, so dass weniger Abfall anf\u00e4llt.<\/li>\n<li><strong>L\u00e4nge<\/strong> - 50 m<\/li>\n<li><strong>Breite<\/strong> - 10 m<\/li>\n<li><strong>Dicke<\/strong> - 40 Mikrometer<\/li>\n<\/ul>\n<h3 class=\"\" data-start=\"1023\" data-end=\"1044\"><strong data-start=\"1027\" data-end=\"1044\">Anwendung:<\/strong><\/h3>\n<ul>\n<li><strong data-start=\"1117\" data-end=\"1151\">Silierung von Raufutter<\/strong> - Es bildet die Basisschicht unter der Hauptfolie beim Silieren von Mais, Gras oder Luzerne.<\/li>\n<li><strong data-start=\"1244\" data-end=\"1272\">Oberirdische Spritzmittel und Silos<\/strong> - Wird in Silos und Haufen aller Gr\u00f6\u00dfen als erste Schutzschicht verwendet.<\/li>\n<li><strong data-start=\"1364\" data-end=\"1403\">Minimierung von G\u00e4rverlusten<\/strong> - Ein Schl\u00fcsselelement f\u00fcr Betriebe, die auf Qualit\u00e4t und Effizienz bei der F\u00fctterung achten.<\/li>\n<\/ul>\n<h3 class=\"\" data-start=\"1492\" data-end=\"1552\"><strong data-start=\"1496\" data-end=\"1552\">Warum Silofolien w\u00e4hlen?<\/strong><\/h3>\n<p class=\"\" data-start=\"1554\" data-end=\"1939\">Die Unterlegfolie ist die Grundlage einer erfolgreichen Silierung. Sie erh\u00f6ht die Dichtigkeit der gesamten Abdeckung, begrenzt den Zugang von Sauerstoff und bewahrt die hohe Qualit\u00e4t der Silage auch in den untersten Schichten. Sie macht die Investition in Futtermittel rentabler und minimiert Verluste. Es ist eine empfehlenswerte L\u00f6sung f\u00fcr moderne Betriebe, die Wert auf Futterqualit\u00e4t und Produktionseffizienz legen.<\/p>","protected":false},"excerpt":{"rendered":"<p>Folia podk\u0142adowa kiszonkarska Folia podk\u0142adowa kiszonkarska to niezb\u0119dny element przy przygotowywaniu wysokiej jako\u015bci kiszonki. Stanowi warstw\u0119 doln\u0105, kt\u00f3r\u0105 umieszcza si\u0119 bezpo\u015brednio na masie kiszonkarskiej, tu\u017c pod foli\u0105 pryzmow\u0105. Dzi\u0119ki doskona\u0142ym w\u0142a\u015bciwo\u015bciom przylegania i szczelno\u015bci, skutecznie ogranicza dost\u0119p tlenu i minimalizuje straty paszy. Najwa\u017cniejsze cechy: Skuteczna bariera tlenowa \u2013 Cienka, ale niezwykle szczelna warstwa ogranicza dost\u0119p [&hellip;]<\/p>","protected":false},"featured_media":6739,"template":"","meta":{"site-sidebar-layout":"default","site-content-layout":"","ast-site-content-layout":"default","site-content-style":"default","site-sidebar-style":"default","ast-global-header-display":"","ast-banner-title-visibility":"","ast-main-header-display":"","ast-hfb-above-header-display":"","ast-hfb-below-header-display":"","ast-hfb-mobile-header-display":"","site-post-title":"","ast-breadcrumbs-content":"","ast-featured-img":"","footer-sml-layout":"","theme-transparent-header-meta":"default","adv-header-id-meta":"","stick-header-meta":"default","header-above-stick-meta":"","header-main-stick-meta":"","header-below-stick-meta":"","astra-migrate-meta-layouts":"set","ast-page-background-enabled":"default","ast-page-background-meta":{"desktop":{"background-color":"var(--ast-global-color-4)","background-image":"","background-repeat":"repeat","background-position":"center center","background-size":"auto","background-attachment":"scroll","background-type":"","background-media":"","overlay-type":"","overlay-color":"","overlay-opacity":"","overlay-gradient":""},"tablet":{"background-color":"","background-image":"","background-repeat":"repeat","background-position":"center center","background-size":"auto","background-attachment":"scroll","background-type":"","background-media":"","overlay-type":"","overlay-color":"","overlay-opacity":"","overlay-gradient":""},"mobile":{"background-color":"","background-image":"","background-repeat":"repeat","background-position":"center center","background-size":"auto","background-attachment":"scroll","background-type":"","background-media":"","overlay-type":"","overlay-color":"","overlay-opacity":"","overlay-gradient":""}},"ast-content-background-meta":{"desktop":{"background-color":"var(--ast-global-color-5)","background-image":"","background-repeat":"repeat","background-position":"center center","background-size":"auto","background-attachment":"scroll","background-type":"","background-media":"","overlay-type":"","overlay-color":"","overlay-opacity":"","overlay-gradient":""},"tablet":{"background-color":"var(--ast-global-color-5)","background-image":"","background-repeat":"repeat","background-position":"center center","background-size":"auto","background-attachment":"scroll","background-type":"","background-media":"","overlay-type":"","overlay-color":"","overlay-opacity":"","overlay-gradient":""},"mobile":{"background-color":"var(--ast-global-color-5)","background-image":"","background-repeat":"repeat","background-position":"center center","background-size":"auto","background-attachment":"scroll","background-type":"","background-media":"","overlay-type":"","overlay-color":"","overlay-opacity":"","overlay-gradient":""}}},"product_brand":[],"product_cat":[214],"product_tag":[],"class_list":{"0":"post-6742","1":"product","2":"type-product","3":"status-publish","4":"has-post-thumbnail","6":"product_cat-folia-do-sianokiszonki","7":"desktop-align-left","8":"tablet-align-left","9":"mobile-align-left","10":"ast-product-gallery-layout-horizontal","11":"ast-product-gallery-with-no-image","12":"ast-product-tabs-layout-horizontal","14":"first","15":"instock","16":"shipping-taxable","17":"product-type-simple"},"_links":{"self":[{"href":"https:\/\/wimar.net\/de\/wp-json\/wp\/v2\/product\/6742","targetHints":{"allow":["GET"]}}],"collection":[{"href":"https:\/\/wimar.net\/de\/wp-json\/wp\/v2\/product"}],"about":[{"href":"https:\/\/wimar.net\/de\/wp-json\/wp\/v2\/types\/product"}],"version-history":[{"count":2,"href":"https:\/\/wimar.net\/de\/wp-json\/wp\/v2\/product\/6742\/revisions"}],"predecessor-version":[{"id":7288,"href":"https:\/\/wimar.net\/de\/wp-json\/wp\/v2\/product\/6742\/revisions\/7288"}],"wp:featuredmedia":[{"embeddable":true,"href":"https:\/\/wimar.net\/de\/wp-json\/wp\/v2\/media\/6739"}],"wp:attachment":[{"href":"https:\/\/wimar.net\/de\/wp-json\/wp\/v2\/media?parent=6742"}],"wp:term":[{"taxonomy":"product_brand","embeddable":true,"href":"https:\/\/wimar.net\/de\/wp-json\/wp\/v2\/product_brand?post=6742"},{"taxonomy":"product_cat","embeddable":true,"href":"https:\/\/wimar.net\/de\/wp-json\/wp\/v2\/product_cat?post=6742"},{"taxonomy":"product_tag","embeddable":true,"href":"https:\/\/wimar.net\/de\/wp-json\/wp\/v2\/product_tag?post=6742"}],"curies":[{"name":"wp","href":"https:\/\/api.w.org\/{rel}","templated":true}]}}