{"id":6857,"date":"2025-09-09T09:12:08","date_gmt":"2025-09-09T07:12:08","guid":{"rendered":"https:\/\/wimar.net\/?post_type=product&#038;p=6857"},"modified":"2025-09-09T10:48:33","modified_gmt":"2025-09-09T08:48:33","slug":"kokosnuss-riffelscheiben-fur-blumentopfe-verschiedene-grosen","status":"publish","type":"product","link":"https:\/\/wimar.net\/de\/produkt\/kokosnuss-riffelscheiben-fur-blumentopfe-verschiedene-grosen\/","title":{"rendered":"Kokosnuss-Mulchscheiben f\u00fcr T\u00f6pfe verschiedene Gr\u00f6\u00dfen"},"content":{"rendered":"<h3 data-start=\"0\" data-end=\"80\"><strong data-start=\"0\" data-end=\"78\">Mulch-Scheiben<\/strong><\/h3>\n<p data-start=\"139\" data-end=\"478\">Kokosnuss-Mulchscheiben hergestellt in <strong>100% aus nat\u00fcrlichen Kokosnussfasern.\u00a0<\/strong>Zus\u00e4tzlich gesch\u00fctzt durch eine d\u00fcnne Schicht aus <strong>Latex<\/strong> Einerseits sch\u00fctzen die Scheiben den Wurzelballen hervorragend. Im Sommer begrenzen sie die Entwicklung von <strong>Unkraut<\/strong>und sch\u00fctzen im Winter vor K\u00e4lte.<\/p>\n<h3 data-start=\"736\" data-end=\"760\">Wesentliche Merkmale:<\/h3>\n<ul>\n<li><strong>Unkrautbek\u00e4mpfung<\/strong>\u00a0- weniger Arbeit bei der Pflanzenpflege!<\/li>\n<li><strong>Isolierung gegen die K\u00e4lte<\/strong>\u00a0- ausgezeichneter Schutz gegen niedrige Temperaturen.<\/li>\n<li><strong>Schutz vor Austrocknung<\/strong>\u00a0- ideal f\u00fcr Pflanzen, die eine konstante Feuchtigkeit ben\u00f6tigen.<\/li>\n<li><strong>Sichere Entw\u00e4sserung<\/strong>\u00a0- Probleme mit \u00fcberm\u00e4\u00dfiger Feuchtigkeit zu vermeiden.<\/li>\n<\/ul>\n<p><img fetchpriority=\"high\" decoding=\"async\" class=\"wp-image-6861 aligncenter\" src=\"https:\/\/wimar.net\/wp-content\/uploads\/2025\/09\/tebelka-dyski-300x282.jpg\" alt=\"\" width=\"349\" height=\"305\" \/><\/p>\n<h3 data-start=\"1141\" data-end=\"1158\">Anwendung:<\/h3>\n<ul>\n<li data-start=\"1161\" data-end=\"1221\"><strong data-start=\"1062\" data-end=\"1093\">Blument\u00f6pfe f\u00fcr Haus und Balkon<\/strong> - Ideal f\u00fcr Blumen, Kr\u00e4uter und Zierpflanzen.<\/li>\n<li data-start=\"1161\" data-end=\"1221\"><strong data-start=\"1146\" data-end=\"1168\">Gew\u00e4chshauskulturen<\/strong> - Sie reduzieren das Unkrautwachstum und verbessern das Mikroklima in den Containern.<\/li>\n<li data-start=\"1161\" data-end=\"1221\"><strong data-start=\"1244\" data-end=\"1289\">Terrassen- und Gartenpflanzen in Containern<\/strong> - Sie sch\u00fctzen den Boden wirksam vor Austrocknung und Temperaturschwankungen.<\/li>\n<li data-start=\"1161\" data-end=\"1221\"><strong data-start=\"1367\" data-end=\"1389\">Topf Dekoration<\/strong> - Sie verleihen Pflanzenarrangements ein \u00e4sthetisch ansprechendes, nat\u00fcrliches Aussehen.<\/li>\n<\/ul>\n<h3 data-start=\"1456\" data-end=\"1513\"><strong data-start=\"1460\" data-end=\"1513\">Warum Kokosnuss-Mulchscheiben w\u00e4hlen?<\/strong><\/h3>\n<p data-start=\"1515\" data-end=\"1838\" data-is-last-node=\"\" data-is-only-node=\"\">Es handelt sich um eine praktische und \u00f6kologische L\u00f6sung, die nicht nur die Wachstumsbedingungen f\u00fcr Pflanzen verbessert, sondern den T\u00f6pfen auch ein elegantes und nat\u00fcrliches Aussehen verleiht. Durch den Schutz vor Trockenheit, Unkraut und Temperaturschwankungen f\u00f6rdern die Kokosscheiben ein gesundes Pflanzenwachstum und sind eine ausgezeichnete Wahl f\u00fcr jeden Gartenliebhaber.<\/p>","protected":false},"excerpt":{"rendered":"<p>Dyski \u015bci\u00f3\u0142kuj\u0105ce Kokosowe dyski \u015bci\u00f3\u0142kuj\u0105ce do doniczek wykonane w 100% z naturalnego w\u0142\u00f3kna kokosowego.\u00a0Dodatkowo zabezpieczone cienk\u0105 warstw\u0105 lateksu z jednej strony, dyski \u015bwietnie radz\u0105 sobie z ochron\u0105 bry\u0142y korzeniowej.\u00a0Latem ograniczaj\u0105 rozw\u00f3j chwast\u00f3w, a zim\u0105 zabezpieczaj\u0105 przed ch\u0142odem. Najwa\u017cniejsze cechy: Ograniczenie chwast\u00f3w\u00a0\u2013 mniej pracy przy piel\u0119gnacji ro\u015blin! Izolacja przed zimnem\u00a0\u2013 doskona\u0142a ochrona przed niskimi temperaturami. Ochrona [&hellip;]<\/p>","protected":false},"featured_media":6860,"template":"","meta":{"site-sidebar-layout":"default","site-content-layout":"","ast-site-content-layout":"default","site-content-style":"default","site-sidebar-style":"default","ast-global-header-display":"","ast-banner-title-visibility":"","ast-main-header-display":"","ast-hfb-above-header-display":"","ast-hfb-below-header-display":"","ast-hfb-mobile-header-display":"","site-post-title":"","ast-breadcrumbs-content":"","ast-featured-img":"","footer-sml-layout":"","theme-transparent-header-meta":"default","adv-header-id-meta":"","stick-header-meta":"default","header-above-stick-meta":"","header-main-stick-meta":"","header-below-stick-meta":"","astra-migrate-meta-layouts":"set","ast-page-background-enabled":"default","ast-page-background-meta":{"desktop":{"background-color":"var(--ast-global-color-4)","background-image":"","background-repeat":"repeat","background-position":"center center","background-size":"auto","background-attachment":"scroll","background-type":"","background-media":"","overlay-type":"","overlay-color":"","overlay-opacity":"","overlay-gradient":""},"tablet":{"background-color":"","background-image":"","background-repeat":"repeat","background-position":"center center","background-size":"auto","background-attachment":"scroll","background-type":"","background-media":"","overlay-type":"","overlay-color":"","overlay-opacity":"","overlay-gradient":""},"mobile":{"background-color":"","background-image":"","background-repeat":"repeat","background-position":"center center","background-size":"auto","background-attachment":"scroll","background-type":"","background-media":"","overlay-type":"","overlay-color":"","overlay-opacity":"","overlay-gradient":""}},"ast-content-background-meta":{"desktop":{"background-color":"var(--ast-global-color-5)","background-image":"","background-repeat":"repeat","background-position":"center center","background-size":"auto","background-attachment":"scroll","background-type":"","background-media":"","overlay-type":"","overlay-color":"","overlay-opacity":"","overlay-gradient":""},"tablet":{"background-color":"var(--ast-global-color-5)","background-image":"","background-repeat":"repeat","background-position":"center center","background-size":"auto","background-attachment":"scroll","background-type":"","background-media":"","overlay-type":"","overlay-color":"","overlay-opacity":"","overlay-gradient":""},"mobile":{"background-color":"var(--ast-global-color-5)","background-image":"","background-repeat":"repeat","background-position":"center center","background-size":"auto","background-attachment":"scroll","background-type":"","background-media":"","overlay-type":"","overlay-color":"","overlay-opacity":"","overlay-gradient":""}}},"product_brand":[],"product_cat":[491],"product_tag":[],"class_list":{"0":"post-6857","1":"product","2":"type-product","3":"status-publish","4":"has-post-thumbnail","6":"product_cat-dyski-sciolkujace","7":"desktop-align-left","8":"tablet-align-left","9":"mobile-align-left","10":"ast-product-gallery-layout-horizontal","11":"ast-product-tabs-layout-horizontal","13":"first","14":"instock","15":"shipping-taxable","16":"product-type-simple"},"_links":{"self":[{"href":"https:\/\/wimar.net\/de\/wp-json\/wp\/v2\/product\/6857","targetHints":{"allow":["GET"]}}],"collection":[{"href":"https:\/\/wimar.net\/de\/wp-json\/wp\/v2\/product"}],"about":[{"href":"https:\/\/wimar.net\/de\/wp-json\/wp\/v2\/types\/product"}],"version-history":[{"count":3,"href":"https:\/\/wimar.net\/de\/wp-json\/wp\/v2\/product\/6857\/revisions"}],"predecessor-version":[{"id":6863,"href":"https:\/\/wimar.net\/de\/wp-json\/wp\/v2\/product\/6857\/revisions\/6863"}],"wp:featuredmedia":[{"embeddable":true,"href":"https:\/\/wimar.net\/de\/wp-json\/wp\/v2\/media\/6860"}],"wp:attachment":[{"href":"https:\/\/wimar.net\/de\/wp-json\/wp\/v2\/media?parent=6857"}],"wp:term":[{"taxonomy":"product_brand","embeddable":true,"href":"https:\/\/wimar.net\/de\/wp-json\/wp\/v2\/product_brand?post=6857"},{"taxonomy":"product_cat","embeddable":true,"href":"https:\/\/wimar.net\/de\/wp-json\/wp\/v2\/product_cat?post=6857"},{"taxonomy":"product_tag","embeddable":true,"href":"https:\/\/wimar.net\/de\/wp-json\/wp\/v2\/product_tag?post=6857"}],"curies":[{"name":"wp","href":"https:\/\/api.w.org\/{rel}","templated":true}]}}