{"id":7071,"date":"2025-10-29T09:30:39","date_gmt":"2025-10-29T08:30:39","guid":{"rendered":"https:\/\/wimar.net\/?post_type=product&#038;p=7071"},"modified":"2025-10-29T09:56:34","modified_gmt":"2025-10-29T08:56:34","slug":"domek-kryjowka-z-1-2-lupiny-orzecha-kokosowego","status":"publish","type":"product","link":"https:\/\/wimar.net\/de\/produkt\/domek-kryjowka-z-1-2-lupiny-orzecha-kokosowego\/","title":{"rendered":"Domek kryj\u00f3wka z 1\/2 \u0142upiny orzecha kokosowego"},"content":{"rendered":"<h3 data-start=\"0\" data-end=\"80\"><strong data-start=\"0\" data-end=\"78\">Kryj\u00f3wka z \u0142upiny orzecha<\/strong><\/h3>\n<p>Domek\/kryj\u00f3wka zosta\u0142a wykonana z naturalnej \u0142upiny orzecha kokosowego. Jej kolor i struktura sprawiaj\u0105, \u017ce idealnie komponuje si\u0119 zar\u00f3wno z suchymi, jak i wilgotnymi terrariami. Materia\u0142 zachowuje dobre w\u0142a\u015bciwo\u015bci absorpcyjne \u2013 gromadzi wod\u0119 i stopniowo j\u0105 uwalnia, wspieraj\u0105c utrzymanie odpowiedniego mikroklimatu w \u015brodowisku zwierz\u0105t. Kryj\u00f3wka przeznaczona jest dla gad\u00f3w, p\u0142az\u00f3w, paj\u0119czak\u00f3w oraz ma\u0142ych ssak\u00f3w zamieszkuj\u0105cych terraria i wiwaria.<\/p>\n<h3 data-start=\"736\" data-end=\"760\">Wesentliche Merkmale:<\/h3>\n<ul>\n<li><strong data-start=\"1109\" data-end=\"1124\">Dla gryzoni<\/strong>\u00a0\u2013 Idealny domek lub kryj\u00f3wka dla chomik\u00f3w, myszy, koszatniczek czy myszoskoczk\u00f3w.<\/li>\n<li><strong data-start=\"1212\" data-end=\"1249\">Dla ptak\u00f3w egzotycznych i papu\u017cek<\/strong>\u00a0\u2013 Mo\u017ce s\u0142u\u017cy\u0107 jako budka l\u0119gowa lub miejsce do odpoczynku.<\/li>\n<li><strong data-start=\"1314\" data-end=\"1336\">Dla gad\u00f3w i p\u0142az\u00f3w<\/strong>\u00a0\u2013 Sprawdza si\u0119 jako naturalna kryj\u00f3wka w terrarium.<\/li>\n<li><strong data-start=\"1394\" data-end=\"1407\">Dekoration<\/strong>\u00a0\u2013 \u015awietny element ozdobny w naturalnych aran\u017cacjach klatek i terrari\u00f3w.<\/li>\n<\/ul>\n<h3 data-start=\"1141\" data-end=\"1158\">Anwendung:<\/h3>\n<ul>\n<li data-start=\"1104\" data-end=\"1546\"><strong data-start=\"1143\" data-end=\"1180\">Miejsce do wspinania i odpoczynku<\/strong>\u00a0\u2013 Umo\u017cliwia jaszczurce obserwacj\u0119 otoczenia i aktywno\u015b\u0107 fizyczn\u0105, co wp\u0142ywa pozytywnie na jej kondycj\u0119.<\/li>\n<li data-start=\"1104\" data-end=\"1546\"><strong data-start=\"1290\" data-end=\"1320\">Element wystroju terrarium<\/strong>\u00a0\u2013 Naturalny wygl\u0105d drewna nadaje wn\u0119trzu estetyczny, realistyczny charakter, zbli\u017cony do warunk\u00f3w naturalnych.<\/li>\n<li data-start=\"1104\" data-end=\"1546\"><strong data-start=\"1437\" data-end=\"1465\">Platforma do wygrzewania<\/strong>\u00a0\u2013 Mo\u017ce s\u0142u\u017cy\u0107 jako idealne miejsce pod \u017ar\u00f3d\u0142em ciep\u0142a, wspomagaj\u0105c termoregulacj\u0119 zwierz\u0119cia.<\/li>\n<li data-start=\"1104\" data-end=\"1546\"><strong data-start=\"1565\" data-end=\"1586\">Schowek i ochrona<\/strong>\u00a0\u2013 W po\u0142\u0105czeniu z ro\u015blinno\u015bci\u0105 lub kamieniami tworzy kryj\u00f3wk\u0119, daj\u0105c poczucie bezpiecze\u0144stwa.<\/li>\n<\/ul>\n<h3 data-start=\"1486\" data-end=\"1561\"><strong data-start=\"1490\" data-end=\"1561\">Dlaczego warto wybra\u0107 domek z \u0142upiny orzecha kokosowego?<\/strong><\/h3>\n<p data-start=\"1563\" data-end=\"1939\" data-is-last-node=\"\" data-is-only-node=\"\">To po\u0142\u0105czenie natury, funkcjonalno\u015bci i stylu. Domek z kokosa zapewnia zwierz\u0119tom poczucie bezpiecze\u0144stwa i komfortu, jednocze\u015bnie zachowuj\u0105c naturalny wygl\u0105d ich otoczenia. Jest ekologiczny, trwa\u0142y i \u0142atwy w utrzymaniu czysto\u015bci. Dzi\u0119ki wbudowanej drabince staje si\u0119 nie tylko kryj\u00f3wk\u0105, ale i atrakcyjnym elementem zabawy \u2014 idealnym dodatkiem do klatki ka\u017cdego ma\u0142ego pupila.<\/p>","protected":false},"excerpt":{"rendered":"<p>Kryj\u00f3wka z \u0142upiny orzecha Domek\/kryj\u00f3wka zosta\u0142a wykonana z naturalnej \u0142upiny orzecha kokosowego. Jej kolor i struktura sprawiaj\u0105, \u017ce idealnie komponuje si\u0119 zar\u00f3wno z suchymi, jak i wilgotnymi terrariami. Materia\u0142 zachowuje dobre w\u0142a\u015bciwo\u015bci absorpcyjne \u2013 gromadzi wod\u0119 i stopniowo j\u0105 uwalnia, wspieraj\u0105c utrzymanie odpowiedniego mikroklimatu w \u015brodowisku zwierz\u0105t. Kryj\u00f3wka przeznaczona jest dla gad\u00f3w, p\u0142az\u00f3w, paj\u0119czak\u00f3w oraz [&hellip;]<\/p>","protected":false},"featured_media":7074,"template":"","meta":{"site-sidebar-layout":"default","site-content-layout":"","ast-site-content-layout":"default","site-content-style":"default","site-sidebar-style":"default","ast-global-header-display":"","ast-banner-title-visibility":"","ast-main-header-display":"","ast-hfb-above-header-display":"","ast-hfb-below-header-display":"","ast-hfb-mobile-header-display":"","site-post-title":"","ast-breadcrumbs-content":"","ast-featured-img":"","footer-sml-layout":"","theme-transparent-header-meta":"default","adv-header-id-meta":"","stick-header-meta":"default","header-above-stick-meta":"","header-main-stick-meta":"","header-below-stick-meta":"","astra-migrate-meta-layouts":"set","ast-page-background-enabled":"default","ast-page-background-meta":{"desktop":{"background-color":"var(--ast-global-color-4)","background-image":"","background-repeat":"repeat","background-position":"center center","background-size":"auto","background-attachment":"scroll","background-type":"","background-media":"","overlay-type":"","overlay-color":"","overlay-opacity":"","overlay-gradient":""},"tablet":{"background-color":"","background-image":"","background-repeat":"repeat","background-position":"center center","background-size":"auto","background-attachment":"scroll","background-type":"","background-media":"","overlay-type":"","overlay-color":"","overlay-opacity":"","overlay-gradient":""},"mobile":{"background-color":"","background-image":"","background-repeat":"repeat","background-position":"center center","background-size":"auto","background-attachment":"scroll","background-type":"","background-media":"","overlay-type":"","overlay-color":"","overlay-opacity":"","overlay-gradient":""}},"ast-content-background-meta":{"desktop":{"background-color":"var(--ast-global-color-5)","background-image":"","background-repeat":"repeat","background-position":"center center","background-size":"auto","background-attachment":"scroll","background-type":"","background-media":"","overlay-type":"","overlay-color":"","overlay-opacity":"","overlay-gradient":""},"tablet":{"background-color":"var(--ast-global-color-5)","background-image":"","background-repeat":"repeat","background-position":"center center","background-size":"auto","background-attachment":"scroll","background-type":"","background-media":"","overlay-type":"","overlay-color":"","overlay-opacity":"","overlay-gradient":""},"mobile":{"background-color":"var(--ast-global-color-5)","background-image":"","background-repeat":"repeat","background-position":"center center","background-size":"auto","background-attachment":"scroll","background-type":"","background-media":"","overlay-type":"","overlay-color":"","overlay-opacity":"","overlay-gradient":""}}},"product_brand":[],"product_cat":[498],"product_tag":[],"class_list":{"0":"post-7071","1":"product","2":"type-product","3":"status-publish","4":"has-post-thumbnail","6":"product_cat-domki-z-kokosa","7":"desktop-align-left","8":"tablet-align-left","9":"mobile-align-left","10":"ast-product-gallery-layout-horizontal","11":"ast-product-tabs-layout-horizontal","13":"first","14":"instock","15":"shipping-taxable","16":"product-type-simple"},"_links":{"self":[{"href":"https:\/\/wimar.net\/de\/wp-json\/wp\/v2\/product\/7071","targetHints":{"allow":["GET"]}}],"collection":[{"href":"https:\/\/wimar.net\/de\/wp-json\/wp\/v2\/product"}],"about":[{"href":"https:\/\/wimar.net\/de\/wp-json\/wp\/v2\/types\/product"}],"version-history":[{"count":1,"href":"https:\/\/wimar.net\/de\/wp-json\/wp\/v2\/product\/7071\/revisions"}],"predecessor-version":[{"id":7075,"href":"https:\/\/wimar.net\/de\/wp-json\/wp\/v2\/product\/7071\/revisions\/7075"}],"wp:featuredmedia":[{"embeddable":true,"href":"https:\/\/wimar.net\/de\/wp-json\/wp\/v2\/media\/7074"}],"wp:attachment":[{"href":"https:\/\/wimar.net\/de\/wp-json\/wp\/v2\/media?parent=7071"}],"wp:term":[{"taxonomy":"product_brand","embeddable":true,"href":"https:\/\/wimar.net\/de\/wp-json\/wp\/v2\/product_brand?post=7071"},{"taxonomy":"product_cat","embeddable":true,"href":"https:\/\/wimar.net\/de\/wp-json\/wp\/v2\/product_cat?post=7071"},{"taxonomy":"product_tag","embeddable":true,"href":"https:\/\/wimar.net\/de\/wp-json\/wp\/v2\/product_tag?post=7071"}],"curies":[{"name":"wp","href":"https:\/\/api.w.org\/{rel}","templated":true}]}}