{"id":3131,"date":"2024-12-06T14:42:00","date_gmt":"2024-12-06T13:42:00","guid":{"rendered":"https:\/\/wimar.net\/?post_type=product&#038;p=3131"},"modified":"2025-03-18T10:11:32","modified_gmt":"2025-03-18T09:11:32","slug":"tarpaulin-pe-silver-super-strong-4x4m-160g-m2","status":"publish","type":"product","link":"https:\/\/wimar.net\/en\/product\/tarpaulin-pe-silver-super-strong-4x4m-160g-m2\/","title":{"rendered":"PE tarpaulin silver super strong 4x4m 160g\/m2"},"content":{"rendered":"<h3>PE tarpaulin super strong<\/h3>\n<p>The reinforced tarpaulin offers a wide range of applications, enabling it to protect and insulate a variety of objects, materials, plants and other objects from the effects of the weather, both direct and indirect.<\/p>\n<p>Its use makes it possible to effectively separate and protect any area or object from rain, moisture, low temperatures, dust, wind or sunlight.<\/p>\n<p>Tarpaulins are manufactured from materials that are resistant to weather, chemicals and mechanical damage. As a result, they are used on construction sites, in horticulture, in industry and in other private and public spaces.<\/p>\n<h3><strong>Product specifications:<\/strong><\/h3>\n<ul>\n<li><strong>Size:<\/strong> 4\u00d74 m<\/li>\n<li><strong>Grammage:<\/strong> 160 g\/m\u00b2 (3 times thicker than standard tarpaulins)<\/li>\n<li><strong>Material:<\/strong> High-quality polyethylene (PE) - extremely durable, weather-resistant and waterproof<\/li>\n<li><strong>Reinforcements:<\/strong> Edges of tarpaulin reinforced with additional fabric layer, stable corners with thick plastic inserts<\/li>\n<li><strong>Dimensional and thickness tolerances:<\/strong> +\/- 5%<\/li>\n<\/ul>\n<h3><strong>Key features:<\/strong><\/h3>\n<ul>\n<li><strong>Versatility:<\/strong> Ideal for protecting items in a variety of conditions and places of use.<\/li>\n<li><strong>Weather resistance:<\/strong> It effectively protects against rain, wind, dust, UV rays and moisture.<\/li>\n<li><strong>Frost resistance:<\/strong> Adapted for use in sub-zero temperatures, reliable all year round.<\/li>\n<li><strong>Persistence:<\/strong> The exceptional durability of the material allows multi-season use even in harsh conditions.<\/li>\n<li><strong>Ease of cleaning:<\/strong> The smooth surface of the tarpaulin makes it easy to keep clean.<\/li>\n<\/ul>\n<h3><strong>Application:<\/strong><\/h3>\n<ul>\n<li><strong>Construction:<\/strong> Protection of building materials, tools and wood.<\/li>\n<li><strong>Agriculture:<\/strong> Safeguarding agricultural machinery, crops, fodder and horticultural materials.<\/li>\n<li><strong>Automotive:<\/strong> Covering vehicles, motorbikes, boats and trailers.<\/li>\n<li><strong>Home and garden:<\/strong> Protection for swimming pools, sheds, gazebos or garden furniture.<\/li>\n<\/ul>\n<h3><strong>Why choose this tarpaulin?<\/strong><\/h3>\n<p>Thanks to its exceptional thickness, reinforcements and use of high-quality materials, the tarpaulin is indispensable for protecting items in a variety of conditions. Its weather resistance, durability and versatility make it an excellent choice for anyone looking for a reliable solution.<\/p>\n<p>Give your items reliable protection with a reinforced tarpaulin - a solution created for durability and versatility!<\/p>","protected":false},"excerpt":{"rendered":"<p>Plandeka PE super mocna Wzmocniona plandeka oferuje szerokie mo\u017cliwo\u015bci zastosowania, umo\u017cliwiaj\u0105c ochron\u0119 i izolacj\u0119 r\u00f3\u017cnorodnych przedmiot\u00f3w, materia\u0142\u00f3w, ro\u015blin oraz innych obiekt\u00f3w przed wp\u0142ywem czynnik\u00f3w atmosferycznych, zar\u00f3wno bezpo\u015brednich, jak i po\u015brednich. Jej u\u017cycie pozwala skutecznie oddzieli\u0107 i zabezpieczy\u0107 dowolny obszar lub przedmiot przed deszczem, wilgoci\u0105, niskimi temperaturami, kurzem, wiatrem czy promieniowaniem s\u0142onecznym. Plandeki s\u0105 produkowane z [&hellip;]<\/p>","protected":false},"featured_media":3119,"template":"","meta":{"site-sidebar-layout":"default","site-content-layout":"","ast-site-content-layout":"default","site-content-style":"default","site-sidebar-style":"default","ast-global-header-display":"","ast-banner-title-visibility":"","ast-main-header-display":"","ast-hfb-above-header-display":"","ast-hfb-below-header-display":"","ast-hfb-mobile-header-display":"","site-post-title":"","ast-breadcrumbs-content":"","ast-featured-img":"","footer-sml-layout":"","theme-transparent-header-meta":"default","adv-header-id-meta":"","stick-header-meta":"default","header-above-stick-meta":"","header-main-stick-meta":"","header-below-stick-meta":"","astra-migrate-meta-layouts":"set","ast-page-background-enabled":"default","ast-page-background-meta":{"desktop":{"background-color":"var(--ast-global-color-4)","background-image":"","background-repeat":"repeat","background-position":"center center","background-size":"auto","background-attachment":"scroll","background-type":"","background-media":"","overlay-type":"","overlay-color":"","overlay-opacity":"","overlay-gradient":""},"tablet":{"background-color":"","background-image":"","background-repeat":"repeat","background-position":"center center","background-size":"auto","background-attachment":"scroll","background-type":"","background-media":"","overlay-type":"","overlay-color":"","overlay-opacity":"","overlay-gradient":""},"mobile":{"background-color":"","background-image":"","background-repeat":"repeat","background-position":"center center","background-size":"auto","background-attachment":"scroll","background-type":"","background-media":"","overlay-type":"","overlay-color":"","overlay-opacity":"","overlay-gradient":""}},"ast-content-background-meta":{"desktop":{"background-color":"var(--ast-global-color-5)","background-image":"","background-repeat":"repeat","background-position":"center center","background-size":"auto","background-attachment":"scroll","background-type":"","background-media":"","overlay-type":"","overlay-color":"","overlay-opacity":"","overlay-gradient":""},"tablet":{"background-color":"var(--ast-global-color-5)","background-image":"","background-repeat":"repeat","background-position":"center center","background-size":"auto","background-attachment":"scroll","background-type":"","background-media":"","overlay-type":"","overlay-color":"","overlay-opacity":"","overlay-gradient":""},"mobile":{"background-color":"var(--ast-global-color-5)","background-image":"","background-repeat":"repeat","background-position":"center center","background-size":"auto","background-attachment":"scroll","background-type":"","background-media":"","overlay-type":"","overlay-color":"","overlay-opacity":"","overlay-gradient":""}}},"product_brand":[],"product_cat":[183],"product_tag":[],"class_list":{"0":"post-3131","1":"product","2":"type-product","3":"status-publish","4":"has-post-thumbnail","6":"product_cat-plandeka-srebrna-super-mocna-160-g-m2","7":"desktop-align-left","8":"tablet-align-left","9":"mobile-align-left","10":"ast-product-gallery-layout-horizontal","11":"ast-product-tabs-layout-horizontal","13":"first","14":"instock","15":"shipping-taxable","16":"product-type-simple"},"_links":{"self":[{"href":"https:\/\/wimar.net\/en\/wp-json\/wp\/v2\/product\/3131","targetHints":{"allow":["GET"]}}],"collection":[{"href":"https:\/\/wimar.net\/en\/wp-json\/wp\/v2\/product"}],"about":[{"href":"https:\/\/wimar.net\/en\/wp-json\/wp\/v2\/types\/product"}],"version-history":[{"count":3,"href":"https:\/\/wimar.net\/en\/wp-json\/wp\/v2\/product\/3131\/revisions"}],"predecessor-version":[{"id":5528,"href":"https:\/\/wimar.net\/en\/wp-json\/wp\/v2\/product\/3131\/revisions\/5528"}],"wp:featuredmedia":[{"embeddable":true,"href":"https:\/\/wimar.net\/en\/wp-json\/wp\/v2\/media\/3119"}],"wp:attachment":[{"href":"https:\/\/wimar.net\/en\/wp-json\/wp\/v2\/media?parent=3131"}],"wp:term":[{"taxonomy":"product_brand","embeddable":true,"href":"https:\/\/wimar.net\/en\/wp-json\/wp\/v2\/product_brand?post=3131"},{"taxonomy":"product_cat","embeddable":true,"href":"https:\/\/wimar.net\/en\/wp-json\/wp\/v2\/product_cat?post=3131"},{"taxonomy":"product_tag","embeddable":true,"href":"https:\/\/wimar.net\/en\/wp-json\/wp\/v2\/product_tag?post=3131"}],"curies":[{"name":"wp","href":"https:\/\/api.w.org\/{rel}","templated":true}]}}