{"id":3880,"date":"2025-02-10T09:37:04","date_gmt":"2025-02-10T08:37:04","guid":{"rendered":"https:\/\/wimar.net\/?post_type=product&#038;p=3880"},"modified":"2025-06-18T11:49:31","modified_gmt":"2025-06-18T09:49:31","slug":"jute-plaid-shawl-70x70cm","status":"publish","type":"product","link":"https:\/\/wimar.net\/en\/product\/jute-plaid-shawl-70x70cm\/","title":{"rendered":"Jute sling (sheet) natural 70x70cm 120g"},"content":{"rendered":"<h3><strong>Jute sling - natural and ecological<\/strong><\/h3>\n<p>Jute sheeting is a versatile product made from a strong, 100% natural biodegradable fabric that allows air to flow freely. This makes it ideal for many applications but its main purpose is to protect the root balls of plants for sale in plant nurseries.<\/p>\n<h3><strong>Key features:<\/strong><\/h3>\n<ul>\n<li><strong>Naturalness<\/strong> - Made from biodegradable and renewable jute, derived from plant fibres.<\/li>\n<li><strong>An ecological solution<\/strong> - Reusable, environmentally friendly.<\/li>\n<li><strong>Air permeability<\/strong> - It allows the products to breathe, which prevents dampness.<\/li>\n<li><strong>Lightness and flexibility<\/strong> - The 120 g\/m\u00b2 grammage provides an easy fit for a variety of applications.<\/li>\n<li><strong>Versatility<\/strong> - It can be used in the home, garden, agriculture and decoration.<\/li>\n<li><strong>Size -<\/strong> 70\u00d770 cm<\/li>\n<\/ul>\n<h3><strong>Application:<\/strong><\/h3>\n<ul>\n<li><strong>Packaging and protection<\/strong> - Ideal for wrapping delicate objects, protecting plants.<\/li>\n<li><strong>Agriculture and horticulture<\/strong> - Can be used as a cover for overwintering plants, for lining harvest baskets or for protecting the root ball of transplanted plants.<\/li>\n<\/ul>\n<p><strong>Jute sheet 70\u00d770 cm<\/strong> is a practical, durable and environmentally friendly solution for every household, garden or shop.<\/p>","protected":false},"excerpt":{"rendered":"<p>Chusta jutowa \u2013 naturalna i ekologiczna P\u0142achta jutowa to wszechstronny produkt wykonany z mocnej, w 100% naturalnej biodegradowalnej tkaniny, kt\u00f3ra pozwala na swobodny przep\u0142yw powietrza. Dzi\u0119ki temu doskonale sprawdza si\u0119 w wielu zastosowaniach lecz jej g\u0142\u00f3wnym przeznaczeniem jest zabezpieczanie bry\u0142 korzeniowych ro\u015blin przeznaczonych do sprzeda\u017cy w szk\u00f3\u0142kach ro\u015blin. Najwa\u017cniejsze cechy: Naturalno\u015b\u0107 \u2013 Wykonana z biodegradowalnej [&hellip;]<\/p>","protected":false},"featured_media":3882,"template":"","meta":{"site-sidebar-layout":"default","site-content-layout":"","ast-site-content-layout":"default","site-content-style":"default","site-sidebar-style":"default","ast-global-header-display":"","ast-banner-title-visibility":"","ast-main-header-display":"","ast-hfb-above-header-display":"","ast-hfb-below-header-display":"","ast-hfb-mobile-header-display":"","site-post-title":"","ast-breadcrumbs-content":"","ast-featured-img":"","footer-sml-layout":"","theme-transparent-header-meta":"default","adv-header-id-meta":"","stick-header-meta":"default","header-above-stick-meta":"","header-main-stick-meta":"","header-below-stick-meta":"","astra-migrate-meta-layouts":"set","ast-page-background-enabled":"default","ast-page-background-meta":{"desktop":{"background-color":"var(--ast-global-color-4)","background-image":"","background-repeat":"repeat","background-position":"center center","background-size":"auto","background-attachment":"scroll","background-type":"","background-media":"","overlay-type":"","overlay-color":"","overlay-opacity":"","overlay-gradient":""},"tablet":{"background-color":"","background-image":"","background-repeat":"repeat","background-position":"center center","background-size":"auto","background-attachment":"scroll","background-type":"","background-media":"","overlay-type":"","overlay-color":"","overlay-opacity":"","overlay-gradient":""},"mobile":{"background-color":"","background-image":"","background-repeat":"repeat","background-position":"center center","background-size":"auto","background-attachment":"scroll","background-type":"","background-media":"","overlay-type":"","overlay-color":"","overlay-opacity":"","overlay-gradient":""}},"ast-content-background-meta":{"desktop":{"background-color":"var(--ast-global-color-5)","background-image":"","background-repeat":"repeat","background-position":"center center","background-size":"auto","background-attachment":"scroll","background-type":"","background-media":"","overlay-type":"","overlay-color":"","overlay-opacity":"","overlay-gradient":""},"tablet":{"background-color":"var(--ast-global-color-5)","background-image":"","background-repeat":"repeat","background-position":"center center","background-size":"auto","background-attachment":"scroll","background-type":"","background-media":"","overlay-type":"","overlay-color":"","overlay-opacity":"","overlay-gradient":""},"mobile":{"background-color":"var(--ast-global-color-5)","background-image":"","background-repeat":"repeat","background-position":"center center","background-size":"auto","background-attachment":"scroll","background-type":"","background-media":"","overlay-type":"","overlay-color":"","overlay-opacity":"","overlay-gradient":""}}},"product_brand":[],"product_cat":[241,198],"product_tag":[],"class_list":{"0":"post-3880","1":"product","2":"type-product","3":"status-publish","4":"has-post-thumbnail","6":"product_cat-tkaniny-jutowe","7":"product_cat-70x70cm","8":"desktop-align-left","9":"tablet-align-left","10":"mobile-align-left","11":"ast-product-gallery-layout-horizontal","12":"ast-product-tabs-layout-horizontal","14":"first","15":"instock","16":"shipping-taxable","17":"product-type-simple"},"_links":{"self":[{"href":"https:\/\/wimar.net\/en\/wp-json\/wp\/v2\/product\/3880","targetHints":{"allow":["GET"]}}],"collection":[{"href":"https:\/\/wimar.net\/en\/wp-json\/wp\/v2\/product"}],"about":[{"href":"https:\/\/wimar.net\/en\/wp-json\/wp\/v2\/types\/product"}],"version-history":[{"count":10,"href":"https:\/\/wimar.net\/en\/wp-json\/wp\/v2\/product\/3880\/revisions"}],"predecessor-version":[{"id":6799,"href":"https:\/\/wimar.net\/en\/wp-json\/wp\/v2\/product\/3880\/revisions\/6799"}],"wp:featuredmedia":[{"embeddable":true,"href":"https:\/\/wimar.net\/en\/wp-json\/wp\/v2\/media\/3882"}],"wp:attachment":[{"href":"https:\/\/wimar.net\/en\/wp-json\/wp\/v2\/media?parent=3880"}],"wp:term":[{"taxonomy":"product_brand","embeddable":true,"href":"https:\/\/wimar.net\/en\/wp-json\/wp\/v2\/product_brand?post=3880"},{"taxonomy":"product_cat","embeddable":true,"href":"https:\/\/wimar.net\/en\/wp-json\/wp\/v2\/product_cat?post=3880"},{"taxonomy":"product_tag","embeddable":true,"href":"https:\/\/wimar.net\/en\/wp-json\/wp\/v2\/product_tag?post=3880"}],"curies":[{"name":"wp","href":"https:\/\/api.w.org\/{rel}","templated":true}]}}