{"id":4443,"date":"2025-02-20T12:39:54","date_gmt":"2025-02-20T11:39:54","guid":{"rendered":"https:\/\/wimar.net\/?post_type=product&#038;p=4443"},"modified":"2025-02-20T13:29:01","modified_gmt":"2025-02-20T12:29:01","slug":"bale-net-maglia-grande-premium-plus-123cmx2000m-to-order","status":"publish","type":"product","link":"https:\/\/wimar.net\/en\/product\/bale-net-maglia-grande-premium-plus-123cmx2000m-to-order\/","title":{"rendered":"Maglia Grande Premium Plus straw bale net - ON ORDER"},"content":{"rendered":"<h3 data-start=\"0\" data-end=\"65\">Maglia Grande bale wrapping net - ON ORDER ONLY<\/h3>\n<p data-start=\"58\" data-end=\"381\">The Maglia Grande bale wrapping net is one of the strongest bale wrapping nets, thanks to its wide meshes with 25 reinforced chains. It is the ideal solution for any farmer who values quality and efficiency. Thanks to its lightweight construction, the net is not only economical but also extremely easy to use. It provides full, uniform and reproducible bale coverage, while enabling a fast baling process. It is suitable for all types of crops (haylage, hay, straw, cornstalks, maize) and works in all weather conditions.<\/p>\n<h3 data-start=\"383\" data-end=\"413\"><strong data-start=\"387\" data-end=\"411\">Key features:<\/strong><\/h3>\n<ul>\n<li><strong data-start=\"362\" data-end=\"375\">Persistence:<\/strong> Made of high quality polypropylene fibres, resistant to breakage and weathering.<\/li>\n<li><strong data-start=\"482\" data-end=\"513\">Air permeability:<\/strong> It ensures proper ventilation, preventing hay from becoming damp.<\/li>\n<li><strong data-start=\"581\" data-end=\"605\">Economical consumption:<\/strong> Optimised mesh structure and s<span class=\"elementor-icon-list-text\">ystem of end-of-roll warning at the remaining 50m, <\/span>allows an even and stable wrapping of the bale, reducing feed losses.<\/li>\n<li><strong data-start=\"807\" data-end=\"849\">Protection against external agents:<\/strong> Protects the hay from rain, snow and wind, extending its shelf life. UV stabilisation<\/li>\n<li><strong>Resilience:<\/strong> 290 kg<\/li>\n<li><strong>Sizes:<\/strong> 123cm x 2000m (32 rolls per pallet) or 125cm x 3000m (28 rolls per pallet)<\/li>\n<li><strong>ONLY AVAILABLE ON REQUEST<\/strong><\/li>\n<\/ul>\n<h3 data-start=\"890\" data-end=\"913\"><strong data-start=\"894\" data-end=\"911\">Application:<\/strong><\/h3>\n<ul>\n<li><strong data-start=\"955\" data-end=\"985\">Wrapping hay and straw bales<\/strong> - ensures the stability and protection of the feed during storage and transport.<\/li>\n<li><strong data-start=\"1067\" data-end=\"1096\">Minimising feed losses<\/strong> - reduces hay spillage, resulting in greater farming efficiency.<\/li>\n<li><strong data-start=\"1194\" data-end=\"1211\">Versatility<\/strong> - k<span class=\"elementor-icon-list-text\">Compatible with all round balers<\/span><\/li>\n<li><strong data-start=\"1266\" data-end=\"1295\" data-is-only-node=\"\">Protection against pests<\/strong> - reduces access to feed for rodents and birds.<\/li>\n<\/ul>\n<h3 data-start=\"1344\" data-end=\"1399\"><strong data-start=\"1348\" data-end=\"1397\">Why choose bale wrapping netting?<\/strong><\/h3>\n<p data-start=\"1400\" data-end=\"1724\">Bale netting is a key component on any farm. It saves time, reduces forage losses and facilitates hay storage. Thanks to its durability and weather resistance, it guarantees long-lasting protection of the forage, and its light but strong structure makes it convenient to use.<\/p>","protected":false},"excerpt":{"rendered":"<p>Siatka do owijania bel Maglia Grande &#8211; TYLKO NA ZAM\u00d3WIENIE Siatka do owijania bel Maglia Grande to jedna z najmocniejszych siatek do zwijania bel, dzi\u0119ki szerokim oczkom z 25 wzmocnionymi \u0142a\u0144cuchami. Jest idealnym rozwi\u0105zaniem dla ka\u017cdego rolnika, kt\u00f3ry ceni sobie jako\u015b\u0107 i efektywno\u015b\u0107. Dzi\u0119ki swojej lekkiej konstrukcji, siatka jest nie tylko ekonomiczna, ale tak\u017ce niezwykle [&hellip;]<\/p>","protected":false},"featured_media":4450,"template":"","meta":{"site-sidebar-layout":"default","site-content-layout":"","ast-site-content-layout":"default","site-content-style":"default","site-sidebar-style":"default","ast-global-header-display":"","ast-banner-title-visibility":"","ast-main-header-display":"","ast-hfb-above-header-display":"","ast-hfb-below-header-display":"","ast-hfb-mobile-header-display":"","site-post-title":"","ast-breadcrumbs-content":"","ast-featured-img":"","footer-sml-layout":"","theme-transparent-header-meta":"default","adv-header-id-meta":"","stick-header-meta":"default","header-above-stick-meta":"","header-main-stick-meta":"","header-below-stick-meta":"","astra-migrate-meta-layouts":"set","ast-page-background-enabled":"default","ast-page-background-meta":{"desktop":{"background-color":"var(--ast-global-color-4)","background-image":"","background-repeat":"repeat","background-position":"center center","background-size":"auto","background-attachment":"scroll","background-type":"","background-media":"","overlay-type":"","overlay-color":"","overlay-opacity":"","overlay-gradient":""},"tablet":{"background-color":"","background-image":"","background-repeat":"repeat","background-position":"center center","background-size":"auto","background-attachment":"scroll","background-type":"","background-media":"","overlay-type":"","overlay-color":"","overlay-opacity":"","overlay-gradient":""},"mobile":{"background-color":"","background-image":"","background-repeat":"repeat","background-position":"center center","background-size":"auto","background-attachment":"scroll","background-type":"","background-media":"","overlay-type":"","overlay-color":"","overlay-opacity":"","overlay-gradient":""}},"ast-content-background-meta":{"desktop":{"background-color":"var(--ast-global-color-5)","background-image":"","background-repeat":"repeat","background-position":"center center","background-size":"auto","background-attachment":"scroll","background-type":"","background-media":"","overlay-type":"","overlay-color":"","overlay-opacity":"","overlay-gradient":""},"tablet":{"background-color":"var(--ast-global-color-5)","background-image":"","background-repeat":"repeat","background-position":"center center","background-size":"auto","background-attachment":"scroll","background-type":"","background-media":"","overlay-type":"","overlay-color":"","overlay-opacity":"","overlay-gradient":""},"mobile":{"background-color":"var(--ast-global-color-5)","background-image":"","background-repeat":"repeat","background-position":"center center","background-size":"auto","background-attachment":"scroll","background-type":"","background-media":"","overlay-type":"","overlay-color":"","overlay-opacity":"","overlay-gradient":""}}},"product_brand":[],"product_cat":[213],"product_tag":[],"class_list":{"0":"post-4443","1":"product","2":"type-product","3":"status-publish","4":"has-post-thumbnail","6":"product_cat-siatka-rolnicza-do-owijania-bel-siana-i-slomy","7":"desktop-align-left","8":"tablet-align-left","9":"mobile-align-left","10":"ast-product-gallery-layout-horizontal","11":"ast-product-tabs-layout-horizontal","13":"first","14":"instock","15":"shipping-taxable","16":"product-type-simple"},"_links":{"self":[{"href":"https:\/\/wimar.net\/en\/wp-json\/wp\/v2\/product\/4443","targetHints":{"allow":["GET"]}}],"collection":[{"href":"https:\/\/wimar.net\/en\/wp-json\/wp\/v2\/product"}],"about":[{"href":"https:\/\/wimar.net\/en\/wp-json\/wp\/v2\/types\/product"}],"version-history":[{"count":5,"href":"https:\/\/wimar.net\/en\/wp-json\/wp\/v2\/product\/4443\/revisions"}],"predecessor-version":[{"id":4453,"href":"https:\/\/wimar.net\/en\/wp-json\/wp\/v2\/product\/4443\/revisions\/4453"}],"wp:featuredmedia":[{"embeddable":true,"href":"https:\/\/wimar.net\/en\/wp-json\/wp\/v2\/media\/4450"}],"wp:attachment":[{"href":"https:\/\/wimar.net\/en\/wp-json\/wp\/v2\/media?parent=4443"}],"wp:term":[{"taxonomy":"product_brand","embeddable":true,"href":"https:\/\/wimar.net\/en\/wp-json\/wp\/v2\/product_brand?post=4443"},{"taxonomy":"product_cat","embeddable":true,"href":"https:\/\/wimar.net\/en\/wp-json\/wp\/v2\/product_cat?post=4443"},{"taxonomy":"product_tag","embeddable":true,"href":"https:\/\/wimar.net\/en\/wp-json\/wp\/v2\/product_tag?post=4443"}],"curies":[{"name":"wp","href":"https:\/\/api.w.org\/{rel}","templated":true}]}}