{"id":4490,"date":"2025-02-21T13:43:12","date_gmt":"2025-02-21T12:43:12","guid":{"rendered":"https:\/\/wimar.net\/?post_type=product&#038;p=4490"},"modified":"2025-11-12T14:19:56","modified_gmt":"2025-11-12T13:19:56","slug":"drawstring-sack-27x120cm-for-fleece-silage-heap","status":"publish","type":"product","link":"https:\/\/wimar.net\/en\/product\/drawstring-sack-27x120cm-for-fleece-silage-heap\/","title":{"rendered":"Weight sack with string 27x120cm for heap, silage, fleece"},"content":{"rendered":"<h3 data-start=\"88\" data-end=\"173\">Weight sack with drawstring 27\u00d7120 cm<\/h3>\n<p data-start=\"175\" data-end=\"469\">A weight sack made of sturdy fabric, designed to protect heaps, silage, fleece. Thanks to its design and high quality material, it provides effective loading, protecting against wind and other external factors. The best loading of the protection net is achieved by placing the bags crosswise on the silo at a distance of 5 metres.<\/p>\n<h4 data-start=\"471\" data-end=\"502\"><strong data-start=\"476\" data-end=\"500\">Key features:<\/strong><\/h4>\n<ul>\n<li data-start=\"504\" data-end=\"1161\"><strong data-start=\"506\" data-end=\"523\">Resilience:<\/strong> The high grammage and robust structure ensure resistance to damage and a long service life.<\/li>\n<li data-start=\"504\" data-end=\"1161\"><strong data-start=\"827\" data-end=\"860\" data-is-only-node=\"\">Versatility of application:<\/strong> Ideal for film clamping in silos, covering heaps and weatherproofing, UV protection.<\/li>\n<li data-start=\"504\" data-end=\"1161\"><strong data-start=\"961\" data-end=\"980\">Ease of use:<\/strong> Fitted with a drawstring to help close and stabilise the bag.<\/li>\n<li data-start=\"504\" data-end=\"1161\"><strong data-start=\"1051\" data-end=\"1086\">Reusable:<\/strong> Durable and hard-wearing, making it a cost-effective solution.<\/li>\n<li data-start=\"504\" data-end=\"1161\"><strong>To be filled in<\/strong> gravel or sand.<\/li>\n<li data-start=\"504\" data-end=\"1161\"><strong>Length:<\/strong> 120cm<\/li>\n<li data-start=\"504\" data-end=\"1161\"><strong>Width:<\/strong> 27cm<\/li>\n<\/ul>\n<h4 data-start=\"1163\" data-end=\"1187\"><strong data-start=\"1168\" data-end=\"1185\">Application:<\/strong><\/h4>\n<ul>\n<li data-start=\"1189\" data-end=\"1604\"><strong data-start=\"1192\" data-end=\"1228\">Securing heaps and silage:<\/strong> Protects the films from uplift and damage.<\/li>\n<li data-start=\"1189\" data-end=\"1604\"><strong data-start=\"1283\" data-end=\"1315\">Stabilisation:<\/strong> Ideal for adding weight and protection to agricultural covers.<\/li>\n<\/ul>\n<h4 data-start=\"1606\" data-end=\"1860\">Why choose a drawstring weight bag?<\/h4>\n<p data-start=\"1606\" data-end=\"1860\" data-is-last-node=\"\" data-is-only-node=\"\">The 27\u00d7120 cm weight bag is a reliable solution for farmers and growers who are looking for an effective and ecological way to protect their crops and fodder. Thanks to its robust design and practical dimensions, it ensures easy and efficient use.<\/p>","protected":false},"excerpt":{"rendered":"<p>Worek obci\u0105\u017ceniowy ze sznurkiem 27&#215;120 cm Worek obci\u0105\u017ceniowy wykonany z wytrzyma\u0142ej tkaniny, przeznaczony do zabezpieczania pryzm, kiszonek, flizu. Dzi\u0119ki swojej konstrukcji oraz wysokiej jako\u015bci materia\u0142owi zapewnia skuteczne doci\u0105\u017cenie, chroni\u0105c przed wiatrem i innymi czynnikami zewn\u0119trznymi. Najlepsze obci\u0105\u017cenie siatki ochronnej\u00a0 uzyskuje si\u0119 przez u\u0142o\u017cenie work\u00f3w w poprzek na silosie w odleg\u0142o\u015bci co 5 metr\u00f3w Najwa\u017cniejsze cechy: [&hellip;]<\/p>","protected":false},"featured_media":7170,"template":"","meta":{"site-sidebar-layout":"default","site-content-layout":"","ast-site-content-layout":"default","site-content-style":"default","site-sidebar-style":"default","ast-global-header-display":"","ast-banner-title-visibility":"","ast-main-header-display":"","ast-hfb-above-header-display":"","ast-hfb-below-header-display":"","ast-hfb-mobile-header-display":"","site-post-title":"","ast-breadcrumbs-content":"","ast-featured-img":"","footer-sml-layout":"","theme-transparent-header-meta":"default","adv-header-id-meta":"","stick-header-meta":"default","header-above-stick-meta":"","header-main-stick-meta":"","header-below-stick-meta":"","astra-migrate-meta-layouts":"set","ast-page-background-enabled":"default","ast-page-background-meta":{"desktop":{"background-color":"var(--ast-global-color-4)","background-image":"","background-repeat":"repeat","background-position":"center center","background-size":"auto","background-attachment":"scroll","background-type":"","background-media":"","overlay-type":"","overlay-color":"","overlay-opacity":"","overlay-gradient":""},"tablet":{"background-color":"","background-image":"","background-repeat":"repeat","background-position":"center center","background-size":"auto","background-attachment":"scroll","background-type":"","background-media":"","overlay-type":"","overlay-color":"","overlay-opacity":"","overlay-gradient":""},"mobile":{"background-color":"","background-image":"","background-repeat":"repeat","background-position":"center center","background-size":"auto","background-attachment":"scroll","background-type":"","background-media":"","overlay-type":"","overlay-color":"","overlay-opacity":"","overlay-gradient":""}},"ast-content-background-meta":{"desktop":{"background-color":"var(--ast-global-color-5)","background-image":"","background-repeat":"repeat","background-position":"center center","background-size":"auto","background-attachment":"scroll","background-type":"","background-media":"","overlay-type":"","overlay-color":"","overlay-opacity":"","overlay-gradient":""},"tablet":{"background-color":"var(--ast-global-color-5)","background-image":"","background-repeat":"repeat","background-position":"center center","background-size":"auto","background-attachment":"scroll","background-type":"","background-media":"","overlay-type":"","overlay-color":"","overlay-opacity":"","overlay-gradient":""},"mobile":{"background-color":"var(--ast-global-color-5)","background-image":"","background-repeat":"repeat","background-position":"center center","background-size":"auto","background-attachment":"scroll","background-type":"","background-media":"","overlay-type":"","overlay-color":"","overlay-opacity":"","overlay-gradient":""}}},"product_brand":[],"product_cat":[216],"product_tag":[],"class_list":{"0":"post-4490","1":"product","2":"type-product","3":"status-publish","4":"has-post-thumbnail","6":"product_cat-worki-obciazeniowe-na-pryzmy-i-fliz-ochronny","7":"desktop-align-left","8":"tablet-align-left","9":"mobile-align-left","10":"ast-product-gallery-layout-horizontal","11":"ast-product-tabs-layout-horizontal","13":"first","14":"instock","15":"shipping-taxable","16":"product-type-simple"},"_links":{"self":[{"href":"https:\/\/wimar.net\/en\/wp-json\/wp\/v2\/product\/4490","targetHints":{"allow":["GET"]}}],"collection":[{"href":"https:\/\/wimar.net\/en\/wp-json\/wp\/v2\/product"}],"about":[{"href":"https:\/\/wimar.net\/en\/wp-json\/wp\/v2\/types\/product"}],"version-history":[{"count":2,"href":"https:\/\/wimar.net\/en\/wp-json\/wp\/v2\/product\/4490\/revisions"}],"predecessor-version":[{"id":7395,"href":"https:\/\/wimar.net\/en\/wp-json\/wp\/v2\/product\/4490\/revisions\/7395"}],"wp:featuredmedia":[{"embeddable":true,"href":"https:\/\/wimar.net\/en\/wp-json\/wp\/v2\/media\/7170"}],"wp:attachment":[{"href":"https:\/\/wimar.net\/en\/wp-json\/wp\/v2\/media?parent=4490"}],"wp:term":[{"taxonomy":"product_brand","embeddable":true,"href":"https:\/\/wimar.net\/en\/wp-json\/wp\/v2\/product_brand?post=4490"},{"taxonomy":"product_cat","embeddable":true,"href":"https:\/\/wimar.net\/en\/wp-json\/wp\/v2\/product_cat?post=4490"},{"taxonomy":"product_tag","embeddable":true,"href":"https:\/\/wimar.net\/en\/wp-json\/wp\/v2\/product_tag?post=4490"}],"curies":[{"name":"wp","href":"https:\/\/api.w.org\/{rel}","templated":true}]}}