{"id":4582,"date":"2025-02-24T15:27:01","date_gmt":"2025-02-24T14:27:01","guid":{"rendered":"https:\/\/wimar.net\/?post_type=product&#038;p=4582"},"modified":"2025-02-24T15:39:31","modified_gmt":"2025-02-24T14:39:31","slug":"decorative-flowerpot-pegasus-with-saucer-11l-colour-without-tortoise-28cm","status":"publish","type":"product","link":"https:\/\/wimar.net\/en\/product\/decorative-flowerpot-pegasus-with-saucer-11l-colour-without-tortoise-28cm\/","title":{"rendered":"Pegasus decorative flowerpot with base 11L colour beige tortora 28cm"},"content":{"rendered":"<h3 data-start=\"0\" data-end=\"50\">Decorative Pegasus flower pot with base 11L, beige, 28 cm<\/h3>\n<p>Enjoy the beauty of nature with this decorative Pegasus pot. Its tortora beige colour will bring softness and elegance to your interior. It offers a capacity of 11 litres, which means you can plant large plants, flowers and herbs in it. Its outer diameter is 28 cm and its height at the top is 26 cm. It fits perfectly into any decor!<\/p>\n<p>This flowerpot is made of durable plastic (polypropylene), which is stabilised against UV rays. So you can be sure that it will not fade or be damaged for a long time. In addition, the flowerpot comes with a sturdy base with a diameter of 25 cm to ensure stability and protect the floor from moisture.<\/p>\n<h3 data-start=\"368\" data-end=\"394\"><strong data-start=\"368\" data-end=\"392\">Key features:<\/strong><\/h3>\n<ul>\n<li>Decorative pot in beige, tortora shade<\/li>\n<li>Capacity: 11 litres<\/li>\n<li>Outer diameter: 28 cm<\/li>\n<li>Height at the top: 26 cm<\/li>\n<li>Diameter of the base: 25 cm<\/li>\n<li>Material: UV-stabilised plastic (polypropylene)<\/li>\n<li>Made in Italy.<\/li>\n<\/ul>\n<p data-start=\"1356\" data-end=\"1687\"><strong data-start=\"1009\" data-end=\"1050\">Why choose the Pegasus flowerpot?<\/strong><br data-start=\"1050\" data-end=\"1053\" \/>It is a combination of aesthetics and functionality that allows for the convenient care of plants while providing an elegant decorative element. Thanks to its weather resistance, it can be used both indoors and outdoors, and its lightweight design makes it easy to use.<\/p>","protected":false},"excerpt":{"rendered":"<p>Doniczka ozdobna Pegaz z podstawk\u0105 11L, kolor be\u017c, 28 cm Ciesz si\u0119 pi\u0119knem natury dzi\u0119ki tej ozdobnej doniczce Pegaz. Jej kolor w odcieniu be\u017cu tortora wprowadzi delikatno\u015b\u0107 i elegancj\u0119 do twojego wn\u0119trza. Oferuje ona pojemno\u015b\u0107 11 litr\u00f3w, co oznacza, \u017ce \u200b\u200bmo\u017cesz sadzi\u0107 w niej du\u017ce ro\u015bliny, kwiaty i zio\u0142a. Jej zewn\u0119trzna \u015brednica wynosi 28 cm, [&hellip;]<\/p>","protected":false},"featured_media":4584,"template":"","meta":{"site-sidebar-layout":"default","site-content-layout":"","ast-site-content-layout":"default","site-content-style":"default","site-sidebar-style":"default","ast-global-header-display":"","ast-banner-title-visibility":"","ast-main-header-display":"","ast-hfb-above-header-display":"","ast-hfb-below-header-display":"","ast-hfb-mobile-header-display":"","site-post-title":"","ast-breadcrumbs-content":"","ast-featured-img":"","footer-sml-layout":"","theme-transparent-header-meta":"default","adv-header-id-meta":"","stick-header-meta":"default","header-above-stick-meta":"","header-main-stick-meta":"","header-below-stick-meta":"","astra-migrate-meta-layouts":"set","ast-page-background-enabled":"default","ast-page-background-meta":{"desktop":{"background-color":"var(--ast-global-color-4)","background-image":"","background-repeat":"repeat","background-position":"center center","background-size":"auto","background-attachment":"scroll","background-type":"","background-media":"","overlay-type":"","overlay-color":"","overlay-opacity":"","overlay-gradient":""},"tablet":{"background-color":"","background-image":"","background-repeat":"repeat","background-position":"center center","background-size":"auto","background-attachment":"scroll","background-type":"","background-media":"","overlay-type":"","overlay-color":"","overlay-opacity":"","overlay-gradient":""},"mobile":{"background-color":"","background-image":"","background-repeat":"repeat","background-position":"center center","background-size":"auto","background-attachment":"scroll","background-type":"","background-media":"","overlay-type":"","overlay-color":"","overlay-opacity":"","overlay-gradient":""}},"ast-content-background-meta":{"desktop":{"background-color":"var(--ast-global-color-5)","background-image":"","background-repeat":"repeat","background-position":"center center","background-size":"auto","background-attachment":"scroll","background-type":"","background-media":"","overlay-type":"","overlay-color":"","overlay-opacity":"","overlay-gradient":""},"tablet":{"background-color":"var(--ast-global-color-5)","background-image":"","background-repeat":"repeat","background-position":"center center","background-size":"auto","background-attachment":"scroll","background-type":"","background-media":"","overlay-type":"","overlay-color":"","overlay-opacity":"","overlay-gradient":""},"mobile":{"background-color":"var(--ast-global-color-5)","background-image":"","background-repeat":"repeat","background-position":"center center","background-size":"auto","background-attachment":"scroll","background-type":"","background-media":"","overlay-type":"","overlay-color":"","overlay-opacity":"","overlay-gradient":""}}},"product_brand":[],"product_cat":[247],"product_tag":[],"class_list":{"0":"post-4582","1":"product","2":"type-product","3":"status-publish","4":"has-post-thumbnail","6":"product_cat-doniczki-ozdobne","7":"desktop-align-left","8":"tablet-align-left","9":"mobile-align-left","10":"ast-product-gallery-layout-horizontal","11":"ast-product-tabs-layout-horizontal","13":"first","14":"instock","15":"shipping-taxable","16":"product-type-simple"},"_links":{"self":[{"href":"https:\/\/wimar.net\/en\/wp-json\/wp\/v2\/product\/4582","targetHints":{"allow":["GET"]}}],"collection":[{"href":"https:\/\/wimar.net\/en\/wp-json\/wp\/v2\/product"}],"about":[{"href":"https:\/\/wimar.net\/en\/wp-json\/wp\/v2\/types\/product"}],"version-history":[{"count":2,"href":"https:\/\/wimar.net\/en\/wp-json\/wp\/v2\/product\/4582\/revisions"}],"predecessor-version":[{"id":7386,"href":"https:\/\/wimar.net\/en\/wp-json\/wp\/v2\/product\/4582\/revisions\/7386"}],"wp:featuredmedia":[{"embeddable":true,"href":"https:\/\/wimar.net\/en\/wp-json\/wp\/v2\/media\/4584"}],"wp:attachment":[{"href":"https:\/\/wimar.net\/en\/wp-json\/wp\/v2\/media?parent=4582"}],"wp:term":[{"taxonomy":"product_brand","embeddable":true,"href":"https:\/\/wimar.net\/en\/wp-json\/wp\/v2\/product_brand?post=4582"},{"taxonomy":"product_cat","embeddable":true,"href":"https:\/\/wimar.net\/en\/wp-json\/wp\/v2\/product_cat?post=4582"},{"taxonomy":"product_tag","embeddable":true,"href":"https:\/\/wimar.net\/en\/wp-json\/wp\/v2\/product_tag?post=4582"}],"curies":[{"name":"wp","href":"https:\/\/api.w.org\/{rel}","templated":true}]}}