{"id":4834,"date":"2025-03-04T12:30:22","date_gmt":"2025-03-04T11:30:22","guid":{"rendered":"https:\/\/wimar.net\/?post_type=product&#038;p=4834"},"modified":"2025-11-20T13:33:43","modified_gmt":"2025-11-20T12:33:43","slug":"grafting-shear-scionon-sgm4-22r-scion-4-22mm","status":"publish","type":"product","link":"https:\/\/wimar.net\/en\/product\/grafting-shear-scionon-sgm4-22r-scion-4-22mm\/","title":{"rendered":"Grafting secateurs, nursery shears SCIONON SGS4-22R (scions 4-22mm)"},"content":{"rendered":"<h3 data-start=\"0\" data-end=\"66\">Nursery pruner for grafting<\/h3>\n<p data-start=\"68\" data-end=\"342\">Sekator do szczepie\u0144 Scionon SGS4-22R to niezwykle wszechstronne narz\u0119dzie pozwalaj\u0105ce na \u0142atwe i bezpieczne przygotowanie przez osoby niewykwalifikowane przynajmniej 6 typ\u00f3w szczep\u00f3w (zraz\u00f3w).<\/p>\n<h3 data-start=\"83\" data-end=\"109\"><strong data-start=\"83\" data-end=\"107\">Key features:<\/strong><\/h3>\n<ul>\n<li data-start=\"111\" data-end=\"844\"><strong data-start=\"114\" data-end=\"133\">Cutting precision<\/strong> \u2013 Sekator SCIONON SGS4-22R pozwala na dok\u0142adne ci\u0119cie zraz\u00f3w o \u015brednicy od 4 do 22 mm, co zapewnia wysok\u0105 skuteczno\u015b\u0107 szczepienia.<\/li>\n<li data-start=\"111\" data-end=\"844\"><strong data-start=\"270\" data-end=\"297\">Innovative design<\/strong> - Specially designed blades guarantee a perfect match between scions and rootstocks, increasing the chances of successful grafting.<\/li>\n<li data-start=\"111\" data-end=\"844\"><strong data-start=\"430\" data-end=\"446\">Robustness<\/strong> - Made from high quality SAE-304 type stainless steel and durable materials to ensure a long tool life.<\/li>\n<li data-start=\"111\" data-end=\"844\"><strong data-start=\"553\" data-end=\"575\">Convenience of use<\/strong> - The ergonomic handle minimises hand fatigue while working, allowing comfortable use for long periods.<\/li>\n<li data-start=\"111\" data-end=\"844\"><strong data-start=\"701\" data-end=\"718\">Versatility<\/strong> - It is suitable for grafting a wide range of fruit and ornamental trees, both in nurseries and in home gardens.<\/li>\n<li data-start=\"111\" data-end=\"844\"><strong>Model<\/strong> - for right-handed people<\/li>\n<li><strong>Packaging<\/strong> includes 2 spare blades and the screws and spanner needed to replace them<\/li>\n<\/ul>\n<h3 data-start=\"846\" data-end=\"865\"><strong data-start=\"846\" data-end=\"863\">Application:<\/strong><\/h3>\n<ul>\n<li data-start=\"867\" data-end=\"1186\"><strong data-start=\"869\" data-end=\"900\">Grafting of fruit trees<\/strong> - Excellent for apple, pear, plum, cherry and other species.<\/li>\n<li data-start=\"867\" data-end=\"1186\"><strong data-start=\"970\" data-end=\"1000\">Nursery and horticulture<\/strong> - An indispensable tool for professional nurserymen and hobbyists.<\/li>\n<li data-start=\"867\" data-end=\"1186\"><strong data-start=\"1078\" data-end=\"1105\">Creation of new varieties<\/strong> - Enables easy and effective grafting for plant propagation.<\/li>\n<\/ul>\n<h3 data-start=\"1188\" data-end=\"1233\"><strong data-start=\"1188\" data-end=\"1231\">Dlaczego warto wybra\u0107 SCIONON SGS4-22R?<\/strong><\/h3>\n<p data-start=\"1235\" data-end=\"1553\" data-is-last-node=\"\" data-is-only-node=\"\">Sekator SCIONON SGS4-22R to niezawodne narz\u0119dzie dla ka\u017cdego ogrodnika i szk\u00f3\u0142karza. Dzi\u0119ki precyzyjnym ostrzom, solidnej konstrukcji i ergonomicznemu designowi u\u0142atwia proces szczepienia, zwi\u0119kszaj\u0105c jego efektywno\u015b\u0107 i skuteczno\u015b\u0107. To inwestycja w zdrowe i silne ro\u015bliny, kt\u00f3re przynios\u0105 obfite plony przez wiele lat.<\/p>","protected":false},"excerpt":{"rendered":"<p>Sekator szk\u00f3\u0142karski do szczepienia Sekator do szczepie\u0144 Scionon SGS4-22R to niezwykle wszechstronne narz\u0119dzie pozwalaj\u0105ce na \u0142atwe i bezpieczne przygotowanie przez osoby niewykwalifikowane przynajmniej 6 typ\u00f3w szczep\u00f3w (zraz\u00f3w). Najwa\u017cniejsze cechy: Precyzja ci\u0119cia \u2013 Sekator SCIONON SGS4-22R pozwala na dok\u0142adne ci\u0119cie zraz\u00f3w o \u015brednicy od 4 do 22 mm, co zapewnia wysok\u0105 skuteczno\u015b\u0107 szczepienia. Innowacyjna konstrukcja \u2013 [&hellip;]<\/p>","protected":false},"featured_media":4838,"template":"","meta":{"site-sidebar-layout":"default","site-content-layout":"","ast-site-content-layout":"default","site-content-style":"default","site-sidebar-style":"default","ast-global-header-display":"","ast-banner-title-visibility":"","ast-main-header-display":"","ast-hfb-above-header-display":"","ast-hfb-below-header-display":"","ast-hfb-mobile-header-display":"","site-post-title":"","ast-breadcrumbs-content":"","ast-featured-img":"","footer-sml-layout":"","theme-transparent-header-meta":"default","adv-header-id-meta":"","stick-header-meta":"default","header-above-stick-meta":"","header-main-stick-meta":"","header-below-stick-meta":"","astra-migrate-meta-layouts":"set","ast-page-background-enabled":"default","ast-page-background-meta":{"desktop":{"background-color":"var(--ast-global-color-4)","background-image":"","background-repeat":"repeat","background-position":"center center","background-size":"auto","background-attachment":"scroll","background-type":"","background-media":"","overlay-type":"","overlay-color":"","overlay-opacity":"","overlay-gradient":""},"tablet":{"background-color":"","background-image":"","background-repeat":"repeat","background-position":"center center","background-size":"auto","background-attachment":"scroll","background-type":"","background-media":"","overlay-type":"","overlay-color":"","overlay-opacity":"","overlay-gradient":""},"mobile":{"background-color":"","background-image":"","background-repeat":"repeat","background-position":"center center","background-size":"auto","background-attachment":"scroll","background-type":"","background-media":"","overlay-type":"","overlay-color":"","overlay-opacity":"","overlay-gradient":""}},"ast-content-background-meta":{"desktop":{"background-color":"var(--ast-global-color-5)","background-image":"","background-repeat":"repeat","background-position":"center center","background-size":"auto","background-attachment":"scroll","background-type":"","background-media":"","overlay-type":"","overlay-color":"","overlay-opacity":"","overlay-gradient":""},"tablet":{"background-color":"var(--ast-global-color-5)","background-image":"","background-repeat":"repeat","background-position":"center center","background-size":"auto","background-attachment":"scroll","background-type":"","background-media":"","overlay-type":"","overlay-color":"","overlay-opacity":"","overlay-gradient":""},"mobile":{"background-color":"var(--ast-global-color-5)","background-image":"","background-repeat":"repeat","background-position":"center center","background-size":"auto","background-attachment":"scroll","background-type":"","background-media":"","overlay-type":"","overlay-color":"","overlay-opacity":"","overlay-gradient":""}}},"product_brand":[],"product_cat":[350],"product_tag":[],"class_list":{"0":"post-4834","1":"product","2":"type-product","3":"status-publish","4":"has-post-thumbnail","6":"product_cat-sekator-szkolkarski-scionon-sgs4-22r","7":"desktop-align-left","8":"tablet-align-left","9":"mobile-align-left","10":"ast-product-gallery-layout-horizontal","11":"ast-product-tabs-layout-horizontal","13":"first","14":"instock","15":"shipping-taxable","16":"product-type-simple"},"_links":{"self":[{"href":"https:\/\/wimar.net\/en\/wp-json\/wp\/v2\/product\/4834","targetHints":{"allow":["GET"]}}],"collection":[{"href":"https:\/\/wimar.net\/en\/wp-json\/wp\/v2\/product"}],"about":[{"href":"https:\/\/wimar.net\/en\/wp-json\/wp\/v2\/types\/product"}],"version-history":[{"count":3,"href":"https:\/\/wimar.net\/en\/wp-json\/wp\/v2\/product\/4834\/revisions"}],"predecessor-version":[{"id":7215,"href":"https:\/\/wimar.net\/en\/wp-json\/wp\/v2\/product\/4834\/revisions\/7215"}],"wp:featuredmedia":[{"embeddable":true,"href":"https:\/\/wimar.net\/en\/wp-json\/wp\/v2\/media\/4838"}],"wp:attachment":[{"href":"https:\/\/wimar.net\/en\/wp-json\/wp\/v2\/media?parent=4834"}],"wp:term":[{"taxonomy":"product_brand","embeddable":true,"href":"https:\/\/wimar.net\/en\/wp-json\/wp\/v2\/product_brand?post=4834"},{"taxonomy":"product_cat","embeddable":true,"href":"https:\/\/wimar.net\/en\/wp-json\/wp\/v2\/product_cat?post=4834"},{"taxonomy":"product_tag","embeddable":true,"href":"https:\/\/wimar.net\/en\/wp-json\/wp\/v2\/product_tag?post=4834"}],"curies":[{"name":"wp","href":"https:\/\/api.w.org\/{rel}","templated":true}]}}