{"id":4875,"date":"2025-03-05T08:51:19","date_gmt":"2025-03-05T07:51:19","guid":{"rendered":"https:\/\/wimar.net\/?post_type=product&#038;p=4875"},"modified":"2025-03-05T10:12:50","modified_gmt":"2025-03-05T09:12:50","slug":"ethylene-absorbing-sachets-for-bushli-9g","status":"publish","type":"product","link":"https:\/\/wimar.net\/en\/product\/ethylene-absorbing-sachets-for-bushli-9g\/","title":{"rendered":"Ethylene absorbing bushli sachets 9g"},"content":{"rendered":"<h3 data-start=\"0\" data-end=\"89\">Sachets for ethylene absorption<\/h3>\n<p data-start=\"91\" data-end=\"444\">Ethylene absorption sachets are an innovative solution to help prolong the shelf life of fruit and vegetables. Thanks to a special filling, they absorb excess ethylene - the gas responsible for accelerated ripening of produce. They are the ideal choice for both households and food storage businesses.<\/p>\n<h3 data-start=\"446\" data-end=\"472\">Key features:<\/h3>\n<ul>\n<li data-start=\"474\" data-end=\"1090\"><strong data-start=\"476\" data-end=\"491\">Effectiveness<\/strong> - They reduce the concentration of ethylene, delaying the ripening and spoilage of fruit and vegetables.<\/li>\n<li data-start=\"474\" data-end=\"1090\"><strong data-start=\"588\" data-end=\"603\">Naturalness<\/strong> - Made of biodegradable materials, safe for the environment.<\/li>\n<li data-start=\"474\" data-end=\"1090\"><strong data-start=\"680\" data-end=\"710\">Air permeability<\/strong> - Thanks to their porous structure, they do not restrict air circulation, which further helps to preserve the freshness of the products.<\/li>\n<li data-start=\"474\" data-end=\"1090\"><strong data-start=\"837\" data-end=\"856\">Versatility<\/strong> - They are suitable for a variety of fruit and vegetables, including apples, bananas, pears, lettuce or avocados.<\/li>\n<li data-start=\"474\" data-end=\"1090\"><strong data-start=\"962\" data-end=\"980\">Ease of use<\/strong> - Simply place the sachet in the fridge, pantry or fruit box and it will work for several weeks.<\/li>\n<li><strong>Enable full product protection<\/strong> in the distribution chain from the harvest to the final consumer.<\/li>\n<li><strong>Inspection window<\/strong> makes it possible to check the degree of use of the sachet.<\/li>\n<li><strong>Special seal<\/strong> gives resistance in contact with water.<\/li>\n<li><strong>Hold all globally required certifications<\/strong> Approved for food contact (CE and FDA).<\/li>\n<li><strong>Absorption coefficient<\/strong> - 36 ml ethylene\/sachet<\/li>\n<li><strong>Active factor<\/strong> - GK4\/P with an absorption coefficient \u2265 4 l ( litres) of ethylene\/ kg of granulate.<\/li>\n<li><strong>Amount of active agent<\/strong> - 9 g<\/li>\n<\/ul>\n<h3 data-start=\"1092\" data-end=\"1111\">Application:<\/h3>\n<ul>\n<li data-start=\"1113\" data-end=\"1422\"><strong data-start=\"1116\" data-end=\"1150\">Storage of fruit and vegetables<\/strong> - They slow down the ripening process in home larders and storage areas.<\/li>\n<li data-start=\"1113\" data-end=\"1422\"><strong data-start=\"1226\" data-end=\"1248\">Shops and wholesalers<\/strong> - They help keep products fresh for transport and sale.<\/li>\n<li data-start=\"1113\" data-end=\"1422\"><strong data-start=\"1320\" data-end=\"1343\">Households<\/strong> - Ideal for the fridge or fruit baskets, preventing them from spoiling quickly.<\/li>\n<\/ul>\n<h3 data-start=\"1424\" data-end=\"1482\">Why choose ethylene-absorbing sachets?<\/h3>\n<p data-start=\"1484\" data-end=\"1749\" data-is-last-node=\"\" data-is-only-node=\"\">Ethylene absorbing sachets are a simple, eco-friendly and effective solution for anyone who wants to enjoy fresh fruit and vegetables for longer. They help reduce food waste, thus saving money and caring for the environment.<\/p>","protected":false},"excerpt":{"rendered":"<p>Saszetki do poch\u0142aniania etylenu Saszetki do poch\u0142aniania etylenu to innowacyjne rozwi\u0105zanie, kt\u00f3re pomaga przed\u0142u\u017cy\u0107 trwa\u0142o\u015b\u0107 owoc\u00f3w i warzyw. Dzi\u0119ki specjalnemu wype\u0142nieniu poch\u0142aniaj\u0105 nadmiar etylenu \u2013 gazu odpowiedzialnego za przyspieszone dojrzewanie produkt\u00f3w. S\u0105 idealnym wyborem zar\u00f3wno dla gospodarstw domowych, jak i przedsi\u0119biorstw zajmuj\u0105cych si\u0119 przechowywaniem \u017cywno\u015bci. Najwa\u017cniejsze cechy: Skuteczno\u015b\u0107 \u2013 Redukuj\u0105 st\u0119\u017cenie etylenu, op\u00f3\u017aniaj\u0105c proces dojrzewania [&hellip;]<\/p>","protected":false},"featured_media":4877,"template":"","meta":{"site-sidebar-layout":"default","site-content-layout":"","ast-site-content-layout":"default","site-content-style":"default","site-sidebar-style":"default","ast-global-header-display":"","ast-banner-title-visibility":"","ast-main-header-display":"","ast-hfb-above-header-display":"","ast-hfb-below-header-display":"","ast-hfb-mobile-header-display":"","site-post-title":"","ast-breadcrumbs-content":"","ast-featured-img":"","footer-sml-layout":"","theme-transparent-header-meta":"default","adv-header-id-meta":"","stick-header-meta":"default","header-above-stick-meta":"","header-main-stick-meta":"","header-below-stick-meta":"","astra-migrate-meta-layouts":"set","ast-page-background-enabled":"default","ast-page-background-meta":{"desktop":{"background-color":"var(--ast-global-color-4)","background-image":"","background-repeat":"repeat","background-position":"center center","background-size":"auto","background-attachment":"scroll","background-type":"","background-media":"","overlay-type":"","overlay-color":"","overlay-opacity":"","overlay-gradient":""},"tablet":{"background-color":"","background-image":"","background-repeat":"repeat","background-position":"center center","background-size":"auto","background-attachment":"scroll","background-type":"","background-media":"","overlay-type":"","overlay-color":"","overlay-opacity":"","overlay-gradient":""},"mobile":{"background-color":"","background-image":"","background-repeat":"repeat","background-position":"center center","background-size":"auto","background-attachment":"scroll","background-type":"","background-media":"","overlay-type":"","overlay-color":"","overlay-opacity":"","overlay-gradient":""}},"ast-content-background-meta":{"desktop":{"background-color":"var(--ast-global-color-5)","background-image":"","background-repeat":"repeat","background-position":"center center","background-size":"auto","background-attachment":"scroll","background-type":"","background-media":"","overlay-type":"","overlay-color":"","overlay-opacity":"","overlay-gradient":""},"tablet":{"background-color":"var(--ast-global-color-5)","background-image":"","background-repeat":"repeat","background-position":"center center","background-size":"auto","background-attachment":"scroll","background-type":"","background-media":"","overlay-type":"","overlay-color":"","overlay-opacity":"","overlay-gradient":""},"mobile":{"background-color":"var(--ast-global-color-5)","background-image":"","background-repeat":"repeat","background-position":"center center","background-size":"auto","background-attachment":"scroll","background-type":"","background-media":"","overlay-type":"","overlay-color":"","overlay-opacity":"","overlay-gradient":""}}},"product_brand":[],"product_cat":[376],"product_tag":[],"class_list":{"0":"post-4875","1":"product","2":"type-product","3":"status-publish","4":"has-post-thumbnail","6":"product_cat-pochlaniacz-etylenu-9-g","7":"desktop-align-left","8":"tablet-align-left","9":"mobile-align-left","10":"ast-product-gallery-layout-horizontal","11":"ast-product-tabs-layout-horizontal","13":"first","14":"instock","15":"shipping-taxable","16":"product-type-simple"},"_links":{"self":[{"href":"https:\/\/wimar.net\/en\/wp-json\/wp\/v2\/product\/4875","targetHints":{"allow":["GET"]}}],"collection":[{"href":"https:\/\/wimar.net\/en\/wp-json\/wp\/v2\/product"}],"about":[{"href":"https:\/\/wimar.net\/en\/wp-json\/wp\/v2\/types\/product"}],"version-history":[{"count":3,"href":"https:\/\/wimar.net\/en\/wp-json\/wp\/v2\/product\/4875\/revisions"}],"predecessor-version":[{"id":7358,"href":"https:\/\/wimar.net\/en\/wp-json\/wp\/v2\/product\/4875\/revisions\/7358"}],"wp:featuredmedia":[{"embeddable":true,"href":"https:\/\/wimar.net\/en\/wp-json\/wp\/v2\/media\/4877"}],"wp:attachment":[{"href":"https:\/\/wimar.net\/en\/wp-json\/wp\/v2\/media?parent=4875"}],"wp:term":[{"taxonomy":"product_brand","embeddable":true,"href":"https:\/\/wimar.net\/en\/wp-json\/wp\/v2\/product_brand?post=4875"},{"taxonomy":"product_cat","embeddable":true,"href":"https:\/\/wimar.net\/en\/wp-json\/wp\/v2\/product_cat?post=4875"},{"taxonomy":"product_tag","embeddable":true,"href":"https:\/\/wimar.net\/en\/wp-json\/wp\/v2\/product_tag?post=4875"}],"curies":[{"name":"wp","href":"https:\/\/api.w.org\/{rel}","templated":true}]}}