{"id":5128,"date":"2025-03-13T08:14:41","date_gmt":"2025-03-13T07:14:41","guid":{"rendered":"https:\/\/wimar.net\/?post_type=product&#038;p=5128"},"modified":"2026-01-21T11:24:29","modified_gmt":"2026-01-21T10:24:29","slug":"haylage-film-light-green-750x1500-25mic","status":"publish","type":"product","link":"https:\/\/wimar.net\/en\/product\/haylage-film-light-green-750x1500-25mic\/","title":{"rendered":"Haylage film white 500\u00d72000 22mic"},"content":{"rendered":"<h2>Folia do sianokiszonki \u2013 500 milimetr\u00f3w szeroko\u015bci<\/h2>\n<p>Folia do sianokiszonki o grubo\u015bci 22 mikron\u00f3w to produkt przeznaczony do zabezpieczania kiszonki i zapewnienia optymalnych warunk\u00f3w fermentacji. Dzi\u0119ki swojej wytrzyma\u0142o\u015bci i elastyczno\u015bci skutecznie chroni pasz\u0119 przed dzia\u0142aniem czynnik\u00f3w zewn\u0119trznych, takich jak wilgo\u0107, powietrze czy promieniowanie UV. Folia do kiszonki, szeroka na 500 milimetr\u00f3w, stanowi wydajny materia\u0142 oferuj\u0105cy niezwyk\u0142\u0105 efektywno\u015b\u0107.<\/p>\n<h2>Najwa\u017cniejsze cechy folii do kiszonki o szeroko\u015bci 500 milimetr\u00f3w<\/h2>\n<p>Profesjonalna folia 500 mm do sianokiszonki stanowi barier\u0119 nie do przebycia dla tlenu, co bezpo\u015brednio przek\u0142ada si\u0119 na wysok\u0105 jako\u015b\u0107 paszy dla inwentarza. Siedmiowarstwowa struktura tego produktu zapewnia niespotykan\u0105 odporno\u015b\u0107 na uszkodzenia mechaniczne, chroni\u0105c balot przed przypadkowym rozszczelnieniem. Poni\u017cej prezentujemy szereg zalet naszej folii:<\/p>\n<ul>\n<li style=\"font-weight: 400;\" aria-level=\"1\">wytrzyma\u0142o\u015b\u0107 \u2013 folia o grubo\u015bci 22 mikron\u00f3w cechuje si\u0119 wysok\u0105 odporno\u015bci\u0105 na rozdarcia i przebicia \u2013 350g zgodnie z metodologi\u0105 spadaj\u0105cego grotu* \u2013 gwarantuj\u0105c\u0105 bardzo dobr\u0105 ochron\u0119 przed warunkami pogodowymi,<\/li>\n<li style=\"font-weight: 400;\" aria-level=\"1\">doskona\u0142a szczelno\u015b\u0107 \u2013 dzi\u0119ki zastosowaniu innowacyjnego, r\u00f3wnomiernie roz\u0142o\u017conego kleju skutecznie zapobiega dost\u0119powi powietrza, co zapewnia idealne warunki do fermentacji,<\/li>\n<li style=\"font-weight: 400;\" aria-level=\"1\">odporno\u015b\u0107 na UV \u2013 gwarantowane skuteczne zabezpieczenie kiszonki przed szkodliwym dzia\u0142aniem promieniowania s\u0142onecznego przez okres 12 miesi\u0119cy,<\/li>\n<li style=\"font-weight: 400;\" aria-level=\"1\">elastyczno\u015b\u0107 \u2013 \u0142atwe dopasowanie do beli, co minimalizuje ryzyko uszkodze\u0144,<\/li>\n<li style=\"font-weight: 400;\" aria-level=\"1\">bezpiecze\u0144stwo dla paszy \u2013 folia nie zawiera szkodliwych substancji, co gwarantuje wysok\u0105 jako\u015b\u0107 przechowywanej kiszonki,<\/li>\n<li style=\"font-weight: 400;\" aria-level=\"1\">szeroko\u015b\u0107 \u2013 500 mm,<\/li>\n<li style=\"font-weight: 400;\" aria-level=\"1\">d\u0142ugo\u015b\u0107 \u2013 2000 m \u2013 200 m wi\u0119cej od standardowej d\u0142ugo\u015bci rolki, dzi\u0119ki czemu mo\u017cna zawin\u0105\u0107 wi\u0119cej balot\u00f3w,<\/li>\n<li style=\"font-weight: 400;\" aria-level=\"1\">grubo\u015b\u0107 \u2013 22 mikron\u00f3w,<\/li>\n<li style=\"font-weight: 400;\" aria-level=\"1\">warstwy \u2013 7.<\/li>\n<\/ul>\n<p>*UNE-EN ISO 7765-1 Impact resistance test Method A (falling-rod puncture test).<\/p>\n<h2>Zastosowanie<\/h2>\n<p>Proces tworzenia warto\u015bciowej paszy obj\u0119to\u015bciowej opiera si\u0119 na rygorystycznym odci\u0119ciu dop\u0142ywu powietrza do \u015bwie\u017co skoszonej masy ro\u015blinnej. Specjalistyczna folia do sianokiszonki o 500 mm szeroko\u015bci umo\u017cliwia precyzyjne i szczelne owijanie balot\u00f3w, co stanowi fundament prawid\u0142owego przebiegu fermentacji. Poni\u017cej przedstawiamy kluczowe obszary, w kt\u00f3rych ten rodzaj zabezpieczenia znajduje swoje najcz\u0119stsze zastosowanie:<\/p>\n<ul>\n<li style=\"font-weight: 400;\" aria-level=\"1\">produkcja sianokiszonki \u2013 idealna do owijania bel z traw\u0105, lucern\u0105 czy innymi paszami,<\/li>\n<li style=\"font-weight: 400;\" aria-level=\"1\">ochrona paszy \u2013 skutecznie zabezpiecza kiszonk\u0119 przed ple\u015bni\u0105, bakteriami i zanieczyszczeniami,<\/li>\n<li style=\"font-weight: 400;\" aria-level=\"1\">d\u0142ugotrwa\u0142e magazynowanie \u2013 przed\u0142u\u017ca \u015bwie\u017co\u015b\u0107 i warto\u015b\u0107 od\u017cywcz\u0105 paszy na d\u0142ugi czas.<\/li>\n<\/ul>\n<h2>Folia do sianokiszonki 500 mm szeroko\u015bci \u2013 cena<\/h2>\n<p>Kwota 299 z\u0142otych widoczna przy produkcie stanowi stawk\u0119 detaliczn\u0105 za pojedyncz\u0105 rolk\u0119. W przypadku zakup\u00f3w o wi\u0119kszej skali folia do sianokiszonki 500 mm charakteryzuje si\u0119 cen\u0105, kt\u00f3ra podlega indywidualnym ustaleniom, zale\u017cnym od wielko\u015bci ca\u0142ego zam\u00f3wienia. W celu poznania stawek hurtowych \u2013 zapraszamy do kontaktu.<\/p>\n<h2>Why choose haylage film?<\/h2>\n<p>Haylage film is an indispensable solution for farmers who want to ensure high quality forage for their animals. Its durability, airtightness and weather resistance make it an economical and effective solution for storing haylage throughout the season.<\/p>","protected":false},"excerpt":{"rendered":"<p>Folia do sianokiszonki \u2013 500 milimetr\u00f3w szeroko\u015bci Folia do sianokiszonki o grubo\u015bci 22 mikron\u00f3w to produkt przeznaczony do zabezpieczania kiszonki i zapewnienia optymalnych warunk\u00f3w fermentacji. Dzi\u0119ki swojej wytrzyma\u0142o\u015bci i elastyczno\u015bci skutecznie chroni pasz\u0119 przed dzia\u0142aniem czynnik\u00f3w zewn\u0119trznych, takich jak wilgo\u0107, powietrze czy promieniowanie UV. Folia do kiszonki, szeroka na 500 milimetr\u00f3w, stanowi wydajny materia\u0142 oferuj\u0105cy [&hellip;]<\/p>","protected":false},"featured_media":5134,"template":"","meta":{"site-sidebar-layout":"default","site-content-layout":"","ast-site-content-layout":"default","site-content-style":"default","site-sidebar-style":"default","ast-global-header-display":"","ast-banner-title-visibility":"","ast-main-header-display":"","ast-hfb-above-header-display":"","ast-hfb-below-header-display":"","ast-hfb-mobile-header-display":"","site-post-title":"","ast-breadcrumbs-content":"","ast-featured-img":"","footer-sml-layout":"","theme-transparent-header-meta":"default","adv-header-id-meta":"","stick-header-meta":"default","header-above-stick-meta":"","header-main-stick-meta":"","header-below-stick-meta":"","astra-migrate-meta-layouts":"set","ast-page-background-enabled":"default","ast-page-background-meta":{"desktop":{"background-color":"var(--ast-global-color-4)","background-image":"","background-repeat":"repeat","background-position":"center center","background-size":"auto","background-attachment":"scroll","background-type":"","background-media":"","overlay-type":"","overlay-color":"","overlay-opacity":"","overlay-gradient":""},"tablet":{"background-color":"","background-image":"","background-repeat":"repeat","background-position":"center center","background-size":"auto","background-attachment":"scroll","background-type":"","background-media":"","overlay-type":"","overlay-color":"","overlay-opacity":"","overlay-gradient":""},"mobile":{"background-color":"","background-image":"","background-repeat":"repeat","background-position":"center center","background-size":"auto","background-attachment":"scroll","background-type":"","background-media":"","overlay-type":"","overlay-color":"","overlay-opacity":"","overlay-gradient":""}},"ast-content-background-meta":{"desktop":{"background-color":"var(--ast-global-color-5)","background-image":"","background-repeat":"repeat","background-position":"center center","background-size":"auto","background-attachment":"scroll","background-type":"","background-media":"","overlay-type":"","overlay-color":"","overlay-opacity":"","overlay-gradient":""},"tablet":{"background-color":"var(--ast-global-color-5)","background-image":"","background-repeat":"repeat","background-position":"center center","background-size":"auto","background-attachment":"scroll","background-type":"","background-media":"","overlay-type":"","overlay-color":"","overlay-opacity":"","overlay-gradient":""},"mobile":{"background-color":"var(--ast-global-color-5)","background-image":"","background-repeat":"repeat","background-position":"center center","background-size":"auto","background-attachment":"scroll","background-type":"","background-media":"","overlay-type":"","overlay-color":"","overlay-opacity":"","overlay-gradient":""}}},"product_brand":[],"product_cat":[214],"product_tag":[],"class_list":{"0":"post-5128","1":"product","2":"type-product","3":"status-publish","4":"has-post-thumbnail","6":"product_cat-folia-do-sianokiszonki","7":"desktop-align-left","8":"tablet-align-left","9":"mobile-align-left","10":"ast-product-gallery-layout-horizontal","11":"ast-product-gallery-with-no-image","12":"ast-product-tabs-layout-horizontal","14":"first","15":"instock","16":"shipping-taxable","17":"product-type-simple"},"_links":{"self":[{"href":"https:\/\/wimar.net\/en\/wp-json\/wp\/v2\/product\/5128","targetHints":{"allow":["GET"]}}],"collection":[{"href":"https:\/\/wimar.net\/en\/wp-json\/wp\/v2\/product"}],"about":[{"href":"https:\/\/wimar.net\/en\/wp-json\/wp\/v2\/types\/product"}],"version-history":[{"count":6,"href":"https:\/\/wimar.net\/en\/wp-json\/wp\/v2\/product\/5128\/revisions"}],"predecessor-version":[{"id":7523,"href":"https:\/\/wimar.net\/en\/wp-json\/wp\/v2\/product\/5128\/revisions\/7523"}],"wp:featuredmedia":[{"embeddable":true,"href":"https:\/\/wimar.net\/en\/wp-json\/wp\/v2\/media\/5134"}],"wp:attachment":[{"href":"https:\/\/wimar.net\/en\/wp-json\/wp\/v2\/media?parent=5128"}],"wp:term":[{"taxonomy":"product_brand","embeddable":true,"href":"https:\/\/wimar.net\/en\/wp-json\/wp\/v2\/product_brand?post=5128"},{"taxonomy":"product_cat","embeddable":true,"href":"https:\/\/wimar.net\/en\/wp-json\/wp\/v2\/product_cat?post=5128"},{"taxonomy":"product_tag","embeddable":true,"href":"https:\/\/wimar.net\/en\/wp-json\/wp\/v2\/product_tag?post=5128"}],"curies":[{"name":"wp","href":"https:\/\/api.w.org\/{rel}","templated":true}]}}