{"id":5251,"date":"2025-03-14T10:13:15","date_gmt":"2025-03-14T09:13:15","guid":{"rendered":"https:\/\/wimar.net\/?post_type=product&#038;p=5251"},"modified":"2025-03-19T14:21:12","modified_gmt":"2025-03-19T13:21:12","slug":"nursery-pots-70l-56cm-strong","status":"publish","type":"product","link":"https:\/\/wimar.net\/en\/product\/nursery-pots-70l-56cm-strong\/","title":{"rendered":"FENICE strong nursery pots available in various sizes"},"content":{"rendered":"<h3 data-start=\"0\" data-end=\"80\"><strong data-start=\"0\" data-end=\"78\">Nursery pots<\/strong><\/h3>\n<p data-start=\"69\" data-end=\"283\">Nursery pots are robust and functional containers for growing plants. Made from high-quality materials, they provide optimum conditions for the growth of seedlings, guaranteeing their healthy development.<\/p>\n<h4 data-start=\"285\" data-end=\"316\"><strong data-start=\"290\" data-end=\"314\">Key features:<\/strong><\/h4>\n<ul>\n<li data-start=\"318\" data-end=\"878\"><strong data-start=\"320\" data-end=\"332\">Sustainability<\/strong> - Made of strong, damage-resistant material for longevity of use.<\/li>\n<li data-start=\"318\" data-end=\"878\"><strong data-start=\"438\" data-end=\"453\">Ecological<\/strong> - Their recyclability makes them environmentally friendly.<\/li>\n<li data-start=\"318\" data-end=\"878\"><strong data-start=\"522\" data-end=\"559\">Air and water permeability<\/strong> - Properly designed drainage holes prevent water stagnation and root rot.<\/li>\n<li data-start=\"318\" data-end=\"878\"><strong data-start=\"655\" data-end=\"675\">Lightweight and comfortable<\/strong> - Easy to carry and store for ease of use in nurseries and gardens.<\/li>\n<li data-start=\"318\" data-end=\"878\"><strong>Resistance to weather conditions<\/strong> - UV-stabilised, temperature-resistant to -65<em>\u00b0C<\/em>\u00a0 \u00a0+85<em>\u00b0C<\/em><\/li>\n<li data-start=\"318\" data-end=\"878\"><strong>Country of production<\/strong> - Italy<\/li>\n<li data-start=\"318\" data-end=\"878\"><strong>SIZES AVAILABLE:<\/strong><\/li>\n<\/ul>\n<p><img fetchpriority=\"high\" decoding=\"async\" class=\"wp-image-5899 aligncenter\" src=\"https:\/\/wimar.net\/wp-content\/uploads\/2025\/03\/FENICE-2B-300x149.jpg\" alt=\"\" width=\"582\" height=\"289\" srcset=\"https:\/\/wimar.net\/wp-content\/uploads\/2025\/03\/FENICE-2B-300x149.jpg 300w, https:\/\/wimar.net\/wp-content\/uploads\/2025\/03\/FENICE-2B-1024x508.jpg 1024w, https:\/\/wimar.net\/wp-content\/uploads\/2025\/03\/FENICE-2B-768x381.jpg 768w, https:\/\/wimar.net\/wp-content\/uploads\/2025\/03\/FENICE-2B-600x298.jpg 600w, https:\/\/wimar.net\/wp-content\/uploads\/2025\/03\/FENICE-2B-64x32.jpg 64w, https:\/\/wimar.net\/wp-content\/uploads\/2025\/03\/FENICE-2B.jpg 1140w\" sizes=\"(max-width: 582px) 100vw, 582px\" \/><\/p>\n<h4 data-start=\"880\" data-end=\"904\"><strong data-start=\"885\" data-end=\"902\">Application:<\/strong><\/h4>\n<ul>\n<li data-start=\"906\" data-end=\"1320\"><strong data-start=\"909\" data-end=\"936\">Propagation and cultivation of plants<\/strong> - Ideal for trees, shrubs, vegetables and flowers.<\/li>\n<li data-start=\"906\" data-end=\"1320\"><strong data-start=\"992\" data-end=\"1028\">Growing in tunnels and greenhouses<\/strong> - They enable controlled plant growth under professional conditions.<\/li>\n<li data-start=\"906\" data-end=\"1320\"><strong data-start=\"1104\" data-end=\"1126\">Transport of seedlings<\/strong> - Thanks to their durability, the pots protect the plants during transport.<\/li>\n<li data-start=\"906\" data-end=\"1320\"><strong data-start=\"1201\" data-end=\"1230\">Home and balcony gardens<\/strong> - A great alternative to traditional pots, allowing easy repotting of plants.<\/li>\n<\/ul>\n<h4 data-start=\"1322\" data-end=\"1377\"><strong data-start=\"1327\" data-end=\"1375\">Why choose nursery pots?<\/strong><\/h4>\n<p data-start=\"1379\" data-end=\"1607\" data-is-last-node=\"\" data-is-only-node=\"\">Nursery pots are a reliable and economical solution for both professional plant nurseries and amateur gardeners. Their durability, functionality and ecological aspects make them an excellent choice for years to come.<\/p>","protected":false},"excerpt":{"rendered":"<p>Doniczki szk\u00f3\u0142karskie Doniczki szk\u00f3\u0142karskie to wytrzyma\u0142e i funkcjonalne pojemniki przeznaczone do uprawy ro\u015blin. Wykonane z wysokiej jako\u015bci materia\u0142\u00f3w, zapewniaj\u0105 optymalne warunki do wzrostu sadzonek, gwarantuj\u0105c ich zdrowy rozw\u00f3j. Najwa\u017cniejsze cechy: Trwa\u0142o\u015b\u0107 \u2013 Wykonane z mocnego, odpornego na uszkodzenia materia\u0142u, kt\u00f3ry zapewnia d\u0142ugowieczno\u015b\u0107 u\u017cytkowania. Ekologiczne \u2013 Mo\u017cliwo\u015b\u0107 recyklingu sprawia, \u017ce s\u0105 przyjazne dla \u015brodowiska. Przepuszczalno\u015b\u0107 powietrza [&hellip;]<\/p>","protected":false},"featured_media":5252,"template":"","meta":{"site-sidebar-layout":"default","site-content-layout":"","ast-site-content-layout":"default","site-content-style":"default","site-sidebar-style":"default","ast-global-header-display":"","ast-banner-title-visibility":"","ast-main-header-display":"","ast-hfb-above-header-display":"","ast-hfb-below-header-display":"","ast-hfb-mobile-header-display":"","site-post-title":"","ast-breadcrumbs-content":"","ast-featured-img":"","footer-sml-layout":"","theme-transparent-header-meta":"default","adv-header-id-meta":"","stick-header-meta":"default","header-above-stick-meta":"","header-main-stick-meta":"","header-below-stick-meta":"","astra-migrate-meta-layouts":"set","ast-page-background-enabled":"default","ast-page-background-meta":{"desktop":{"background-color":"var(--ast-global-color-4)","background-image":"","background-repeat":"repeat","background-position":"center center","background-size":"auto","background-attachment":"scroll","background-type":"","background-media":"","overlay-type":"","overlay-color":"","overlay-opacity":"","overlay-gradient":""},"tablet":{"background-color":"","background-image":"","background-repeat":"repeat","background-position":"center center","background-size":"auto","background-attachment":"scroll","background-type":"","background-media":"","overlay-type":"","overlay-color":"","overlay-opacity":"","overlay-gradient":""},"mobile":{"background-color":"","background-image":"","background-repeat":"repeat","background-position":"center center","background-size":"auto","background-attachment":"scroll","background-type":"","background-media":"","overlay-type":"","overlay-color":"","overlay-opacity":"","overlay-gradient":""}},"ast-content-background-meta":{"desktop":{"background-color":"var(--ast-global-color-5)","background-image":"","background-repeat":"repeat","background-position":"center center","background-size":"auto","background-attachment":"scroll","background-type":"","background-media":"","overlay-type":"","overlay-color":"","overlay-opacity":"","overlay-gradient":""},"tablet":{"background-color":"var(--ast-global-color-5)","background-image":"","background-repeat":"repeat","background-position":"center center","background-size":"auto","background-attachment":"scroll","background-type":"","background-media":"","overlay-type":"","overlay-color":"","overlay-opacity":"","overlay-gradient":""},"mobile":{"background-color":"var(--ast-global-color-5)","background-image":"","background-repeat":"repeat","background-position":"center center","background-size":"auto","background-attachment":"scroll","background-type":"","background-media":"","overlay-type":"","overlay-color":"","overlay-opacity":"","overlay-gradient":""}}},"product_brand":[],"product_cat":[246],"product_tag":[],"class_list":{"0":"post-5251","1":"product","2":"type-product","3":"status-publish","4":"has-post-thumbnail","6":"product_cat-doniczki-szkolkarskie-doniczki-i-kontenery","7":"desktop-align-left","8":"tablet-align-left","9":"mobile-align-left","10":"ast-product-gallery-layout-horizontal","11":"ast-product-tabs-layout-horizontal","13":"first","14":"instock","15":"shipping-taxable","16":"product-type-simple"},"_links":{"self":[{"href":"https:\/\/wimar.net\/en\/wp-json\/wp\/v2\/product\/5251","targetHints":{"allow":["GET"]}}],"collection":[{"href":"https:\/\/wimar.net\/en\/wp-json\/wp\/v2\/product"}],"about":[{"href":"https:\/\/wimar.net\/en\/wp-json\/wp\/v2\/types\/product"}],"version-history":[{"count":5,"href":"https:\/\/wimar.net\/en\/wp-json\/wp\/v2\/product\/5251\/revisions"}],"predecessor-version":[{"id":5893,"href":"https:\/\/wimar.net\/en\/wp-json\/wp\/v2\/product\/5251\/revisions\/5893"}],"wp:featuredmedia":[{"embeddable":true,"href":"https:\/\/wimar.net\/en\/wp-json\/wp\/v2\/media\/5252"}],"wp:attachment":[{"href":"https:\/\/wimar.net\/en\/wp-json\/wp\/v2\/media?parent=5251"}],"wp:term":[{"taxonomy":"product_brand","embeddable":true,"href":"https:\/\/wimar.net\/en\/wp-json\/wp\/v2\/product_brand?post=5251"},{"taxonomy":"product_cat","embeddable":true,"href":"https:\/\/wimar.net\/en\/wp-json\/wp\/v2\/product_cat?post=5251"},{"taxonomy":"product_tag","embeddable":true,"href":"https:\/\/wimar.net\/en\/wp-json\/wp\/v2\/product_tag?post=5251"}],"curies":[{"name":"wp","href":"https:\/\/api.w.org\/{rel}","templated":true}]}}