{"id":6457,"date":"2025-03-25T12:46:40","date_gmt":"2025-03-25T11:46:40","guid":{"rendered":"https:\/\/wimar.net\/?post_type=product&#038;p=6457"},"modified":"2025-03-25T13:04:43","modified_gmt":"2025-03-25T12:04:43","slug":"bamboo-pole-295cm-26-28-mm","status":"publish","type":"product","link":"https:\/\/wimar.net\/en\/product\/bamboo-pole-295cm-26-28-mm\/","title":{"rendered":"Bamboo pole 295cm, 26-28 mm"},"content":{"rendered":"<h3 data-start=\"0\" data-end=\"51\"><strong data-start=\"0\" data-end=\"49\">Bamboo poles<\/strong><\/h3>\n<p data-start=\"53\" data-end=\"324\">Bamboo poles are natural and environmentally friendly horticultural supports that are ideal for growing plants that require stabilisation. Made from strong, in 100% natural bamboo, they are a durable and practical solution for gardens, plantations and nurseries alike.<\/p>\n<h3 data-start=\"326\" data-end=\"356\"><strong data-start=\"330\" data-end=\"354\">Key features:<\/strong><\/h3>\n<ul>\n<li data-start=\"358\" data-end=\"966\"><strong data-start=\"317\" data-end=\"332\">Naturalness<\/strong> - Made from the biodegradable and renewable raw material bamboo - an extremely strong fibre derived from the stems of plants.<\/li>\n<li data-start=\"358\" data-end=\"966\"><strong data-start=\"467\" data-end=\"482\">Ecological<\/strong> - Environmentally friendly, they are a natural alternative to plastic supports.<\/li>\n<li data-start=\"358\" data-end=\"966\"><strong data-start=\"571\" data-end=\"587\">Robustness<\/strong> - Bamboo is characterised by its high resistance to weather conditions and mechanical damage.<\/li>\n<li data-start=\"358\" data-end=\"966\"><strong>Length<\/strong> - 295 cm<\/li>\n<li data-start=\"358\" data-end=\"966\"><strong>Diameter<\/strong> - 26-28 mm<\/li>\n<\/ul>\n<h3 data-start=\"968\" data-end=\"991\"><strong data-start=\"972\" data-end=\"989\">Application:<\/strong><\/h3>\n<ul>\n<li data-start=\"993\" data-end=\"1407\"><strong data-start=\"960\" data-end=\"999\">Support for climbing plants and vegetables<\/strong> - Ideal for tomatoes, cucumbers, peas, beans and ornamental plants.<\/li>\n<li data-start=\"993\" data-end=\"1407\"><strong data-start=\"1078\" data-end=\"1110\">Shrub and tree formation<\/strong> - They help to shape young fruit and ornamental trees.<\/li>\n<li data-start=\"993\" data-end=\"1407\"><strong data-start=\"1182\" data-end=\"1215\">Construction of garden structures<\/strong> - Possibility of creating pergolas, tunnels, fences or plant covers.<\/li>\n<li data-start=\"993\" data-end=\"1407\"><strong data-start=\"1290\" data-end=\"1310\">Garden decoration<\/strong> - Natural bamboo makes a striking design element for the garden space.<\/li>\n<\/ul>\n<h3 class=\"\" data-start=\"1394\" data-end=\"1437\">Why choose bamboo poles?<\/h3>\n<p class=\"\" data-start=\"1439\" data-end=\"1823\">Bamboo poles are an eco-friendly, durable and extremely practical solution for any garden. They are natural, durable and reusable, and thanks to their wide range of uses, they will work well for both vegetables and ornamental plants. Their natural appearance fits perfectly into garden arrangements, making them not only functional but also an aesthetic element of any cultivation.<\/p>","protected":false},"excerpt":{"rendered":"<p>Tyczki bambusowe Tyczki bambusowe to naturalne i ekologiczne podpory ogrodnicze, kt\u00f3re doskonale sprawdzaj\u0105 si\u0119 w uprawie ro\u015blin wymagaj\u0105cych stabilizacji. Wykonane z mocnego, w 100% naturalnego bambusa, s\u0105 trwa\u0142ym i praktycznym rozwi\u0105zaniem zar\u00f3wno w ogrodach, jak i na plantacjach czy w szk\u00f3\u0142kach. Najwa\u017cniejsze cechy: Naturalno\u015b\u0107 \u2013 Wykonane z biodegradowalnego i odnawialnego surowca, jakim jest bambus \u2013 [&hellip;]<\/p>","protected":false},"featured_media":6458,"template":"","meta":{"site-sidebar-layout":"default","site-content-layout":"","ast-site-content-layout":"default","site-content-style":"default","site-sidebar-style":"default","ast-global-header-display":"","ast-banner-title-visibility":"","ast-main-header-display":"","ast-hfb-above-header-display":"","ast-hfb-below-header-display":"","ast-hfb-mobile-header-display":"","site-post-title":"","ast-breadcrumbs-content":"","ast-featured-img":"","footer-sml-layout":"","theme-transparent-header-meta":"default","adv-header-id-meta":"","stick-header-meta":"default","header-above-stick-meta":"","header-main-stick-meta":"","header-below-stick-meta":"","astra-migrate-meta-layouts":"set","ast-page-background-enabled":"default","ast-page-background-meta":{"desktop":{"background-color":"var(--ast-global-color-4)","background-image":"","background-repeat":"repeat","background-position":"center center","background-size":"auto","background-attachment":"scroll","background-type":"","background-media":"","overlay-type":"","overlay-color":"","overlay-opacity":"","overlay-gradient":""},"tablet":{"background-color":"","background-image":"","background-repeat":"repeat","background-position":"center center","background-size":"auto","background-attachment":"scroll","background-type":"","background-media":"","overlay-type":"","overlay-color":"","overlay-opacity":"","overlay-gradient":""},"mobile":{"background-color":"","background-image":"","background-repeat":"repeat","background-position":"center center","background-size":"auto","background-attachment":"scroll","background-type":"","background-media":"","overlay-type":"","overlay-color":"","overlay-opacity":"","overlay-gradient":""}},"ast-content-background-meta":{"desktop":{"background-color":"var(--ast-global-color-5)","background-image":"","background-repeat":"repeat","background-position":"center center","background-size":"auto","background-attachment":"scroll","background-type":"","background-media":"","overlay-type":"","overlay-color":"","overlay-opacity":"","overlay-gradient":""},"tablet":{"background-color":"var(--ast-global-color-5)","background-image":"","background-repeat":"repeat","background-position":"center center","background-size":"auto","background-attachment":"scroll","background-type":"","background-media":"","overlay-type":"","overlay-color":"","overlay-opacity":"","overlay-gradient":""},"mobile":{"background-color":"var(--ast-global-color-5)","background-image":"","background-repeat":"repeat","background-position":"center center","background-size":"auto","background-attachment":"scroll","background-type":"","background-media":"","overlay-type":"","overlay-color":"","overlay-opacity":"","overlay-gradient":""}}},"product_brand":[],"product_cat":[271],"product_tag":[],"class_list":{"0":"post-6457","1":"product","2":"type-product","3":"status-publish","4":"has-post-thumbnail","6":"product_cat-tyczka-bambusowa-295cm-26-28-mm","7":"desktop-align-left","8":"tablet-align-left","9":"mobile-align-left","10":"ast-product-gallery-layout-horizontal","11":"ast-product-gallery-with-no-image","12":"ast-product-tabs-layout-horizontal","14":"first","15":"instock","16":"shipping-taxable","17":"product-type-simple"},"_links":{"self":[{"href":"https:\/\/wimar.net\/en\/wp-json\/wp\/v2\/product\/6457","targetHints":{"allow":["GET"]}}],"collection":[{"href":"https:\/\/wimar.net\/en\/wp-json\/wp\/v2\/product"}],"about":[{"href":"https:\/\/wimar.net\/en\/wp-json\/wp\/v2\/types\/product"}],"version-history":[{"count":2,"href":"https:\/\/wimar.net\/en\/wp-json\/wp\/v2\/product\/6457\/revisions"}],"predecessor-version":[{"id":7298,"href":"https:\/\/wimar.net\/en\/wp-json\/wp\/v2\/product\/6457\/revisions\/7298"}],"wp:featuredmedia":[{"embeddable":true,"href":"https:\/\/wimar.net\/en\/wp-json\/wp\/v2\/media\/6458"}],"wp:attachment":[{"href":"https:\/\/wimar.net\/en\/wp-json\/wp\/v2\/media?parent=6457"}],"wp:term":[{"taxonomy":"product_brand","embeddable":true,"href":"https:\/\/wimar.net\/en\/wp-json\/wp\/v2\/product_brand?post=6457"},{"taxonomy":"product_cat","embeddable":true,"href":"https:\/\/wimar.net\/en\/wp-json\/wp\/v2\/product_cat?post=6457"},{"taxonomy":"product_tag","embeddable":true,"href":"https:\/\/wimar.net\/en\/wp-json\/wp\/v2\/product_tag?post=6457"}],"curies":[{"name":"wp","href":"https:\/\/api.w.org\/{rel}","templated":true}]}}