{"id":6479,"date":"2025-03-25T15:22:25","date_gmt":"2025-03-25T14:22:25","guid":{"rendered":"https:\/\/wimar.net\/?post_type=product&#038;p=6479"},"modified":"2026-01-21T11:34:45","modified_gmt":"2026-01-21T10:34:45","slug":"stretch-film-23-mic-23kg-stretch-black","status":"publish","type":"product","link":"https:\/\/wimar.net\/en\/product\/stretch-film-23-mic-23kg-stretch-black\/","title":{"rendered":"Stretch stretch film 23 mic 2.3kg stretch black"},"content":{"rendered":"<h2>Folia stretch do pakowania \u2013 czarna, gruba<\/h2>\n<p>Folia stretch o grubo\u015bci 23 mikrony to wysokiej jako\u015bci materia\u0142 do zabezpieczania \u0142adunk\u00f3w i towar\u00f3w. Dzi\u0119ki swojej elastyczno\u015bci i wytrzyma\u0142o\u015bci skutecznie chroni produkty przed uszkodzeniami, wilgoci\u0105 i zabrudzeniami podczas transportu i magazynowania. Czarna folia stretch to produkt znajduj\u0105cy szerokie zastosowanie w logistyce, niemal\u017ce niezb\u0119dna w przestrzeniach magazynowych!<\/p>\n<h2>Folia stretch czarna do pakowania \u2013 najwa\u017cniejsze cechy<\/h2>\n<p>W\u0142a\u015bciwe zabezpieczenie towar\u00f3w na czas transportu i magazynowania wymaga zastosowania materia\u0142\u00f3w o konkretnych parametrach technicznych. Wykorzystuj\u0105c rozwi\u0105zanie, jakim jest czarna folia stretch r\u0119czna, zyskuje si\u0119 pewno\u015b\u0107, \u017ce \u0142adunek pozostanie stabilny i odpowiednio odizolowany od czynnik\u00f3w zewn\u0119trznych. Poni\u017cej przedstawiamy szczeg\u00f3\u0142owe zestawienie cech, kt\u00f3re decyduj\u0105 o efektywno\u015bci tego materia\u0142u w codziennej pracy logistycznej:<\/p>\n<ul>\n<li style=\"font-weight: 400;\" aria-level=\"1\">wytrzyma\u0142o\u015b\u0107 \u2013 folia o grubo\u015bci 23 mikrony zapewnia wysok\u0105 odporno\u015b\u0107 na rozdarcia i przebicia, idealna do zabezpieczania ci\u0119\u017ckich \u0142adunk\u00f3w,<\/li>\n<li style=\"font-weight: 400;\" aria-level=\"1\">rozci\u0105gliwo\u015b\u0107 \u2013 doskona\u0142a elastyczno\u015b\u0107 umo\u017cliwia stabilne owijanie produkt\u00f3w, chroni\u0105c je przed przemieszczaniem si\u0119 w transporcie,<\/li>\n<li style=\"font-weight: 400;\" aria-level=\"1\">przezroczysto\u015b\u0107 \u2013 bezbarwna struktura u\u0142atwia identyfikacj\u0119 zawarto\u015bci bez konieczno\u015bci jej rozpakowywania,<\/li>\n<li style=\"font-weight: 400;\" aria-level=\"1\">ochrona \u2013 zabezpiecza przed wilgoci\u0105, kurzem oraz uszkodzeniami mechanicznymi,<\/li>\n<li style=\"font-weight: 400;\" aria-level=\"1\">wszechstronno\u015b\u0107 \u2013 nadaje si\u0119 do pakowania zar\u00f3wno na u\u017cytek domowy, jak i przemys\u0142owy,<\/li>\n<li style=\"font-weight: 400;\" aria-level=\"1\">grubo\u015b\u0107 \u2013 23 mikrony,<\/li>\n<li style=\"font-weight: 400;\" aria-level=\"1\">szeroko\u015b\u0107 \u2013 50 cm.<\/li>\n<\/ul>\n<h2>Folia czarna stretch \u2013 zastosowanie<\/h2>\n<ul>\n<li style=\"font-weight: 400;\" aria-level=\"1\">Logistyka i magazynowanie \u2013 Stabilizuje \u0142adunki na paletach, minimalizuj\u0105c ryzyko ich uszkodzenia.<\/li>\n<li style=\"font-weight: 400;\" aria-level=\"1\">Pakowanie przesy\u0142ek \u2013 Chroni paczki przed czynnikami zewn\u0119trznymi i u\u0142atwia ich transport.<\/li>\n<\/ul>\n<h2>Folia czarna stretch \u2013 cena<\/h2>\n<p>Czarna folia stretch to artyku\u0142, kt\u00f3rego cena uzale\u017cniona jest od wolumenu zakupionych towar\u00f3w. W wersji detalicznej rolk\u0119 zakupi\u0107 mo\u017cna w cenie od 35 z\u0142otych. W przypadku ch\u0119ci nabycia wi\u0119kszej ilo\u015bci produktu, zapraszamy do kontaktu.<\/p>\n<h2>Why choose stretch film?<\/h2>\n<p>Stretch film is a reliable solution for companies and individual users looking for effective product protection. Its high quality, durability and wide range of applications make it an indispensable element in logistics, storage and everyday use.<\/p>","protected":false},"excerpt":{"rendered":"<p>Folia stretch do pakowania \u2013 czarna, gruba Folia stretch o grubo\u015bci 23 mikrony to wysokiej jako\u015bci materia\u0142 do zabezpieczania \u0142adunk\u00f3w i towar\u00f3w. Dzi\u0119ki swojej elastyczno\u015bci i wytrzyma\u0142o\u015bci skutecznie chroni produkty przed uszkodzeniami, wilgoci\u0105 i zabrudzeniami podczas transportu i magazynowania. Czarna folia stretch to produkt znajduj\u0105cy szerokie zastosowanie w logistyce, niemal\u017ce niezb\u0119dna w przestrzeniach magazynowych! Folia [&hellip;]<\/p>","protected":false},"featured_media":6480,"template":"","meta":{"site-sidebar-layout":"default","site-content-layout":"","ast-site-content-layout":"default","site-content-style":"default","site-sidebar-style":"default","ast-global-header-display":"","ast-banner-title-visibility":"","ast-main-header-display":"","ast-hfb-above-header-display":"","ast-hfb-below-header-display":"","ast-hfb-mobile-header-display":"","site-post-title":"","ast-breadcrumbs-content":"","ast-featured-img":"","footer-sml-layout":"","theme-transparent-header-meta":"default","adv-header-id-meta":"","stick-header-meta":"default","header-above-stick-meta":"","header-main-stick-meta":"","header-below-stick-meta":"","astra-migrate-meta-layouts":"set","ast-page-background-enabled":"default","ast-page-background-meta":{"desktop":{"background-color":"var(--ast-global-color-4)","background-image":"","background-repeat":"repeat","background-position":"center center","background-size":"auto","background-attachment":"scroll","background-type":"","background-media":"","overlay-type":"","overlay-color":"","overlay-opacity":"","overlay-gradient":""},"tablet":{"background-color":"","background-image":"","background-repeat":"repeat","background-position":"center center","background-size":"auto","background-attachment":"scroll","background-type":"","background-media":"","overlay-type":"","overlay-color":"","overlay-opacity":"","overlay-gradient":""},"mobile":{"background-color":"","background-image":"","background-repeat":"repeat","background-position":"center center","background-size":"auto","background-attachment":"scroll","background-type":"","background-media":"","overlay-type":"","overlay-color":"","overlay-opacity":"","overlay-gradient":""}},"ast-content-background-meta":{"desktop":{"background-color":"var(--ast-global-color-5)","background-image":"","background-repeat":"repeat","background-position":"center center","background-size":"auto","background-attachment":"scroll","background-type":"","background-media":"","overlay-type":"","overlay-color":"","overlay-opacity":"","overlay-gradient":""},"tablet":{"background-color":"var(--ast-global-color-5)","background-image":"","background-repeat":"repeat","background-position":"center center","background-size":"auto","background-attachment":"scroll","background-type":"","background-media":"","overlay-type":"","overlay-color":"","overlay-opacity":"","overlay-gradient":""},"mobile":{"background-color":"var(--ast-global-color-5)","background-image":"","background-repeat":"repeat","background-position":"center center","background-size":"auto","background-attachment":"scroll","background-type":"","background-media":"","overlay-type":"","overlay-color":"","overlay-opacity":"","overlay-gradient":""}}},"product_brand":[],"product_cat":[476],"product_tag":[],"class_list":{"0":"post-6479","1":"product","2":"type-product","3":"status-publish","4":"has-post-thumbnail","6":"product_cat-folia-stretch","7":"desktop-align-left","8":"tablet-align-left","9":"mobile-align-left","10":"ast-product-gallery-layout-horizontal","11":"ast-product-tabs-layout-horizontal","13":"first","14":"instock","15":"shipping-taxable","16":"product-type-simple"},"_links":{"self":[{"href":"https:\/\/wimar.net\/en\/wp-json\/wp\/v2\/product\/6479","targetHints":{"allow":["GET"]}}],"collection":[{"href":"https:\/\/wimar.net\/en\/wp-json\/wp\/v2\/product"}],"about":[{"href":"https:\/\/wimar.net\/en\/wp-json\/wp\/v2\/types\/product"}],"version-history":[{"count":4,"href":"https:\/\/wimar.net\/en\/wp-json\/wp\/v2\/product\/6479\/revisions"}],"predecessor-version":[{"id":7525,"href":"https:\/\/wimar.net\/en\/wp-json\/wp\/v2\/product\/6479\/revisions\/7525"}],"wp:featuredmedia":[{"embeddable":true,"href":"https:\/\/wimar.net\/en\/wp-json\/wp\/v2\/media\/6480"}],"wp:attachment":[{"href":"https:\/\/wimar.net\/en\/wp-json\/wp\/v2\/media?parent=6479"}],"wp:term":[{"taxonomy":"product_brand","embeddable":true,"href":"https:\/\/wimar.net\/en\/wp-json\/wp\/v2\/product_brand?post=6479"},{"taxonomy":"product_cat","embeddable":true,"href":"https:\/\/wimar.net\/en\/wp-json\/wp\/v2\/product_cat?post=6479"},{"taxonomy":"product_tag","embeddable":true,"href":"https:\/\/wimar.net\/en\/wp-json\/wp\/v2\/product_tag?post=6479"}],"curies":[{"name":"wp","href":"https:\/\/api.w.org\/{rel}","templated":true}]}}