{"id":3093,"date":"2024-12-06T13:39:48","date_gmt":"2024-12-06T12:39:48","guid":{"rendered":"https:\/\/wimar.net\/?post_type=product&#038;p=3093"},"modified":"2025-03-18T09:53:45","modified_gmt":"2025-03-18T08:53:45","slug":"plandeka-pe-srebrno-brazowa-gruba-5x6m-210g-m2","status":"publish","type":"product","link":"https:\/\/wimar.net\/es\/producto\/plandeka-pe-srebrno-brazowa-gruba-5x6m-210g-m2\/","title":{"rendered":"Plandeka PE srebrno-br\u0105zowa gruba 5x6m 210g\/m2"},"content":{"rendered":"<h3>Plandeka PE gruba<\/h3>\n<p>La lona reforzada ofrece una amplia gama de aplicaciones, lo que le permite proteger y aislar una gran variedad de objetos, materiales, plantas y otros objetos de los efectos de la intemperie, tanto directos como indirectos.<\/p>\n<p>Su uso permite separar y proteger eficazmente cualquier zona u objeto de la lluvia, la humedad, las bajas temperaturas, el polvo, el viento o la luz solar.<\/p>\n<p>Las lonas se fabrican con materiales resistentes a la intemperie, los productos qu\u00edmicos y los da\u00f1os mec\u00e1nicos. Por eso se utilizan en obras, horticultura, industria y otros espacios p\u00fablicos y privados.<\/p>\n<h3><strong>Especificaciones del producto:<\/strong><\/h3>\n<ul>\n<li><strong>Tama\u00f1o:<\/strong> 5&#215;6 m<\/li>\n<li><strong>Gramaje:<\/strong> 210 g\/m\u00b2 (4 razy grubsza od standardowych plandek)<\/li>\n<li><strong>Material:<\/strong> Polietylen (PE) \u2013 trwa\u0142y, wodoodporny i odporny na czynniki atmosferyczne<\/li>\n<li><strong>Refuerzos:<\/strong> Brzegi wzmacniane dodatkow\u0105 warstw\u0105 oraz naro\u017cniki stabilizowane grubymi wstawkami z tworzywa sztucznego<\/li>\n<li><strong>Tolerancia dimensional:<\/strong> +\/- 5%<\/li>\n<\/ul>\n<h3><strong>Caracter\u00edsticas principales:<\/strong><\/h3>\n<ul>\n<li><strong>Resistencia a la intemperie:<\/strong> Chroni przed deszczem, wilgoci\u0105, wiatrem, kurzem i promieniowaniem UV.<\/li>\n<li><strong>Resistencia a las heladas:<\/strong> Doskonale sprawdza si\u0119 w niskich temperaturach.<\/li>\n<li><strong>Resistencia al agua:<\/strong> Skutecznie zabezpiecza przed wilgoci\u0105 i przeciekaniem.<\/li>\n<li><strong>Persistencia:<\/strong> Wytrzyma\u0142a konstrukcja zapewnia niezawodne u\u017cytkowanie przez kilka sezon\u00f3w.<\/li>\n<li><strong>Versatilidad:<\/strong> Nadaje si\u0119 do r\u00f3\u017cnorodnych zastosowa\u0144 w domu, ogrodzie, przemy\u015ble i na budowie.<\/li>\n<li><strong>\u0141atwo\u015b\u0107 utrzymania:<\/strong> Prosta w czyszczeniu, zawsze gotowa do u\u017cycia.<\/li>\n<\/ul>\n<h3><strong>Aplicaci\u00f3n:<\/strong><\/h3>\n<ul>\n<li>Ochrony drewna, mebli ogrodowych i materia\u0142\u00f3w budowlanych.<\/li>\n<li>Zabezpieczenia materia\u0142\u00f3w rolniczych, ogrodniczych i sadowniczych.<\/li>\n<li>Os\u0142ony pojazd\u00f3w, motocykli, \u0142odzi, przyczep i maszyn.<\/li>\n<li>Pokrywania wiat, altan, basen\u00f3w i innych przestrzeni zewn\u0119trznych.<\/li>\n<\/ul>\n<h3><strong>\u00bfPor qu\u00e9 elegir esta lona?<\/strong><\/h3>\n<p>Dzi\u0119ki zwi\u0119kszonej gramaturze i zastosowaniu wysokiej jako\u015bci materia\u0142\u00f3w, plandeka zapewnia wyj\u0105tkow\u0105 trwa\u0142o\u015b\u0107 i niezawodn\u0105 ochron\u0119. Jest odporna na uszkodzenia mechaniczne, czynniki chemiczne oraz trudne warunki pogodowe, co czyni j\u0105 idealnym wyborem do r\u00f3\u017cnorodnych zastosowa\u0144.<\/p>\n<p>Zapewnij swoim przedmiotom niezawodn\u0105 ochron\u0119 z plandek\u0105 wzmacnian\u0105 \u2013 rozwi\u0105zaniem stworzonym z my\u015bl\u0105 o trwa\u0142o\u015bci i uniwersalno\u015bci!<\/p>","protected":false},"excerpt":{"rendered":"<p>Plandeka PE gruba Wzmocniona plandeka oferuje szerokie mo\u017cliwo\u015bci zastosowania, umo\u017cliwiaj\u0105c ochron\u0119 i izolacj\u0119 r\u00f3\u017cnorodnych przedmiot\u00f3w, materia\u0142\u00f3w, ro\u015blin oraz innych obiekt\u00f3w przed wp\u0142ywem czynnik\u00f3w atmosferycznych, zar\u00f3wno bezpo\u015brednich, jak i po\u015brednich. Jej u\u017cycie pozwala skutecznie oddzieli\u0107 i zabezpieczy\u0107 dowolny obszar lub przedmiot przed deszczem, wilgoci\u0105, niskimi temperaturami, kurzem, wiatrem czy promieniowaniem s\u0142onecznym. Plandeki s\u0105 produkowane z materia\u0142\u00f3w [&hellip;]<\/p>","protected":false},"featured_media":3094,"template":"","meta":{"site-sidebar-layout":"default","site-content-layout":"","ast-site-content-layout":"default","site-content-style":"default","site-sidebar-style":"default","ast-global-header-display":"","ast-banner-title-visibility":"","ast-main-header-display":"","ast-hfb-above-header-display":"","ast-hfb-below-header-display":"","ast-hfb-mobile-header-display":"","site-post-title":"","ast-breadcrumbs-content":"","ast-featured-img":"","footer-sml-layout":"","theme-transparent-header-meta":"default","adv-header-id-meta":"","stick-header-meta":"default","header-above-stick-meta":"","header-main-stick-meta":"","header-below-stick-meta":"","astra-migrate-meta-layouts":"set","ast-page-background-enabled":"default","ast-page-background-meta":{"desktop":{"background-color":"var(--ast-global-color-4)","background-image":"","background-repeat":"repeat","background-position":"center center","background-size":"auto","background-attachment":"scroll","background-type":"","background-media":"","overlay-type":"","overlay-color":"","overlay-opacity":"","overlay-gradient":""},"tablet":{"background-color":"","background-image":"","background-repeat":"repeat","background-position":"center center","background-size":"auto","background-attachment":"scroll","background-type":"","background-media":"","overlay-type":"","overlay-color":"","overlay-opacity":"","overlay-gradient":""},"mobile":{"background-color":"","background-image":"","background-repeat":"repeat","background-position":"center center","background-size":"auto","background-attachment":"scroll","background-type":"","background-media":"","overlay-type":"","overlay-color":"","overlay-opacity":"","overlay-gradient":""}},"ast-content-background-meta":{"desktop":{"background-color":"var(--ast-global-color-5)","background-image":"","background-repeat":"repeat","background-position":"center center","background-size":"auto","background-attachment":"scroll","background-type":"","background-media":"","overlay-type":"","overlay-color":"","overlay-opacity":"","overlay-gradient":""},"tablet":{"background-color":"var(--ast-global-color-5)","background-image":"","background-repeat":"repeat","background-position":"center center","background-size":"auto","background-attachment":"scroll","background-type":"","background-media":"","overlay-type":"","overlay-color":"","overlay-opacity":"","overlay-gradient":""},"mobile":{"background-color":"var(--ast-global-color-5)","background-image":"","background-repeat":"repeat","background-position":"center center","background-size":"auto","background-attachment":"scroll","background-type":"","background-media":"","overlay-type":"","overlay-color":"","overlay-opacity":"","overlay-gradient":""}}},"product_brand":[],"product_cat":[184],"product_tag":[],"class_list":{"0":"post-3093","1":"product","2":"type-product","3":"status-publish","4":"has-post-thumbnail","6":"product_cat-plandeka-srebrno-brazowa-gruba-210-g-m2","7":"desktop-align-left","8":"tablet-align-left","9":"mobile-align-left","10":"ast-product-gallery-layout-horizontal","11":"ast-product-tabs-layout-horizontal","13":"first","14":"instock","15":"shipping-taxable","16":"product-type-simple"},"_links":{"self":[{"href":"https:\/\/wimar.net\/es\/wp-json\/wp\/v2\/product\/3093","targetHints":{"allow":["GET"]}}],"collection":[{"href":"https:\/\/wimar.net\/es\/wp-json\/wp\/v2\/product"}],"about":[{"href":"https:\/\/wimar.net\/es\/wp-json\/wp\/v2\/types\/product"}],"version-history":[{"count":2,"href":"https:\/\/wimar.net\/es\/wp-json\/wp\/v2\/product\/3093\/revisions"}],"predecessor-version":[{"id":5504,"href":"https:\/\/wimar.net\/es\/wp-json\/wp\/v2\/product\/3093\/revisions\/5504"}],"wp:featuredmedia":[{"embeddable":true,"href":"https:\/\/wimar.net\/es\/wp-json\/wp\/v2\/media\/3094"}],"wp:attachment":[{"href":"https:\/\/wimar.net\/es\/wp-json\/wp\/v2\/media?parent=3093"}],"wp:term":[{"taxonomy":"product_brand","embeddable":true,"href":"https:\/\/wimar.net\/es\/wp-json\/wp\/v2\/product_brand?post=3093"},{"taxonomy":"product_cat","embeddable":true,"href":"https:\/\/wimar.net\/es\/wp-json\/wp\/v2\/product_cat?post=3093"},{"taxonomy":"product_tag","embeddable":true,"href":"https:\/\/wimar.net\/es\/wp-json\/wp\/v2\/product_tag?post=3093"}],"curies":[{"name":"wp","href":"https:\/\/api.w.org\/{rel}","templated":true}]}}