{"id":3268,"date":"2024-12-09T08:58:22","date_gmt":"2024-12-09T07:58:22","guid":{"rendered":"https:\/\/wimar.net\/?post_type=product&#038;p=3268"},"modified":"2025-03-18T11:48:06","modified_gmt":"2025-03-18T10:48:06","slug":"plandeka-pe-maskujaca-moro-5x5m-90g-m2","status":"publish","type":"product","link":"https:\/\/wimar.net\/es\/producto\/plandeka-pe-maskujaca-moro-5x5m-90g-m2\/","title":{"rendered":"Plandeka PE maskuj\u0105ca moro 5x5m 90g\/m2"},"content":{"rendered":"<h3>Lona de enmascarar PE<\/h3>\n<p>Plandeka PE maskuj\u0105ca moro 5 x 5 m o gramaturze 90 g\/m\u00b2 to solidne i uniwersalne rozwi\u0105zanie do zabezpieczania przedmiot\u00f3w w ogrodzie, na dzia\u0142ce, podczas biwak\u00f3w czy prac budowlanych. Wykonana z wytrzyma\u0142ego polietylenu, doskonale sprawdza si\u0119 w r\u00f3\u017cnych warunkach atmosferycznych, zapewniaj\u0105c skuteczn\u0105 ochron\u0119 przed deszczem, s\u0142o\u0144cem i wiatrem.<\/p>\n<h3><strong>Especificaciones del producto:<\/strong><\/h3>\n<ul>\n<li><strong>Tama\u00f1o:<\/strong> 5&#215;5 m<\/li>\n<li><strong>Gramaje:<\/strong> 90 g\/m<\/li>\n<li><strong>Material:<\/strong> Polietileno (PE) de alta calidad: duradero, impermeable y resistente al moho<\/li>\n<li><strong>Refuerzos:<\/strong> Cantos y esquinas dobles protegidos con una capa adicional de material<\/li>\n<li><strong>Adjunto:<\/strong> Ojales de aluminio espaciados a intervalos de aproximadamente 1 m alrededor del per\u00edmetro<\/li>\n<li><strong>Tolerancia dimensional:<\/strong> +\/- 5%<\/li>\n<\/ul>\n<h3><strong>Caracter\u00edsticas principales:<\/strong><\/h3>\n<ul>\n<li><strong>Patr\u00f3n de camuflaje moro:<\/strong> Ideal para aplicaciones en espacios abiertos, aporta discreci\u00f3n y se integra en el entorno natural.<\/li>\n<li><strong>Resistencia a la intemperie:<\/strong> Protege de la lluvia, el viento, el sol y la humedad.<\/li>\n<li><strong>Resistencia al agua:<\/strong> Protege eficazmente los objetos de las fugas.<\/li>\n<li><strong>Facilidad de mantenimiento:<\/strong> El material es f\u00e1cil de limpiar y resistente al moho.<\/li>\n<li><strong>Versatilidad:<\/strong> Perfecta tanto para uso dom\u00e9stico como profesional.<\/li>\n<\/ul>\n<h3><strong>Aplicaci\u00f3n:<\/strong><\/h3>\n<ul>\n<li><strong>Al aire libre:<\/strong> Protecci\u00f3n durante acampadas, campamentos y otras actividades al aire libre.<\/li>\n<li><strong>Transporte y almacenamiento:<\/strong> Asegurar coches, remolques, barcos o material agr\u00edcola.<\/li>\n<li><strong>Casa y jard\u00edn:<\/strong> Cubrir muebles de jard\u00edn, le\u00f1a o una piscina.<\/li>\n<li><strong>Construcci\u00f3n y renovaci\u00f3n:<\/strong> Uso profesional durante obras de construcci\u00f3n o renovaci\u00f3n.<\/li>\n<\/ul>\n<h3><strong>\u00bfPor qu\u00e9 elegir esta lona?<\/strong><\/h3>\n<p>Gracias a su gran durabilidad, resistencia al agua y bordes reforzados, la lona de moro de camuflaje garantiza una protecci\u00f3n duradera en todas las condiciones. Su versatilidad y dise\u00f1o est\u00e9tico la hacen indispensable tanto en casa como en el jard\u00edn y el campo.<\/p>\n<p>Proteja sus objetos de forma fiable con una lona de camuflaje.<\/p>","protected":false},"excerpt":{"rendered":"<p>Plandeka PE maskuj\u0105ca Plandeka PE maskuj\u0105ca moro 5 x 5 m o gramaturze 90 g\/m\u00b2 to solidne i uniwersalne rozwi\u0105zanie do zabezpieczania przedmiot\u00f3w w ogrodzie, na dzia\u0142ce, podczas biwak\u00f3w czy prac budowlanych. Wykonana z wytrzyma\u0142ego polietylenu, doskonale sprawdza si\u0119 w r\u00f3\u017cnych warunkach atmosferycznych, zapewniaj\u0105c skuteczn\u0105 ochron\u0119 przed deszczem, s\u0142o\u0144cem i wiatrem. Specyfikacja produktu: Rozmiar: 5&#215;5 [&hellip;]<\/p>","protected":false},"featured_media":3233,"template":"","meta":{"site-sidebar-layout":"default","site-content-layout":"","ast-site-content-layout":"default","site-content-style":"default","site-sidebar-style":"default","ast-global-header-display":"","ast-banner-title-visibility":"","ast-main-header-display":"","ast-hfb-above-header-display":"","ast-hfb-below-header-display":"","ast-hfb-mobile-header-display":"","site-post-title":"","ast-breadcrumbs-content":"","ast-featured-img":"","footer-sml-layout":"","theme-transparent-header-meta":"default","adv-header-id-meta":"","stick-header-meta":"default","header-above-stick-meta":"","header-main-stick-meta":"","header-below-stick-meta":"","astra-migrate-meta-layouts":"set","ast-page-background-enabled":"default","ast-page-background-meta":{"desktop":{"background-color":"var(--ast-global-color-4)","background-image":"","background-repeat":"repeat","background-position":"center center","background-size":"auto","background-attachment":"scroll","background-type":"","background-media":"","overlay-type":"","overlay-color":"","overlay-opacity":"","overlay-gradient":""},"tablet":{"background-color":"","background-image":"","background-repeat":"repeat","background-position":"center center","background-size":"auto","background-attachment":"scroll","background-type":"","background-media":"","overlay-type":"","overlay-color":"","overlay-opacity":"","overlay-gradient":""},"mobile":{"background-color":"","background-image":"","background-repeat":"repeat","background-position":"center center","background-size":"auto","background-attachment":"scroll","background-type":"","background-media":"","overlay-type":"","overlay-color":"","overlay-opacity":"","overlay-gradient":""}},"ast-content-background-meta":{"desktop":{"background-color":"var(--ast-global-color-5)","background-image":"","background-repeat":"repeat","background-position":"center center","background-size":"auto","background-attachment":"scroll","background-type":"","background-media":"","overlay-type":"","overlay-color":"","overlay-opacity":"","overlay-gradient":""},"tablet":{"background-color":"var(--ast-global-color-5)","background-image":"","background-repeat":"repeat","background-position":"center center","background-size":"auto","background-attachment":"scroll","background-type":"","background-media":"","overlay-type":"","overlay-color":"","overlay-opacity":"","overlay-gradient":""},"mobile":{"background-color":"var(--ast-global-color-5)","background-image":"","background-repeat":"repeat","background-position":"center center","background-size":"auto","background-attachment":"scroll","background-type":"","background-media":"","overlay-type":"","overlay-color":"","overlay-opacity":"","overlay-gradient":""}}},"product_brand":[],"product_cat":[179],"product_tag":[],"class_list":{"0":"post-3268","1":"product","2":"type-product","3":"status-publish","4":"has-post-thumbnail","6":"product_cat-plandeka-maskujaca-kamuflazowa-90-g-m2","7":"desktop-align-left","8":"tablet-align-left","9":"mobile-align-left","10":"ast-product-gallery-layout-horizontal","11":"ast-product-tabs-layout-horizontal","13":"first","14":"instock","15":"shipping-taxable","16":"product-type-simple"},"_links":{"self":[{"href":"https:\/\/wimar.net\/es\/wp-json\/wp\/v2\/product\/3268","targetHints":{"allow":["GET"]}}],"collection":[{"href":"https:\/\/wimar.net\/es\/wp-json\/wp\/v2\/product"}],"about":[{"href":"https:\/\/wimar.net\/es\/wp-json\/wp\/v2\/types\/product"}],"version-history":[{"count":2,"href":"https:\/\/wimar.net\/es\/wp-json\/wp\/v2\/product\/3268\/revisions"}],"predecessor-version":[{"id":5606,"href":"https:\/\/wimar.net\/es\/wp-json\/wp\/v2\/product\/3268\/revisions\/5606"}],"wp:featuredmedia":[{"embeddable":true,"href":"https:\/\/wimar.net\/es\/wp-json\/wp\/v2\/media\/3233"}],"wp:attachment":[{"href":"https:\/\/wimar.net\/es\/wp-json\/wp\/v2\/media?parent=3268"}],"wp:term":[{"taxonomy":"product_brand","embeddable":true,"href":"https:\/\/wimar.net\/es\/wp-json\/wp\/v2\/product_brand?post=3268"},{"taxonomy":"product_cat","embeddable":true,"href":"https:\/\/wimar.net\/es\/wp-json\/wp\/v2\/product_cat?post=3268"},{"taxonomy":"product_tag","embeddable":true,"href":"https:\/\/wimar.net\/es\/wp-json\/wp\/v2\/product_tag?post=3268"}],"curies":[{"name":"wp","href":"https:\/\/api.w.org\/{rel}","templated":true}]}}