{"id":3481,"date":"2024-12-09T12:42:07","date_gmt":"2024-12-09T11:42:07","guid":{"rendered":"https:\/\/wimar.net\/?post_type=product&#038;p=3481"},"modified":"2025-03-18T14:24:41","modified_gmt":"2025-03-18T13:24:41","slug":"plandeka-pe-srebrna-mocna-5x8m-110g-m2","status":"publish","type":"product","link":"https:\/\/wimar.net\/es\/producto\/plandeka-pe-srebrna-mocna-5x8m-110g-m2\/","title":{"rendered":"Plandeka PE srebrna mocna 5x8m 110g\/m2"},"content":{"rendered":"<h3>Lona de PE para cargas pesadas<\/h3>\n<p>La lona reforzada ofrece una amplia gama de aplicaciones, lo que le permite proteger y aislar una gran variedad de objetos, materiales, plantas y otros objetos de los efectos de la intemperie, tanto directos como indirectos.<\/p>\n<p>Su uso permite separar y proteger eficazmente cualquier zona u objeto de la lluvia, la humedad, las bajas temperaturas, el polvo, el viento o la luz solar.<\/p>\n<p>Las lonas se fabrican con materiales resistentes a la intemperie, los productos qu\u00edmicos y los da\u00f1os mec\u00e1nicos. Por eso se utilizan en obras, horticultura, industria y otros espacios p\u00fablicos y privados.<\/p>\n<h3><strong>Especificaciones del producto:<\/strong><\/h3>\n<ul>\n<li><strong>Tama\u00f1o:<\/strong> 5&#215;8 m<\/li>\n<li><strong>Gramaje:<\/strong> 110 g\/m<\/li>\n<li><strong>Material:<\/strong> Polietileno de alta calidad: duradero, impermeable, resistente a los da\u00f1os y a la intemperie<\/li>\n<li><strong>Refuerzos:<\/strong> Bordes y esquinas resistentes reforzados con gruesos insertos de pl\u00e1stico<\/li>\n<li><strong>Tolerancia dimensional:<\/strong> +\/- 5%<\/li>\n<\/ul>\n<h3><strong>Caracter\u00edsticas principales:<\/strong><\/h3>\n<ul>\n<li><strong>Versatilidad:<\/strong> Ideal para cubrir una gran variedad de art\u00edculos, materiales y objetos.<\/li>\n<li><strong>Resistencia a la intemperie:<\/strong> Protecci\u00f3n contra la lluvia, la humedad, el polvo, el viento y los rayos UV.<\/li>\n<li><strong>Resistencia a las heladas:<\/strong> Adaptado para su uso en temperaturas bajo cero.<\/li>\n<li><strong>Resistencia al agua:<\/strong> Una eficaz barrera contra la humedad, f\u00e1cil de limpiar.<\/li>\n<li><strong>Persistencia:<\/strong> Su construcci\u00f3n de alta calidad garantiza un uso duradero.<\/li>\n<\/ul>\n<h3><strong>Aplicaci\u00f3n:<\/strong><\/h3>\n<ul>\n<li>Protecci\u00f3n de la madera, los muebles y los materiales de construcci\u00f3n.<\/li>\n<li>Aseguramiento de materiales agr\u00edcolas, hort\u00edcolas y de huerta.<\/li>\n<li>Cubre veh\u00edculos, motocicletas, embarcaciones y maquinaria.<\/li>\n<li>Cubrir marquesinas, piscinas y otros espacios exteriores.<\/li>\n<\/ul>\n<h3><strong>\u00bfPor qu\u00e9 elegir esta lona?<\/strong><\/h3>\n<p>Gracias a su robusta construcci\u00f3n y a su resistencia a las inclemencias meteorol\u00f3gicas, la lona es una soluci\u00f3n fiable para el hogar, el jard\u00edn, las obras y la industria. F\u00e1cil de usar y multifuncional, proporciona una protecci\u00f3n duradera para todo tipo de objetos.<\/p>","protected":false},"excerpt":{"rendered":"<p>Plandeka PE mocna Wzmocniona plandeka oferuje szerokie mo\u017cliwo\u015bci zastosowania, umo\u017cliwiaj\u0105c ochron\u0119 i izolacj\u0119 r\u00f3\u017cnorodnych przedmiot\u00f3w, materia\u0142\u00f3w, ro\u015blin oraz innych obiekt\u00f3w przed wp\u0142ywem czynnik\u00f3w atmosferycznych, zar\u00f3wno bezpo\u015brednich, jak i po\u015brednich. Jej u\u017cycie pozwala skutecznie oddzieli\u0107 i zabezpieczy\u0107 dowolny obszar lub przedmiot przed deszczem, wilgoci\u0105, niskimi temperaturami, kurzem, wiatrem czy promieniowaniem s\u0142onecznym. Plandeki s\u0105 produkowane z materia\u0142\u00f3w [&hellip;]<\/p>","protected":false},"featured_media":3003,"template":"","meta":{"site-sidebar-layout":"default","site-content-layout":"","ast-site-content-layout":"default","site-content-style":"default","site-sidebar-style":"default","ast-global-header-display":"","ast-banner-title-visibility":"","ast-main-header-display":"","ast-hfb-above-header-display":"","ast-hfb-below-header-display":"","ast-hfb-mobile-header-display":"","site-post-title":"","ast-breadcrumbs-content":"","ast-featured-img":"","footer-sml-layout":"","theme-transparent-header-meta":"default","adv-header-id-meta":"","stick-header-meta":"default","header-above-stick-meta":"","header-main-stick-meta":"","header-below-stick-meta":"","astra-migrate-meta-layouts":"set","ast-page-background-enabled":"default","ast-page-background-meta":{"desktop":{"background-color":"var(--ast-global-color-4)","background-image":"","background-repeat":"repeat","background-position":"center center","background-size":"auto","background-attachment":"scroll","background-type":"","background-media":"","overlay-type":"","overlay-color":"","overlay-opacity":"","overlay-gradient":""},"tablet":{"background-color":"","background-image":"","background-repeat":"repeat","background-position":"center center","background-size":"auto","background-attachment":"scroll","background-type":"","background-media":"","overlay-type":"","overlay-color":"","overlay-opacity":"","overlay-gradient":""},"mobile":{"background-color":"","background-image":"","background-repeat":"repeat","background-position":"center center","background-size":"auto","background-attachment":"scroll","background-type":"","background-media":"","overlay-type":"","overlay-color":"","overlay-opacity":"","overlay-gradient":""}},"ast-content-background-meta":{"desktop":{"background-color":"var(--ast-global-color-5)","background-image":"","background-repeat":"repeat","background-position":"center center","background-size":"auto","background-attachment":"scroll","background-type":"","background-media":"","overlay-type":"","overlay-color":"","overlay-opacity":"","overlay-gradient":""},"tablet":{"background-color":"var(--ast-global-color-5)","background-image":"","background-repeat":"repeat","background-position":"center center","background-size":"auto","background-attachment":"scroll","background-type":"","background-media":"","overlay-type":"","overlay-color":"","overlay-opacity":"","overlay-gradient":""},"mobile":{"background-color":"var(--ast-global-color-5)","background-image":"","background-repeat":"repeat","background-position":"center center","background-size":"auto","background-attachment":"scroll","background-type":"","background-media":"","overlay-type":"","overlay-color":"","overlay-opacity":"","overlay-gradient":""}}},"product_brand":[],"product_cat":[181],"product_tag":[],"class_list":{"0":"post-3481","1":"product","2":"type-product","3":"status-publish","4":"has-post-thumbnail","6":"product_cat-plandeka-srebrna-mocna-110-g-m2","7":"desktop-align-left","8":"tablet-align-left","9":"mobile-align-left","10":"ast-product-gallery-layout-horizontal","11":"ast-product-tabs-layout-horizontal","13":"first","14":"instock","15":"shipping-taxable","16":"product-type-simple"},"_links":{"self":[{"href":"https:\/\/wimar.net\/es\/wp-json\/wp\/v2\/product\/3481","targetHints":{"allow":["GET"]}}],"collection":[{"href":"https:\/\/wimar.net\/es\/wp-json\/wp\/v2\/product"}],"about":[{"href":"https:\/\/wimar.net\/es\/wp-json\/wp\/v2\/types\/product"}],"version-history":[{"count":3,"href":"https:\/\/wimar.net\/es\/wp-json\/wp\/v2\/product\/3481\/revisions"}],"predecessor-version":[{"id":7458,"href":"https:\/\/wimar.net\/es\/wp-json\/wp\/v2\/product\/3481\/revisions\/7458"}],"wp:featuredmedia":[{"embeddable":true,"href":"https:\/\/wimar.net\/es\/wp-json\/wp\/v2\/media\/3003"}],"wp:attachment":[{"href":"https:\/\/wimar.net\/es\/wp-json\/wp\/v2\/media?parent=3481"}],"wp:term":[{"taxonomy":"product_brand","embeddable":true,"href":"https:\/\/wimar.net\/es\/wp-json\/wp\/v2\/product_brand?post=3481"},{"taxonomy":"product_cat","embeddable":true,"href":"https:\/\/wimar.net\/es\/wp-json\/wp\/v2\/product_cat?post=3481"},{"taxonomy":"product_tag","embeddable":true,"href":"https:\/\/wimar.net\/es\/wp-json\/wp\/v2\/product_tag?post=3481"}],"curies":[{"name":"wp","href":"https:\/\/api.w.org\/{rel}","templated":true}]}}