{"id":4425,"date":"2025-02-20T12:18:29","date_gmt":"2025-02-20T11:18:29","guid":{"rendered":"https:\/\/wimar.net\/?post_type=product&#038;p=4425"},"modified":"2025-02-20T12:30:38","modified_gmt":"2025-02-20T11:30:38","slug":"siatka-do-belowania-bel-slomy-protector-eco-123cmx3000m","status":"publish","type":"product","link":"https:\/\/wimar.net\/es\/producto\/siatka-do-belowania-bel-slomy-protector-eco-123cmx3000m\/","title":{"rendered":"Red para empacar paja Protector Eco 123cmx3000m"},"content":{"rendered":"<h3 data-start=\"0\" data-end=\"65\">Siatka do owijania bel Protector Eco<\/h3>\n<p data-start=\"58\" data-end=\"381\">Siatka do owijania bel Protector Eco 123cm x 3000m to idealne rozwi\u0105zanie dla ka\u017cdego rolnika, kt\u00f3ry ceni sobie jako\u015b\u0107 i efektywno\u015b\u0107. Dzi\u0119ki swojej lekkiej konstrukcji, siatka jest nie tylko ekonomiczna, ale tak\u017ce niezwykle \u0142atwa w u\u017cyciu. Zapewnia pe\u0142ne, jednolite i powtarzalne pokrycie beli, jednocze\u015bnie umo\u017cliwiaj\u0105c szybki proces prasowania. Nadaje si\u0119 do wszystkich rodzaj\u00f3w plon\u00f3w (sianokiszonka, siano, s\u0142oma, \u0142odygi kukurydzy, kukurydza) i dzia\u0142a w ka\u017cdych warunkach pogodowych.<\/p>\n<h3 data-start=\"383\" data-end=\"413\"><strong data-start=\"387\" data-end=\"411\">Caracter\u00edsticas principales:<\/strong><\/h3>\n<ul>\n<li><strong data-start=\"362\" data-end=\"375\">Persistencia:<\/strong> Wykonana z wysokiej jako\u015bci w\u0142\u00f3kien polipropylenowych, odpornych na zerwanie i warunki atmosferyczne.<\/li>\n<li><strong data-start=\"482\" data-end=\"513\">Przepuszczalno\u015b\u0107 powietrza:<\/strong> Zapewnia w\u0142a\u015bciw\u0105 wentylacj\u0119, zapobiegaj\u0105c zawilgoceniu siana.<\/li>\n<li><strong data-start=\"581\" data-end=\"605\">Ekonomiczne zu\u017cycie:<\/strong> Optymalna struktura siatki i s<span class=\"elementor-icon-list-text\">ystem ostrzegawczy ko\u0144ca rolki przy pozosta\u0142ych 50m, <\/span>pozwala na r\u00f3wnomierne i stabilne owini\u0119cie beli, zmniejszaj\u0105c straty paszy.<\/li>\n<li><strong data-start=\"807\" data-end=\"849\">Ochrona przed czynnikami zewn\u0119trznymi:<\/strong> Chroni siano przed deszczem, \u015bniegiem i wiatrem, co wyd\u0142u\u017ca jego trwa\u0142o\u015b\u0107.<i class=\"fas fa-square\" aria-hidden=\"true\"><\/i><i class=\"fas fa-square\" aria-hidden=\"true\"><\/i><\/li>\n<li><strong>Anchura:<\/strong> 123 cm<\/li>\n<li><strong>Longitud:<\/strong> 3000 m<\/li>\n<li><strong>Resiliencia:<\/strong> 250 kg<\/li>\n<li><strong>Pakowanie:<\/strong> 28 rolek na palecie<\/li>\n<\/ul>\n<h3 data-start=\"890\" data-end=\"913\"><strong data-start=\"894\" data-end=\"911\">Aplicaci\u00f3n:<\/strong><\/h3>\n<ul>\n<li><strong data-start=\"955\" data-end=\"985\">Owijanie bel siana i s\u0142omy<\/strong> \u2013 zapewnia stabilno\u015b\u0107 i ochron\u0119 paszy w czasie przechowywania i transportu.<\/li>\n<li><strong data-start=\"1067\" data-end=\"1096\">Minimalizacja strat paszy<\/strong> \u2013 ogranicza rozsypywanie si\u0119 siana, co przek\u0142ada si\u0119 na wi\u0119ksz\u0105 efektywno\u015b\u0107 gospodarowania.<\/li>\n<li><strong data-start=\"1194\" data-end=\"1211\">Uniwersalno\u015b\u0107<\/strong> \u2013 k<span class=\"elementor-icon-list-text\">ompatybilna ze wszystkimi prasami okr\u0105g\u0142ymi<\/span><\/li>\n<li><strong data-start=\"1266\" data-end=\"1295\" data-is-only-node=\"\">Ochrona przed szkodnikami<\/strong> \u2013 redukuje dost\u0119p gryzoni i ptak\u00f3w do paszy.<\/li>\n<\/ul>\n<h3 data-start=\"1344\" data-end=\"1399\"><strong data-start=\"1348\" data-end=\"1397\">Dlaczego warto wybra\u0107 siatk\u0119 do owijania bel?<\/strong><\/h3>\n<p data-start=\"1400\" data-end=\"1724\">Siatka do belowania to kluczowy element w ka\u017cdym gospodarstwie rolnym. Zapewnia oszcz\u0119dno\u015b\u0107 czasu, zmniejsza straty paszy i u\u0142atwia przechowywanie siana. Dzi\u0119ki swojej trwa\u0142o\u015bci i odporno\u015bci na warunki atmosferyczne, gwarantuje d\u0142ugotrwa\u0142\u0105 ochron\u0119 paszy, a jej lekka, ale mocna struktura sprawia, \u017ce jest wygodna w u\u017cyciu.<\/p>","protected":false},"excerpt":{"rendered":"<p>Siatka do owijania bel Protector Eco Siatka do owijania bel Protector Eco 123cm x 3000m to idealne rozwi\u0105zanie dla ka\u017cdego rolnika, kt\u00f3ry ceni sobie jako\u015b\u0107 i efektywno\u015b\u0107. Dzi\u0119ki swojej lekkiej konstrukcji, siatka jest nie tylko ekonomiczna, ale tak\u017ce niezwykle \u0142atwa w u\u017cyciu. Zapewnia pe\u0142ne, jednolite i powtarzalne pokrycie beli, jednocze\u015bnie umo\u017cliwiaj\u0105c szybki proces prasowania. Nadaje [&hellip;]<\/p>","protected":false},"featured_media":4423,"template":"","meta":{"site-sidebar-layout":"default","site-content-layout":"","ast-site-content-layout":"default","site-content-style":"default","site-sidebar-style":"default","ast-global-header-display":"","ast-banner-title-visibility":"","ast-main-header-display":"","ast-hfb-above-header-display":"","ast-hfb-below-header-display":"","ast-hfb-mobile-header-display":"","site-post-title":"","ast-breadcrumbs-content":"","ast-featured-img":"","footer-sml-layout":"","theme-transparent-header-meta":"default","adv-header-id-meta":"","stick-header-meta":"default","header-above-stick-meta":"","header-main-stick-meta":"","header-below-stick-meta":"","astra-migrate-meta-layouts":"set","ast-page-background-enabled":"default","ast-page-background-meta":{"desktop":{"background-color":"var(--ast-global-color-4)","background-image":"","background-repeat":"repeat","background-position":"center center","background-size":"auto","background-attachment":"scroll","background-type":"","background-media":"","overlay-type":"","overlay-color":"","overlay-opacity":"","overlay-gradient":""},"tablet":{"background-color":"","background-image":"","background-repeat":"repeat","background-position":"center center","background-size":"auto","background-attachment":"scroll","background-type":"","background-media":"","overlay-type":"","overlay-color":"","overlay-opacity":"","overlay-gradient":""},"mobile":{"background-color":"","background-image":"","background-repeat":"repeat","background-position":"center center","background-size":"auto","background-attachment":"scroll","background-type":"","background-media":"","overlay-type":"","overlay-color":"","overlay-opacity":"","overlay-gradient":""}},"ast-content-background-meta":{"desktop":{"background-color":"var(--ast-global-color-5)","background-image":"","background-repeat":"repeat","background-position":"center center","background-size":"auto","background-attachment":"scroll","background-type":"","background-media":"","overlay-type":"","overlay-color":"","overlay-opacity":"","overlay-gradient":""},"tablet":{"background-color":"var(--ast-global-color-5)","background-image":"","background-repeat":"repeat","background-position":"center center","background-size":"auto","background-attachment":"scroll","background-type":"","background-media":"","overlay-type":"","overlay-color":"","overlay-opacity":"","overlay-gradient":""},"mobile":{"background-color":"var(--ast-global-color-5)","background-image":"","background-repeat":"repeat","background-position":"center center","background-size":"auto","background-attachment":"scroll","background-type":"","background-media":"","overlay-type":"","overlay-color":"","overlay-opacity":"","overlay-gradient":""}}},"product_brand":[],"product_cat":[213],"product_tag":[],"class_list":{"0":"post-4425","1":"product","2":"type-product","3":"status-publish","4":"has-post-thumbnail","6":"product_cat-siatka-rolnicza-do-owijania-bel-siana-i-slomy","7":"desktop-align-left","8":"tablet-align-left","9":"mobile-align-left","10":"ast-product-gallery-layout-horizontal","11":"ast-product-tabs-layout-horizontal","13":"first","14":"instock","15":"shipping-taxable","16":"product-type-simple"},"_links":{"self":[{"href":"https:\/\/wimar.net\/es\/wp-json\/wp\/v2\/product\/4425","targetHints":{"allow":["GET"]}}],"collection":[{"href":"https:\/\/wimar.net\/es\/wp-json\/wp\/v2\/product"}],"about":[{"href":"https:\/\/wimar.net\/es\/wp-json\/wp\/v2\/types\/product"}],"version-history":[{"count":3,"href":"https:\/\/wimar.net\/es\/wp-json\/wp\/v2\/product\/4425\/revisions"}],"predecessor-version":[{"id":4435,"href":"https:\/\/wimar.net\/es\/wp-json\/wp\/v2\/product\/4425\/revisions\/4435"}],"wp:featuredmedia":[{"embeddable":true,"href":"https:\/\/wimar.net\/es\/wp-json\/wp\/v2\/media\/4423"}],"wp:attachment":[{"href":"https:\/\/wimar.net\/es\/wp-json\/wp\/v2\/media?parent=4425"}],"wp:term":[{"taxonomy":"product_brand","embeddable":true,"href":"https:\/\/wimar.net\/es\/wp-json\/wp\/v2\/product_brand?post=4425"},{"taxonomy":"product_cat","embeddable":true,"href":"https:\/\/wimar.net\/es\/wp-json\/wp\/v2\/product_cat?post=4425"},{"taxonomy":"product_tag","embeddable":true,"href":"https:\/\/wimar.net\/es\/wp-json\/wp\/v2\/product_tag?post=4425"}],"curies":[{"name":"wp","href":"https:\/\/api.w.org\/{rel}","templated":true}]}}