{"id":4624,"date":"2025-02-25T10:40:37","date_gmt":"2025-02-25T09:40:37","guid":{"rendered":"https:\/\/wimar.net\/?post_type=product&#038;p=4624"},"modified":"2025-03-25T08:52:34","modified_gmt":"2025-03-25T07:52:34","slug":"tasmy-max-tape-25-do-tapenerow-do-spinania-roslin","status":"publish","type":"product","link":"https:\/\/wimar.net\/es\/producto\/tasmy-max-tape-25-do-tapenerow-do-spinania-roslin\/","title":{"rendered":"Max Tape-25 para tapeners"},"content":{"rendered":"<h3 data-start=\"0\" data-end=\"51\">Ta\u015bma Max do Tapenera serii HT-R<\/h3>\n<p data-start=\"53\" data-end=\"271\">Ta\u015bma ta to wysokiej jako\u015bci ta\u015bma przeznaczona do tapener\u00f3w serii HT-R (HT-R1; HT-R45C), idealna do szybkiego i efektywnego mocowania ro\u015blin. Dzi\u0119ki swojej trwa\u0142o\u015bci i elastyczno\u015bci u\u0142atwia prowadzenie upraw i organizacj\u0119 ogrodu.<\/p>\n<h3 data-start=\"273\" data-end=\"299\">Caracter\u00edsticas principales:<\/h3>\n<ul>\n<li data-start=\"300\" data-end=\"720\"><strong data-start=\"302\" data-end=\"318\">Wytrzyma\u0142o\u015b\u0107<\/strong> \u2013 Mocna i elastyczna ta\u015bma zapewnia pewne i trwa\u0142e wi\u0105zanie ro\u015blin.<\/li>\n<li data-start=\"300\" data-end=\"720\"><strong data-start=\"391\" data-end=\"417\">Precyzyjne dopasowanie<\/strong> \u2013 Odpowiednia szeroko\u015b\u0107 (11 mm) oraz d\u0142ugo\u015b\u0107 (16 m) pozwalaj\u0105 na wydajne u\u017cytkowanie.<\/li>\n<li data-start=\"300\" data-end=\"720\"><strong data-start=\"507\" data-end=\"536\">Bezpiecze\u0144stwo dla ro\u015blin<\/strong> \u2013 Delikatna struktura ta\u015bmy nie uszkadza \u0142odyg, umo\u017cliwiaj\u0105c zdrowy wzrost.<\/li>\n<li data-start=\"300\" data-end=\"720\"><strong data-start=\"617\" data-end=\"637\">Szybka aplikacja<\/strong> \u2013 Dedykowana do tapener\u00f3w serii HT-R (HT-R1; HT-R45C), co zapewnia wygod\u0119 i oszcz\u0119dno\u015b\u0107 czasu.<\/li>\n<li data-start=\"300\" data-end=\"720\"><strong>D\u0142ugo\u015b\u0107 rolki<\/strong> &#8211; 16 m<\/li>\n<li data-start=\"300\" data-end=\"720\"><strong>Grubo\u015b\u0107 ta\u015bmy<\/strong> &#8211; 0,25 mm<\/li>\n<li data-start=\"300\" data-end=\"720\"><strong>Szeroko\u015b\u0107 ta\u015bmy<\/strong> &#8211; 11 mm<\/li>\n<\/ul>\n<h3 data-start=\"722\" data-end=\"741\">Aplicaci\u00f3n:<\/h3>\n<ul>\n<li data-start=\"742\" data-end=\"1048\"><strong data-start=\"745\" data-end=\"769\">Podwi\u0105zywanie ro\u015blin<\/strong> \u2013 Idealna do pomidor\u00f3w, winoro\u015bli, og\u00f3rk\u00f3w oraz innych pn\u0105czy.<\/li>\n<li data-start=\"742\" data-end=\"1048\"><strong data-start=\"838\" data-end=\"865\">Sadownictwo i rolnictwo<\/strong> \u2013 Niezast\u0105piona w szk\u00f3\u0142kach drzew i uprawach sadowniczych.<\/li>\n<li data-start=\"742\" data-end=\"1048\"><strong data-start=\"930\" data-end=\"967\">Ogrodnictwo i hobbystyczne uprawy<\/strong> \u2013 U\u0142atwia organizacj\u0119 i piel\u0119gnacj\u0119 ro\u015blin w tunelach foliowych oraz ogrodach.<\/li>\n<\/ul>\n<h3 data-start=\"1050\" data-end=\"1089\">Dlaczego warto wybra\u0107 ta\u015bm\u0119 Max Tape?<\/h3>\n<p data-start=\"1090\" data-end=\"1397\" data-is-last-node=\"\" data-is-only-node=\"\">Ta\u015bma ta to niezawodne rozwi\u0105zanie dla rolnik\u00f3w, ogrodnik\u00f3w i sadownik\u00f3w. Umo\u017cliwia szybkie i wygodne podwi\u0105zywanie ro\u015blin, poprawiaj\u0105c ich wzrost i stabilno\u015b\u0107. Kompatybilno\u015b\u0107 z tapenerami HT-R sprawia, \u017ce jest to praktyczne i efektywne narz\u0119dzie, kt\u00f3re usprawni Twoj\u0105 prac\u0119 w ogrodzie lub na plantacji.<\/p>","protected":false},"excerpt":{"rendered":"<p>Ta\u015bma Max do Tapenera serii HT-R Ta\u015bma ta to wysokiej jako\u015bci ta\u015bma przeznaczona do tapener\u00f3w serii HT-R (HT-R1; HT-R45C), idealna do szybkiego i efektywnego mocowania ro\u015blin. Dzi\u0119ki swojej trwa\u0142o\u015bci i elastyczno\u015bci u\u0142atwia prowadzenie upraw i organizacj\u0119 ogrodu. Najwa\u017cniejsze cechy: Wytrzyma\u0142o\u015b\u0107 \u2013 Mocna i elastyczna ta\u015bma zapewnia pewne i trwa\u0142e wi\u0105zanie ro\u015blin. Precyzyjne dopasowanie \u2013 Odpowiednia [&hellip;]<\/p>","protected":false},"featured_media":4626,"template":"","meta":{"site-sidebar-layout":"default","site-content-layout":"","ast-site-content-layout":"default","site-content-style":"default","site-sidebar-style":"default","ast-global-header-display":"","ast-banner-title-visibility":"","ast-main-header-display":"","ast-hfb-above-header-display":"","ast-hfb-below-header-display":"","ast-hfb-mobile-header-display":"","site-post-title":"","ast-breadcrumbs-content":"","ast-featured-img":"","footer-sml-layout":"","theme-transparent-header-meta":"default","adv-header-id-meta":"","stick-header-meta":"default","header-above-stick-meta":"","header-main-stick-meta":"","header-below-stick-meta":"","astra-migrate-meta-layouts":"set","ast-page-background-enabled":"default","ast-page-background-meta":{"desktop":{"background-color":"var(--ast-global-color-4)","background-image":"","background-repeat":"repeat","background-position":"center center","background-size":"auto","background-attachment":"scroll","background-type":"","background-media":"","overlay-type":"","overlay-color":"","overlay-opacity":"","overlay-gradient":""},"tablet":{"background-color":"","background-image":"","background-repeat":"repeat","background-position":"center center","background-size":"auto","background-attachment":"scroll","background-type":"","background-media":"","overlay-type":"","overlay-color":"","overlay-opacity":"","overlay-gradient":""},"mobile":{"background-color":"","background-image":"","background-repeat":"repeat","background-position":"center center","background-size":"auto","background-attachment":"scroll","background-type":"","background-media":"","overlay-type":"","overlay-color":"","overlay-opacity":"","overlay-gradient":""}},"ast-content-background-meta":{"desktop":{"background-color":"var(--ast-global-color-5)","background-image":"","background-repeat":"repeat","background-position":"center center","background-size":"auto","background-attachment":"scroll","background-type":"","background-media":"","overlay-type":"","overlay-color":"","overlay-opacity":"","overlay-gradient":""},"tablet":{"background-color":"var(--ast-global-color-5)","background-image":"","background-repeat":"repeat","background-position":"center center","background-size":"auto","background-attachment":"scroll","background-type":"","background-media":"","overlay-type":"","overlay-color":"","overlay-opacity":"","overlay-gradient":""},"mobile":{"background-color":"var(--ast-global-color-5)","background-image":"","background-repeat":"repeat","background-position":"center center","background-size":"auto","background-attachment":"scroll","background-type":"","background-media":"","overlay-type":"","overlay-color":"","overlay-opacity":"","overlay-gradient":""}}},"product_brand":[],"product_cat":[333],"product_tag":[],"class_list":{"0":"post-4624","1":"product","2":"type-product","3":"status-publish","4":"has-post-thumbnail","6":"product_cat-tasma-25","7":"desktop-align-left","8":"tablet-align-left","9":"mobile-align-left","10":"ast-product-gallery-layout-horizontal","11":"ast-product-tabs-layout-horizontal","13":"first","14":"instock","15":"shipping-taxable","16":"product-type-simple"},"_links":{"self":[{"href":"https:\/\/wimar.net\/es\/wp-json\/wp\/v2\/product\/4624","targetHints":{"allow":["GET"]}}],"collection":[{"href":"https:\/\/wimar.net\/es\/wp-json\/wp\/v2\/product"}],"about":[{"href":"https:\/\/wimar.net\/es\/wp-json\/wp\/v2\/types\/product"}],"version-history":[{"count":3,"href":"https:\/\/wimar.net\/es\/wp-json\/wp\/v2\/product\/4624\/revisions"}],"predecessor-version":[{"id":6388,"href":"https:\/\/wimar.net\/es\/wp-json\/wp\/v2\/product\/4624\/revisions\/6388"}],"wp:featuredmedia":[{"embeddable":true,"href":"https:\/\/wimar.net\/es\/wp-json\/wp\/v2\/media\/4626"}],"wp:attachment":[{"href":"https:\/\/wimar.net\/es\/wp-json\/wp\/v2\/media?parent=4624"}],"wp:term":[{"taxonomy":"product_brand","embeddable":true,"href":"https:\/\/wimar.net\/es\/wp-json\/wp\/v2\/product_brand?post=4624"},{"taxonomy":"product_cat","embeddable":true,"href":"https:\/\/wimar.net\/es\/wp-json\/wp\/v2\/product_cat?post=4624"},{"taxonomy":"product_tag","embeddable":true,"href":"https:\/\/wimar.net\/es\/wp-json\/wp\/v2\/product_tag?post=4624"}],"curies":[{"name":"wp","href":"https:\/\/api.w.org\/{rel}","templated":true}]}}