{"id":4810,"date":"2025-02-27T14:51:50","date_gmt":"2025-02-27T13:51:50","guid":{"rendered":"https:\/\/wimar.net\/?post_type=product&#038;p=4810"},"modified":"2025-03-25T10:10:05","modified_gmt":"2025-03-25T09:10:05","slug":"kotwa-sadownicza-mocujaca-do-drutow-naciagowych-12-cm","status":"publish","type":"product","link":"https:\/\/wimar.net\/es\/producto\/kotwa-sadownicza-mocujaca-do-drutow-naciagowych-12-cm\/","title":{"rendered":"Ancla de huerto 12\/850\/120\/2,5 pintada"},"content":{"rendered":"<h3 data-start=\"0\" data-end=\"59\"><strong data-start=\"0\" data-end=\"57\">Kotwa sadownicza do drut\u00f3w naci\u0105gowych<\/strong><\/h3>\n<p data-start=\"61\" data-end=\"306\">Kotwa sadownicza to niezb\u0119dny element do mocowania drut\u00f3w naci\u0105gowych w sadach, winnicach oraz przy uprawach ro\u015blin wymagaj\u0105cych solidnego podparcia. Wykonana z wytrzyma\u0142ego materia\u0142u, zapewnia stabilno\u015b\u0107 konstrukcji i d\u0142ugotrwa\u0142e u\u017cytkowanie.<\/p>\n<h3 data-start=\"308\" data-end=\"338\"><strong data-start=\"312\" data-end=\"336\">Caracter\u00edsticas principales:<\/strong><\/h3>\n<ul>\n<li data-start=\"339\" data-end=\"824\"><strong data-start=\"341\" data-end=\"357\">Wytrzyma\u0142o\u015b\u0107<\/strong> \u2013 Solidna konstrukcja gwarantuje odporno\u015b\u0107 na du\u017ce obci\u0105\u017cenia oraz dzia\u0142anie warunk\u00f3w atmosferycznych.<\/li>\n<li data-start=\"339\" data-end=\"824\"><strong data-start=\"465\" data-end=\"489\">Odporno\u015b\u0107 na korozj\u0119<\/strong> \u2013 Wykonana z materia\u0142\u00f3w zabezpieczonych przed rdz\u0105, co zapewnia jej trwa\u0142o\u015b\u0107.<\/li>\n<li data-start=\"339\" data-end=\"824\"><strong data-start=\"572\" data-end=\"591\">\u0141atwo\u015b\u0107 monta\u017cu<\/strong> \u2013 Prosty i szybki spos\u00f3b mocowania do drut\u00f3w naci\u0105gowych.<\/li>\n<li data-start=\"339\" data-end=\"824\"><strong data-start=\"654\" data-end=\"671\">Uniwersalno\u015b\u0107<\/strong> \u2013 Nadaje si\u0119 do r\u00f3\u017cnych typ\u00f3w upraw, w tym sadowniczych i winiarskich.<\/li>\n<li data-start=\"339\" data-end=\"824\"><strong data-start=\"747\" data-end=\"764\">\u015arednica drutu trzonka<\/strong> &#8211; 12 mm<\/li>\n<li data-start=\"339\" data-end=\"824\"><strong>D\u0142ugo\u015b\u0107 ca\u0142kowita<\/strong> &#8211; 85 cm<\/li>\n<li data-start=\"339\" data-end=\"824\"><strong>\u015arednica talerza<\/strong> &#8211; 12 cm<\/li>\n<li data-start=\"339\" data-end=\"824\"><strong>Grubo\u015b\u0107 talerza<\/strong> &#8211; 2,5 mm<\/li>\n<\/ul>\n<h3 data-start=\"826\" data-end=\"849\"><strong data-start=\"830\" data-end=\"847\">Aplicaci\u00f3n:<\/strong><\/h3>\n<ul>\n<li data-start=\"850\" data-end=\"1156\"><strong data-start=\"853\" data-end=\"868\">Sadownictwo<\/strong> \u2013 Stabilizacja konstrukcji wspieraj\u0105cych drzewa owocowe.<\/li>\n<li data-start=\"850\" data-end=\"1156\"><strong data-start=\"931\" data-end=\"942\">Winnice<\/strong> \u2013 Mocowanie drut\u00f3w w systemach prowadzenia winoro\u015bli.<\/li>\n<li data-start=\"850\" data-end=\"1156\"><strong data-start=\"1002\" data-end=\"1017\">Ogrodnictwo<\/strong> \u2013 Wzmacnianie konstrukcji podporowych dla ro\u015blin pn\u0105cych.<\/li>\n<li data-start=\"850\" data-end=\"1156\"><strong data-start=\"1081\" data-end=\"1094\">Rolnictwo<\/strong> \u2013 Utrzymanie napi\u0119cia przewod\u00f3w w r\u00f3\u017cnego rodzaju uprawach.<\/li>\n<\/ul>\n<h3 data-start=\"1158\" data-end=\"1207\"><strong data-start=\"1162\" data-end=\"1205\">Dlaczego warto wybra\u0107 kotw\u0119 sadownicz\u0105?<\/strong><\/h3>\n<p data-start=\"1208\" data-end=\"1488\" data-is-last-node=\"\" data-is-only-node=\"\">Kotwa sadownicza to niezawodne rozwi\u0105zanie dla ka\u017cdego, kto potrzebuje solidnego mocowania drut\u00f3w naci\u0105gowych. Jej trwa\u0142o\u015b\u0107, odporno\u015b\u0107 na warunki atmosferyczne i \u0142atwo\u015b\u0107 u\u017cytkowania sprawiaj\u0105, \u017ce jest idealnym wyborem zar\u00f3wno dla profesjonalnych sadownik\u00f3w, jak i hobbyst\u00f3w.<\/p>","protected":false},"excerpt":{"rendered":"<p>Kotwa sadownicza do drut\u00f3w naci\u0105gowych Kotwa sadownicza to niezb\u0119dny element do mocowania drut\u00f3w naci\u0105gowych w sadach, winnicach oraz przy uprawach ro\u015blin wymagaj\u0105cych solidnego podparcia. Wykonana z wytrzyma\u0142ego materia\u0142u, zapewnia stabilno\u015b\u0107 konstrukcji i d\u0142ugotrwa\u0142e u\u017cytkowanie. Najwa\u017cniejsze cechy: Wytrzyma\u0142o\u015b\u0107 \u2013 Solidna konstrukcja gwarantuje odporno\u015b\u0107 na du\u017ce obci\u0105\u017cenia oraz dzia\u0142anie warunk\u00f3w atmosferycznych. Odporno\u015b\u0107 na korozj\u0119 \u2013 Wykonana z [&hellip;]<\/p>","protected":false},"featured_media":4813,"template":"","meta":{"site-sidebar-layout":"default","site-content-layout":"","ast-site-content-layout":"default","site-content-style":"default","site-sidebar-style":"default","ast-global-header-display":"","ast-banner-title-visibility":"","ast-main-header-display":"","ast-hfb-above-header-display":"","ast-hfb-below-header-display":"","ast-hfb-mobile-header-display":"","site-post-title":"","ast-breadcrumbs-content":"","ast-featured-img":"","footer-sml-layout":"","theme-transparent-header-meta":"default","adv-header-id-meta":"","stick-header-meta":"default","header-above-stick-meta":"","header-main-stick-meta":"","header-below-stick-meta":"","astra-migrate-meta-layouts":"set","ast-page-background-enabled":"default","ast-page-background-meta":{"desktop":{"background-color":"var(--ast-global-color-4)","background-image":"","background-repeat":"repeat","background-position":"center center","background-size":"auto","background-attachment":"scroll","background-type":"","background-media":"","overlay-type":"","overlay-color":"","overlay-opacity":"","overlay-gradient":""},"tablet":{"background-color":"","background-image":"","background-repeat":"repeat","background-position":"center center","background-size":"auto","background-attachment":"scroll","background-type":"","background-media":"","overlay-type":"","overlay-color":"","overlay-opacity":"","overlay-gradient":""},"mobile":{"background-color":"","background-image":"","background-repeat":"repeat","background-position":"center center","background-size":"auto","background-attachment":"scroll","background-type":"","background-media":"","overlay-type":"","overlay-color":"","overlay-opacity":"","overlay-gradient":""}},"ast-content-background-meta":{"desktop":{"background-color":"var(--ast-global-color-5)","background-image":"","background-repeat":"repeat","background-position":"center center","background-size":"auto","background-attachment":"scroll","background-type":"","background-media":"","overlay-type":"","overlay-color":"","overlay-opacity":"","overlay-gradient":""},"tablet":{"background-color":"var(--ast-global-color-5)","background-image":"","background-repeat":"repeat","background-position":"center center","background-size":"auto","background-attachment":"scroll","background-type":"","background-media":"","overlay-type":"","overlay-color":"","overlay-opacity":"","overlay-gradient":""},"mobile":{"background-color":"var(--ast-global-color-5)","background-image":"","background-repeat":"repeat","background-position":"center center","background-size":"auto","background-attachment":"scroll","background-type":"","background-media":"","overlay-type":"","overlay-color":"","overlay-opacity":"","overlay-gradient":""}}},"product_brand":[],"product_cat":[301],"product_tag":[],"class_list":{"0":"post-4810","1":"product","2":"type-product","3":"status-publish","4":"has-post-thumbnail","6":"product_cat-kotwa-12-malowana","7":"desktop-align-left","8":"tablet-align-left","9":"mobile-align-left","10":"ast-product-gallery-layout-horizontal","11":"ast-product-tabs-layout-horizontal","13":"first","14":"instock","15":"shipping-taxable","16":"product-type-simple"},"_links":{"self":[{"href":"https:\/\/wimar.net\/es\/wp-json\/wp\/v2\/product\/4810","targetHints":{"allow":["GET"]}}],"collection":[{"href":"https:\/\/wimar.net\/es\/wp-json\/wp\/v2\/product"}],"about":[{"href":"https:\/\/wimar.net\/es\/wp-json\/wp\/v2\/types\/product"}],"version-history":[{"count":2,"href":"https:\/\/wimar.net\/es\/wp-json\/wp\/v2\/product\/4810\/revisions"}],"predecessor-version":[{"id":6413,"href":"https:\/\/wimar.net\/es\/wp-json\/wp\/v2\/product\/4810\/revisions\/6413"}],"wp:featuredmedia":[{"embeddable":true,"href":"https:\/\/wimar.net\/es\/wp-json\/wp\/v2\/media\/4813"}],"wp:attachment":[{"href":"https:\/\/wimar.net\/es\/wp-json\/wp\/v2\/media?parent=4810"}],"wp:term":[{"taxonomy":"product_brand","embeddable":true,"href":"https:\/\/wimar.net\/es\/wp-json\/wp\/v2\/product_brand?post=4810"},{"taxonomy":"product_cat","embeddable":true,"href":"https:\/\/wimar.net\/es\/wp-json\/wp\/v2\/product_cat?post=4810"},{"taxonomy":"product_tag","embeddable":true,"href":"https:\/\/wimar.net\/es\/wp-json\/wp\/v2\/product_tag?post=4810"}],"curies":[{"name":"wp","href":"https:\/\/api.w.org\/{rel}","templated":true}]}}