{"id":4927,"date":"2025-03-05T12:56:49","date_gmt":"2025-03-05T11:56:49","guid":{"rendered":"https:\/\/wimar.net\/?post_type=product&#038;p=4927"},"modified":"2025-03-05T14:18:10","modified_gmt":"2025-03-05T13:18:10","slug":"karton-bushel-compact-14kg","status":"publish","type":"product","link":"https:\/\/wimar.net\/es\/producto\/karton-bushel-compact-14kg\/","title":{"rendered":"Karton bushel STANDARD 18kg"},"content":{"rendered":"<h3 data-start=\"0\" data-end=\"85\">Karton Bushel Standard<\/h3>\n<p data-start=\"87\" data-end=\"411\">Karton Bushel Standard to wytrzyma\u0142e i ekologiczne opakowanie przeznaczone do przechowywania i transportu owoc\u00f3w oraz warzyw. Jego konstrukcja zapewnia odpowiedni\u0105 wentylacj\u0119, co pozwala zachowa\u0107 \u015bwie\u017co\u015b\u0107 produkt\u00f3w na d\u0142u\u017cej. Doskonale sprawdza si\u0119 w gospodarstwach rolnych, hurtowniach oraz sklepach spo\u017cywczych.<\/p>\n<h3 data-start=\"413\" data-end=\"443\"><strong data-start=\"417\" data-end=\"441\">Caracter\u00edsticas principales:<\/strong><\/h3>\n<ul>\n<li data-start=\"445\" data-end=\"1115\"><strong data-start=\"447\" data-end=\"460\">Persistencia:<\/strong> Wykonany z solidnej tektury, odpornej na uszkodzenia mechaniczne i wilgo\u0107.<\/li>\n<li data-start=\"445\" data-end=\"1115\"><strong data-start=\"540\" data-end=\"556\">Ekologiczny:<\/strong> Materia\u0142 nadaj\u0105cy si\u0119 do recyklingu \u2013 przyjazny dla \u015brodowiska.<\/li>\n<li data-start=\"445\" data-end=\"1115\"><strong data-start=\"625\" data-end=\"649\">Optymalna pojemno\u015b\u0107:<\/strong> 18 kg \u2013 idealne rozwi\u0105zanie dla jab\u0142ek, ziemniak\u00f3w, cebuli czy innych warzyw i owoc\u00f3w.<\/li>\n<li data-start=\"445\" data-end=\"1115\"><strong data-start=\"887\" data-end=\"911\">\u0141atwo\u015b\u0107 sk\u0142adowania:<\/strong> Mo\u017cliwo\u015b\u0107 pi\u0119trowania bez ryzyka uszkodzenia produkt\u00f3w.<\/li>\n<li data-start=\"445\" data-end=\"1115\"><strong data-start=\"972\" data-end=\"993\">Wielofunkcyjno\u015b\u0107:<\/strong> Mo\u017ce by\u0107 wykorzystywany nie tylko do transportu owoc\u00f3w i warzyw, ale tak\u017ce jako opakowanie do innych produkt\u00f3w rolnych.<\/li>\n<li data-start=\"445\" data-end=\"1115\"><strong>Wymiary wewn\u0119trzne:<\/strong> 505 x 310 x 310 mm<\/li>\n<\/ul>\n<h3 data-start=\"1117\" data-end=\"1140\"><strong data-start=\"1121\" data-end=\"1138\">Aplicaci\u00f3n:<\/strong><\/h3>\n<ul>\n<li data-start=\"1142\" data-end=\"1458\"><strong data-start=\"1145\" data-end=\"1175\">Przechowywanie i transport<\/strong> warzyw oraz owoc\u00f3w, takich jak jab\u0142ka, cebula, ziemniaki czy buraki.<\/li>\n<li data-start=\"1142\" data-end=\"1458\"><strong data-start=\"1250\" data-end=\"1275\">Dystrybucja produkt\u00f3w<\/strong> rolnych do sklep\u00f3w, hurtowni i na targi.<\/li>\n<li data-start=\"1142\" data-end=\"1458\"><strong data-start=\"1393\" data-end=\"1420\">Ekologiczna alternatywa<\/strong> dla plastikowych skrzynek i work\u00f3w.<\/li>\n<\/ul>\n<h3 data-start=\"1460\" data-end=\"1786\"><strong data-start=\"1460\" data-end=\"1514\">Dlaczego warto wybra\u0107 karton Bushel Standard?<\/strong><\/h3>\n<p data-start=\"1460\" data-end=\"1786\">Jest to trwa\u0142e, ekologiczne i praktyczne rozwi\u0105zanie dla producent\u00f3w oraz dystrybutor\u00f3w \u017cywno\u015bci.<\/p>","protected":false},"excerpt":{"rendered":"<p>Karton Bushel Standard Karton Bushel Standard to wytrzyma\u0142e i ekologiczne opakowanie przeznaczone do przechowywania i transportu owoc\u00f3w oraz warzyw. Jego konstrukcja zapewnia odpowiedni\u0105 wentylacj\u0119, co pozwala zachowa\u0107 \u015bwie\u017co\u015b\u0107 produkt\u00f3w na d\u0142u\u017cej. Doskonale sprawdza si\u0119 w gospodarstwach rolnych, hurtowniach oraz sklepach spo\u017cywczych. Najwa\u017cniejsze cechy: Trwa\u0142o\u015b\u0107: Wykonany z solidnej tektury, odpornej na uszkodzenia mechaniczne i wilgo\u0107. Ekologiczny: [&hellip;]<\/p>","protected":false},"featured_media":4933,"template":"","meta":{"site-sidebar-layout":"default","site-content-layout":"","ast-site-content-layout":"default","site-content-style":"default","site-sidebar-style":"default","ast-global-header-display":"","ast-banner-title-visibility":"","ast-main-header-display":"","ast-hfb-above-header-display":"","ast-hfb-below-header-display":"","ast-hfb-mobile-header-display":"","site-post-title":"","ast-breadcrumbs-content":"","ast-featured-img":"","footer-sml-layout":"","theme-transparent-header-meta":"default","adv-header-id-meta":"","stick-header-meta":"default","header-above-stick-meta":"","header-main-stick-meta":"","header-below-stick-meta":"","astra-migrate-meta-layouts":"set","ast-page-background-enabled":"default","ast-page-background-meta":{"desktop":{"background-color":"var(--ast-global-color-4)","background-image":"","background-repeat":"repeat","background-position":"center center","background-size":"auto","background-attachment":"scroll","background-type":"","background-media":"","overlay-type":"","overlay-color":"","overlay-opacity":"","overlay-gradient":""},"tablet":{"background-color":"","background-image":"","background-repeat":"repeat","background-position":"center center","background-size":"auto","background-attachment":"scroll","background-type":"","background-media":"","overlay-type":"","overlay-color":"","overlay-opacity":"","overlay-gradient":""},"mobile":{"background-color":"","background-image":"","background-repeat":"repeat","background-position":"center center","background-size":"auto","background-attachment":"scroll","background-type":"","background-media":"","overlay-type":"","overlay-color":"","overlay-opacity":"","overlay-gradient":""}},"ast-content-background-meta":{"desktop":{"background-color":"var(--ast-global-color-5)","background-image":"","background-repeat":"repeat","background-position":"center center","background-size":"auto","background-attachment":"scroll","background-type":"","background-media":"","overlay-type":"","overlay-color":"","overlay-opacity":"","overlay-gradient":""},"tablet":{"background-color":"var(--ast-global-color-5)","background-image":"","background-repeat":"repeat","background-position":"center center","background-size":"auto","background-attachment":"scroll","background-type":"","background-media":"","overlay-type":"","overlay-color":"","overlay-opacity":"","overlay-gradient":""},"mobile":{"background-color":"var(--ast-global-color-5)","background-image":"","background-repeat":"repeat","background-position":"center center","background-size":"auto","background-attachment":"scroll","background-type":"","background-media":"","overlay-type":"","overlay-color":"","overlay-opacity":"","overlay-gradient":""}}},"product_brand":[],"product_cat":[370],"product_tag":[],"class_list":{"0":"post-4927","1":"product","2":"type-product","3":"status-publish","4":"has-post-thumbnail","6":"product_cat-karton-standard-18-kg","7":"desktop-align-left","8":"tablet-align-left","9":"mobile-align-left","10":"ast-product-gallery-layout-horizontal","11":"ast-product-tabs-layout-horizontal","13":"first","14":"instock","15":"shipping-taxable","16":"product-type-simple"},"_links":{"self":[{"href":"https:\/\/wimar.net\/es\/wp-json\/wp\/v2\/product\/4927","targetHints":{"allow":["GET"]}}],"collection":[{"href":"https:\/\/wimar.net\/es\/wp-json\/wp\/v2\/product"}],"about":[{"href":"https:\/\/wimar.net\/es\/wp-json\/wp\/v2\/types\/product"}],"version-history":[{"count":5,"href":"https:\/\/wimar.net\/es\/wp-json\/wp\/v2\/product\/4927\/revisions"}],"predecessor-version":[{"id":4931,"href":"https:\/\/wimar.net\/es\/wp-json\/wp\/v2\/product\/4927\/revisions\/4931"}],"wp:featuredmedia":[{"embeddable":true,"href":"https:\/\/wimar.net\/es\/wp-json\/wp\/v2\/media\/4933"}],"wp:attachment":[{"href":"https:\/\/wimar.net\/es\/wp-json\/wp\/v2\/media?parent=4927"}],"wp:term":[{"taxonomy":"product_brand","embeddable":true,"href":"https:\/\/wimar.net\/es\/wp-json\/wp\/v2\/product_brand?post=4927"},{"taxonomy":"product_cat","embeddable":true,"href":"https:\/\/wimar.net\/es\/wp-json\/wp\/v2\/product_cat?post=4927"},{"taxonomy":"product_tag","embeddable":true,"href":"https:\/\/wimar.net\/es\/wp-json\/wp\/v2\/product_tag?post=4927"}],"curies":[{"name":"wp","href":"https:\/\/api.w.org\/{rel}","templated":true}]}}