{"id":4937,"date":"2025-03-05T13:56:10","date_gmt":"2025-03-05T12:56:10","guid":{"rendered":"https:\/\/wimar.net\/?post_type=product&#038;p=4937"},"modified":"2025-03-05T14:02:47","modified_gmt":"2025-03-05T13:02:47","slug":"karton-bushel-smart-18kg","status":"publish","type":"product","link":"https:\/\/wimar.net\/es\/producto\/karton-bushel-smart-18kg\/","title":{"rendered":"Caja de cart\u00f3n SMART 18kg"},"content":{"rendered":"<h3 data-start=\"0\" data-end=\"85\">Karton Bushel Smart<\/h3>\n<p data-start=\"87\" data-end=\"411\">Karton Bushel Smart to wytrzyma\u0142e i ekologiczne opakowanie przeznaczone do przechowywania i transportu owoc\u00f3w oraz warzyw. Jego konstrukcja zapewnia odpowiedni\u0105 wentylacj\u0119, co pozwala zachowa\u0107 \u015bwie\u017co\u015b\u0107 produkt\u00f3w na d\u0142u\u017cej. Doskonale sprawdza si\u0119 w gospodarstwach rolnych, hurtowniach oraz sklepach spo\u017cywczych.<\/p>\n<h3 data-start=\"413\" data-end=\"443\"><strong data-start=\"417\" data-end=\"441\">Caracter\u00edsticas principales:<\/strong><\/h3>\n<ul>\n<li data-start=\"445\" data-end=\"1115\"><strong data-start=\"447\" data-end=\"460\">Persistencia:<\/strong> Wykonany z solidnej tektury, odpornej na uszkodzenia mechaniczne i wilgo\u0107.<\/li>\n<li data-start=\"445\" data-end=\"1115\"><strong data-start=\"540\" data-end=\"556\">Ekologiczny:<\/strong> Materia\u0142 nadaj\u0105cy si\u0119 do recyklingu \u2013 przyjazny dla \u015brodowiska.<\/li>\n<li data-start=\"445\" data-end=\"1115\"><strong data-start=\"625\" data-end=\"649\">Optymalna pojemno\u015b\u0107:<\/strong> 18 kg \u2013 idealne rozwi\u0105zanie dla jab\u0142ek, ziemniak\u00f3w, cebuli czy innych warzyw i owoc\u00f3w.<\/li>\n<li data-start=\"445\" data-end=\"1115\"><strong data-start=\"887\" data-end=\"911\">\u0141atwo\u015b\u0107 sk\u0142adowania:<\/strong> Mo\u017cliwo\u015b\u0107 pi\u0119trowania bez ryzyka uszkodzenia produkt\u00f3w.<\/li>\n<li data-start=\"445\" data-end=\"1115\"><strong data-start=\"972\" data-end=\"993\">Wielofunkcyjno\u015b\u0107:<\/strong> Mo\u017ce by\u0107 wykorzystywany nie tylko do transportu owoc\u00f3w i warzyw, ale tak\u017ce jako opakowanie do innych produkt\u00f3w rolnych.<\/li>\n<\/ul>\n<h3 data-start=\"1117\" data-end=\"1140\"><strong data-start=\"1121\" data-end=\"1138\">Aplicaci\u00f3n:<\/strong><\/h3>\n<ul>\n<li data-start=\"1142\" data-end=\"1458\"><strong data-start=\"1145\" data-end=\"1175\">Przechowywanie i transport<\/strong> warzyw oraz owoc\u00f3w, takich jak jab\u0142ka, cebula, ziemniaki czy buraki.<\/li>\n<li data-start=\"1142\" data-end=\"1458\"><strong data-start=\"1250\" data-end=\"1275\">Dystrybucja produkt\u00f3w<\/strong> rolnych do sklep\u00f3w, hurtowni i na targi.<\/li>\n<li data-start=\"1142\" data-end=\"1458\"><strong data-start=\"1393\" data-end=\"1420\">Ekologiczna alternatywa<\/strong> dla plastikowych skrzynek i work\u00f3w.<\/li>\n<\/ul>\n<h3 data-start=\"1460\" data-end=\"1786\"><strong data-start=\"1460\" data-end=\"1514\">Dlaczego warto wybra\u0107 karton Bushel Smart?<\/strong><\/h3>\n<p data-start=\"1460\" data-end=\"1786\">Jest to trwa\u0142e, ekologiczne i praktyczne rozwi\u0105zanie dla producent\u00f3w oraz dystrybutor\u00f3w \u017cywno\u015bci.<\/p>","protected":false},"excerpt":{"rendered":"<p>Karton Bushel Smart Karton Bushel Smart to wytrzyma\u0142e i ekologiczne opakowanie przeznaczone do przechowywania i transportu owoc\u00f3w oraz warzyw. Jego konstrukcja zapewnia odpowiedni\u0105 wentylacj\u0119, co pozwala zachowa\u0107 \u015bwie\u017co\u015b\u0107 produkt\u00f3w na d\u0142u\u017cej. Doskonale sprawdza si\u0119 w gospodarstwach rolnych, hurtowniach oraz sklepach spo\u017cywczych. Najwa\u017cniejsze cechy: Trwa\u0142o\u015b\u0107: Wykonany z solidnej tektury, odpornej na uszkodzenia mechaniczne i wilgo\u0107. Ekologiczny: [&hellip;]<\/p>","protected":false},"featured_media":4939,"template":"","meta":{"site-sidebar-layout":"default","site-content-layout":"","ast-site-content-layout":"default","site-content-style":"default","site-sidebar-style":"default","ast-global-header-display":"","ast-banner-title-visibility":"","ast-main-header-display":"","ast-hfb-above-header-display":"","ast-hfb-below-header-display":"","ast-hfb-mobile-header-display":"","site-post-title":"","ast-breadcrumbs-content":"","ast-featured-img":"","footer-sml-layout":"","theme-transparent-header-meta":"default","adv-header-id-meta":"","stick-header-meta":"default","header-above-stick-meta":"","header-main-stick-meta":"","header-below-stick-meta":"","astra-migrate-meta-layouts":"set","ast-page-background-enabled":"default","ast-page-background-meta":{"desktop":{"background-color":"var(--ast-global-color-4)","background-image":"","background-repeat":"repeat","background-position":"center center","background-size":"auto","background-attachment":"scroll","background-type":"","background-media":"","overlay-type":"","overlay-color":"","overlay-opacity":"","overlay-gradient":""},"tablet":{"background-color":"","background-image":"","background-repeat":"repeat","background-position":"center center","background-size":"auto","background-attachment":"scroll","background-type":"","background-media":"","overlay-type":"","overlay-color":"","overlay-opacity":"","overlay-gradient":""},"mobile":{"background-color":"","background-image":"","background-repeat":"repeat","background-position":"center center","background-size":"auto","background-attachment":"scroll","background-type":"","background-media":"","overlay-type":"","overlay-color":"","overlay-opacity":"","overlay-gradient":""}},"ast-content-background-meta":{"desktop":{"background-color":"var(--ast-global-color-5)","background-image":"","background-repeat":"repeat","background-position":"center center","background-size":"auto","background-attachment":"scroll","background-type":"","background-media":"","overlay-type":"","overlay-color":"","overlay-opacity":"","overlay-gradient":""},"tablet":{"background-color":"var(--ast-global-color-5)","background-image":"","background-repeat":"repeat","background-position":"center center","background-size":"auto","background-attachment":"scroll","background-type":"","background-media":"","overlay-type":"","overlay-color":"","overlay-opacity":"","overlay-gradient":""},"mobile":{"background-color":"var(--ast-global-color-5)","background-image":"","background-repeat":"repeat","background-position":"center center","background-size":"auto","background-attachment":"scroll","background-type":"","background-media":"","overlay-type":"","overlay-color":"","overlay-opacity":"","overlay-gradient":""}}},"product_brand":[],"product_cat":[372],"product_tag":[],"class_list":{"0":"post-4937","1":"product","2":"type-product","3":"status-publish","4":"has-post-thumbnail","6":"product_cat-karton-smart-18-kg","7":"desktop-align-left","8":"tablet-align-left","9":"mobile-align-left","10":"ast-product-gallery-layout-horizontal","11":"ast-product-tabs-layout-horizontal","13":"first","14":"instock","15":"shipping-taxable","16":"product-type-simple"},"_links":{"self":[{"href":"https:\/\/wimar.net\/es\/wp-json\/wp\/v2\/product\/4937","targetHints":{"allow":["GET"]}}],"collection":[{"href":"https:\/\/wimar.net\/es\/wp-json\/wp\/v2\/product"}],"about":[{"href":"https:\/\/wimar.net\/es\/wp-json\/wp\/v2\/types\/product"}],"version-history":[{"count":2,"href":"https:\/\/wimar.net\/es\/wp-json\/wp\/v2\/product\/4937\/revisions"}],"predecessor-version":[{"id":7353,"href":"https:\/\/wimar.net\/es\/wp-json\/wp\/v2\/product\/4937\/revisions\/7353"}],"wp:featuredmedia":[{"embeddable":true,"href":"https:\/\/wimar.net\/es\/wp-json\/wp\/v2\/media\/4939"}],"wp:attachment":[{"href":"https:\/\/wimar.net\/es\/wp-json\/wp\/v2\/media?parent=4937"}],"wp:term":[{"taxonomy":"product_brand","embeddable":true,"href":"https:\/\/wimar.net\/es\/wp-json\/wp\/v2\/product_brand?post=4937"},{"taxonomy":"product_cat","embeddable":true,"href":"https:\/\/wimar.net\/es\/wp-json\/wp\/v2\/product_cat?post=4937"},{"taxonomy":"product_tag","embeddable":true,"href":"https:\/\/wimar.net\/es\/wp-json\/wp\/v2\/product_tag?post=4937"}],"curies":[{"name":"wp","href":"https:\/\/api.w.org\/{rel}","templated":true}]}}