{"id":4987,"date":"2025-03-06T14:25:42","date_gmt":"2025-03-06T13:25:42","guid":{"rendered":"https:\/\/wimar.net\/?post_type=product&#038;p=4987"},"modified":"2025-03-06T14:26:01","modified_gmt":"2025-03-06T13:26:01","slug":"stebofix-21cm-do-tyczki-bambusowej-kolka","status":"publish","type":"product","link":"https:\/\/wimar.net\/es\/producto\/stebofix-21cm-do-tyczki-bambusowej-kolka\/","title":{"rendered":"Stebofix 21cm do tyczki bambusowej, ko\u0142ka"},"content":{"rendered":"<h3 data-start=\"0\" data-end=\"68\"><strong data-start=\"0\" data-end=\"66\">Stebofix do tyczki bambusowej<\/strong><\/h3>\n<p data-start=\"70\" data-end=\"410\">Stebofix to innowacyjne rozwi\u0105zanie do mocowania ro\u015blin do tyczek bambusowych, ko\u0142k\u00f3w drewnianych. U\u017cywa si\u0119 w prowadzeniu drut\u00f3w naci\u0105gowych. Zadaniem spinki jest przymocowanie pnia drzewa do konstrukcji sadowniczej.<\/p>\n<h3 data-start=\"412\" data-end=\"442\"><strong data-start=\"416\" data-end=\"440\">Caracter\u00edsticas principales:<\/strong><\/h3>\n<ul>\n<li data-start=\"443\" data-end=\"920\"><strong data-start=\"445\" data-end=\"460\">Naturalno\u015b\u0107<\/strong> \u2013 wykonany z ekologicznych, odnawialnych surowc\u00f3w, bezpieczny dla ro\u015blin.<\/li>\n<li data-start=\"443\" data-end=\"920\"><strong data-start=\"539\" data-end=\"566\">Ekologiczne rozwi\u0105zanie<\/strong> \u2013 biodegradowalny i wielokrotnego u\u017cytku, bez negatywnego wp\u0142ywu na \u015brodowisko.<\/li>\n<li data-start=\"443\" data-end=\"920\"><strong data-start=\"651\" data-end=\"677\">Optymalna wytrzyma\u0142o\u015b\u0107<\/strong> \u2013 dostosowuje si\u0119 do wzrostu ro\u015blin, nie powoduj\u0105c uszkodze\u0144 \u0142odyg.<\/li>\n<li data-start=\"443\" data-end=\"920\"><strong data-start=\"750\" data-end=\"773\">\u0141atwo\u015b\u0107 u\u017cytkowania<\/strong> \u2013 prosty monta\u017c i demonta\u017c, idealny dla ogrodnik\u00f3w i rolnik\u00f3w.<\/li>\n<li data-start=\"443\" data-end=\"920\"><strong data-start=\"841\" data-end=\"860\">Wszechstronno\u015b\u0107<\/strong> \u2013 odpowiedni do warzyw, owoc\u00f3w, kwiat\u00f3w i ro\u015blin pn\u0105cych.<\/li>\n<li data-start=\"443\" data-end=\"920\"><strong>D\u0142ugo\u015b\u0107<\/strong> &#8211; 21 cm<\/li>\n<\/ul>\n<h3 data-start=\"922\" data-end=\"945\"><strong data-start=\"926\" data-end=\"943\">Aplicaci\u00f3n:<\/strong><\/h3>\n<ul>\n<li data-start=\"946\" data-end=\"1324\"><strong data-start=\"949\" data-end=\"973\">Podwi\u0105zywanie ro\u015blin<\/strong> \u2013 zapewnia stabilno\u015b\u0107 pomidorom, og\u00f3rkom, fasoli, winoro\u015bli i innym pn\u0105czom.<\/li>\n<li data-start=\"946\" data-end=\"1324\"><strong data-start=\"1056\" data-end=\"1078\">Uprawy ekologiczne<\/strong> \u2013 naturalne mocowanie wspieraj\u0105ce zdrowy rozw\u00f3j ro\u015blin.<\/li>\n<li data-start=\"946\" data-end=\"1324\"><strong data-start=\"1140\" data-end=\"1161\">Ogr\u00f3d i szklarnia<\/strong> \u2013 idealny zar\u00f3wno do u\u017cytku amatorskiego, jak i profesjonalnego.<\/li>\n<\/ul>\n<h3 data-start=\"1326\" data-end=\"1367\"><strong data-start=\"1330\" data-end=\"1365\">Dlaczego warto wybra\u0107 Stebofix?<\/strong><\/h3>\n<p data-start=\"1368\" data-end=\"1638\" data-is-last-node=\"\" data-is-only-node=\"\">Stebofix to ekologiczna alternatywa dla plastikowych opasek i drut\u00f3w. Jego naturalna trwa\u0142o\u015b\u0107 i \u0142atwo\u015b\u0107 u\u017cytkowania sprawiaj\u0105, \u017ce jest niezast\u0105pionym elementem w ka\u017cdym ogrodzie.<\/p>","protected":false},"excerpt":{"rendered":"<p>Stebofix do tyczki bambusowej Stebofix to innowacyjne rozwi\u0105zanie do mocowania ro\u015blin do tyczek bambusowych, ko\u0142k\u00f3w drewnianych. U\u017cywa si\u0119 w prowadzeniu drut\u00f3w naci\u0105gowych. Zadaniem spinki jest przymocowanie pnia drzewa do konstrukcji sadowniczej. Najwa\u017cniejsze cechy: Naturalno\u015b\u0107 \u2013 wykonany z ekologicznych, odnawialnych surowc\u00f3w, bezpieczny dla ro\u015blin. Ekologiczne rozwi\u0105zanie \u2013 biodegradowalny i wielokrotnego u\u017cytku, bez negatywnego wp\u0142ywu na \u015brodowisko. [&hellip;]<\/p>","protected":false},"featured_media":4975,"template":"","meta":{"site-sidebar-layout":"default","site-content-layout":"","ast-site-content-layout":"default","site-content-style":"default","site-sidebar-style":"default","ast-global-header-display":"","ast-banner-title-visibility":"","ast-main-header-display":"","ast-hfb-above-header-display":"","ast-hfb-below-header-display":"","ast-hfb-mobile-header-display":"","site-post-title":"","ast-breadcrumbs-content":"","ast-featured-img":"","footer-sml-layout":"","theme-transparent-header-meta":"default","adv-header-id-meta":"","stick-header-meta":"default","header-above-stick-meta":"","header-main-stick-meta":"","header-below-stick-meta":"","astra-migrate-meta-layouts":"set","ast-page-background-enabled":"default","ast-page-background-meta":{"desktop":{"background-color":"var(--ast-global-color-4)","background-image":"","background-repeat":"repeat","background-position":"center center","background-size":"auto","background-attachment":"scroll","background-type":"","background-media":"","overlay-type":"","overlay-color":"","overlay-opacity":"","overlay-gradient":""},"tablet":{"background-color":"","background-image":"","background-repeat":"repeat","background-position":"center center","background-size":"auto","background-attachment":"scroll","background-type":"","background-media":"","overlay-type":"","overlay-color":"","overlay-opacity":"","overlay-gradient":""},"mobile":{"background-color":"","background-image":"","background-repeat":"repeat","background-position":"center center","background-size":"auto","background-attachment":"scroll","background-type":"","background-media":"","overlay-type":"","overlay-color":"","overlay-opacity":"","overlay-gradient":""}},"ast-content-background-meta":{"desktop":{"background-color":"var(--ast-global-color-5)","background-image":"","background-repeat":"repeat","background-position":"center center","background-size":"auto","background-attachment":"scroll","background-type":"","background-media":"","overlay-type":"","overlay-color":"","overlay-opacity":"","overlay-gradient":""},"tablet":{"background-color":"var(--ast-global-color-5)","background-image":"","background-repeat":"repeat","background-position":"center center","background-size":"auto","background-attachment":"scroll","background-type":"","background-media":"","overlay-type":"","overlay-color":"","overlay-opacity":"","overlay-gradient":""},"mobile":{"background-color":"var(--ast-global-color-5)","background-image":"","background-repeat":"repeat","background-position":"center center","background-size":"auto","background-attachment":"scroll","background-type":"","background-media":"","overlay-type":"","overlay-color":"","overlay-opacity":"","overlay-gradient":""}}},"product_brand":[],"product_cat":[282],"product_tag":[],"class_list":{"0":"post-4987","1":"product","2":"type-product","3":"status-publish","4":"has-post-thumbnail","6":"product_cat-dlugosc-21-cm","7":"desktop-align-left","8":"tablet-align-left","9":"mobile-align-left","10":"ast-product-gallery-layout-horizontal","11":"ast-product-tabs-layout-horizontal","13":"first","14":"instock","15":"shipping-taxable","16":"product-type-simple"},"_links":{"self":[{"href":"https:\/\/wimar.net\/es\/wp-json\/wp\/v2\/product\/4987","targetHints":{"allow":["GET"]}}],"collection":[{"href":"https:\/\/wimar.net\/es\/wp-json\/wp\/v2\/product"}],"about":[{"href":"https:\/\/wimar.net\/es\/wp-json\/wp\/v2\/types\/product"}],"version-history":[{"count":2,"href":"https:\/\/wimar.net\/es\/wp-json\/wp\/v2\/product\/4987\/revisions"}],"predecessor-version":[{"id":7344,"href":"https:\/\/wimar.net\/es\/wp-json\/wp\/v2\/product\/4987\/revisions\/7344"}],"wp:featuredmedia":[{"embeddable":true,"href":"https:\/\/wimar.net\/es\/wp-json\/wp\/v2\/media\/4975"}],"wp:attachment":[{"href":"https:\/\/wimar.net\/es\/wp-json\/wp\/v2\/media?parent=4987"}],"wp:term":[{"taxonomy":"product_brand","embeddable":true,"href":"https:\/\/wimar.net\/es\/wp-json\/wp\/v2\/product_brand?post=4987"},{"taxonomy":"product_cat","embeddable":true,"href":"https:\/\/wimar.net\/es\/wp-json\/wp\/v2\/product_cat?post=4987"},{"taxonomy":"product_tag","embeddable":true,"href":"https:\/\/wimar.net\/es\/wp-json\/wp\/v2\/product_tag?post=4987"}],"curies":[{"name":"wp","href":"https:\/\/api.w.org\/{rel}","templated":true}]}}