{"id":5017,"date":"2025-03-10T08:45:37","date_gmt":"2025-03-10T07:45:37","guid":{"rendered":"https:\/\/wimar.net\/?post_type=product&#038;p=5017"},"modified":"2025-08-01T13:34:50","modified_gmt":"2025-08-01T11:34:50","slug":"worki-foliowe-do-pakowania-recznego-3kg","status":"publish","type":"product","link":"https:\/\/wimar.net\/es\/producto\/worki-foliowe-do-pakowania-recznego-3kg\/","title":{"rendered":"Bolsas de pl\u00e1stico para envasado manual 3kg"},"content":{"rendered":"<h3 data-start=\"0\" data-end=\"72\"><strong data-start=\"0\" data-end=\"70\">Worki do pakowania owoc\u00f3w i warzyw<\/strong><\/h3>\n<p data-start=\"74\" data-end=\"376\">Worki foliowe to praktyczne i wydajne rozwi\u0105zanie do pakowania warzyw i owoc\u00f3w. Wykonane z wysokiej jako\u015bci folii LDPE z makroperforacj\u0105, zapewniaj\u0105 ochron\u0119 przed wilgoci\u0105 i zabrudzeniami.<\/p>\n<h3 data-start=\"339\" data-end=\"369\"><strong data-start=\"343\" data-end=\"367\">Caracter\u00edsticas principales:<\/strong><\/h3>\n<ul>\n<li data-start=\"371\" data-end=\"909\"><strong data-start=\"373\" data-end=\"389\">Wytrzyma\u0142o\u015b\u0107<\/strong> \u2013 folia odporna na rozdarcia i uszkodzenia, dostosowana do pakowania r\u00f3\u017cnych produkt\u00f3w.<\/li>\n<li data-start=\"371\" data-end=\"909\"><strong data-start=\"482\" data-end=\"510\">Higieniczne i bezpieczne<\/strong> \u2013 spe\u0142niaj\u0105 normy do kontaktu z \u017cywno\u015bci\u0105, zapewniaj\u0105c \u015bwie\u017co\u015b\u0107 warzyw i owoc\u00f3w.<\/li>\n<li data-start=\"371\" data-end=\"909\"><strong data-start=\"596\" data-end=\"616\">Opcja perforacji<\/strong> \u2013 umo\u017cliwia cyrkulacj\u0119 powietrza, co pomaga w d\u0142u\u017cszym przechowywaniu produkt\u00f3w.<\/li>\n<li data-start=\"371\" data-end=\"909\">\u00a0<strong data-start=\"618\" data-end=\"637\">Przezroczysto\u015b\u0107<\/strong> \u2013 Umo\u017cliwia szybk\u0105 identyfikacj\u0119 zawarto\u015bci bez konieczno\u015bci otwierania opakowania.<\/li>\n<\/ul>\n<h3 data-start=\"911\" data-end=\"934\"><strong data-start=\"915\" data-end=\"932\">Aplicaci\u00f3n:<\/strong><\/h3>\n<ul>\n<li data-start=\"936\" data-end=\"1239\"><strong data-start=\"939\" data-end=\"968\">Pakowanie warzyw i owoc\u00f3w<\/strong> \u2013 idealne dla ziemniak\u00f3w, cebuli, jab\u0142ek, marchwi czy cytrus\u00f3w.<\/li>\n<li data-start=\"936\" data-end=\"1239\"><strong data-start=\"1038\" data-end=\"1068\">Transport i przechowywanie<\/strong> \u2013 chroni\u0105 produkty przed zabrudzeniem i utrat\u0105 wilgoci.<\/li>\n<li data-start=\"936\" data-end=\"1239\"><strong data-start=\"1130\" data-end=\"1156\">Automatyczne pakowanie<\/strong> \u2013 kompatybilne z wi\u0119kszo\u015bci\u0105 maszyn pakuj\u0105cych, co usprawnia proces produkcyjny.<\/li>\n<\/ul>\n<h3 data-start=\"1241\" data-end=\"1295\"><strong data-start=\"1245\" data-end=\"1293\">Dlaczego warto wybra\u0107 worki foliowe na roli?<\/strong><\/h3>\n<p data-start=\"1297\" data-end=\"1561\" data-is-last-node=\"\" data-is-only-node=\"\">Worki foliowe to efektywne i wygodne rozwi\u0105zanie dla producent\u00f3w i dystrybutor\u00f3w warzyw oraz owoc\u00f3w. Dzi\u0119ki perforacji zapewniaj\u0105 odpowiednie warunki przechowywania i transportu produkt\u00f3w.<\/p>","protected":false},"excerpt":{"rendered":"<p>Worki do pakowania owoc\u00f3w i warzyw Worki foliowe to praktyczne i wydajne rozwi\u0105zanie do pakowania warzyw i owoc\u00f3w. Wykonane z wysokiej jako\u015bci folii LDPE z makroperforacj\u0105, zapewniaj\u0105 ochron\u0119 przed wilgoci\u0105 i zabrudzeniami. Najwa\u017cniejsze cechy: Wytrzyma\u0142o\u015b\u0107 \u2013 folia odporna na rozdarcia i uszkodzenia, dostosowana do pakowania r\u00f3\u017cnych produkt\u00f3w. Higieniczne i bezpieczne \u2013 spe\u0142niaj\u0105 normy do kontaktu [&hellip;]<\/p>","protected":false},"featured_media":5019,"template":"","meta":{"site-sidebar-layout":"default","site-content-layout":"","ast-site-content-layout":"default","site-content-style":"default","site-sidebar-style":"default","ast-global-header-display":"","ast-banner-title-visibility":"","ast-main-header-display":"","ast-hfb-above-header-display":"","ast-hfb-below-header-display":"","ast-hfb-mobile-header-display":"","site-post-title":"","ast-breadcrumbs-content":"","ast-featured-img":"","footer-sml-layout":"","theme-transparent-header-meta":"default","adv-header-id-meta":"","stick-header-meta":"default","header-above-stick-meta":"","header-main-stick-meta":"","header-below-stick-meta":"","astra-migrate-meta-layouts":"set","ast-page-background-enabled":"default","ast-page-background-meta":{"desktop":{"background-color":"var(--ast-global-color-4)","background-image":"","background-repeat":"repeat","background-position":"center center","background-size":"auto","background-attachment":"scroll","background-type":"","background-media":"","overlay-type":"","overlay-color":"","overlay-opacity":"","overlay-gradient":""},"tablet":{"background-color":"","background-image":"","background-repeat":"repeat","background-position":"center center","background-size":"auto","background-attachment":"scroll","background-type":"","background-media":"","overlay-type":"","overlay-color":"","overlay-opacity":"","overlay-gradient":""},"mobile":{"background-color":"","background-image":"","background-repeat":"repeat","background-position":"center center","background-size":"auto","background-attachment":"scroll","background-type":"","background-media":"","overlay-type":"","overlay-color":"","overlay-opacity":"","overlay-gradient":""}},"ast-content-background-meta":{"desktop":{"background-color":"var(--ast-global-color-5)","background-image":"","background-repeat":"repeat","background-position":"center center","background-size":"auto","background-attachment":"scroll","background-type":"","background-media":"","overlay-type":"","overlay-color":"","overlay-opacity":"","overlay-gradient":""},"tablet":{"background-color":"var(--ast-global-color-5)","background-image":"","background-repeat":"repeat","background-position":"center center","background-size":"auto","background-attachment":"scroll","background-type":"","background-media":"","overlay-type":"","overlay-color":"","overlay-opacity":"","overlay-gradient":""},"mobile":{"background-color":"var(--ast-global-color-5)","background-image":"","background-repeat":"repeat","background-position":"center center","background-size":"auto","background-attachment":"scroll","background-type":"","background-media":"","overlay-type":"","overlay-color":"","overlay-opacity":"","overlay-gradient":""}}},"product_brand":[],"product_cat":[412],"product_tag":[],"class_list":{"0":"post-5017","1":"product","2":"type-product","3":"status-publish","4":"has-post-thumbnail","6":"product_cat-worek-foliowy-do-pakowania-recznego-z-nadrukiem-3-kg","7":"desktop-align-left","8":"tablet-align-left","9":"mobile-align-left","10":"ast-product-gallery-layout-horizontal","11":"ast-product-tabs-layout-horizontal","13":"first","14":"instock","15":"shipping-taxable","16":"product-type-simple"},"_links":{"self":[{"href":"https:\/\/wimar.net\/es\/wp-json\/wp\/v2\/product\/5017","targetHints":{"allow":["GET"]}}],"collection":[{"href":"https:\/\/wimar.net\/es\/wp-json\/wp\/v2\/product"}],"about":[{"href":"https:\/\/wimar.net\/es\/wp-json\/wp\/v2\/types\/product"}],"version-history":[{"count":2,"href":"https:\/\/wimar.net\/es\/wp-json\/wp\/v2\/product\/5017\/revisions"}],"predecessor-version":[{"id":6811,"href":"https:\/\/wimar.net\/es\/wp-json\/wp\/v2\/product\/5017\/revisions\/6811"}],"wp:featuredmedia":[{"embeddable":true,"href":"https:\/\/wimar.net\/es\/wp-json\/wp\/v2\/media\/5019"}],"wp:attachment":[{"href":"https:\/\/wimar.net\/es\/wp-json\/wp\/v2\/media?parent=5017"}],"wp:term":[{"taxonomy":"product_brand","embeddable":true,"href":"https:\/\/wimar.net\/es\/wp-json\/wp\/v2\/product_brand?post=5017"},{"taxonomy":"product_cat","embeddable":true,"href":"https:\/\/wimar.net\/es\/wp-json\/wp\/v2\/product_cat?post=5017"},{"taxonomy":"product_tag","embeddable":true,"href":"https:\/\/wimar.net\/es\/wp-json\/wp\/v2\/product_tag?post=5017"}],"curies":[{"name":"wp","href":"https:\/\/api.w.org\/{rel}","templated":true}]}}