{"id":5056,"date":"2025-03-11T14:02:30","date_gmt":"2025-03-11T13:02:30","guid":{"rendered":"https:\/\/wimar.net\/?post_type=product&#038;p=5056"},"modified":"2025-04-02T12:27:40","modified_gmt":"2025-04-02T10:27:40","slug":"vellon-de-proteccion-para-cubrir-pacas-de-paja-heno-remolacha-grano-1560x1250m","status":"publish","type":"product","link":"https:\/\/wimar.net\/es\/producto\/vellon-de-proteccion-para-cubrir-pacas-de-paja-heno-remolacha-grano-1560x1250m\/","title":{"rendered":"Vell\u00f3n protector para cubrir pacas de paja, heno, grano, remolacha 145g\/m2, 15,60\u00d712,50m"},"content":{"rendered":"<h3 data-start=\"0\" data-end=\"73\">Vell\u00f3n protector para cubrir balas de paja<\/h3>\n<p data-start=\"75\" data-end=\"410\">El vell\u00f3n protector es un material duradero y funcional dise\u00f1ado para proteger los cultivos agr\u00edcolas de las condiciones clim\u00e1ticas adversas. Proporciona una protecci\u00f3n eficaz contra la lluvia, la nieve, el viento y la radiaci\u00f3n UV, lo que permite almacenar paja, heno, grano o pacas de remolacha en condiciones \u00f3ptimas durante m\u00e1s tiempo.<\/p>\n<h3 data-start=\"412\" data-end=\"442\"><strong data-start=\"416\" data-end=\"440\">Caracter\u00edsticas principales:<\/strong><\/h3>\n<ul>\n<li data-start=\"443\" data-end=\"980\"><strong data-start=\"445\" data-end=\"462\">Resiliencia:<\/strong> De material robusto, resistente a los da\u00f1os y de gran peso.<\/li>\n<li data-start=\"443\" data-end=\"980\"><strong data-start=\"547\" data-end=\"586\">Resistencia a la intemperie:<\/strong> Protege de la humedad, los rayos UV y el viento fuerte.<\/li>\n<li data-start=\"443\" data-end=\"980\"><strong data-start=\"650\" data-end=\"676\">Estructura transpirable:<\/strong> Evita la condensaci\u00f3n excesiva, lo que reduce el riesgo de moho y putrefacci\u00f3n de los productos almacenados.<\/li>\n<li data-start=\"443\" data-end=\"980\"><strong data-start=\"790\" data-end=\"815\">Reutilizable:<\/strong> Resistente a los da\u00f1os mec\u00e1nicos, puede utilizarse durante muchas temporadas.<\/li>\n<li data-start=\"443\" data-end=\"980\"><strong data-start=\"901\" data-end=\"918\">F\u00e1cil de instalar:<\/strong> Puede desmontarse r\u00e1pidamente y fijarse en su sitio.<\/li>\n<li data-start=\"443\" data-end=\"980\"><strong>Longitud:<\/strong> 12,50 m<\/li>\n<li data-start=\"443\" data-end=\"980\"><strong>Anchura:<\/strong> 15,60 m<\/li>\n<li data-start=\"443\" data-end=\"980\"><strong>Gramaje:<\/strong> 145 g\/m2<\/li>\n<\/ul>\n<h3 data-start=\"982\" data-end=\"1005\"><strong data-start=\"986\" data-end=\"1003\">Aplicaci\u00f3n:<\/strong><\/h3>\n<ul>\n<li data-start=\"1006\" data-end=\"1372\"><strong data-start=\"1009\" data-end=\"1040\">Cubrir balas de paja y heno<\/strong> - protecci\u00f3n contra la lluvia y el moho.<\/li>\n<li data-start=\"1006\" data-end=\"1372\"><strong data-start=\"1082\" data-end=\"1116\">Proteger el grano y la remolacha<\/strong> - almacenamiento m\u00e1s prolongado en condiciones adecuadas.<\/li>\n<li data-start=\"1006\" data-end=\"1372\"><strong data-start=\"1173\" data-end=\"1219\">Protecci\u00f3n de materiales de construcci\u00f3n y combustibles<\/strong> - protecci\u00f3n de la madera, el carb\u00f3n y otras materias primas contra la humedad.<\/li>\n<li data-start=\"1006\" data-end=\"1372\"><strong data-start=\"1295\" data-end=\"1333\">Uso en agricultura y horticultura<\/strong> - protecci\u00f3n adicional de plantas y cultivos.<\/li>\n<\/ul>\n<h3 data-start=\"1374\" data-end=\"1420\"><strong data-start=\"1378\" data-end=\"1418\">\u00bfPor qu\u00e9 elegir un forro polar protector?<\/strong><\/h3>\n<p data-start=\"1421\" data-end=\"1680\">El vell\u00f3n de protecci\u00f3n es una soluci\u00f3n fiable para agricultores y granjas que desean proteger sus cultivos de las cambiantes condiciones meteorol\u00f3gicas. Gracias a sus materiales de alta calidad y su robusta confecci\u00f3n, garantiza una protecci\u00f3n y un confort duraderos.<\/p>","protected":false},"excerpt":{"rendered":"<p>Fliz ochronny do okrywania bel s\u0142omy Fliz ochronny to wytrzyma\u0142a i funkcjonalny materia\u0142 stworzona z my\u015bl\u0105 o zabezpieczaniu p\u0142od\u00f3w rolnych przed niekorzystnymi warunkami atmosferycznymi. Zapewnia skuteczn\u0105 ochron\u0119 przed deszczem, \u015bniegiem, wiatrem oraz promieniowaniem UV, co pozwala na d\u0142u\u017csze przechowywanie bel s\u0142omy, siana, zbo\u017ca czy burak\u00f3w w optymalnych warunkach. Najwa\u017cniejsze cechy: Wytrzyma\u0142o\u015b\u0107: Wykonany z solidnego, odpornego [&hellip;]<\/p>","protected":false},"featured_media":5044,"template":"","meta":{"site-sidebar-layout":"default","site-content-layout":"","ast-site-content-layout":"default","site-content-style":"default","site-sidebar-style":"default","ast-global-header-display":"","ast-banner-title-visibility":"","ast-main-header-display":"","ast-hfb-above-header-display":"","ast-hfb-below-header-display":"","ast-hfb-mobile-header-display":"","site-post-title":"","ast-breadcrumbs-content":"","ast-featured-img":"","footer-sml-layout":"","theme-transparent-header-meta":"default","adv-header-id-meta":"","stick-header-meta":"default","header-above-stick-meta":"","header-main-stick-meta":"","header-below-stick-meta":"","astra-migrate-meta-layouts":"set","ast-page-background-enabled":"default","ast-page-background-meta":{"desktop":{"background-color":"var(--ast-global-color-4)","background-image":"","background-repeat":"repeat","background-position":"center center","background-size":"auto","background-attachment":"scroll","background-type":"","background-media":"","overlay-type":"","overlay-color":"","overlay-opacity":"","overlay-gradient":""},"tablet":{"background-color":"","background-image":"","background-repeat":"repeat","background-position":"center center","background-size":"auto","background-attachment":"scroll","background-type":"","background-media":"","overlay-type":"","overlay-color":"","overlay-opacity":"","overlay-gradient":""},"mobile":{"background-color":"","background-image":"","background-repeat":"repeat","background-position":"center center","background-size":"auto","background-attachment":"scroll","background-type":"","background-media":"","overlay-type":"","overlay-color":"","overlay-opacity":"","overlay-gradient":""}},"ast-content-background-meta":{"desktop":{"background-color":"var(--ast-global-color-5)","background-image":"","background-repeat":"repeat","background-position":"center center","background-size":"auto","background-attachment":"scroll","background-type":"","background-media":"","overlay-type":"","overlay-color":"","overlay-opacity":"","overlay-gradient":""},"tablet":{"background-color":"var(--ast-global-color-5)","background-image":"","background-repeat":"repeat","background-position":"center center","background-size":"auto","background-attachment":"scroll","background-type":"","background-media":"","overlay-type":"","overlay-color":"","overlay-opacity":"","overlay-gradient":""},"mobile":{"background-color":"var(--ast-global-color-5)","background-image":"","background-repeat":"repeat","background-position":"center center","background-size":"auto","background-attachment":"scroll","background-type":"","background-media":"","overlay-type":"","overlay-color":"","overlay-opacity":"","overlay-gradient":""}}},"product_brand":[],"product_cat":[212],"product_tag":[],"class_list":{"0":"post-5056","1":"product","2":"type-product","3":"status-publish","4":"has-post-thumbnail","6":"product_cat-fliz-ochronny-do-okrywania-slomy-i-siana","7":"desktop-align-left","8":"tablet-align-left","9":"mobile-align-left","10":"ast-product-gallery-layout-horizontal","11":"ast-product-tabs-layout-horizontal","13":"first","14":"instock","15":"shipping-taxable","16":"product-type-simple"},"_links":{"self":[{"href":"https:\/\/wimar.net\/es\/wp-json\/wp\/v2\/product\/5056","targetHints":{"allow":["GET"]}}],"collection":[{"href":"https:\/\/wimar.net\/es\/wp-json\/wp\/v2\/product"}],"about":[{"href":"https:\/\/wimar.net\/es\/wp-json\/wp\/v2\/types\/product"}],"version-history":[{"count":5,"href":"https:\/\/wimar.net\/es\/wp-json\/wp\/v2\/product\/5056\/revisions"}],"predecessor-version":[{"id":5164,"href":"https:\/\/wimar.net\/es\/wp-json\/wp\/v2\/product\/5056\/revisions\/5164"}],"wp:featuredmedia":[{"embeddable":true,"href":"https:\/\/wimar.net\/es\/wp-json\/wp\/v2\/media\/5044"}],"wp:attachment":[{"href":"https:\/\/wimar.net\/es\/wp-json\/wp\/v2\/media?parent=5056"}],"wp:term":[{"taxonomy":"product_brand","embeddable":true,"href":"https:\/\/wimar.net\/es\/wp-json\/wp\/v2\/product_brand?post=5056"},{"taxonomy":"product_cat","embeddable":true,"href":"https:\/\/wimar.net\/es\/wp-json\/wp\/v2\/product_cat?post=5056"},{"taxonomy":"product_tag","embeddable":true,"href":"https:\/\/wimar.net\/es\/wp-json\/wp\/v2\/product_tag?post=5056"}],"curies":[{"name":"wp","href":"https:\/\/api.w.org\/{rel}","templated":true}]}}