{"id":5096,"date":"2025-03-12T12:42:35","date_gmt":"2025-03-12T11:42:35","guid":{"rendered":"https:\/\/wimar.net\/?post_type=product&#038;p=5096"},"modified":"2025-08-01T11:41:19","modified_gmt":"2025-08-01T09:41:19","slug":"wytloczki-polipropylenowe-czarne-do-kartonu-500x300mm-ilosc-gniazd-14-32","status":"publish","type":"product","link":"https:\/\/wimar.net\/es\/producto\/wytloczki-polipropylenowe-czarne-do-kartonu-500x300mm-ilosc-gniazd-14-32\/","title":{"rendered":"Gofrado de polipropileno negro para cart\u00f3n 500x300mm"},"content":{"rendered":"<h3 data-start=\"0\" data-end=\"80\"><strong data-start=\"0\" data-end=\"78\">Wyt\u0142oczki polipropylenowe czarne<\/strong><\/h3>\n<p data-start=\"0\" data-end=\"80\">Wyt\u0142oczki polipropylenowe to trwa\u0142e i funkcjonalne wk\u0142ady do karton\u00f3w, \u0142uszczki, kt\u00f3re zapewniaj\u0105 optymaln\u0105 ochron\u0119 i stabilizacj\u0119 przechowywanych produkt\u00f3w. Dzi\u0119ki solidnej konstrukcji i precyzyjnie rozmieszczonym gniazdom pozwalaj\u0105 na bezpieczne transportowanie i magazynowanie element\u00f3w o r\u00f3\u017cnych kszta\u0142tach i rozmiarach.<\/p>\n<h3 data-start=\"421\" data-end=\"1064\"><strong data-start=\"421\" data-end=\"445\">Caracter\u00edsticas principales:<\/strong><\/h3>\n<ul>\n<li data-start=\"421\" data-end=\"1064\"><strong data-start=\"450\" data-end=\"466\">Wytrzyma\u0142o\u015b\u0107<\/strong> \u2013 Wykonane z wysokiej jako\u015bci polipropylenu, odpornego na uszkodzenia mechaniczne i wilgo\u0107.<\/li>\n<li data-start=\"421\" data-end=\"1064\"><strong data-start=\"692\" data-end=\"720\">Bezpiecze\u0144stwo produkt\u00f3w<\/strong> \u2013 Chroni\u0105 zawarto\u015b\u0107 przed przemieszczaniem si\u0119 i uszkodzeniem podczas transportu.<\/li>\n<li data-start=\"421\" data-end=\"1064\"><strong data-start=\"807\" data-end=\"839\">\u0141atwo\u015b\u0107 utrzymania czysto\u015bci<\/strong> \u2013 Materia\u0142 nie absorbuje wilgoci ani zanieczyszcze\u0144, co u\u0142atwia jego czyszczenie i ponowne wykorzystanie.<\/li>\n<li data-start=\"421\" data-end=\"1064\"><strong>Wymiary kartonu<\/strong> &#8211; 500 x 300 mm<\/li>\n<li data-start=\"421\" data-end=\"1064\"><strong>Wymiary wyt\u0142oczki<\/strong> &#8211; 490 x 290 mm<\/li>\n<\/ul>\n<p><img fetchpriority=\"high\" decoding=\"async\" class=\"wp-image-5098 size-medium aligncenter\" src=\"https:\/\/wimar.net\/wp-content\/uploads\/2025\/03\/tabelka-wytl-300x294.jpg\" alt=\"\" width=\"300\" height=\"294\" srcset=\"https:\/\/wimar.net\/wp-content\/uploads\/2025\/03\/tabelka-wytl-300x294.jpg 300w, https:\/\/wimar.net\/wp-content\/uploads\/2025\/03\/tabelka-wytl-600x589.jpg 600w, https:\/\/wimar.net\/wp-content\/uploads\/2025\/03\/tabelka-wytl-64x63.jpg 64w, https:\/\/wimar.net\/wp-content\/uploads\/2025\/03\/tabelka-wytl.jpg 762w\" sizes=\"(max-width: 300px) 100vw, 300px\" \/><\/p>\n<h3 data-start=\"1066\" data-end=\"1525\"><strong data-start=\"1066\" data-end=\"1083\">Aplicaci\u00f3n:<\/strong><\/h3>\n<ul>\n<li data-start=\"1066\" data-end=\"1525\"><strong data-start=\"1243\" data-end=\"1272\">Produkcja i magazynowanie<\/strong> \u2013 Pomagaj\u0105 w organizacji komponent\u00f3w w zak\u0142adach produkcyjnych i magazynach.<\/li>\n<li data-start=\"1066\" data-end=\"1525\"><strong data-start=\"1355\" data-end=\"1375\">Bran\u017ca spo\u017cywcza<\/strong> \u2013 Stosowane do zabezpieczania \u017cywno\u015bci.<\/li>\n<\/ul>\n<h3 data-start=\"1527\" data-end=\"1839\"><strong data-start=\"1527\" data-end=\"1585\">Dlaczego warto wybra\u0107 nasze wyt\u0142oczki polipropylenowe?<\/strong><\/h3>\n<p data-start=\"1527\" data-end=\"1839\">Nasze wyt\u0142oczki to doskona\u0142e rozwi\u0105zanie dla firm poszukuj\u0105cych niezawodnych i trwa\u0142ych wk\u0142ad\u00f3w do opakowa\u0144. Ich wszechstronno\u015b\u0107, odporno\u015b\u0107 na uszkodzenia oraz mo\u017cliwo\u015b\u0107 wielokrotnego u\u017cycia czyni\u0105 je nie tylko praktycznym, ale i ekologicznym wyborem.<\/p>","protected":false},"excerpt":{"rendered":"<p>Wyt\u0142oczki polipropylenowe czarne Wyt\u0142oczki polipropylenowe to trwa\u0142e i funkcjonalne wk\u0142ady do karton\u00f3w, \u0142uszczki, kt\u00f3re zapewniaj\u0105 optymaln\u0105 ochron\u0119 i stabilizacj\u0119 przechowywanych produkt\u00f3w. Dzi\u0119ki solidnej konstrukcji i precyzyjnie rozmieszczonym gniazdom pozwalaj\u0105 na bezpieczne transportowanie i magazynowanie element\u00f3w o r\u00f3\u017cnych kszta\u0142tach i rozmiarach. Najwa\u017cniejsze cechy: Wytrzyma\u0142o\u015b\u0107 \u2013 Wykonane z wysokiej jako\u015bci polipropylenu, odpornego na uszkodzenia mechaniczne i wilgo\u0107. [&hellip;]<\/p>","protected":false},"featured_media":5097,"template":"","meta":{"site-sidebar-layout":"default","site-content-layout":"","ast-site-content-layout":"default","site-content-style":"default","site-sidebar-style":"default","ast-global-header-display":"","ast-banner-title-visibility":"","ast-main-header-display":"","ast-hfb-above-header-display":"","ast-hfb-below-header-display":"","ast-hfb-mobile-header-display":"","site-post-title":"","ast-breadcrumbs-content":"","ast-featured-img":"","footer-sml-layout":"","theme-transparent-header-meta":"default","adv-header-id-meta":"","stick-header-meta":"default","header-above-stick-meta":"","header-main-stick-meta":"","header-below-stick-meta":"","astra-migrate-meta-layouts":"set","ast-page-background-enabled":"default","ast-page-background-meta":{"desktop":{"background-color":"var(--ast-global-color-4)","background-image":"","background-repeat":"repeat","background-position":"center center","background-size":"auto","background-attachment":"scroll","background-type":"","background-media":"","overlay-type":"","overlay-color":"","overlay-opacity":"","overlay-gradient":""},"tablet":{"background-color":"","background-image":"","background-repeat":"repeat","background-position":"center center","background-size":"auto","background-attachment":"scroll","background-type":"","background-media":"","overlay-type":"","overlay-color":"","overlay-opacity":"","overlay-gradient":""},"mobile":{"background-color":"","background-image":"","background-repeat":"repeat","background-position":"center center","background-size":"auto","background-attachment":"scroll","background-type":"","background-media":"","overlay-type":"","overlay-color":"","overlay-opacity":"","overlay-gradient":""}},"ast-content-background-meta":{"desktop":{"background-color":"var(--ast-global-color-5)","background-image":"","background-repeat":"repeat","background-position":"center center","background-size":"auto","background-attachment":"scroll","background-type":"","background-media":"","overlay-type":"","overlay-color":"","overlay-opacity":"","overlay-gradient":""},"tablet":{"background-color":"var(--ast-global-color-5)","background-image":"","background-repeat":"repeat","background-position":"center center","background-size":"auto","background-attachment":"scroll","background-type":"","background-media":"","overlay-type":"","overlay-color":"","overlay-opacity":"","overlay-gradient":""},"mobile":{"background-color":"var(--ast-global-color-5)","background-image":"","background-repeat":"repeat","background-position":"center center","background-size":"auto","background-attachment":"scroll","background-type":"","background-media":"","overlay-type":"","overlay-color":"","overlay-opacity":"","overlay-gradient":""}}},"product_brand":[],"product_cat":[386,395],"product_tag":[],"class_list":{"0":"post-5096","1":"product","2":"type-product","3":"status-publish","4":"has-post-thumbnail","6":"product_cat-czarne","7":"product_cat-polipropylenowe-wytloczki-do-kartonu-luszczki-500x300","8":"desktop-align-left","9":"tablet-align-left","10":"mobile-align-left","11":"ast-product-gallery-layout-horizontal","12":"ast-product-tabs-layout-horizontal","14":"first","15":"instock","16":"shipping-taxable","17":"product-type-simple"},"_links":{"self":[{"href":"https:\/\/wimar.net\/es\/wp-json\/wp\/v2\/product\/5096","targetHints":{"allow":["GET"]}}],"collection":[{"href":"https:\/\/wimar.net\/es\/wp-json\/wp\/v2\/product"}],"about":[{"href":"https:\/\/wimar.net\/es\/wp-json\/wp\/v2\/types\/product"}],"version-history":[{"count":5,"href":"https:\/\/wimar.net\/es\/wp-json\/wp\/v2\/product\/5096\/revisions"}],"predecessor-version":[{"id":7332,"href":"https:\/\/wimar.net\/es\/wp-json\/wp\/v2\/product\/5096\/revisions\/7332"}],"wp:featuredmedia":[{"embeddable":true,"href":"https:\/\/wimar.net\/es\/wp-json\/wp\/v2\/media\/5097"}],"wp:attachment":[{"href":"https:\/\/wimar.net\/es\/wp-json\/wp\/v2\/media?parent=5096"}],"wp:term":[{"taxonomy":"product_brand","embeddable":true,"href":"https:\/\/wimar.net\/es\/wp-json\/wp\/v2\/product_brand?post=5096"},{"taxonomy":"product_cat","embeddable":true,"href":"https:\/\/wimar.net\/es\/wp-json\/wp\/v2\/product_cat?post=5096"},{"taxonomy":"product_tag","embeddable":true,"href":"https:\/\/wimar.net\/es\/wp-json\/wp\/v2\/product_tag?post=5096"}],"curies":[{"name":"wp","href":"https:\/\/api.w.org\/{rel}","templated":true}]}}