{"id":5852,"date":"2025-03-19T08:39:13","date_gmt":"2025-03-19T07:39:13","guid":{"rendered":"https:\/\/wimar.net\/?post_type=product&#038;p=5852"},"modified":"2025-03-19T08:49:05","modified_gmt":"2025-03-19T07:49:05","slug":"noz-do-szczepien-due-buoi-202l-sin-dla-leworecznych-drewno","status":"publish","type":"product","link":"https:\/\/wimar.net\/es\/producto\/noz-do-szczepien-due-buoi-202l-sin-dla-leworecznych-drewno\/","title":{"rendered":"N\u00f3\u017c do szczepie\u0144 Due Buoi 202L SIN dla lewor\u0119cznych, drewno"},"content":{"rendered":"<h3 data-start=\"0\" data-end=\"298\">N\u00f3\u017c szk\u00f3\u0142karski, szczepak<\/h3>\n<p data-start=\"0\" data-end=\"298\">N\u00f3\u017c szk\u00f3\u0142karski szczepak Due Buoi 202L lewor\u0119czny to profesjonalne narz\u0119dzie przeznaczone do precyzyjnych prac ogrodniczych, takich jak szczepienie i okulizacja ro\u015blin. Wykonany z wysokiej jako\u015bci materia\u0142\u00f3w, zapewnia doskona\u0142\u0105 kontrol\u0119 i skuteczno\u015b\u0107 ci\u0119cia, co czyni go niezast\u0105pionym w szk\u00f3\u0142kach, sadach i ogrodach.<\/p>\n<p data-start=\"0\" data-end=\"298\">Due Buoi (Dwa Wo\u0142y) to rodzinna firma za\u0142o\u017cona w 1884 roku we W\u0142oszech od czterech pokole\u0144 produkuj\u0105ca no\u017ce i narz\u0119dzia dla rolnictwa. DueBuoi opracowa\u0142a w\u0142asn\u0105, pilnie przechowywan\u0105 metod\u0119 obr\u00f3bki metalu\u00a0<em>extra duro<\/em>, dzi\u0119ki kt\u00f3rej ostrza produkowanych no\u017cy i sekator\u00f3w zachowuj\u0105 wyj\u0105tkow\u0105 trwa\u0142o\u015b\u0107. Firma z Maniago (miasta sztu\u0107c\u00f3w) znana jest w Italii z produkcji no\u017cy kuchennych, szk\u00f3\u0142karskich i survivalowych, sekator\u00f3w i siekier.<\/p>\n<h3 data-start=\"300\" data-end=\"324\">Caracter\u00edsticas principales:<\/h3>\n<ul>\n<li data-start=\"326\" data-end=\"993\"><strong data-start=\"305\" data-end=\"332\">Wysoka jako\u015b\u0107 wykonania<\/strong> \u2013 N\u00f3\u017c wyprodukowany we W\u0142oszech przez renomowan\u0105 firm\u0119 Due Buoi, znan\u0105 z produkcji profesjonalnych narz\u0119dzi ogrodniczych.<\/li>\n<li data-start=\"326\" data-end=\"993\"><strong data-start=\"459\" data-end=\"480\">Precyzyjne ostrze<\/strong> \u2013 Wykonane ze stali w\u0119glowej, idealnie nadaje si\u0119 do precyzyjnych ci\u0119\u0107 podczas szczepienia i okulizacji.<\/li>\n<li data-start=\"326\" data-end=\"993\"><strong data-start=\"590\" data-end=\"615\">Ergonomiczna r\u0119koje\u015b\u0107<\/strong> \u2013 Drewniana, dobrze wyprofilowana r\u0119koje\u015b\u0107 zapewnia komfort pracy i pewny chwyt.<\/li>\n<li data-start=\"326\" data-end=\"993\"><strong data-start=\"701\" data-end=\"728\">Trwa\u0142o\u015b\u0107 i niezawodno\u015b\u0107<\/strong> \u2013 Solidna konstrukcja no\u017ca gwarantuje d\u0142ug\u0105 \u017cywotno\u015b\u0107 nawet przy intensywnym u\u017cytkowaniu.<\/li>\n<li data-start=\"326\" data-end=\"993\"><strong data-start=\"823\" data-end=\"853\">Profesjonalne zastosowanie<\/strong> \u2013 Idealny dla szk\u00f3\u0142karzy, sadownik\u00f3w i ogrodnik\u00f3w zajmuj\u0105cych si\u0119 rozmna\u017caniem ro\u015blin.<\/li>\n<li data-start=\"326\" data-end=\"993\"><strong>D\u0142ugo\u015b\u0107 ostrza<\/strong> &#8211; 5,5 cm<\/li>\n<li data-start=\"326\" data-end=\"993\"><strong>Szeroko\u015b\u0107 ostrza<\/strong> &#8211; 1,5 cm<\/li>\n<li data-start=\"326\" data-end=\"993\"><strong>Rozmiar ca\u0142kowity<\/strong> &#8211; 17 cm<\/li>\n<li data-start=\"326\" data-end=\"993\"><strong>Materia\u0142<\/strong> &#8211; Drewno (r\u0119koje\u015b\u0107), lity mosi\u0105dz (wk\u0142adka), stal w\u0119glowa (ostrze)<\/li>\n<\/ul>\n<h3 data-start=\"995\" data-end=\"1012\">Aplicaci\u00f3n:<\/h3>\n<ul data-start=\"1014\" data-end=\"1347\">\n<li data-start=\"966\" data-end=\"1060\"><strong data-start=\"968\" data-end=\"1009\">Szczepienie drzew i krzew\u00f3w owocowych<\/strong> \u2013 Niezast\u0105piony przy \u0142\u0105czeniu p\u0119d\u00f3w i podk\u0142adek.<\/li>\n<li data-start=\"1061\" data-end=\"1188\"><strong data-start=\"1063\" data-end=\"1084\">Okulizacja ro\u015blin<\/strong> \u2013 Precyzyjne ostrze pozwala na wykonanie dok\u0142adnych naci\u0119\u0107 niezb\u0119dnych przy tej metodzie rozmna\u017cania.<\/li>\n<li data-start=\"1189\" data-end=\"1286\"><strong data-start=\"1191\" data-end=\"1213\">Prace szk\u00f3\u0142karskie<\/strong> \u2013 Doskona\u0142y do profesjonalnych zastosowa\u0144 w szk\u00f3\u0142kach drzew i krzew\u00f3w.<\/li>\n<li data-start=\"1287\" data-end=\"1370\"><strong data-start=\"1289\" data-end=\"1322\">Piel\u0119gnacja ro\u015blin ogrodowych<\/strong> \u2013 U\u0142atwia prace wymagaj\u0105ce precyzyjnego ci\u0119cia.<\/li>\n<\/ul>\n<h3 data-start=\"1403\" data-end=\"1467\">Dlaczego warto wybra\u0107 n\u00f3\u017c szczepak Due Buoi 202L lewor\u0119czny?<\/h3>\n<p data-start=\"1468\" data-end=\"1851\" data-is-last-node=\"\" data-is-only-node=\"\">N\u00f3\u017c Due Buoi 202L to profesjonalne, trwa\u0142e i precyzyjne narz\u0119dzie stworzone z my\u015bl\u0105 o osobach lewor\u0119cznych. Wykonany z najlepszych materia\u0142\u00f3w, pozwala na wygodn\u0105 i efektywn\u0105 prac\u0119 podczas szczepienia ro\u015blin, gwarantuj\u0105c wysok\u0105 jako\u015b\u0107 ka\u017cdego ci\u0119cia. To doskona\u0142y wyb\u00f3r dla szk\u00f3\u0142karzy, sadownik\u00f3w oraz pasjonat\u00f3w ogrodnictwa, kt\u00f3rzy ceni\u0105 sobie precyzj\u0119, niezawodno\u015b\u0107 i komfort pracy.<\/p>","protected":false},"excerpt":{"rendered":"<p>N\u00f3\u017c szk\u00f3\u0142karski, szczepak N\u00f3\u017c szk\u00f3\u0142karski szczepak Due Buoi 202L lewor\u0119czny to profesjonalne narz\u0119dzie przeznaczone do precyzyjnych prac ogrodniczych, takich jak szczepienie i okulizacja ro\u015blin. Wykonany z wysokiej jako\u015bci materia\u0142\u00f3w, zapewnia doskona\u0142\u0105 kontrol\u0119 i skuteczno\u015b\u0107 ci\u0119cia, co czyni go niezast\u0105pionym w szk\u00f3\u0142kach, sadach i ogrodach. Due Buoi (Dwa Wo\u0142y) to rodzinna firma za\u0142o\u017cona w 1884 roku [&hellip;]<\/p>","protected":false},"featured_media":5853,"template":"","meta":{"site-sidebar-layout":"default","site-content-layout":"","ast-site-content-layout":"default","site-content-style":"default","site-sidebar-style":"default","ast-global-header-display":"","ast-banner-title-visibility":"","ast-main-header-display":"","ast-hfb-above-header-display":"","ast-hfb-below-header-display":"","ast-hfb-mobile-header-display":"","site-post-title":"","ast-breadcrumbs-content":"","ast-featured-img":"","footer-sml-layout":"","theme-transparent-header-meta":"default","adv-header-id-meta":"","stick-header-meta":"default","header-above-stick-meta":"","header-main-stick-meta":"","header-below-stick-meta":"","astra-migrate-meta-layouts":"set","ast-page-background-enabled":"default","ast-page-background-meta":{"desktop":{"background-color":"var(--ast-global-color-4)","background-image":"","background-repeat":"repeat","background-position":"center center","background-size":"auto","background-attachment":"scroll","background-type":"","background-media":"","overlay-type":"","overlay-color":"","overlay-opacity":"","overlay-gradient":""},"tablet":{"background-color":"","background-image":"","background-repeat":"repeat","background-position":"center center","background-size":"auto","background-attachment":"scroll","background-type":"","background-media":"","overlay-type":"","overlay-color":"","overlay-opacity":"","overlay-gradient":""},"mobile":{"background-color":"","background-image":"","background-repeat":"repeat","background-position":"center center","background-size":"auto","background-attachment":"scroll","background-type":"","background-media":"","overlay-type":"","overlay-color":"","overlay-opacity":"","overlay-gradient":""}},"ast-content-background-meta":{"desktop":{"background-color":"var(--ast-global-color-5)","background-image":"","background-repeat":"repeat","background-position":"center center","background-size":"auto","background-attachment":"scroll","background-type":"","background-media":"","overlay-type":"","overlay-color":"","overlay-opacity":"","overlay-gradient":""},"tablet":{"background-color":"var(--ast-global-color-5)","background-image":"","background-repeat":"repeat","background-position":"center center","background-size":"auto","background-attachment":"scroll","background-type":"","background-media":"","overlay-type":"","overlay-color":"","overlay-opacity":"","overlay-gradient":""},"mobile":{"background-color":"var(--ast-global-color-5)","background-image":"","background-repeat":"repeat","background-position":"center center","background-size":"auto","background-attachment":"scroll","background-type":"","background-media":"","overlay-type":"","overlay-color":"","overlay-opacity":"","overlay-gradient":""}}},"product_brand":[],"product_cat":[253,258],"product_tag":[],"class_list":{"0":"post-5852","1":"product","2":"type-product","3":"status-publish","4":"has-post-thumbnail","6":"product_cat-noze","7":"product_cat-reczne-narzedzia-ogrodnicze","8":"desktop-align-left","9":"tablet-align-left","10":"mobile-align-left","11":"ast-product-gallery-layout-horizontal","12":"ast-product-tabs-layout-horizontal","14":"first","15":"instock","16":"shipping-taxable","17":"product-type-simple"},"_links":{"self":[{"href":"https:\/\/wimar.net\/es\/wp-json\/wp\/v2\/product\/5852","targetHints":{"allow":["GET"]}}],"collection":[{"href":"https:\/\/wimar.net\/es\/wp-json\/wp\/v2\/product"}],"about":[{"href":"https:\/\/wimar.net\/es\/wp-json\/wp\/v2\/types\/product"}],"version-history":[{"count":2,"href":"https:\/\/wimar.net\/es\/wp-json\/wp\/v2\/product\/5852\/revisions"}],"predecessor-version":[{"id":7315,"href":"https:\/\/wimar.net\/es\/wp-json\/wp\/v2\/product\/5852\/revisions\/7315"}],"wp:featuredmedia":[{"embeddable":true,"href":"https:\/\/wimar.net\/es\/wp-json\/wp\/v2\/media\/5853"}],"wp:attachment":[{"href":"https:\/\/wimar.net\/es\/wp-json\/wp\/v2\/media?parent=5852"}],"wp:term":[{"taxonomy":"product_brand","embeddable":true,"href":"https:\/\/wimar.net\/es\/wp-json\/wp\/v2\/product_brand?post=5852"},{"taxonomy":"product_cat","embeddable":true,"href":"https:\/\/wimar.net\/es\/wp-json\/wp\/v2\/product_cat?post=5852"},{"taxonomy":"product_tag","embeddable":true,"href":"https:\/\/wimar.net\/es\/wp-json\/wp\/v2\/product_tag?post=5852"}],"curies":[{"name":"wp","href":"https:\/\/api.w.org\/{rel}","templated":true}]}}