{"id":5867,"date":"2025-03-19T09:40:43","date_gmt":"2025-03-19T08:40:43","guid":{"rendered":"https:\/\/wimar.net\/?post_type=product&#038;p=5867"},"modified":"2025-03-19T09:48:29","modified_gmt":"2025-03-19T08:48:29","slug":"noz-klinowy-do-rozszczepiania-duo-buoi-275l-sadowniczy","status":"publish","type":"product","link":"https:\/\/wimar.net\/es\/producto\/noz-klinowy-do-rozszczepiania-duo-buoi-275l-sadowniczy\/","title":{"rendered":"N\u00f3\u017c klinowy do rozszczepiania Duo Buoi 275L &#8211; sadowniczy"},"content":{"rendered":"<h3 data-start=\"0\" data-end=\"298\">N\u00f3\u017c klinowy do rozszczepiania<\/h3>\n<p data-start=\"0\" data-end=\"298\">N\u00f3\u017c klinowy do rozszczepiania Due Buoi 275L to specjalistyczne narz\u0119dzie sadownicze, zaprojektowane z my\u015bl\u0105 o precyzyjnym i efektywnym rozszczepianiu pni i konar\u00f3w podczas wykonywania szczepie\u0144 drzew owocowych. Wysoka jako\u015b\u0107 wykonania i solidna konstrukcja sprawiaj\u0105, \u017ce jest to niezast\u0105pione narz\u0119dzie w ka\u017cdym gospodarstwie sadowniczym.<\/p>\n<p data-start=\"0\" data-end=\"298\">Due Buoi (Dwa Wo\u0142y) to rodzinna firma za\u0142o\u017cona w 1884 roku we W\u0142oszech od czterech pokole\u0144 produkuj\u0105ca no\u017ce i narz\u0119dzia dla rolnictwa. DueBuoi opracowa\u0142a w\u0142asn\u0105, pilnie przechowywan\u0105 metod\u0119 obr\u00f3bki metalu\u00a0<em>extra duro<\/em>, dzi\u0119ki kt\u00f3rej ostrza produkowanych no\u017cy i sekator\u00f3w zachowuj\u0105 wyj\u0105tkow\u0105 trwa\u0142o\u015b\u0107. Firma z Maniago (miasta sztu\u0107c\u00f3w) znana jest w Italii z produkcji no\u017cy kuchennych, szk\u00f3\u0142karskich i survivalowych, sekator\u00f3w i siekier.<\/p>\n<h3 data-start=\"300\" data-end=\"324\">Caracter\u00edsticas principales:<\/h3>\n<ul>\n<li data-start=\"326\" data-end=\"993\"><strong data-start=\"367\" data-end=\"389\">Precyzja wykonania<\/strong> \u2013 N\u00f3\u017c wykonany z wysokiej jako\u015bci stali, gwarantuj\u0105cej trwa\u0142o\u015b\u0107 i niezawodno\u015b\u0107 podczas pracy.<\/li>\n<li data-start=\"326\" data-end=\"993\"><strong data-start=\"488\" data-end=\"504\">Wytrzyma\u0142o\u015b\u0107<\/strong> \u2013 Konstrukcja odporna na uszkodzenia mechaniczne i intensywne u\u017cytkowanie w trudnych warunkach sadowniczych.<\/li>\n<li data-start=\"326\" data-end=\"993\"><strong data-start=\"618\" data-end=\"643\">Idealny kszta\u0142t klina<\/strong> \u2013 Specjalnie wyprofilowana klinga umo\u017cliwia \u0142atwe i kontrolowane rozszczepianie drewna bez ryzyka uszkodzenia drzewa.<\/li>\n<li data-start=\"326\" data-end=\"993\"><strong data-start=\"766\" data-end=\"791\">Ergonomiczna r\u0119koje\u015b\u0107<\/strong> \u2013 U\u0142atwia pewny chwyt i komfortow\u0105 prac\u0119 nawet przez d\u0142u\u017cszy czas.<\/li>\n<li data-start=\"326\" data-end=\"993\"><strong data-start=\"863\" data-end=\"893\">Wielosezonowe zastosowanie<\/strong> \u2013 Przy odpowiedniej konserwacji narz\u0119dzie zachowuje swoje w\u0142a\u015bciwo\u015bci przez wiele sezon\u00f3w.<\/li>\n<li data-start=\"326\" data-end=\"993\"><strong>D\u0142ugo\u015b\u0107 ostrza<\/strong> &#8211; 4,5 cm<\/li>\n<li data-start=\"326\" data-end=\"993\"><strong>Rozmiar ca\u0142kowity<\/strong> &#8211; 24,6 cm<\/li>\n<li data-start=\"326\" data-end=\"993\"><strong>Materia\u0142<\/strong> &#8211; Drewno (r\u0119koje\u015b\u0107), \u017celazo (pier\u015bcie\u0144), stal w\u0119glowa (ostrze)<\/li>\n<\/ul>\n<h3 data-start=\"995\" data-end=\"1012\">Aplicaci\u00f3n:<\/h3>\n<ul data-start=\"1014\" data-end=\"1347\">\n<li data-start=\"1010\" data-end=\"1148\"><strong data-start=\"1012\" data-end=\"1043\">Szczepienia drzew owocowych<\/strong> \u2013 Niezb\u0119dny podczas szczepienia metod\u0105 za pomoc\u0105 klina, umo\u017cliwia precyzyjne rozszczepienie podk\u0142adki.<\/li>\n<li data-start=\"1149\" data-end=\"1251\"><strong data-start=\"1151\" data-end=\"1173\">Prace szk\u00f3\u0142karskie<\/strong> \u2013 U\u0142atwia wykonywanie precyzyjnych szczepie\u0144 w produkcji drzewek owocowych.<\/li>\n<li data-start=\"1252\" data-end=\"1368\"><strong data-start=\"1254\" data-end=\"1279\">Zabiegi piel\u0119gnacyjne<\/strong> \u2013 Przydatny w sadach przy wszelkich pracach wymagaj\u0105cych rozszczepiania konar\u00f3w lub pni.<\/li>\n<\/ul>\n<h3 data-start=\"1375\" data-end=\"1421\">Dlaczego warto wybra\u0107 n\u00f3\u017c klinowy Due Buoi 275L?<\/h3>\n<p data-start=\"1422\" data-end=\"1844\" data-is-last-node=\"\" data-is-only-node=\"\">N\u00f3\u017c klinowy Due Buoi 275L to profesjonalne narz\u0119dzie, kt\u00f3re znacz\u0105co usprawnia i u\u0142atwia prac\u0119 przy szczepieniach drzew owocowych. Jego solidno\u015b\u0107, precyzja i ergonomia czyni\u0105 go niezast\u0105pionym w ka\u017cdym sadzie i szk\u00f3\u0142ce drzew owocowych. Zapewnia pewno\u015b\u0107 wykonania rozszczepienia, minimalizuj\u0105c ryzyko uszkodzenia ro\u015bliny i zwi\u0119kszaj\u0105c skuteczno\u015b\u0107 zabiegu. To inwestycja na lata dla ka\u017cdego, kto zawodowo zajmuje si\u0119 sadownictwem.<\/p>","protected":false},"excerpt":{"rendered":"<p>N\u00f3\u017c klinowy do rozszczepiania N\u00f3\u017c klinowy do rozszczepiania Due Buoi 275L to specjalistyczne narz\u0119dzie sadownicze, zaprojektowane z my\u015bl\u0105 o precyzyjnym i efektywnym rozszczepianiu pni i konar\u00f3w podczas wykonywania szczepie\u0144 drzew owocowych. Wysoka jako\u015b\u0107 wykonania i solidna konstrukcja sprawiaj\u0105, \u017ce jest to niezast\u0105pione narz\u0119dzie w ka\u017cdym gospodarstwie sadowniczym. Due Buoi (Dwa Wo\u0142y) to rodzinna firma za\u0142o\u017cona [&hellip;]<\/p>","protected":false},"featured_media":5870,"template":"","meta":{"site-sidebar-layout":"default","site-content-layout":"","ast-site-content-layout":"default","site-content-style":"default","site-sidebar-style":"default","ast-global-header-display":"","ast-banner-title-visibility":"","ast-main-header-display":"","ast-hfb-above-header-display":"","ast-hfb-below-header-display":"","ast-hfb-mobile-header-display":"","site-post-title":"","ast-breadcrumbs-content":"","ast-featured-img":"","footer-sml-layout":"","theme-transparent-header-meta":"default","adv-header-id-meta":"","stick-header-meta":"default","header-above-stick-meta":"","header-main-stick-meta":"","header-below-stick-meta":"","astra-migrate-meta-layouts":"set","ast-page-background-enabled":"default","ast-page-background-meta":{"desktop":{"background-color":"var(--ast-global-color-4)","background-image":"","background-repeat":"repeat","background-position":"center center","background-size":"auto","background-attachment":"scroll","background-type":"","background-media":"","overlay-type":"","overlay-color":"","overlay-opacity":"","overlay-gradient":""},"tablet":{"background-color":"","background-image":"","background-repeat":"repeat","background-position":"center center","background-size":"auto","background-attachment":"scroll","background-type":"","background-media":"","overlay-type":"","overlay-color":"","overlay-opacity":"","overlay-gradient":""},"mobile":{"background-color":"","background-image":"","background-repeat":"repeat","background-position":"center center","background-size":"auto","background-attachment":"scroll","background-type":"","background-media":"","overlay-type":"","overlay-color":"","overlay-opacity":"","overlay-gradient":""}},"ast-content-background-meta":{"desktop":{"background-color":"var(--ast-global-color-5)","background-image":"","background-repeat":"repeat","background-position":"center center","background-size":"auto","background-attachment":"scroll","background-type":"","background-media":"","overlay-type":"","overlay-color":"","overlay-opacity":"","overlay-gradient":""},"tablet":{"background-color":"var(--ast-global-color-5)","background-image":"","background-repeat":"repeat","background-position":"center center","background-size":"auto","background-attachment":"scroll","background-type":"","background-media":"","overlay-type":"","overlay-color":"","overlay-opacity":"","overlay-gradient":""},"mobile":{"background-color":"var(--ast-global-color-5)","background-image":"","background-repeat":"repeat","background-position":"center center","background-size":"auto","background-attachment":"scroll","background-type":"","background-media":"","overlay-type":"","overlay-color":"","overlay-opacity":"","overlay-gradient":""}}},"product_brand":[],"product_cat":[253,258],"product_tag":[],"class_list":{"0":"post-5867","1":"product","2":"type-product","3":"status-publish","4":"has-post-thumbnail","6":"product_cat-noze","7":"product_cat-reczne-narzedzia-ogrodnicze","8":"desktop-align-left","9":"tablet-align-left","10":"mobile-align-left","11":"ast-product-gallery-layout-horizontal","12":"ast-product-tabs-layout-horizontal","14":"first","15":"instock","16":"shipping-taxable","17":"product-type-simple"},"_links":{"self":[{"href":"https:\/\/wimar.net\/es\/wp-json\/wp\/v2\/product\/5867","targetHints":{"allow":["GET"]}}],"collection":[{"href":"https:\/\/wimar.net\/es\/wp-json\/wp\/v2\/product"}],"about":[{"href":"https:\/\/wimar.net\/es\/wp-json\/wp\/v2\/types\/product"}],"version-history":[{"count":2,"href":"https:\/\/wimar.net\/es\/wp-json\/wp\/v2\/product\/5867\/revisions"}],"predecessor-version":[{"id":7313,"href":"https:\/\/wimar.net\/es\/wp-json\/wp\/v2\/product\/5867\/revisions\/7313"}],"wp:featuredmedia":[{"embeddable":true,"href":"https:\/\/wimar.net\/es\/wp-json\/wp\/v2\/media\/5870"}],"wp:attachment":[{"href":"https:\/\/wimar.net\/es\/wp-json\/wp\/v2\/media?parent=5867"}],"wp:term":[{"taxonomy":"product_brand","embeddable":true,"href":"https:\/\/wimar.net\/es\/wp-json\/wp\/v2\/product_brand?post=5867"},{"taxonomy":"product_cat","embeddable":true,"href":"https:\/\/wimar.net\/es\/wp-json\/wp\/v2\/product_cat?post=5867"},{"taxonomy":"product_tag","embeddable":true,"href":"https:\/\/wimar.net\/es\/wp-json\/wp\/v2\/product_tag?post=5867"}],"curies":[{"name":"wp","href":"https:\/\/api.w.org\/{rel}","templated":true}]}}