{"id":7020,"date":"2025-10-27T11:56:15","date_gmt":"2025-10-27T10:56:15","guid":{"rendered":"https:\/\/wimar.net\/?post_type=product&#038;p=7020"},"modified":"2025-10-27T12:12:36","modified_gmt":"2025-10-27T11:12:36","slug":"galaz-z-wlokna-kokosowego-40cm","status":"publish","type":"product","link":"https:\/\/wimar.net\/es\/producto\/galaz-z-wlokna-kokosowego-40cm\/","title":{"rendered":"Ga\u0142\u0105\u017a z w\u0142\u00f3kna kokosowego 40cm"},"content":{"rendered":"<h3 data-start=\"0\" data-end=\"80\"><strong data-start=\"0\" data-end=\"78\">Ga\u0142\u0105\u017a z w\u0142\u00f3kna kokosowego<\/strong><\/h3>\n<p>Ga\u0142\u0105\u017a do terrarium wykonana z naturalnych, d\u0142ugich w\u0142\u00f3kien kokosowych, zwi\u0119kszaj\u0105ca przestrze\u0144 \u017cyciow\u0105 twojemu zwierzakowi. Zaprojektowana z my\u015bl\u0105 o zwierz\u0119tach nadrzewnych, kt\u00f3rym umo\u017cliwia wspinanie si\u0119 w najwy\u017csze strefy w terrarium. Ozdoba pobudzaj\u0105ca kreatywno\u015b\u0107. Ga\u0142\u0105\u017a jest w pe\u0142ni elastyczna, dzi\u0119ki czemu mo\u017cna j\u0105 wygina\u0107 w dowolnym kierunku, dostosowuj\u0105c j\u0105 do wymog\u00f3w zwierzaka i wymiar\u00f3w zbiornika. Sprawdzi si\u0119 w terrarium pionowym jak i poziomym. Szczeg\u00f3lnie dedykowana wszystkim gatunkom kameleon\u00f3w, agamom b\u0142otnym i innym jaszczurkom nadrzewnym, p\u0142azom, owadom oraz paj\u0119czakom. Idealny stela\u017c dla ro\u015blin tropikalnych, a szczeg\u00f3lno\u015bci pn\u0105cych, takich jak: scindapsus, philodendron czy trzykrotka.<\/p>\n<h3 data-start=\"736\" data-end=\"760\">Caracter\u00edsticas principales:<\/h3>\n<ul>\n<li><strong data-start=\"415\" data-end=\"430\">Naturalno\u015b\u0107<\/strong> \u2013 Wykonana w 100% z biodegradowalnego i odnawialnego w\u0142\u00f3kna kokosowego pozyskiwanego z naturalnych surowc\u00f3w.<\/li>\n<li><strong data-start=\"544\" data-end=\"572\">Ekologiczna i bezpieczna<\/strong> \u2013 Produkt przyjazny \u015brodowisku, wolny od syntetycznych dodatk\u00f3w i chemikali\u00f3w.<\/li>\n<li><strong data-start=\"656\" data-end=\"683\">Wytrzyma\u0142o\u015b\u0107 i trwa\u0142o\u015b\u0107<\/strong> \u2013 Struktura w\u0142\u00f3kna kokosowego zapewnia odporno\u015b\u0107 na rozci\u0105ganie, wilgo\u0107 i promieniowanie UV.<\/li>\n<li><strong data-start=\"781\" data-end=\"807\">Elastyczno\u015b\u0107 i lekko\u015b\u0107<\/strong> \u2013 Ga\u0142\u0105\u017a jest \u0142atwa w formowaniu, dzi\u0119ki czemu mo\u017cna j\u0105 dopasowa\u0107 do r\u00f3\u017cnych aran\u017cacji ogrodowych.<\/li>\n<li><strong data-start=\"910\" data-end=\"931\">Estetyczny wygl\u0105d<\/strong> \u2013 Naturalna barwa i faktura w\u0142\u00f3kna nadaj\u0105 przestrzeni rustykalny, organiczny charakter.<\/li>\n<li><strong>D\u0142ugo\u015b\u0107<\/strong> &#8211; 40 cm<\/li>\n<\/ul>\n<h3 data-start=\"1141\" data-end=\"1158\">Aplicaci\u00f3n:<\/h3>\n<ul>\n<li data-start=\"1104\" data-end=\"1546\"><strong data-start=\"1054\" data-end=\"1090\">Dekoracja ogrodowa i wn\u0119trzarska<\/strong> \u2013 Idealna do tworzenia naturalnych kompozycji florystycznych, stroik\u00f3w, ozd\u00f3b i aran\u017cacji wn\u0119trz.<\/li>\n<li data-start=\"1104\" data-end=\"1546\"><strong data-start=\"1194\" data-end=\"1222\">Ochrona i podpora ro\u015blin<\/strong> \u2013 Mo\u017ce by\u0107 stosowana jako naturalna os\u0142ona pni drzew i krzew\u00f3w lub element mocuj\u0105cy p\u0119dy.<\/li>\n<li data-start=\"1104\" data-end=\"1546\"><strong data-start=\"1318\" data-end=\"1346\">Zastosowania ekologiczne<\/strong> \u2013 Pomaga w stabilizacji gleby i zapobieganiu erozji w naturalnych nasadzeniach.<\/li>\n<li data-start=\"1104\" data-end=\"1546\"><strong data-start=\"1432\" data-end=\"1472\">Element ma\u0142ej architektury ogrodowej<\/strong> \u2013 U\u017cywana przy tworzeniu ogrodze\u0144, ekran\u00f3w lub naturalnych barier w ogrodzie.<\/li>\n<\/ul>\n<h3 data-start=\"1559\" data-end=\"1615\"><strong data-start=\"1563\" data-end=\"1615\">Dlaczego warto wybra\u0107 ga\u0142\u0105\u017a z w\u0142\u00f3kna kokosowego?<\/strong><\/h3>\n<p data-start=\"1617\" data-end=\"2007\" data-is-last-node=\"\" data-is-only-node=\"\">Ga\u0142\u0105\u017a z w\u0142\u00f3kna kokosowego to po\u0142\u0105czenie funkcjonalno\u015bci, trwa\u0142o\u015bci i ekologii. Jest w pe\u0142ni naturalna, odporna na dzia\u0142anie czynnik\u00f3w zewn\u0119trznych i przyjazna dla \u015brodowiska. Dzi\u0119ki uniwersalnemu zastosowaniu sprawdzi si\u0119 zar\u00f3wno w ogrodzie, jak i w dekoracji wn\u0119trz, nadaj\u0105c im naturalny, harmonijny wygl\u0105d. To doskona\u0142y wyb\u00f3r dla os\u00f3b ceni\u0105cych ekologi\u0119, estetyk\u0119 i praktyczno\u015b\u0107 w jednym.<\/p>","protected":false},"excerpt":{"rendered":"<p>Ga\u0142\u0105\u017a z w\u0142\u00f3kna kokosowego Ga\u0142\u0105\u017a do terrarium wykonana z naturalnych, d\u0142ugich w\u0142\u00f3kien kokosowych, zwi\u0119kszaj\u0105ca przestrze\u0144 \u017cyciow\u0105 twojemu zwierzakowi. Zaprojektowana z my\u015bl\u0105 o zwierz\u0119tach nadrzewnych, kt\u00f3rym umo\u017cliwia wspinanie si\u0119 w najwy\u017csze strefy w terrarium. Ozdoba pobudzaj\u0105ca kreatywno\u015b\u0107. Ga\u0142\u0105\u017a jest w pe\u0142ni elastyczna, dzi\u0119ki czemu mo\u017cna j\u0105 wygina\u0107 w dowolnym kierunku, dostosowuj\u0105c j\u0105 do wymog\u00f3w zwierzaka i [&hellip;]<\/p>","protected":false},"featured_media":7021,"template":"","meta":{"site-sidebar-layout":"default","site-content-layout":"","ast-site-content-layout":"default","site-content-style":"default","site-sidebar-style":"default","ast-global-header-display":"","ast-banner-title-visibility":"","ast-main-header-display":"","ast-hfb-above-header-display":"","ast-hfb-below-header-display":"","ast-hfb-mobile-header-display":"","site-post-title":"","ast-breadcrumbs-content":"","ast-featured-img":"","footer-sml-layout":"","theme-transparent-header-meta":"default","adv-header-id-meta":"","stick-header-meta":"default","header-above-stick-meta":"","header-main-stick-meta":"","header-below-stick-meta":"","astra-migrate-meta-layouts":"set","ast-page-background-enabled":"default","ast-page-background-meta":{"desktop":{"background-color":"var(--ast-global-color-4)","background-image":"","background-repeat":"repeat","background-position":"center center","background-size":"auto","background-attachment":"scroll","background-type":"","background-media":"","overlay-type":"","overlay-color":"","overlay-opacity":"","overlay-gradient":""},"tablet":{"background-color":"","background-image":"","background-repeat":"repeat","background-position":"center center","background-size":"auto","background-attachment":"scroll","background-type":"","background-media":"","overlay-type":"","overlay-color":"","overlay-opacity":"","overlay-gradient":""},"mobile":{"background-color":"","background-image":"","background-repeat":"repeat","background-position":"center center","background-size":"auto","background-attachment":"scroll","background-type":"","background-media":"","overlay-type":"","overlay-color":"","overlay-opacity":"","overlay-gradient":""}},"ast-content-background-meta":{"desktop":{"background-color":"var(--ast-global-color-5)","background-image":"","background-repeat":"repeat","background-position":"center center","background-size":"auto","background-attachment":"scroll","background-type":"","background-media":"","overlay-type":"","overlay-color":"","overlay-opacity":"","overlay-gradient":""},"tablet":{"background-color":"var(--ast-global-color-5)","background-image":"","background-repeat":"repeat","background-position":"center center","background-size":"auto","background-attachment":"scroll","background-type":"","background-media":"","overlay-type":"","overlay-color":"","overlay-opacity":"","overlay-gradient":""},"mobile":{"background-color":"var(--ast-global-color-5)","background-image":"","background-repeat":"repeat","background-position":"center center","background-size":"auto","background-attachment":"scroll","background-type":"","background-media":"","overlay-type":"","overlay-color":"","overlay-opacity":"","overlay-gradient":""}}},"product_brand":[],"product_cat":[499],"product_tag":[],"class_list":{"0":"post-7020","1":"product","2":"type-product","3":"status-publish","4":"has-post-thumbnail","6":"product_cat-galezie-z-wlokna-kokosowego","7":"desktop-align-left","8":"tablet-align-left","9":"mobile-align-left","10":"ast-product-gallery-layout-horizontal","11":"ast-product-tabs-layout-horizontal","13":"first","14":"instock","15":"shipping-taxable","16":"product-type-simple"},"_links":{"self":[{"href":"https:\/\/wimar.net\/es\/wp-json\/wp\/v2\/product\/7020","targetHints":{"allow":["GET"]}}],"collection":[{"href":"https:\/\/wimar.net\/es\/wp-json\/wp\/v2\/product"}],"about":[{"href":"https:\/\/wimar.net\/es\/wp-json\/wp\/v2\/types\/product"}],"version-history":[{"count":1,"href":"https:\/\/wimar.net\/es\/wp-json\/wp\/v2\/product\/7020\/revisions"}],"predecessor-version":[{"id":7023,"href":"https:\/\/wimar.net\/es\/wp-json\/wp\/v2\/product\/7020\/revisions\/7023"}],"wp:featuredmedia":[{"embeddable":true,"href":"https:\/\/wimar.net\/es\/wp-json\/wp\/v2\/media\/7021"}],"wp:attachment":[{"href":"https:\/\/wimar.net\/es\/wp-json\/wp\/v2\/media?parent=7020"}],"wp:term":[{"taxonomy":"product_brand","embeddable":true,"href":"https:\/\/wimar.net\/es\/wp-json\/wp\/v2\/product_brand?post=7020"},{"taxonomy":"product_cat","embeddable":true,"href":"https:\/\/wimar.net\/es\/wp-json\/wp\/v2\/product_cat?post=7020"},{"taxonomy":"product_tag","embeddable":true,"href":"https:\/\/wimar.net\/es\/wp-json\/wp\/v2\/product_tag?post=7020"}],"curies":[{"name":"wp","href":"https:\/\/api.w.org\/{rel}","templated":true}]}}