{"id":7115,"date":"2025-11-03T09:35:20","date_gmt":"2025-11-03T08:35:20","guid":{"rendered":"https:\/\/wimar.net\/?post_type=product&#038;p=7115"},"modified":"2025-11-03T10:51:38","modified_gmt":"2025-11-03T09:51:38","slug":"pelety-uprawowe-z-torfu-kokosowego-45-mm","status":"publish","type":"product","link":"https:\/\/wimar.net\/es\/producto\/pelety-uprawowe-z-torfu-kokosowego-45-mm\/","title":{"rendered":"Pelety uprawowe z torfu kokosowego 45 mm"},"content":{"rendered":"<h3 data-start=\"0\" data-end=\"80\"><strong data-start=\"0\" data-end=\"78\">Pellets de cultivo<\/strong><\/h3>\n<p>Pelety uprawowe z w\u0142\u00f3kna kokosowego s\u0105 wytwarzane z najwy\u017cszej jako\u015bci torfu kokosowego, co czyni je wyj\u0105tkowym wyborem jako pod\u0142o\u017ce do rozwoju korzeni sadzonek. Zaprojektowane g\u0142\u00f3wnie dla szk\u00f3\u0142ek ro\u015blin. Jedn\u0105 z kluczowych zalet pelet\u00f3w uprawowych z w\u0142\u00f3kna kokosowego jest ich zdolno\u015b\u0107 do znacznego zmniejszenia wska\u017anika odrzucenia ro\u015blin szk\u00f3\u0142karskich.<\/p>\n<h3 data-start=\"736\" data-end=\"760\">Caracter\u00edsticas principales:<\/h3>\n<ul>\n<li><strong data-start=\"441\" data-end=\"456\">Naturalno\u015b\u0107<\/strong> \u2013 Wykonane w 100% z odnawialnego, biodegradowalnego w\u0142\u00f3kna kokosowego, pozyskiwanego z \u0142upin orzecha kokosowego.<\/li>\n<li><strong data-start=\"574\" data-end=\"602\">Ekologiczne i bezpieczne<\/strong> \u2013 Nie zawieraj\u0105 chemikali\u00f3w ani torfu, s\u0105 przyjazne dla \u015brodowiska i mog\u0105 by\u0107 ponownie wykorzystane po sezonie.<\/li>\n<li><strong data-start=\"719\" data-end=\"742\">Doskona\u0142a struktura<\/strong> \u2013 Umo\u017cliwia swobodny przep\u0142yw powietrza i wody, zapewniaj\u0105c korzeniom ro\u015blin optymalne napowietrzenie i nawodnienie.<\/li>\n<li><strong data-start=\"864\" data-end=\"884\">Retencja wilgoci<\/strong> \u2013 W\u0142\u00f3kno kokosowe magazynuje wod\u0119, stopniowo oddaj\u0105c j\u0105 ro\u015blinie, co sprzyja r\u00f3wnomiernemu wzrostowi.<\/li>\n<li><strong data-start=\"991\" data-end=\"1003\">Trwa\u0142o\u015b\u0107<\/strong> \u2013 Kostki zachowuj\u0105 swoj\u0105 struktur\u0119 i w\u0142a\u015bciwo\u015bci przez d\u0142ugi czas, nie ulegaj\u0105c szybkiemu rozk\u0142adowi.<\/li>\n<li><strong data-start=\"1110\" data-end=\"1127\">Uniwersalno\u015b\u0107<\/strong> \u2013 Dost\u0119pne w r\u00f3\u017cnych rozmiarach, dopasowanych do rodzaju upraw i etapu wzrostu ro\u015blin.<\/li>\n<li><strong>Wilgotno\u015b\u0107<\/strong> &#8211; poni\u017cej 20%<\/li>\n<li><strong>Warto\u015b\u0107 pH<\/strong> &#8211; 5.5-6.5<\/li>\n<li><strong>Kompresja<\/strong> &#8211; 4:1<\/li>\n<li><strong>Rozmiar<\/strong> &#8211; 45 mm<\/li>\n<\/ul>\n<h3 data-start=\"1141\" data-end=\"1158\">Aplicaci\u00f3n:<\/h3>\n<ul>\n<li data-start=\"1104\" data-end=\"1546\"><strong data-start=\"1247\" data-end=\"1271\">Uprawy warzyw i zi\u00f3\u0142<\/strong> \u2013 Idealne dla pomidor\u00f3w, og\u00f3rk\u00f3w, papryki, sa\u0142aty, bazylii czy mi\u0119ty.<\/li>\n<li data-start=\"1104\" data-end=\"1546\"><strong data-start=\"1347\" data-end=\"1372\">Rozsady i kie\u0142kowanie<\/strong> \u2013 \u015awietne do ukorzeniania sadzonek i wysiewu nasion.<\/li>\n<li data-start=\"1104\" data-end=\"1546\"><strong data-start=\"1431\" data-end=\"1469\">Uprawy szklarniowe i hydroponiczne<\/strong> \u2013 Doskonale sprawdzaj\u0105 si\u0119 w systemach bezglebowych.<\/li>\n<li data-start=\"1104\" data-end=\"1546\"><strong data-start=\"1528\" data-end=\"1560\">Ro\u015bliny ozdobne i doniczkowe<\/strong> \u2013 U\u0142atwiaj\u0105 piel\u0119gnacj\u0119 i zapewniaj\u0105 zdrowy rozw\u00f3j korzeni.<\/li>\n<\/ul>\n<h3 data-start=\"1486\" data-end=\"1561\"><strong data-start=\"1490\" data-end=\"1561\">Dlaczego warto wybra\u0107 pelet uprawowy?<\/strong><\/h3>\n<p data-start=\"1563\" data-end=\"1939\" data-is-last-node=\"\" data-is-only-node=\"\">Pelety kokosowe to ekologiczne, trwa\u0142e i wyj\u0105tkowo efektywne pod\u0142o\u017ce, kt\u00f3re wspiera zdrowy wzrost ro\u015blin. Dzi\u0119ki doskona\u0142ej przepuszczalno\u015bci powietrza i wilgoci, sprzyjaj\u0105 rozwojowi silnego systemu korzeniowego. To idealne rozwi\u0105zanie dla nowoczesnych upraw, w kt\u00f3rych liczy si\u0119 wydajno\u015b\u0107, naturalno\u015b\u0107 i troska o \u015brodowisko.<\/p>","protected":false},"excerpt":{"rendered":"<p>Pelety uprawowe Pelety uprawowe z w\u0142\u00f3kna kokosowego s\u0105 wytwarzane z najwy\u017cszej jako\u015bci torfu kokosowego, co czyni je wyj\u0105tkowym wyborem jako pod\u0142o\u017ce do rozwoju korzeni sadzonek. Zaprojektowane g\u0142\u00f3wnie dla szk\u00f3\u0142ek ro\u015blin. Jedn\u0105 z kluczowych zalet pelet\u00f3w uprawowych z w\u0142\u00f3kna kokosowego jest ich zdolno\u015b\u0107 do znacznego zmniejszenia wska\u017anika odrzucenia ro\u015blin szk\u00f3\u0142karskich. Najwa\u017cniejsze cechy: Naturalno\u015b\u0107 \u2013 Wykonane w [&hellip;]<\/p>","protected":false},"featured_media":7113,"template":"","meta":{"site-sidebar-layout":"default","site-content-layout":"","ast-site-content-layout":"default","site-content-style":"default","site-sidebar-style":"default","ast-global-header-display":"","ast-banner-title-visibility":"","ast-main-header-display":"","ast-hfb-above-header-display":"","ast-hfb-below-header-display":"","ast-hfb-mobile-header-display":"","site-post-title":"","ast-breadcrumbs-content":"","ast-featured-img":"","footer-sml-layout":"","theme-transparent-header-meta":"default","adv-header-id-meta":"","stick-header-meta":"default","header-above-stick-meta":"","header-main-stick-meta":"","header-below-stick-meta":"","astra-migrate-meta-layouts":"set","ast-page-background-enabled":"default","ast-page-background-meta":{"desktop":{"background-color":"var(--ast-global-color-4)","background-image":"","background-repeat":"repeat","background-position":"center center","background-size":"auto","background-attachment":"scroll","background-type":"","background-media":"","overlay-type":"","overlay-color":"","overlay-opacity":"","overlay-gradient":""},"tablet":{"background-color":"","background-image":"","background-repeat":"repeat","background-position":"center center","background-size":"auto","background-attachment":"scroll","background-type":"","background-media":"","overlay-type":"","overlay-color":"","overlay-opacity":"","overlay-gradient":""},"mobile":{"background-color":"","background-image":"","background-repeat":"repeat","background-position":"center center","background-size":"auto","background-attachment":"scroll","background-type":"","background-media":"","overlay-type":"","overlay-color":"","overlay-opacity":"","overlay-gradient":""}},"ast-content-background-meta":{"desktop":{"background-color":"var(--ast-global-color-5)","background-image":"","background-repeat":"repeat","background-position":"center center","background-size":"auto","background-attachment":"scroll","background-type":"","background-media":"","overlay-type":"","overlay-color":"","overlay-opacity":"","overlay-gradient":""},"tablet":{"background-color":"var(--ast-global-color-5)","background-image":"","background-repeat":"repeat","background-position":"center center","background-size":"auto","background-attachment":"scroll","background-type":"","background-media":"","overlay-type":"","overlay-color":"","overlay-opacity":"","overlay-gradient":""},"mobile":{"background-color":"var(--ast-global-color-5)","background-image":"","background-repeat":"repeat","background-position":"center center","background-size":"auto","background-attachment":"scroll","background-type":"","background-media":"","overlay-type":"","overlay-color":"","overlay-opacity":"","overlay-gradient":""}}},"product_brand":[],"product_cat":[505],"product_tag":[],"class_list":{"0":"post-7115","1":"product","2":"type-product","3":"status-publish","4":"has-post-thumbnail","6":"product_cat-pelety-uprawowe","7":"desktop-align-left","8":"tablet-align-left","9":"mobile-align-left","10":"ast-product-gallery-layout-horizontal","11":"ast-product-tabs-layout-horizontal","13":"first","14":"instock","15":"shipping-taxable","16":"product-type-simple"},"_links":{"self":[{"href":"https:\/\/wimar.net\/es\/wp-json\/wp\/v2\/product\/7115","targetHints":{"allow":["GET"]}}],"collection":[{"href":"https:\/\/wimar.net\/es\/wp-json\/wp\/v2\/product"}],"about":[{"href":"https:\/\/wimar.net\/es\/wp-json\/wp\/v2\/types\/product"}],"version-history":[{"count":1,"href":"https:\/\/wimar.net\/es\/wp-json\/wp\/v2\/product\/7115\/revisions"}],"predecessor-version":[{"id":7116,"href":"https:\/\/wimar.net\/es\/wp-json\/wp\/v2\/product\/7115\/revisions\/7116"}],"wp:featuredmedia":[{"embeddable":true,"href":"https:\/\/wimar.net\/es\/wp-json\/wp\/v2\/media\/7113"}],"wp:attachment":[{"href":"https:\/\/wimar.net\/es\/wp-json\/wp\/v2\/media?parent=7115"}],"wp:term":[{"taxonomy":"product_brand","embeddable":true,"href":"https:\/\/wimar.net\/es\/wp-json\/wp\/v2\/product_brand?post=7115"},{"taxonomy":"product_cat","embeddable":true,"href":"https:\/\/wimar.net\/es\/wp-json\/wp\/v2\/product_cat?post=7115"},{"taxonomy":"product_tag","embeddable":true,"href":"https:\/\/wimar.net\/es\/wp-json\/wp\/v2\/product_tag?post=7115"}],"curies":[{"name":"wp","href":"https:\/\/api.w.org\/{rel}","templated":true}]}}