{"id":7131,"date":"2025-11-03T10:26:52","date_gmt":"2025-11-03T09:26:52","guid":{"rendered":"https:\/\/wimar.net\/?post_type=product&#038;p=7131"},"modified":"2025-11-03T10:36:06","modified_gmt":"2025-11-03T09:36:06","slug":"dyski-podloza-do-doniczek-z-torfu-kokosowego-10-cm","status":"publish","type":"product","link":"https:\/\/wimar.net\/es\/producto\/dyski-podloza-do-doniczek-z-torfu-kokosowego-10-cm\/","title":{"rendered":"Dyski pod\u0142o\u017ca do doniczek z torfu kokosowego 10 cm"},"content":{"rendered":"<h3 data-start=\"0\" data-end=\"80\"><strong data-start=\"0\" data-end=\"78\">Dyski kokosowe<\/strong><\/h3>\n<p>Kr\u0105\u017cki z torfu kokosowego najlepiej nadaj\u0105 si\u0119 do indywidualnego i szybkiego kie\u0142kowania nasion i s\u0105 powszechnie stosowane w ogrodnictwie domowym, szk\u00f3\u0142kach oraz jako lepszy produkt dla szk\u00f3\u0142ek gerber i storczyk\u00f3w. S\u0105 to wysokiej jako\u015bci sprasowane kr\u0105\u017cki z torfu kokosowego, kt\u00f3re zosta\u0142y specjalnie poddane obr\u00f3bce, aby zapewni\u0107 doskona\u0142e wyniki w przypadku r\u00f3\u017cnych ro\u015blin doniczkowych i idealnie nadaj\u0105 si\u0119 do domowej i komercyjnej hydroponiki.<\/p>\n<h3 data-start=\"736\" data-end=\"760\">Caracter\u00edsticas principales:<\/h3>\n<ul>\n<li><strong data-start=\"441\" data-end=\"456\">Naturalno\u015b\u0107<\/strong> \u2013 Wykonane w 100% z odnawialnego, biodegradowalnego w\u0142\u00f3kna kokosowego, pozyskiwanego z \u0142upin orzecha kokosowego.<\/li>\n<li><strong data-start=\"574\" data-end=\"602\">Ekologiczne i bezpieczne<\/strong> \u2013 Nie zawieraj\u0105 chemikali\u00f3w ani torfu, s\u0105 przyjazne dla \u015brodowiska i mog\u0105 by\u0107 ponownie wykorzystane po sezonie.<\/li>\n<li><strong data-start=\"719\" data-end=\"742\">Doskona\u0142a struktura<\/strong> \u2013 Umo\u017cliwia swobodny przep\u0142yw powietrza i wody, zapewniaj\u0105c korzeniom ro\u015blin optymalne napowietrzenie i nawodnienie.<\/li>\n<li><strong data-start=\"864\" data-end=\"884\">Retencja wilgoci<\/strong> \u2013 W\u0142\u00f3kno kokosowe magazynuje wod\u0119, stopniowo oddaj\u0105c j\u0105 ro\u015blinie, co sprzyja r\u00f3wnomiernemu wzrostowi.<\/li>\n<li><strong data-start=\"991\" data-end=\"1003\">Trwa\u0142o\u015b\u0107<\/strong> \u2013 Kostki zachowuj\u0105 swoj\u0105 struktur\u0119 i w\u0142a\u015bciwo\u015bci przez d\u0142ugi czas, nie ulegaj\u0105c szybkiemu rozk\u0142adowi.<\/li>\n<li><strong data-start=\"1110\" data-end=\"1127\">Uniwersalno\u015b\u0107<\/strong> \u2013 Dost\u0119pne w r\u00f3\u017cnych rozmiarach, dopasowanych do rodzaju upraw i etapu wzrostu ro\u015blin.<\/li>\n<li><strong>Wilgotno\u015b\u0107<\/strong> &#8211; poni\u017cej 20%<\/li>\n<li><strong>Warto\u015b\u0107 pH<\/strong> &#8211; 5.5-6.5<\/li>\n<li><strong>Kompresja<\/strong> &#8211; 5:1<\/li>\n<li><strong>Rozmiar<\/strong> &#8211; 10 cm<\/li>\n<\/ul>\n<h3 data-start=\"1141\" data-end=\"1158\">Aplicaci\u00f3n:<\/h3>\n<ul>\n<li data-start=\"1104\" data-end=\"1546\"><strong data-start=\"1247\" data-end=\"1271\">Uprawy warzyw i zi\u00f3\u0142<\/strong> \u2013 Idealne dla pomidor\u00f3w, og\u00f3rk\u00f3w, papryki, sa\u0142aty, bazylii czy mi\u0119ty.<\/li>\n<li data-start=\"1104\" data-end=\"1546\"><strong data-start=\"1347\" data-end=\"1372\">Rozsady i kie\u0142kowanie<\/strong> \u2013 \u015awietne do ukorzeniania sadzonek i wysiewu nasion.<\/li>\n<li data-start=\"1104\" data-end=\"1546\"><strong data-start=\"1431\" data-end=\"1469\">Uprawy szklarniowe i hydroponiczne<\/strong> \u2013 Doskonale sprawdzaj\u0105 si\u0119 w systemach bezglebowych.<\/li>\n<li data-start=\"1104\" data-end=\"1546\"><strong data-start=\"1528\" data-end=\"1560\">Ro\u015bliny ozdobne i doniczkowe<\/strong> \u2013 U\u0142atwiaj\u0105 piel\u0119gnacj\u0119 i zapewniaj\u0105 zdrowy rozw\u00f3j korzeni.<\/li>\n<\/ul>\n<h3 data-start=\"1486\" data-end=\"1561\"><strong data-start=\"1490\" data-end=\"1561\">Dlaczego warto wybra\u0107 dyski kokosowe?<\/strong><\/h3>\n<p data-start=\"1563\" data-end=\"1939\" data-is-last-node=\"\" data-is-only-node=\"\">Dyski kokosowe to ekologiczne, trwa\u0142e i wyj\u0105tkowo efektywne pod\u0142o\u017ce, kt\u00f3re wspiera zdrowy wzrost ro\u015blin. Dzi\u0119ki doskona\u0142ej przepuszczalno\u015bci powietrza i wilgoci, sprzyjaj\u0105 rozwojowi silnego systemu korzeniowego. To idealne rozwi\u0105zanie dla nowoczesnych upraw, w kt\u00f3rych liczy si\u0119 wydajno\u015b\u0107, naturalno\u015b\u0107 i troska o \u015brodowisko.<\/p>","protected":false},"excerpt":{"rendered":"<p>Dyski kokosowe Kr\u0105\u017cki z torfu kokosowego najlepiej nadaj\u0105 si\u0119 do indywidualnego i szybkiego kie\u0142kowania nasion i s\u0105 powszechnie stosowane w ogrodnictwie domowym, szk\u00f3\u0142kach oraz jako lepszy produkt dla szk\u00f3\u0142ek gerber i storczyk\u00f3w. S\u0105 to wysokiej jako\u015bci sprasowane kr\u0105\u017cki z torfu kokosowego, kt\u00f3re zosta\u0142y specjalnie poddane obr\u00f3bce, aby zapewni\u0107 doskona\u0142e wyniki w przypadku r\u00f3\u017cnych ro\u015blin doniczkowych [&hellip;]<\/p>","protected":false},"featured_media":7132,"template":"","meta":{"site-sidebar-layout":"default","site-content-layout":"","ast-site-content-layout":"default","site-content-style":"default","site-sidebar-style":"default","ast-global-header-display":"","ast-banner-title-visibility":"","ast-main-header-display":"","ast-hfb-above-header-display":"","ast-hfb-below-header-display":"","ast-hfb-mobile-header-display":"","site-post-title":"","ast-breadcrumbs-content":"","ast-featured-img":"","footer-sml-layout":"","theme-transparent-header-meta":"default","adv-header-id-meta":"","stick-header-meta":"default","header-above-stick-meta":"","header-main-stick-meta":"","header-below-stick-meta":"","astra-migrate-meta-layouts":"set","ast-page-background-enabled":"default","ast-page-background-meta":{"desktop":{"background-color":"var(--ast-global-color-4)","background-image":"","background-repeat":"repeat","background-position":"center center","background-size":"auto","background-attachment":"scroll","background-type":"","background-media":"","overlay-type":"","overlay-color":"","overlay-opacity":"","overlay-gradient":""},"tablet":{"background-color":"","background-image":"","background-repeat":"repeat","background-position":"center center","background-size":"auto","background-attachment":"scroll","background-type":"","background-media":"","overlay-type":"","overlay-color":"","overlay-opacity":"","overlay-gradient":""},"mobile":{"background-color":"","background-image":"","background-repeat":"repeat","background-position":"center center","background-size":"auto","background-attachment":"scroll","background-type":"","background-media":"","overlay-type":"","overlay-color":"","overlay-opacity":"","overlay-gradient":""}},"ast-content-background-meta":{"desktop":{"background-color":"var(--ast-global-color-5)","background-image":"","background-repeat":"repeat","background-position":"center center","background-size":"auto","background-attachment":"scroll","background-type":"","background-media":"","overlay-type":"","overlay-color":"","overlay-opacity":"","overlay-gradient":""},"tablet":{"background-color":"var(--ast-global-color-5)","background-image":"","background-repeat":"repeat","background-position":"center center","background-size":"auto","background-attachment":"scroll","background-type":"","background-media":"","overlay-type":"","overlay-color":"","overlay-opacity":"","overlay-gradient":""},"mobile":{"background-color":"var(--ast-global-color-5)","background-image":"","background-repeat":"repeat","background-position":"center center","background-size":"auto","background-attachment":"scroll","background-type":"","background-media":"","overlay-type":"","overlay-color":"","overlay-opacity":"","overlay-gradient":""}}},"product_brand":[],"product_cat":[506],"product_tag":[],"class_list":{"0":"post-7131","1":"product","2":"type-product","3":"status-publish","4":"has-post-thumbnail","6":"product_cat-dyski-uprawowe","7":"desktop-align-left","8":"tablet-align-left","9":"mobile-align-left","10":"ast-product-gallery-layout-horizontal","11":"ast-product-tabs-layout-horizontal","13":"first","14":"instock","15":"shipping-taxable","16":"product-type-simple"},"_links":{"self":[{"href":"https:\/\/wimar.net\/es\/wp-json\/wp\/v2\/product\/7131","targetHints":{"allow":["GET"]}}],"collection":[{"href":"https:\/\/wimar.net\/es\/wp-json\/wp\/v2\/product"}],"about":[{"href":"https:\/\/wimar.net\/es\/wp-json\/wp\/v2\/types\/product"}],"version-history":[{"count":1,"href":"https:\/\/wimar.net\/es\/wp-json\/wp\/v2\/product\/7131\/revisions"}],"predecessor-version":[{"id":7134,"href":"https:\/\/wimar.net\/es\/wp-json\/wp\/v2\/product\/7131\/revisions\/7134"}],"wp:featuredmedia":[{"embeddable":true,"href":"https:\/\/wimar.net\/es\/wp-json\/wp\/v2\/media\/7132"}],"wp:attachment":[{"href":"https:\/\/wimar.net\/es\/wp-json\/wp\/v2\/media?parent=7131"}],"wp:term":[{"taxonomy":"product_brand","embeddable":true,"href":"https:\/\/wimar.net\/es\/wp-json\/wp\/v2\/product_brand?post=7131"},{"taxonomy":"product_cat","embeddable":true,"href":"https:\/\/wimar.net\/es\/wp-json\/wp\/v2\/product_cat?post=7131"},{"taxonomy":"product_tag","embeddable":true,"href":"https:\/\/wimar.net\/es\/wp-json\/wp\/v2\/product_tag?post=7131"}],"curies":[{"name":"wp","href":"https:\/\/api.w.org\/{rel}","templated":true}]}}