{"id":7164,"date":"2025-11-04T08:35:05","date_gmt":"2025-11-04T07:35:05","guid":{"rendered":"https:\/\/wimar.net\/?post_type=product&#038;p=7164"},"modified":"2025-11-04T09:44:16","modified_gmt":"2025-11-04T08:44:16","slug":"paliki-pnace-kokosowe-60-cm","status":"publish","type":"product","link":"https:\/\/wimar.net\/es\/producto\/paliki-pnace-kokosowe-60-cm\/","title":{"rendered":"Paliki pn\u0105ce kokosowe 60 cm"},"content":{"rendered":"<h3 data-start=\"0\" data-end=\"80\"><strong data-start=\"0\" data-end=\"78\">Palik kokosowy<\/strong><\/h3>\n<p>Palik kokosowy (palik z w\u0142\u00f3kna kokosowego) to tyczka przeznaczona dla pn\u0105czy doniczkowych do uprawy w pomieszczeniach, a tak\u017ce w ogrodach na zewn\u0105trz. Wykonana poprzez owini\u0119cie naturalnego w\u0142\u00f3kna kokosowego wok\u00f3\u0142 pustej rurki PCV lub na drewnianym\/bambusowym paliku. Paliki kokosowe stanowi\u0105 podpor\u0119 dla pn\u0105czy, krzew\u00f3w i wszelkich innych ro\u015blin, kt\u00f3re potrzebuj\u0105 wsparcia.<\/p>\n<h3 data-start=\"736\" data-end=\"760\">Caracter\u00edsticas principales:<\/h3>\n<ul>\n<li><strong data-start=\"308\" data-end=\"323\">Naturalno\u015b\u0107<\/strong> \u2013 Palik pokryty jest w\u0142\u00f3knem kokosowym, pochodz\u0105cym z \u0142upin orzecha kokosowego \u2013 w 100% naturalnym, biodegradowalnym i odnawialnym surowcem.<\/li>\n<li><strong data-start=\"469\" data-end=\"496\">Ekologiczne rozwi\u0105zanie<\/strong> \u2013 W pe\u0142ni przyjazny \u015brodowisku, nie zawiera tworzyw sztucznych, a po zu\u017cyciu mo\u017ce by\u0107 kompostowany.<\/li>\n<li><strong data-start=\"601\" data-end=\"627\">Wspomaga wzrost ro\u015blin<\/strong> \u2013 Chropowata struktura w\u0142\u00f3kna kokosowego u\u0142atwia ro\u015blinom czepianie si\u0119 podpory i wspinanie ku g\u00f3rze.<\/li>\n<li><strong data-start=\"734\" data-end=\"758\">Trwa\u0142o\u015b\u0107 i odporno\u015b\u0107<\/strong> \u2013 Odporny na wilgo\u0107 i ple\u015b\u0144, zapewnia d\u0142ugotrwa\u0142e wsparcie dla ro\u015blin nawet w warunkach o podwy\u017cszonej wilgotno\u015bci.<\/li>\n<li><strong data-start=\"879\" data-end=\"900\">Estetyczny wygl\u0105d<\/strong> \u2013 Naturalny odcie\u0144 w\u0142\u00f3kna kokosowego doskonale komponuje si\u0119 z zieleni\u0105 ro\u015blin i dodaje im elegancji.<\/li>\n<li><b>Wysoko\u015b\u0107 <\/b>&#8211; 60 cm<\/li>\n<li><strong>\u015arednica<\/strong> &#8211; 30 mm<\/li>\n<\/ul>\n<h3 data-start=\"1141\" data-end=\"1158\">Aplicaci\u00f3n:<\/h3>\n<ul>\n<li data-start=\"1104\" data-end=\"1546\"><strong data-start=\"1037\" data-end=\"1082\">Podpora dla ro\u015blin doniczkowych i pn\u0105cych<\/strong> \u2013 Idealny do monster, filodendron\u00f3w, epipremnum, bluszczu, syngonium i innych ro\u015blin o d\u0142ugich p\u0119dach.<\/li>\n<li data-start=\"1104\" data-end=\"1546\"><strong data-start=\"1191\" data-end=\"1222\">Uprawy szklarniowe i domowe<\/strong> \u2013 Sprawdza si\u0119 w warunkach wewn\u0119trznych oraz pod os\u0142onami, wspomagaj\u0105c wzrost i stabilno\u015b\u0107 ro\u015blin.<\/li>\n<li data-start=\"1104\" data-end=\"1546\"><strong data-start=\"1327\" data-end=\"1358\">Dekoracyjny element wn\u0119trza<\/strong> \u2013 Naturalny wygl\u0105d palika podkre\u015bla pi\u0119kno ro\u015blin, nadaj\u0105c aran\u017cacjom zielonym nowoczesny, ekologiczny charakter.<\/li>\n<\/ul>\n<h3 data-start=\"1486\" data-end=\"1561\"><strong data-start=\"1490\" data-end=\"1561\">Dlaczego warto wybra\u0107 paliki kokosowe?<\/strong><\/h3>\n<p data-start=\"1563\" data-end=\"1939\" data-is-last-node=\"\" data-is-only-node=\"\">Palik kokosowy to ekologiczne i praktyczne rozwi\u0105zanie dla ka\u017cdego mi\u0142o\u015bnika ro\u015blin. \u0141\u0105czy funkcjonalno\u015b\u0107 z naturalnym pi\u0119knem, wspieraj\u0105c zdrowy rozw\u00f3j pn\u0105czy oraz zapewniaj\u0105c im stabilno\u015b\u0107. Dzi\u0119ki swojej trwa\u0142o\u015bci i estetyce jest doskona\u0142ym wyborem zar\u00f3wno do domowych upraw, jak i profesjonalnych zastosowa\u0144 w ogrodnictwie.<\/p>","protected":false},"excerpt":{"rendered":"<p>Palik kokosowy Palik kokosowy (palik z w\u0142\u00f3kna kokosowego) to tyczka przeznaczona dla pn\u0105czy doniczkowych do uprawy w pomieszczeniach, a tak\u017ce w ogrodach na zewn\u0105trz. Wykonana poprzez owini\u0119cie naturalnego w\u0142\u00f3kna kokosowego wok\u00f3\u0142 pustej rurki PCV lub na drewnianym\/bambusowym paliku. Paliki kokosowe stanowi\u0105 podpor\u0119 dla pn\u0105czy, krzew\u00f3w i wszelkich innych ro\u015blin, kt\u00f3re potrzebuj\u0105 wsparcia. Najwa\u017cniejsze cechy: Naturalno\u015b\u0107 [&hellip;]<\/p>","protected":false},"featured_media":7162,"template":"","meta":{"site-sidebar-layout":"default","site-content-layout":"","ast-site-content-layout":"default","site-content-style":"default","site-sidebar-style":"default","ast-global-header-display":"","ast-banner-title-visibility":"","ast-main-header-display":"","ast-hfb-above-header-display":"","ast-hfb-below-header-display":"","ast-hfb-mobile-header-display":"","site-post-title":"","ast-breadcrumbs-content":"","ast-featured-img":"","footer-sml-layout":"","theme-transparent-header-meta":"default","adv-header-id-meta":"","stick-header-meta":"default","header-above-stick-meta":"","header-main-stick-meta":"","header-below-stick-meta":"","astra-migrate-meta-layouts":"set","ast-page-background-enabled":"default","ast-page-background-meta":{"desktop":{"background-color":"var(--ast-global-color-4)","background-image":"","background-repeat":"repeat","background-position":"center center","background-size":"auto","background-attachment":"scroll","background-type":"","background-media":"","overlay-type":"","overlay-color":"","overlay-opacity":"","overlay-gradient":""},"tablet":{"background-color":"","background-image":"","background-repeat":"repeat","background-position":"center center","background-size":"auto","background-attachment":"scroll","background-type":"","background-media":"","overlay-type":"","overlay-color":"","overlay-opacity":"","overlay-gradient":""},"mobile":{"background-color":"","background-image":"","background-repeat":"repeat","background-position":"center center","background-size":"auto","background-attachment":"scroll","background-type":"","background-media":"","overlay-type":"","overlay-color":"","overlay-opacity":"","overlay-gradient":""}},"ast-content-background-meta":{"desktop":{"background-color":"var(--ast-global-color-5)","background-image":"","background-repeat":"repeat","background-position":"center center","background-size":"auto","background-attachment":"scroll","background-type":"","background-media":"","overlay-type":"","overlay-color":"","overlay-opacity":"","overlay-gradient":""},"tablet":{"background-color":"var(--ast-global-color-5)","background-image":"","background-repeat":"repeat","background-position":"center center","background-size":"auto","background-attachment":"scroll","background-type":"","background-media":"","overlay-type":"","overlay-color":"","overlay-opacity":"","overlay-gradient":""},"mobile":{"background-color":"var(--ast-global-color-5)","background-image":"","background-repeat":"repeat","background-position":"center center","background-size":"auto","background-attachment":"scroll","background-type":"","background-media":"","overlay-type":"","overlay-color":"","overlay-opacity":"","overlay-gradient":""}}},"product_brand":[],"product_cat":[507],"product_tag":[],"class_list":{"0":"post-7164","1":"product","2":"type-product","3":"status-publish","4":"has-post-thumbnail","6":"product_cat-paliki-kokosowe","7":"desktop-align-left","8":"tablet-align-left","9":"mobile-align-left","10":"ast-product-gallery-layout-horizontal","11":"ast-product-tabs-layout-horizontal","13":"first","14":"instock","15":"shipping-taxable","16":"product-type-simple"},"_links":{"self":[{"href":"https:\/\/wimar.net\/es\/wp-json\/wp\/v2\/product\/7164","targetHints":{"allow":["GET"]}}],"collection":[{"href":"https:\/\/wimar.net\/es\/wp-json\/wp\/v2\/product"}],"about":[{"href":"https:\/\/wimar.net\/es\/wp-json\/wp\/v2\/types\/product"}],"version-history":[{"count":1,"href":"https:\/\/wimar.net\/es\/wp-json\/wp\/v2\/product\/7164\/revisions"}],"predecessor-version":[{"id":7165,"href":"https:\/\/wimar.net\/es\/wp-json\/wp\/v2\/product\/7164\/revisions\/7165"}],"wp:featuredmedia":[{"embeddable":true,"href":"https:\/\/wimar.net\/es\/wp-json\/wp\/v2\/media\/7162"}],"wp:attachment":[{"href":"https:\/\/wimar.net\/es\/wp-json\/wp\/v2\/media?parent=7164"}],"wp:term":[{"taxonomy":"product_brand","embeddable":true,"href":"https:\/\/wimar.net\/es\/wp-json\/wp\/v2\/product_brand?post=7164"},{"taxonomy":"product_cat","embeddable":true,"href":"https:\/\/wimar.net\/es\/wp-json\/wp\/v2\/product_cat?post=7164"},{"taxonomy":"product_tag","embeddable":true,"href":"https:\/\/wimar.net\/es\/wp-json\/wp\/v2\/product_tag?post=7164"}],"curies":[{"name":"wp","href":"https:\/\/api.w.org\/{rel}","templated":true}]}}