{"id":3849,"date":"2025-02-07T14:44:49","date_gmt":"2025-02-07T13:44:49","guid":{"rendered":"https:\/\/wimar.net\/?post_type=product&#038;p=3849"},"modified":"2025-03-24T12:42:37","modified_gmt":"2025-03-24T11:42:37","slug":"worek-50x80cm-raszlowy-25-30kg-z-zaciagiem-pomaranczowy","status":"publish","type":"product","link":"https:\/\/wimar.net\/fr\/produit\/worek-50x80cm-raszlowy-25-30kg-z-zaciagiem-pomaranczowy\/","title":{"rendered":"Worek 50x80cm raszlowy 25-30kg z zaci\u0105giem pomara\u0144czowy"},"content":{"rendered":"<p><strong>Worki raszlowe z zaci\u0105giem \u2013 idealne do przechowywania warzyw<\/strong><\/p>\n<p>Worki raszlowe to lekkie, wytrzyma\u0142e i przewiewne opakowania, kt\u00f3re doskonale sprawdzaj\u0105 si\u0119 w przechowywaniu i transporcie warzyw. Dzi\u0119ki strukturze siatki zapewniaj\u0105 swobodny przep\u0142yw powietrza, co pomaga utrzyma\u0107 \u015bwie\u017co\u015b\u0107 produkt\u00f3w przez d\u0142u\u017cszy czas. Wyposa\u017cone w praktyczny zaci\u0105g, u\u0142atwiaj\u0105 szybkie i wygodne zamykanie worka bez konieczno\u015bci u\u017cywania dodatkowych wi\u0105za\u0144.<\/p>\n<h3><strong>Caract\u00e9ristiques principales :<\/strong><\/h3>\n<ul>\n<li><strong>Przewiewno\u015b\u0107<\/strong> \u2013 umo\u017cliwia cyrkulacj\u0119 powietrza, zapobiegaj\u0105c gromadzeniu si\u0119 wilgoci i przed\u0142u\u017caj\u0105c trwa\u0142o\u015b\u0107 przechowywanych produkt\u00f3w.<\/li>\n<li><strong>Trwa\u0142o\u015b\u0107<\/strong> \u2013 wykonane z wytrzyma\u0142ego materia\u0142u, odpornego na rozci\u0105ganie i uszkodzenia mechaniczne.<\/li>\n<li><strong>Praktyczno\u015b\u0107<\/strong> \u2013 dzi\u0119ki wbudowanemu zaci\u0105gowi \u0142atwo zabezpieczy\u0107 zawarto\u015b\u0107 worka.<\/li>\n<li><strong>Polyvalence<\/strong> \u2013 idealne do ziemniak\u00f3w, cebuli, marchwi, kapusty i innych produkt\u00f3w rolnych.<\/li>\n<li><strong>Pojemno\u015b\u0107<\/strong> \u2013 25-30 kg<\/li>\n<li><strong>Taille<\/strong> &#8211; 50&#215;80 cm<\/li>\n<li><strong>Dost\u0119pny w kolorach<\/strong> &#8211; bia\u0142y, bordowy, ciemny pomara\u0144czowy, czerwony, fioletowy, jasny zielony, pomara\u0144czowy, zielony, \u017c\u00f3\u0142ty.<\/li>\n<\/ul>\n<p>Worki raszlowe z zaci\u0105giem to wygodne, ekonomiczne i funkcjonalne rozwi\u0105zanie, kt\u00f3re sprawdzi si\u0119 zar\u00f3wno w gospodarstwie domowym, jak i w dzia\u0142alno\u015bci rolniczej czy handlowej.<\/p>","protected":false},"excerpt":{"rendered":"<p>Worki raszlowe z zaci\u0105giem \u2013 idealne do przechowywania warzyw Worki raszlowe to lekkie, wytrzyma\u0142e i przewiewne opakowania, kt\u00f3re doskonale sprawdzaj\u0105 si\u0119 w przechowywaniu i transporcie warzyw. Dzi\u0119ki strukturze siatki zapewniaj\u0105 swobodny przep\u0142yw powietrza, co pomaga utrzyma\u0107 \u015bwie\u017co\u015b\u0107 produkt\u00f3w przez d\u0142u\u017cszy czas. Wyposa\u017cone w praktyczny zaci\u0105g, u\u0142atwiaj\u0105 szybkie i wygodne zamykanie worka bez konieczno\u015bci u\u017cywania dodatkowych [&hellip;]<\/p>","protected":false},"featured_media":3851,"template":"","meta":{"site-sidebar-layout":"default","site-content-layout":"","ast-site-content-layout":"default","site-content-style":"default","site-sidebar-style":"default","ast-global-header-display":"","ast-banner-title-visibility":"","ast-main-header-display":"","ast-hfb-above-header-display":"","ast-hfb-below-header-display":"","ast-hfb-mobile-header-display":"","site-post-title":"","ast-breadcrumbs-content":"","ast-featured-img":"","footer-sml-layout":"","theme-transparent-header-meta":"default","adv-header-id-meta":"","stick-header-meta":"default","header-above-stick-meta":"","header-main-stick-meta":"","header-below-stick-meta":"","astra-migrate-meta-layouts":"set","ast-page-background-enabled":"default","ast-page-background-meta":{"desktop":{"background-color":"var(--ast-global-color-4)","background-image":"","background-repeat":"repeat","background-position":"center center","background-size":"auto","background-attachment":"scroll","background-type":"","background-media":"","overlay-type":"","overlay-color":"","overlay-opacity":"","overlay-gradient":""},"tablet":{"background-color":"","background-image":"","background-repeat":"repeat","background-position":"center center","background-size":"auto","background-attachment":"scroll","background-type":"","background-media":"","overlay-type":"","overlay-color":"","overlay-opacity":"","overlay-gradient":""},"mobile":{"background-color":"","background-image":"","background-repeat":"repeat","background-position":"center center","background-size":"auto","background-attachment":"scroll","background-type":"","background-media":"","overlay-type":"","overlay-color":"","overlay-opacity":"","overlay-gradient":""}},"ast-content-background-meta":{"desktop":{"background-color":"var(--ast-global-color-5)","background-image":"","background-repeat":"repeat","background-position":"center center","background-size":"auto","background-attachment":"scroll","background-type":"","background-media":"","overlay-type":"","overlay-color":"","overlay-opacity":"","overlay-gradient":""},"tablet":{"background-color":"var(--ast-global-color-5)","background-image":"","background-repeat":"repeat","background-position":"center center","background-size":"auto","background-attachment":"scroll","background-type":"","background-media":"","overlay-type":"","overlay-color":"","overlay-opacity":"","overlay-gradient":""},"mobile":{"background-color":"var(--ast-global-color-5)","background-image":"","background-repeat":"repeat","background-position":"center center","background-size":"auto","background-attachment":"scroll","background-type":"","background-media":"","overlay-type":"","overlay-color":"","overlay-opacity":"","overlay-gradient":""}}},"product_brand":[],"product_cat":[100],"product_tag":[],"class_list":{"0":"post-3849","1":"product","2":"type-product","3":"status-publish","4":"has-post-thumbnail","6":"product_cat-50x80-cm","7":"desktop-align-left","8":"tablet-align-left","9":"mobile-align-left","10":"ast-product-gallery-layout-horizontal","11":"ast-product-tabs-layout-horizontal","13":"first","14":"instock","15":"shipping-taxable","16":"product-type-simple"},"_links":{"self":[{"href":"https:\/\/wimar.net\/fr\/wp-json\/wp\/v2\/product\/3849","targetHints":{"allow":["GET"]}}],"collection":[{"href":"https:\/\/wimar.net\/fr\/wp-json\/wp\/v2\/product"}],"about":[{"href":"https:\/\/wimar.net\/fr\/wp-json\/wp\/v2\/types\/product"}],"version-history":[{"count":3,"href":"https:\/\/wimar.net\/fr\/wp-json\/wp\/v2\/product\/3849\/revisions"}],"predecessor-version":[{"id":6272,"href":"https:\/\/wimar.net\/fr\/wp-json\/wp\/v2\/product\/3849\/revisions\/6272"}],"wp:featuredmedia":[{"embeddable":true,"href":"https:\/\/wimar.net\/fr\/wp-json\/wp\/v2\/media\/3851"}],"wp:attachment":[{"href":"https:\/\/wimar.net\/fr\/wp-json\/wp\/v2\/media?parent=3849"}],"wp:term":[{"taxonomy":"product_brand","embeddable":true,"href":"https:\/\/wimar.net\/fr\/wp-json\/wp\/v2\/product_brand?post=3849"},{"taxonomy":"product_cat","embeddable":true,"href":"https:\/\/wimar.net\/fr\/wp-json\/wp\/v2\/product_cat?post=3849"},{"taxonomy":"product_tag","embeddable":true,"href":"https:\/\/wimar.net\/fr\/wp-json\/wp\/v2\/product_tag?post=3849"}],"curies":[{"name":"wp","href":"https:\/\/api.w.org\/{rel}","templated":true}]}}