{"id":4482,"date":"2025-02-21T12:49:46","date_gmt":"2025-02-21T11:49:46","guid":{"rendered":"https:\/\/wimar.net\/?post_type=product&#038;p=4482"},"modified":"2025-11-12T14:21:51","modified_gmt":"2025-11-12T13:21:51","slug":"worek-obciazeniowy-ze-sznurkiem-25x100cm-do-pryzmy-kiszonki-flizu","status":"publish","type":"product","link":"https:\/\/wimar.net\/fr\/produit\/worek-obciazeniowy-ze-sznurkiem-25x100cm-do-pryzmy-kiszonki-flizu\/","title":{"rendered":"Worek obci\u0105\u017ceniowy ze sznurkiem 25x100cm do pryzmy, kiszonki, flizu"},"content":{"rendered":"<h3 data-start=\"88\" data-end=\"173\">Worek obci\u0105\u017ceniowy ze sznurkiem 25&#215;100 cm<\/h3>\n<p data-start=\"175\" data-end=\"469\">Worek obci\u0105\u017ceniowy wykonany z wytrzyma\u0142ej tkaniny, przeznaczony do zabezpieczania pryzm, kiszonek, flizu. Dzi\u0119ki swojej konstrukcji oraz wysokiej jako\u015bci materia\u0142owi zapewnia skuteczne doci\u0105\u017cenie, chroni\u0105c przed wiatrem i innymi czynnikami zewn\u0119trznymi. Najlepsze obci\u0105\u017cenie siatki ochronnej\u00a0 uzyskuje si\u0119 przez u\u0142o\u017cenie work\u00f3w w poprzek na silosie w odleg\u0142o\u015bci co 5 metr\u00f3w<\/p>\n<h4 data-start=\"471\" data-end=\"502\"><strong data-start=\"476\" data-end=\"500\">Caract\u00e9ristiques principales :<\/strong><\/h4>\n<ul>\n<li data-start=\"504\" data-end=\"1161\"><strong data-start=\"506\" data-end=\"523\">Wytrzyma\u0142o\u015b\u0107:<\/strong> Wysoka gramatura i solidna struktura zapewniaj\u0105 odporno\u015b\u0107 na uszkodzenia i d\u0142ug\u0105 \u017cywotno\u015b\u0107.<\/li>\n<li data-start=\"504\" data-end=\"1161\"><strong data-start=\"827\" data-end=\"860\" data-is-only-node=\"\">Wszechstronno\u015b\u0107 zastosowania:<\/strong> Idealny do dociskania folii w silosach, os\u0142ony pryzm i ochrony przed warunkami atmosferycznymi, zabespieczenie przed UV.<\/li>\n<li data-start=\"504\" data-end=\"1161\"><strong data-start=\"961\" data-end=\"980\">\u0141atwo\u015b\u0107 u\u017cycia:<\/strong> Wyposa\u017cony w sznurek u\u0142atwiaj\u0105cy zamkni\u0119cie i stabilizacj\u0119 worka.<\/li>\n<li data-start=\"504\" data-end=\"1161\"><strong data-start=\"1051\" data-end=\"1086\">Mo\u017cliwo\u015b\u0107 wielokrotnego u\u017cytku:<\/strong> Trwa\u0142y i odporny na eksploatacj\u0119, co czyni go ekonomicznym rozwi\u0105zaniem.<\/li>\n<li data-start=\"504\" data-end=\"1161\"><strong>Do wype\u0142nienia<\/strong> \u017cwirem lub piaskiem.<\/li>\n<li data-start=\"504\" data-end=\"1161\"><strong>D\u0142ugo\u015b\u0107:<\/strong> 100cm<\/li>\n<li data-start=\"504\" data-end=\"1161\"><strong>Szeroko\u015b\u0107:<\/strong> 25cm<\/li>\n<\/ul>\n<h4 data-start=\"1163\" data-end=\"1187\"><strong data-start=\"1168\" data-end=\"1185\">Application :<\/strong><\/h4>\n<ul>\n<li data-start=\"1189\" data-end=\"1604\"><strong data-start=\"1192\" data-end=\"1228\">Zabezpieczenie pryzm i kiszonek:<\/strong> Chroni folie przed podwiewaniem i uszkodzeniami.<\/li>\n<li data-start=\"1189\" data-end=\"1604\"><strong data-start=\"1283\" data-end=\"1315\">Stabilizacja:<\/strong> Idealny do doci\u0105\u017cenia i ochrony pokry\u0107 rolniczych.<\/li>\n<\/ul>\n<h4 data-start=\"1606\" data-end=\"1860\">Dlaczego warto wybra\u0107 worek obci\u0105\u017ceniowy ze sznurkiem?<\/h4>\n<p data-start=\"1606\" data-end=\"1860\" data-is-last-node=\"\" data-is-only-node=\"\">Worek obci\u0105\u017ceniowy 25&#215;100 cm to niezawodne rozwi\u0105zanie dla rolnik\u00f3w i hodowc\u00f3w, kt\u00f3rzy poszukuj\u0105 skutecznego i ekologicznego sposobu na ochron\u0119 swoich upraw i pasz. Dzi\u0119ki solidnemu wykonaniu i praktycznym wymiarom zapewnia \u0142atwe i efektywne u\u017cytkowanie.<\/p>","protected":false},"excerpt":{"rendered":"<p>Worek obci\u0105\u017ceniowy ze sznurkiem 25&#215;100 cm Worek obci\u0105\u017ceniowy wykonany z wytrzyma\u0142ej tkaniny, przeznaczony do zabezpieczania pryzm, kiszonek, flizu. Dzi\u0119ki swojej konstrukcji oraz wysokiej jako\u015bci materia\u0142owi zapewnia skuteczne doci\u0105\u017cenie, chroni\u0105c przed wiatrem i innymi czynnikami zewn\u0119trznymi. Najlepsze obci\u0105\u017cenie siatki ochronnej\u00a0 uzyskuje si\u0119 przez u\u0142o\u017cenie work\u00f3w w poprzek na silosie w odleg\u0142o\u015bci co 5 metr\u00f3w Najwa\u017cniejsze cechy: [&hellip;]<\/p>","protected":false},"featured_media":7170,"template":"","meta":{"site-sidebar-layout":"default","site-content-layout":"","ast-site-content-layout":"default","site-content-style":"default","site-sidebar-style":"default","ast-global-header-display":"","ast-banner-title-visibility":"","ast-main-header-display":"","ast-hfb-above-header-display":"","ast-hfb-below-header-display":"","ast-hfb-mobile-header-display":"","site-post-title":"","ast-breadcrumbs-content":"","ast-featured-img":"","footer-sml-layout":"","theme-transparent-header-meta":"default","adv-header-id-meta":"","stick-header-meta":"default","header-above-stick-meta":"","header-main-stick-meta":"","header-below-stick-meta":"","astra-migrate-meta-layouts":"set","ast-page-background-enabled":"default","ast-page-background-meta":{"desktop":{"background-color":"var(--ast-global-color-4)","background-image":"","background-repeat":"repeat","background-position":"center center","background-size":"auto","background-attachment":"scroll","background-type":"","background-media":"","overlay-type":"","overlay-color":"","overlay-opacity":"","overlay-gradient":""},"tablet":{"background-color":"","background-image":"","background-repeat":"repeat","background-position":"center center","background-size":"auto","background-attachment":"scroll","background-type":"","background-media":"","overlay-type":"","overlay-color":"","overlay-opacity":"","overlay-gradient":""},"mobile":{"background-color":"","background-image":"","background-repeat":"repeat","background-position":"center center","background-size":"auto","background-attachment":"scroll","background-type":"","background-media":"","overlay-type":"","overlay-color":"","overlay-opacity":"","overlay-gradient":""}},"ast-content-background-meta":{"desktop":{"background-color":"var(--ast-global-color-5)","background-image":"","background-repeat":"repeat","background-position":"center center","background-size":"auto","background-attachment":"scroll","background-type":"","background-media":"","overlay-type":"","overlay-color":"","overlay-opacity":"","overlay-gradient":""},"tablet":{"background-color":"var(--ast-global-color-5)","background-image":"","background-repeat":"repeat","background-position":"center center","background-size":"auto","background-attachment":"scroll","background-type":"","background-media":"","overlay-type":"","overlay-color":"","overlay-opacity":"","overlay-gradient":""},"mobile":{"background-color":"var(--ast-global-color-5)","background-image":"","background-repeat":"repeat","background-position":"center center","background-size":"auto","background-attachment":"scroll","background-type":"","background-media":"","overlay-type":"","overlay-color":"","overlay-opacity":"","overlay-gradient":""}}},"product_brand":[],"product_cat":[216],"product_tag":[],"class_list":{"0":"post-4482","1":"product","2":"type-product","3":"status-publish","4":"has-post-thumbnail","6":"product_cat-worki-obciazeniowe-na-pryzmy-i-fliz-ochronny","7":"desktop-align-left","8":"tablet-align-left","9":"mobile-align-left","10":"ast-product-gallery-layout-horizontal","11":"ast-product-tabs-layout-horizontal","13":"first","14":"instock","15":"shipping-taxable","16":"product-type-simple"},"_links":{"self":[{"href":"https:\/\/wimar.net\/fr\/wp-json\/wp\/v2\/product\/4482","targetHints":{"allow":["GET"]}}],"collection":[{"href":"https:\/\/wimar.net\/fr\/wp-json\/wp\/v2\/product"}],"about":[{"href":"https:\/\/wimar.net\/fr\/wp-json\/wp\/v2\/types\/product"}],"version-history":[{"count":2,"href":"https:\/\/wimar.net\/fr\/wp-json\/wp\/v2\/product\/4482\/revisions"}],"predecessor-version":[{"id":7396,"href":"https:\/\/wimar.net\/fr\/wp-json\/wp\/v2\/product\/4482\/revisions\/7396"}],"wp:featuredmedia":[{"embeddable":true,"href":"https:\/\/wimar.net\/fr\/wp-json\/wp\/v2\/media\/7170"}],"wp:attachment":[{"href":"https:\/\/wimar.net\/fr\/wp-json\/wp\/v2\/media?parent=4482"}],"wp:term":[{"taxonomy":"product_brand","embeddable":true,"href":"https:\/\/wimar.net\/fr\/wp-json\/wp\/v2\/product_brand?post=4482"},{"taxonomy":"product_cat","embeddable":true,"href":"https:\/\/wimar.net\/fr\/wp-json\/wp\/v2\/product_cat?post=4482"},{"taxonomy":"product_tag","embeddable":true,"href":"https:\/\/wimar.net\/fr\/wp-json\/wp\/v2\/product_tag?post=4482"}],"curies":[{"name":"wp","href":"https:\/\/api.w.org\/{rel}","templated":true}]}}