{"id":4604,"date":"2025-02-25T09:51:55","date_gmt":"2025-02-25T08:51:55","guid":{"rendered":"https:\/\/wimar.net\/?post_type=product&#038;p=4604"},"modified":"2025-02-25T10:13:15","modified_gmt":"2025-02-25T09:13:15","slug":"tasma-tape-t32b-do-tapenera-niebieskiego-ht-s45e","status":"publish","type":"product","link":"https:\/\/wimar.net\/fr\/produit\/tasma-tape-t32b-do-tapenera-niebieskiego-ht-s45e\/","title":{"rendered":"Ta\u015bma TAPE-T32B 9mm do tapenera niebieskiego HT-S45E"},"content":{"rendered":"<h3 data-start=\"0\" data-end=\"51\">Ta\u015bma T32B do Tapenera serii HT-S45E 9mm<\/h3>\n<p data-start=\"53\" data-end=\"271\">Ta\u015bma T32B to wysokiej jako\u015bci ta\u015bma przeznaczona do tapener\u00f3w serii HT-S45E, idealna do szybkiego i efektywnego mocowania ro\u015blin. Dzi\u0119ki swojej trwa\u0142o\u015bci i elastyczno\u015bci u\u0142atwia prowadzenie upraw i organizacj\u0119 ogrodu.<\/p>\n<h3 data-start=\"273\" data-end=\"299\">Caract\u00e9ristiques principales :<\/h3>\n<ul>\n<li data-start=\"300\" data-end=\"720\"><strong data-start=\"302\" data-end=\"318\">Wytrzyma\u0142o\u015b\u0107<\/strong> \u2013 Mocna i elastyczna ta\u015bma zapewnia pewne i trwa\u0142e wi\u0105zanie ro\u015blin.<\/li>\n<li data-start=\"300\" data-end=\"720\"><strong data-start=\"391\" data-end=\"417\">Precyzyjne dopasowanie<\/strong> \u2013 Odpowiednia szeroko\u015b\u0107 (9 mm) oraz d\u0142ugo\u015b\u0107 (32 m) pozwalaj\u0105 na wydajne u\u017cytkowanie.<\/li>\n<li data-start=\"300\" data-end=\"720\"><strong data-start=\"507\" data-end=\"536\">Bezpiecze\u0144stwo dla ro\u015blin<\/strong> \u2013 Delikatna struktura ta\u015bmy nie uszkadza \u0142odyg, umo\u017cliwiaj\u0105c zdrowy wzrost.<\/li>\n<li data-start=\"300\" data-end=\"720\"><strong data-start=\"617\" data-end=\"637\">Szybka aplikacja<\/strong> \u2013 Dedykowana do tapener\u00f3w serii HT-S45E, co zapewnia wygod\u0119 i oszcz\u0119dno\u015b\u0107 czasu.<\/li>\n<li data-start=\"300\" data-end=\"720\"><strong>D\u0142ugo\u015b\u0107 rolki<\/strong> &#8211; 32 m<\/li>\n<li data-start=\"300\" data-end=\"720\"><strong>Grubo\u015b\u0107 ta\u015bmy<\/strong> &#8211; 0,25 mm<\/li>\n<li data-start=\"300\" data-end=\"720\"><strong>Szeroko\u015b\u0107 ta\u015bmy<\/strong> &#8211; 9 mm<\/li>\n<li data-start=\"300\" data-end=\"720\"><strong>Uwaga-<\/strong>\u00a0<strong>ta\u015bma nie jest odpowiednia do tapener\u00f3w serii HT-R<\/strong><\/li>\n<\/ul>\n<h3 data-start=\"722\" data-end=\"741\">Application :<\/h3>\n<ul>\n<li data-start=\"742\" data-end=\"1048\"><strong data-start=\"745\" data-end=\"769\">Podwi\u0105zywanie ro\u015blin<\/strong> \u2013 Idealna do pomidor\u00f3w, winoro\u015bli, og\u00f3rk\u00f3w oraz innych pn\u0105czy.<\/li>\n<li data-start=\"742\" data-end=\"1048\"><strong data-start=\"838\" data-end=\"865\">Sadownictwo i rolnictwo<\/strong> \u2013 Niezast\u0105piona w szk\u00f3\u0142kach drzew i uprawach sadowniczych.<\/li>\n<li data-start=\"742\" data-end=\"1048\"><strong data-start=\"930\" data-end=\"967\">Ogrodnictwo i hobbystyczne uprawy<\/strong> \u2013 U\u0142atwia organizacj\u0119 i piel\u0119gnacj\u0119 ro\u015blin w tunelach foliowych oraz ogrodach.<\/li>\n<\/ul>\n<h3 data-start=\"1050\" data-end=\"1089\">Dlaczego warto wybra\u0107 ta\u015bm\u0119 T32B?<\/h3>\n<p data-start=\"1090\" data-end=\"1397\" data-is-last-node=\"\" data-is-only-node=\"\">Ta\u015bma T32B to niezawodne rozwi\u0105zanie dla rolnik\u00f3w, ogrodnik\u00f3w i sadownik\u00f3w. Umo\u017cliwia szybkie i wygodne podwi\u0105zywanie ro\u015blin, poprawiaj\u0105c ich wzrost i stabilno\u015b\u0107. Kompatybilno\u015b\u0107 z tapenerem HT-S45E sprawia, \u017ce jest to praktyczne i efektywne narz\u0119dzie, kt\u00f3re usprawni Twoj\u0105 prac\u0119 w ogrodzie lub na plantacji.<\/p>","protected":false},"excerpt":{"rendered":"<p>Ta\u015bma T32B do Tapenera serii HT-S45E 9mm Ta\u015bma T32B to wysokiej jako\u015bci ta\u015bma przeznaczona do tapener\u00f3w serii HT-S45E, idealna do szybkiego i efektywnego mocowania ro\u015blin. Dzi\u0119ki swojej trwa\u0142o\u015bci i elastyczno\u015bci u\u0142atwia prowadzenie upraw i organizacj\u0119 ogrodu. Najwa\u017cniejsze cechy: Wytrzyma\u0142o\u015b\u0107 \u2013 Mocna i elastyczna ta\u015bma zapewnia pewne i trwa\u0142e wi\u0105zanie ro\u015blin. Precyzyjne dopasowanie \u2013 Odpowiednia szeroko\u015b\u0107 [&hellip;]<\/p>","protected":false},"featured_media":4606,"template":"","meta":{"site-sidebar-layout":"default","site-content-layout":"","ast-site-content-layout":"default","site-content-style":"default","site-sidebar-style":"default","ast-global-header-display":"","ast-banner-title-visibility":"","ast-main-header-display":"","ast-hfb-above-header-display":"","ast-hfb-below-header-display":"","ast-hfb-mobile-header-display":"","site-post-title":"","ast-breadcrumbs-content":"","ast-featured-img":"","footer-sml-layout":"","theme-transparent-header-meta":"default","adv-header-id-meta":"","stick-header-meta":"default","header-above-stick-meta":"","header-main-stick-meta":"","header-below-stick-meta":"","astra-migrate-meta-layouts":"set","ast-page-background-enabled":"default","ast-page-background-meta":{"desktop":{"background-color":"var(--ast-global-color-4)","background-image":"","background-repeat":"repeat","background-position":"center center","background-size":"auto","background-attachment":"scroll","background-type":"","background-media":"","overlay-type":"","overlay-color":"","overlay-opacity":"","overlay-gradient":""},"tablet":{"background-color":"","background-image":"","background-repeat":"repeat","background-position":"center center","background-size":"auto","background-attachment":"scroll","background-type":"","background-media":"","overlay-type":"","overlay-color":"","overlay-opacity":"","overlay-gradient":""},"mobile":{"background-color":"","background-image":"","background-repeat":"repeat","background-position":"center center","background-size":"auto","background-attachment":"scroll","background-type":"","background-media":"","overlay-type":"","overlay-color":"","overlay-opacity":"","overlay-gradient":""}},"ast-content-background-meta":{"desktop":{"background-color":"var(--ast-global-color-5)","background-image":"","background-repeat":"repeat","background-position":"center center","background-size":"auto","background-attachment":"scroll","background-type":"","background-media":"","overlay-type":"","overlay-color":"","overlay-opacity":"","overlay-gradient":""},"tablet":{"background-color":"var(--ast-global-color-5)","background-image":"","background-repeat":"repeat","background-position":"center center","background-size":"auto","background-attachment":"scroll","background-type":"","background-media":"","overlay-type":"","overlay-color":"","overlay-opacity":"","overlay-gradient":""},"mobile":{"background-color":"var(--ast-global-color-5)","background-image":"","background-repeat":"repeat","background-position":"center center","background-size":"auto","background-attachment":"scroll","background-type":"","background-media":"","overlay-type":"","overlay-color":"","overlay-opacity":"","overlay-gradient":""}}},"product_brand":[],"product_cat":[334],"product_tag":[],"class_list":{"0":"post-4604","1":"product","2":"type-product","3":"status-publish","4":"has-post-thumbnail","6":"product_cat-tasma-32","7":"desktop-align-left","8":"tablet-align-left","9":"mobile-align-left","10":"ast-product-gallery-layout-horizontal","11":"ast-product-tabs-layout-horizontal","13":"first","14":"instock","15":"shipping-taxable","16":"product-type-simple"},"_links":{"self":[{"href":"https:\/\/wimar.net\/fr\/wp-json\/wp\/v2\/product\/4604","targetHints":{"allow":["GET"]}}],"collection":[{"href":"https:\/\/wimar.net\/fr\/wp-json\/wp\/v2\/product"}],"about":[{"href":"https:\/\/wimar.net\/fr\/wp-json\/wp\/v2\/types\/product"}],"version-history":[{"count":3,"href":"https:\/\/wimar.net\/fr\/wp-json\/wp\/v2\/product\/4604\/revisions"}],"predecessor-version":[{"id":4610,"href":"https:\/\/wimar.net\/fr\/wp-json\/wp\/v2\/product\/4604\/revisions\/4610"}],"wp:featuredmedia":[{"embeddable":true,"href":"https:\/\/wimar.net\/fr\/wp-json\/wp\/v2\/media\/4606"}],"wp:attachment":[{"href":"https:\/\/wimar.net\/fr\/wp-json\/wp\/v2\/media?parent=4604"}],"wp:term":[{"taxonomy":"product_brand","embeddable":true,"href":"https:\/\/wimar.net\/fr\/wp-json\/wp\/v2\/product_brand?post=4604"},{"taxonomy":"product_cat","embeddable":true,"href":"https:\/\/wimar.net\/fr\/wp-json\/wp\/v2\/product_cat?post=4604"},{"taxonomy":"product_tag","embeddable":true,"href":"https:\/\/wimar.net\/fr\/wp-json\/wp\/v2\/product_tag?post=4604"}],"curies":[{"name":"wp","href":"https:\/\/api.w.org\/{rel}","templated":true}]}}