{"id":4714,"date":"2025-02-26T10:49:32","date_gmt":"2025-02-26T09:49:32","guid":{"rendered":"https:\/\/wimar.net\/?post_type=product&#038;p=4714"},"modified":"2025-03-14T14:46:40","modified_gmt":"2025-03-14T13:46:40","slug":"plastikowe-szczypce-kleszcze-napinajace-gripple","status":"publish","type":"product","link":"https:\/\/wimar.net\/fr\/produit\/plastikowe-szczypce-kleszcze-napinajace-gripple\/","title":{"rendered":"Zestaw plastikowe kleszcze napinaj\u0105ce Gripple + 50 szybkoz\u0142\u0105czek Medium"},"content":{"rendered":"<h3 data-start=\"0\" data-end=\"52\"><strong data-start=\"0\" data-end=\"50\">Plastikowe kleszcze Gripple do napinania drutu<\/strong><\/h3>\n<p data-start=\"54\" data-end=\"362\">Plastikowe kleszcze Gripple to innowacyjne i trwa\u0142e rozwi\u0105zanie do szybkiego i \u0142atwego napinania drut\u00f3w w ogrodnictwie, rolnictwie i budownictwie. Dzi\u0119ki zaawansowanej technologii samoblokuj\u0105cej zapewniaj\u0105 solidne i bezpieczne po\u0142\u0105czenie, eliminuj\u0105c konieczno\u015b\u0107 stosowania tradycyjnych w\u0119z\u0142\u00f3w czy zacisk\u00f3w.<\/p>\n<h3 data-start=\"364\" data-end=\"394\"><strong data-start=\"368\" data-end=\"392\">Caract\u00e9ristiques principales :<\/strong><\/h3>\n<ul>\n<li data-start=\"396\" data-end=\"1028\"><strong data-start=\"398\" data-end=\"415\">Wytrzyma\u0142o\u015b\u0107:<\/strong> Wykonane z wysokiej jako\u015bci tworzywa sztucznego odpornego na warunki atmosferyczne i promieniowanie UV.<\/li>\n<li data-start=\"396\" data-end=\"1028\"><strong data-start=\"671\" data-end=\"689\">Uniwersalno\u015b\u0107:<\/strong> Pasuj\u0105 do drut\u00f3w o \u015brednicy od 1,4mm do 6,0mm, co czyni je wszechstronnym rozwi\u0105zaniem do wielu zastosowa\u0144.<\/li>\n<li data-start=\"396\" data-end=\"1028\"><strong data-start=\"927\" data-end=\"940\">Trwa\u0142o\u015b\u0107:<\/strong> Zapewniaj\u0105 d\u0142ugotrwa\u0142e i stabilne mocowanie, co redukuje potrzeb\u0119 cz\u0119stych regulacji.<\/li>\n<li><strong>Umo\u017cliwiaj\u0105<\/strong> napinanie drutu do 400 kg przy minimalnym wysi\u0142ku<\/li>\n<li><strong>\u0141atwy naci\u0105g<\/strong> z mechanizmem prze\u0142o\u017cenia 6:1<\/li>\n<li><strong>Wbudowany wska\u017anik<\/strong> do precyzyjnego naci\u0105gania do 100 kg<\/li>\n<\/ul>\n<h3 data-start=\"0\" data-end=\"63\"><strong data-start=\"0\" data-end=\"61\">Z\u0142\u0105czki Gripple Plus Medium 2,00-3,25mm max 400kg do drutu<\/strong><\/h3>\n<p data-start=\"65\" data-end=\"331\">Z\u0142\u0105czki Gripple Plus Medium to wytrzyma\u0142e i \u0142atwe w u\u017cyciu rozwi\u0105zanie do \u0142\u0105czenia i napinania drut\u00f3w w rolnictwie, sadownictwie oraz budownictwie ogrodzeniowym. Dzi\u0119ki zaawansowanej konstrukcji pozwalaj\u0105 na szybki monta\u017c i zapewniaj\u0105 d\u0142ugotrwa\u0142\u0105 trwa\u0142o\u015b\u0107 po\u0142\u0105cze\u0144.<\/p>\n<h3 data-start=\"333\" data-end=\"363\"><strong data-start=\"337\" data-end=\"361\">Caract\u00e9ristiques principales :<\/strong><\/h3>\n<ul>\n<li data-start=\"364\" data-end=\"907\"><strong data-start=\"366\" data-end=\"383\">Wytrzyma\u0142o\u015b\u0107:<\/strong> Maksymalne obci\u0105\u017cenie do 4<strong data-start=\"409\" data-end=\"419\">00 kg<\/strong>, zapewniaj\u0105ce solidne i trwa\u0142e po\u0142\u0105czenia.<\/li>\n<li data-start=\"364\" data-end=\"907\"><strong data-start=\"467\" data-end=\"492\">Zakres \u015brednic drutu:<\/strong> Kompatybilne z drutami o \u015brednicy <strong>2,00\u20133,25 mm<\/strong>, co pozwala na szerokie zastosowanie.<\/li>\n<li data-start=\"364\" data-end=\"907\"><strong data-start=\"586\" data-end=\"605\">\u0141atwo\u015b\u0107 u\u017cycia:<\/strong> Bezproblemowy i szybki monta\u017c bez potrzeby stosowania w\u0119z\u0142\u00f3w czy zacisk\u00f3w.<\/li>\n<li data-start=\"364\" data-end=\"907\"><strong data-start=\"685\" data-end=\"703\">Samoregulacja:<\/strong> Mechanizm automatycznego blokowania umo\u017cliwia precyzyjne dopasowanie napi\u0119cia.<\/li>\n<li data-start=\"364\" data-end=\"907\"><strong data-start=\"787\" data-end=\"812\">Odporno\u015b\u0107 na korozj\u0119:<\/strong> Wysoka jako\u015b\u0107 materia\u0142\u00f3w zapewnia d\u0142ugowieczno\u015b\u0107 nawet w trudnych warunkach atmosferycznych.<\/li>\n<li data-start=\"364\" data-end=\"907\"><strong>Opakowanie:<\/strong> 400 szt.<\/li>\n<\/ul>\n<h3 data-start=\"1458\" data-end=\"1518\"><strong data-start=\"1462\" data-end=\"1516\">Dlaczego warto wybra\u0107 plastikowe kleszcze Gripple w zestawie ze z\u0142\u0105czkami Medium?<\/strong><\/h3>\n<p data-start=\"1520\" data-end=\"1836\" data-is-last-node=\"\" data-is-only-node=\"\">Plastikowe kleszcze Gripple to nowoczesna alternatywa dla tradycyjnych metod napinania drutu. Dzi\u0119ki ich wytrzyma\u0142o\u015bci, odporno\u015bci na korozj\u0119 i \u0142atwo\u015bci u\u017cytkowania s\u0105 idealnym wyborem zar\u00f3wno dla profesjonalist\u00f3w, jak i hobbyst\u00f3w. Usprawniaj\u0105 prace monta\u017cowe i zapewniaj\u0105 trwa\u0142e oraz estetyczne rozwi\u0105zanie na lata a z\u0142\u0105czki Gripple Plus Medium to innowacyjne rozwi\u0105zanie, kt\u00f3re znacz\u0105co skraca czas pracy przy instalacji i konserwacji drut\u00f3w. Ich solidna konstrukcja, \u0142atwo\u015b\u0107 monta\u017cu i szeroki zakres zastosowa\u0144 sprawiaj\u0105, \u017ce s\u0105 idealnym wyborem dla profesjonalist\u00f3w i hobbyst\u00f3w zajmuj\u0105cych si\u0119 uprawami oraz ogrodzeniami.<\/p>","protected":false},"excerpt":{"rendered":"<p>Plastikowe kleszcze Gripple do napinania drutu Plastikowe kleszcze Gripple to innowacyjne i trwa\u0142e rozwi\u0105zanie do szybkiego i \u0142atwego napinania drut\u00f3w w ogrodnictwie, rolnictwie i budownictwie. Dzi\u0119ki zaawansowanej technologii samoblokuj\u0105cej zapewniaj\u0105 solidne i bezpieczne po\u0142\u0105czenie, eliminuj\u0105c konieczno\u015b\u0107 stosowania tradycyjnych w\u0119z\u0142\u00f3w czy zacisk\u00f3w. Najwa\u017cniejsze cechy: Wytrzyma\u0142o\u015b\u0107: Wykonane z wysokiej jako\u015bci tworzywa sztucznego odpornego na warunki atmosferyczne i [&hellip;]<\/p>","protected":false},"featured_media":5360,"template":"","meta":{"site-sidebar-layout":"default","site-content-layout":"","ast-site-content-layout":"default","site-content-style":"default","site-sidebar-style":"default","ast-global-header-display":"","ast-banner-title-visibility":"","ast-main-header-display":"","ast-hfb-above-header-display":"","ast-hfb-below-header-display":"","ast-hfb-mobile-header-display":"","site-post-title":"","ast-breadcrumbs-content":"","ast-featured-img":"","footer-sml-layout":"","theme-transparent-header-meta":"default","adv-header-id-meta":"","stick-header-meta":"default","header-above-stick-meta":"","header-main-stick-meta":"","header-below-stick-meta":"","astra-migrate-meta-layouts":"set","ast-page-background-enabled":"default","ast-page-background-meta":{"desktop":{"background-color":"var(--ast-global-color-4)","background-image":"","background-repeat":"repeat","background-position":"center center","background-size":"auto","background-attachment":"scroll","background-type":"","background-media":"","overlay-type":"","overlay-color":"","overlay-opacity":"","overlay-gradient":""},"tablet":{"background-color":"","background-image":"","background-repeat":"repeat","background-position":"center center","background-size":"auto","background-attachment":"scroll","background-type":"","background-media":"","overlay-type":"","overlay-color":"","overlay-opacity":"","overlay-gradient":""},"mobile":{"background-color":"","background-image":"","background-repeat":"repeat","background-position":"center center","background-size":"auto","background-attachment":"scroll","background-type":"","background-media":"","overlay-type":"","overlay-color":"","overlay-opacity":"","overlay-gradient":""}},"ast-content-background-meta":{"desktop":{"background-color":"var(--ast-global-color-5)","background-image":"","background-repeat":"repeat","background-position":"center center","background-size":"auto","background-attachment":"scroll","background-type":"","background-media":"","overlay-type":"","overlay-color":"","overlay-opacity":"","overlay-gradient":""},"tablet":{"background-color":"var(--ast-global-color-5)","background-image":"","background-repeat":"repeat","background-position":"center center","background-size":"auto","background-attachment":"scroll","background-type":"","background-media":"","overlay-type":"","overlay-color":"","overlay-opacity":"","overlay-gradient":""},"mobile":{"background-color":"var(--ast-global-color-5)","background-image":"","background-repeat":"repeat","background-position":"center center","background-size":"auto","background-attachment":"scroll","background-type":"","background-media":"","overlay-type":"","overlay-color":"","overlay-opacity":"","overlay-gradient":""}}},"product_brand":[],"product_cat":[311],"product_tag":[],"class_list":{"0":"post-4714","1":"product","2":"type-product","3":"status-publish","4":"has-post-thumbnail","6":"product_cat-zestaw-kleszcze-plus-50-szt-medium","7":"desktop-align-left","8":"tablet-align-left","9":"mobile-align-left","10":"ast-product-gallery-layout-horizontal","11":"ast-product-tabs-layout-horizontal","13":"first","14":"instock","15":"shipping-taxable","16":"product-type-simple"},"_links":{"self":[{"href":"https:\/\/wimar.net\/fr\/wp-json\/wp\/v2\/product\/4714","targetHints":{"allow":["GET"]}}],"collection":[{"href":"https:\/\/wimar.net\/fr\/wp-json\/wp\/v2\/product"}],"about":[{"href":"https:\/\/wimar.net\/fr\/wp-json\/wp\/v2\/types\/product"}],"version-history":[{"count":3,"href":"https:\/\/wimar.net\/fr\/wp-json\/wp\/v2\/product\/4714\/revisions"}],"predecessor-version":[{"id":5361,"href":"https:\/\/wimar.net\/fr\/wp-json\/wp\/v2\/product\/4714\/revisions\/5361"}],"wp:featuredmedia":[{"embeddable":true,"href":"https:\/\/wimar.net\/fr\/wp-json\/wp\/v2\/media\/5360"}],"wp:attachment":[{"href":"https:\/\/wimar.net\/fr\/wp-json\/wp\/v2\/media?parent=4714"}],"wp:term":[{"taxonomy":"product_brand","embeddable":true,"href":"https:\/\/wimar.net\/fr\/wp-json\/wp\/v2\/product_brand?post=4714"},{"taxonomy":"product_cat","embeddable":true,"href":"https:\/\/wimar.net\/fr\/wp-json\/wp\/v2\/product_cat?post=4714"},{"taxonomy":"product_tag","embeddable":true,"href":"https:\/\/wimar.net\/fr\/wp-json\/wp\/v2\/product_tag?post=4714"}],"curies":[{"name":"wp","href":"https:\/\/api.w.org\/{rel}","templated":true}]}}