{"id":4884,"date":"2025-03-05T10:26:20","date_gmt":"2025-03-05T09:26:20","guid":{"rendered":"https:\/\/wimar.net\/?post_type=product&#038;p=4884"},"modified":"2025-03-05T10:57:20","modified_gmt":"2025-03-05T09:57:20","slug":"filtr-pochlaniajacy-etylen-ef-100-as","status":"publish","type":"product","link":"https:\/\/wimar.net\/fr\/produit\/filtr-pochlaniajacy-etylen-ef-100-as\/","title":{"rendered":"Filtr do poch\u0142aniania etylenu EF 100 AS"},"content":{"rendered":"<h3 data-start=\"0\" data-end=\"89\">Filt poch\u0142\u0105niaj\u0105cy etylen<\/h3>\n<p data-start=\"91\" data-end=\"444\">Filtr EF 100 AS to nowoczesne rozwi\u0105zanie przeznaczone do redukcji etylenu w powietrzu, co pozwala na wyd\u0142u\u017cenie \u015bwie\u017co\u015bci owoc\u00f3w i warzyw. Dzi\u0119ki zastosowaniu zaawansowanej technologii absorpcji, skutecznie zapobiega przedwczesnemu dojrzewaniu i psuciu si\u0119 produkt\u00f3w spo\u017cywczych.<\/p>\n<h3 data-start=\"446\" data-end=\"472\">Caract\u00e9ristiques principales :<\/h3>\n<ul>\n<li><strong data-start=\"362\" data-end=\"378\">Skuteczno\u015b\u0107:<\/strong> Poch\u0142ania etylen, spowalniaj\u0105c proces dojrzewania owoc\u00f3w i warzyw.<\/li>\n<li><strong data-start=\"450\" data-end=\"469\">Bezpiecze\u0144stwo:<\/strong> Nietoksyczny i bezpieczny w kontakcie z \u017cywno\u015bci\u0105.<\/li>\n<li><strong data-start=\"525\" data-end=\"543\">Ekologiczno\u015b\u0107:<\/strong> Wykonany z materia\u0142\u00f3w przyjaznych \u015brodowisku, nadaj\u0105cych si\u0119 do recyklingu.<\/li>\n<li><strong data-start=\"624\" data-end=\"643\">\u0141atwo\u015b\u0107 u\u017cycia:<\/strong> Mo\u017cliwo\u015b\u0107 instalacji w r\u00f3\u017cnych systemach przechowywania \u2013 magazynach, ch\u0142odniach, opakowaniach transportowych.<\/li>\n<li><strong data-start=\"759\" data-end=\"772\">Trwa\u0142o\u015b\u0107:<\/strong> D\u0142ugi czas dzia\u0142ania, zale\u017cny od warunk\u00f3w przechowywania i st\u0119\u017cenia etylenu.<\/li>\n<li><strong>Longueur<\/strong> &#8211; 100 cm<\/li>\n<li><strong>\u015arednica<\/strong> &#8211; 4,48 cm<\/li>\n<li><strong>Typ granulatu<\/strong> &#8211; GK4\/P o wsp\u00f3\u0142czynniku absorpcji \u2265 4 l ( litry) etylenu\/ kg granulatu.<\/li>\n<li><strong>Masa granulatu<\/strong> &#8211; 950 g<\/li>\n<\/ul>\n<h3 data-start=\"1092\" data-end=\"1111\">Application :<\/h3>\n<ul>\n<li data-start=\"878\" data-end=\"1327\"><strong data-start=\"881\" data-end=\"916\">Przechowywanie owoc\u00f3w i warzyw:<\/strong> Idealny do jab\u0142ek, banan\u00f3w, pomidor\u00f3w, awokado i innych produkt\u00f3w wra\u017cliwych na etylen.<\/li>\n<li data-start=\"878\" data-end=\"1327\"><strong data-start=\"1010\" data-end=\"1046\">Transport produkt\u00f3w spo\u017cywczych:<\/strong> Zapewnia d\u0142u\u017csz\u0105 \u015bwie\u017co\u015b\u0107 owoc\u00f3w i warzyw podczas przewozu.<\/li>\n<li data-start=\"878\" data-end=\"1327\"><strong data-start=\"1112\" data-end=\"1136\">Magazyny i ch\u0142odnie:<\/strong> Optymalizuje warunki przechowywania, minimalizuj\u0105c straty w handlu detalicznym i hurtowym.<\/li>\n<li data-start=\"878\" data-end=\"1327\"><strong data-start=\"1233\" data-end=\"1267\">Przemys\u0142 rolniczy i spo\u017cywczy:<\/strong> Wspomaga kontrol\u0119 jako\u015bci i wyd\u0142u\u017ca cykl \u017cycia produkt\u00f3w.<\/li>\n<\/ul>\n<h3 data-start=\"1329\" data-end=\"1377\"><strong data-start=\"1333\" data-end=\"1375\">Dlaczego warto wybra\u0107 filtr EF 100 AS?<\/strong><\/h3>\n<p data-start=\"1379\" data-end=\"1713\" data-is-last-node=\"\" data-is-only-node=\"\">Filtr EF 100 AS to niezawodne rozwi\u0105zanie dla producent\u00f3w, dystrybutor\u00f3w oraz sprzedawc\u00f3w owoc\u00f3w i warzyw, kt\u00f3rzy chc\u0105 zmniejszy\u0107 straty i zapewni\u0107 najwy\u017csz\u0105 jako\u015b\u0107 produkt\u00f3w. Dzi\u0119ki skutecznej absorpcji etylenu przed\u0142u\u017ca \u015bwie\u017co\u015b\u0107 przechowywanych artyku\u0142\u00f3w spo\u017cywczych, co przek\u0142ada si\u0119 na oszcz\u0119dno\u015bci i wi\u0119ksz\u0105 satysfakcj\u0119 klient\u00f3w.<\/p>","protected":false},"excerpt":{"rendered":"<p>Filt poch\u0142\u0105niaj\u0105cy etylen Filtr EF 100 AS to nowoczesne rozwi\u0105zanie przeznaczone do redukcji etylenu w powietrzu, co pozwala na wyd\u0142u\u017cenie \u015bwie\u017co\u015bci owoc\u00f3w i warzyw. Dzi\u0119ki zastosowaniu zaawansowanej technologii absorpcji, skutecznie zapobiega przedwczesnemu dojrzewaniu i psuciu si\u0119 produkt\u00f3w spo\u017cywczych. Najwa\u017cniejsze cechy: Skuteczno\u015b\u0107: Poch\u0142ania etylen, spowalniaj\u0105c proces dojrzewania owoc\u00f3w i warzyw. Bezpiecze\u0144stwo: Nietoksyczny i bezpieczny w kontakcie [&hellip;]<\/p>","protected":false},"featured_media":4888,"template":"","meta":{"site-sidebar-layout":"default","site-content-layout":"","ast-site-content-layout":"default","site-content-style":"default","site-sidebar-style":"default","ast-global-header-display":"","ast-banner-title-visibility":"","ast-main-header-display":"","ast-hfb-above-header-display":"","ast-hfb-below-header-display":"","ast-hfb-mobile-header-display":"","site-post-title":"","ast-breadcrumbs-content":"","ast-featured-img":"","footer-sml-layout":"","theme-transparent-header-meta":"default","adv-header-id-meta":"","stick-header-meta":"default","header-above-stick-meta":"","header-main-stick-meta":"","header-below-stick-meta":"","astra-migrate-meta-layouts":"set","ast-page-background-enabled":"default","ast-page-background-meta":{"desktop":{"background-color":"var(--ast-global-color-4)","background-image":"","background-repeat":"repeat","background-position":"center center","background-size":"auto","background-attachment":"scroll","background-type":"","background-media":"","overlay-type":"","overlay-color":"","overlay-opacity":"","overlay-gradient":""},"tablet":{"background-color":"","background-image":"","background-repeat":"repeat","background-position":"center center","background-size":"auto","background-attachment":"scroll","background-type":"","background-media":"","overlay-type":"","overlay-color":"","overlay-opacity":"","overlay-gradient":""},"mobile":{"background-color":"","background-image":"","background-repeat":"repeat","background-position":"center center","background-size":"auto","background-attachment":"scroll","background-type":"","background-media":"","overlay-type":"","overlay-color":"","overlay-opacity":"","overlay-gradient":""}},"ast-content-background-meta":{"desktop":{"background-color":"var(--ast-global-color-5)","background-image":"","background-repeat":"repeat","background-position":"center center","background-size":"auto","background-attachment":"scroll","background-type":"","background-media":"","overlay-type":"","overlay-color":"","overlay-opacity":"","overlay-gradient":""},"tablet":{"background-color":"var(--ast-global-color-5)","background-image":"","background-repeat":"repeat","background-position":"center center","background-size":"auto","background-attachment":"scroll","background-type":"","background-media":"","overlay-type":"","overlay-color":"","overlay-opacity":"","overlay-gradient":""},"mobile":{"background-color":"var(--ast-global-color-5)","background-image":"","background-repeat":"repeat","background-position":"center center","background-size":"auto","background-attachment":"scroll","background-type":"","background-media":"","overlay-type":"","overlay-color":"","overlay-opacity":"","overlay-gradient":""}}},"product_brand":[],"product_cat":[377],"product_tag":[],"class_list":{"0":"post-4884","1":"product","2":"type-product","3":"status-publish","4":"has-post-thumbnail","6":"product_cat-filtr-pochlaniacz-etylenu-ef-100-as","7":"desktop-align-left","8":"tablet-align-left","9":"mobile-align-left","10":"ast-product-gallery-layout-horizontal","11":"ast-product-tabs-layout-horizontal","13":"first","14":"instock","15":"shipping-taxable","16":"product-type-simple"},"_links":{"self":[{"href":"https:\/\/wimar.net\/fr\/wp-json\/wp\/v2\/product\/4884","targetHints":{"allow":["GET"]}}],"collection":[{"href":"https:\/\/wimar.net\/fr\/wp-json\/wp\/v2\/product"}],"about":[{"href":"https:\/\/wimar.net\/fr\/wp-json\/wp\/v2\/types\/product"}],"version-history":[{"count":4,"href":"https:\/\/wimar.net\/fr\/wp-json\/wp\/v2\/product\/4884\/revisions"}],"predecessor-version":[{"id":4890,"href":"https:\/\/wimar.net\/fr\/wp-json\/wp\/v2\/product\/4884\/revisions\/4890"}],"wp:featuredmedia":[{"embeddable":true,"href":"https:\/\/wimar.net\/fr\/wp-json\/wp\/v2\/media\/4888"}],"wp:attachment":[{"href":"https:\/\/wimar.net\/fr\/wp-json\/wp\/v2\/media?parent=4884"}],"wp:term":[{"taxonomy":"product_brand","embeddable":true,"href":"https:\/\/wimar.net\/fr\/wp-json\/wp\/v2\/product_brand?post=4884"},{"taxonomy":"product_cat","embeddable":true,"href":"https:\/\/wimar.net\/fr\/wp-json\/wp\/v2\/product_cat?post=4884"},{"taxonomy":"product_tag","embeddable":true,"href":"https:\/\/wimar.net\/fr\/wp-json\/wp\/v2\/product_tag?post=4884"}],"curies":[{"name":"wp","href":"https:\/\/api.w.org\/{rel}","templated":true}]}}