{"id":4893,"date":"2025-03-05T11:04:44","date_gmt":"2025-03-05T10:04:44","guid":{"rendered":"https:\/\/wimar.net\/?post_type=product&#038;p=4893"},"modified":"2025-03-05T11:16:48","modified_gmt":"2025-03-05T10:16:48","slug":"papier-karbowany-140x1480mm-do-skrzynek-drewnianych-luszczek","status":"publish","type":"product","link":"https:\/\/wimar.net\/fr\/produit\/papier-karbowany-140x1480mm-do-skrzynek-drewnianych-luszczek\/","title":{"rendered":"Papier karbowany 140x1480mm do skrzynek drewnianych \u0142uszczek"},"content":{"rendered":"<h3 data-start=\"0\" data-end=\"91\"><strong data-start=\"0\" data-end=\"89\">Papier ondul\u00e9 pour bo\u00eetes en bois<\/strong><\/h3>\n<p data-start=\"93\" data-end=\"345\">Le papier ondul\u00e9 est une solution \u00e9cologique et pratique pour garnir les caisses en bois et prot\u00e9ger les produits d\u00e9licats. Gr\u00e2ce \u00e0 sa structure, il absorbe parfaitement les chocs et prot\u00e8ge les fruits, l\u00e9gumes ou autres marchandises des dommages.<\/p>\n<h3 data-start=\"347\" data-end=\"377\"><strong data-start=\"351\" data-end=\"375\">Caract\u00e9ristiques principales :<\/strong><\/h3>\n<ul>\n<li data-start=\"379\" data-end=\"1032\"><strong data-start=\"381\" data-end=\"396\">Le naturel<\/strong> - Fabriqu\u00e9 \u00e0 partir de cellulose biod\u00e9gradable et renouvelable, sans danger pour l'environnement.<\/li>\n<li data-start=\"379\" data-end=\"1032\"><strong data-start=\"482\" data-end=\"497\">Biologique<\/strong> - Sa recyclabilit\u00e9 en fait une excellente alternative aux produits de remplissage en plastique.<\/li>\n<li data-start=\"379\" data-end=\"1032\"><strong data-start=\"594\" data-end=\"619\">Protection et amortissement<\/strong> - La structure ondul\u00e9e prot\u00e8ge efficacement les produits contre l'abrasion et les chocs.<\/li>\n<li data-start=\"379\" data-end=\"1032\"><strong data-start=\"720\" data-end=\"750\">Perm\u00e9abilit\u00e9 \u00e0 l'air<\/strong> - Il permet une bonne circulation de l'air, ce qui contribue \u00e0 conserver la fra\u00eecheur des produits.<\/li>\n<li data-start=\"379\" data-end=\"1032\"><strong data-start=\"845\" data-end=\"864\">Polyvalence<\/strong> - Il peut \u00eatre utilis\u00e9 dans une vari\u00e9t\u00e9 d'industries - de l'agriculture au transport et \u00e0 la d\u00e9coration.<\/li>\n<li data-start=\"379\" data-end=\"1032\"><b>Longueur <\/b>- 1480 mm<\/li>\n<li data-start=\"379\" data-end=\"1032\"><strong>Largeur<\/strong> &#8211; 140 mm<\/li>\n<li data-start=\"379\" data-end=\"1032\"><strong>Emballage<\/strong> - 200 pi\u00e8ces.<\/li>\n<\/ul>\n<h3 data-start=\"1034\" data-end=\"1057\"><strong data-start=\"1038\" data-end=\"1055\">Application :<\/strong><\/h3>\n<ul>\n<li data-start=\"1059\" data-end=\"1619\"><strong data-start=\"1062\" data-end=\"1111\">Remplissage et garnissage de caisses en bois<\/strong> - Id\u00e9al pour transporter et conserver les fruits, les l\u00e9gumes, les \u0153ufs ou les aliments d\u00e9licats.<\/li>\n<li data-start=\"1059\" data-end=\"1619\"><strong data-start=\"1219\" data-end=\"1246\">Protection des fruits et l\u00e9gumes<\/strong> - Il pr\u00e9vient les frottements et les dommages, ce qui contribue \u00e0 pr\u00e9server la fra\u00eecheur.<\/li>\n<li data-start=\"1059\" data-end=\"1619\"><strong data-start=\"1322\" data-end=\"1347\">Emballage et transport<\/strong> - Excellent comme couche de rembourrage dans les emballages en carton et en bois.<\/li>\n<li data-start=\"1059\" data-end=\"1619\"><strong data-start=\"1445\" data-end=\"1471\">D\u00e9coration et pr\u00e9sentation<\/strong> - Son aspect esth\u00e9tique en fait un \u00e9l\u00e9ment de conception populaire pour les stands de foire, les magasins bio et les coffrets cadeaux.<\/li>\n<\/ul>\n<h3 data-start=\"1621\" data-end=\"1670\"><strong data-start=\"1625\" data-end=\"1668\">Pourquoi choisir le papier ondul\u00e9 ?<\/strong><\/h3>\n<p data-start=\"1671\" data-end=\"2007\" data-is-last-node=\"\" data-is-only-node=\"\">Le papier ondul\u00e9 est une alternative \u00e9cologique et fonctionnelle aux charges synth\u00e9tiques. Sa biod\u00e9gradabilit\u00e9, sa durabilit\u00e9 et son large \u00e9ventail d'applications le rendent indispensable dans les secteurs de l'agriculture, du commerce et des transports. En choisissant le papier ondul\u00e9, vous soutenez des solutions \u00e9cologiques et garantissez la s\u00e9curit\u00e9 de vos produits !<\/p>","protected":false},"excerpt":{"rendered":"<p>Papier karbowany do skrzynek drewnianych Papier karbowany to ekologiczne i praktyczne rozwi\u0105zanie do wyk\u0142adania skrzynek drewnianych oraz zabezpieczania delikatnych produkt\u00f3w. Dzi\u0119ki swojej strukturze doskonale amortyzuje wstrz\u0105sy i chroni owoce, warzywa czy inne towary przed uszkodzeniami. Najwa\u017cniejsze cechy: Naturalno\u015b\u0107 \u2013 Wykonany z biodegradowalnej i odnawialnej celulozy, bezpieczny dla \u015brodowiska. Ekologiczny \u2013 Mo\u017cliwo\u015b\u0107 recyklingu sprawia, \u017ce jest [&hellip;]<\/p>","protected":false},"featured_media":4895,"template":"","meta":{"site-sidebar-layout":"default","site-content-layout":"","ast-site-content-layout":"default","site-content-style":"default","site-sidebar-style":"default","ast-global-header-display":"","ast-banner-title-visibility":"","ast-main-header-display":"","ast-hfb-above-header-display":"","ast-hfb-below-header-display":"","ast-hfb-mobile-header-display":"","site-post-title":"","ast-breadcrumbs-content":"","ast-featured-img":"","footer-sml-layout":"","theme-transparent-header-meta":"default","adv-header-id-meta":"","stick-header-meta":"default","header-above-stick-meta":"","header-main-stick-meta":"","header-below-stick-meta":"","astra-migrate-meta-layouts":"set","ast-page-background-enabled":"default","ast-page-background-meta":{"desktop":{"background-color":"var(--ast-global-color-4)","background-image":"","background-repeat":"repeat","background-position":"center center","background-size":"auto","background-attachment":"scroll","background-type":"","background-media":"","overlay-type":"","overlay-color":"","overlay-opacity":"","overlay-gradient":""},"tablet":{"background-color":"","background-image":"","background-repeat":"repeat","background-position":"center center","background-size":"auto","background-attachment":"scroll","background-type":"","background-media":"","overlay-type":"","overlay-color":"","overlay-opacity":"","overlay-gradient":""},"mobile":{"background-color":"","background-image":"","background-repeat":"repeat","background-position":"center center","background-size":"auto","background-attachment":"scroll","background-type":"","background-media":"","overlay-type":"","overlay-color":"","overlay-opacity":"","overlay-gradient":""}},"ast-content-background-meta":{"desktop":{"background-color":"var(--ast-global-color-5)","background-image":"","background-repeat":"repeat","background-position":"center center","background-size":"auto","background-attachment":"scroll","background-type":"","background-media":"","overlay-type":"","overlay-color":"","overlay-opacity":"","overlay-gradient":""},"tablet":{"background-color":"var(--ast-global-color-5)","background-image":"","background-repeat":"repeat","background-position":"center center","background-size":"auto","background-attachment":"scroll","background-type":"","background-media":"","overlay-type":"","overlay-color":"","overlay-opacity":"","overlay-gradient":""},"mobile":{"background-color":"var(--ast-global-color-5)","background-image":"","background-repeat":"repeat","background-position":"center center","background-size":"auto","background-attachment":"scroll","background-type":"","background-media":"","overlay-type":"","overlay-color":"","overlay-opacity":"","overlay-gradient":""}}},"product_brand":[],"product_cat":[398],"product_tag":[],"class_list":{"0":"post-4893","1":"product","2":"type-product","3":"status-publish","4":"has-post-thumbnail","6":"product_cat-papier-karbowany-140x1480-mm-opak-200-szt","7":"desktop-align-left","8":"tablet-align-left","9":"mobile-align-left","10":"ast-product-gallery-layout-horizontal","11":"ast-product-tabs-layout-horizontal","13":"first","14":"instock","15":"shipping-taxable","16":"product-type-simple"},"_links":{"self":[{"href":"https:\/\/wimar.net\/fr\/wp-json\/wp\/v2\/product\/4893","targetHints":{"allow":["GET"]}}],"collection":[{"href":"https:\/\/wimar.net\/fr\/wp-json\/wp\/v2\/product"}],"about":[{"href":"https:\/\/wimar.net\/fr\/wp-json\/wp\/v2\/types\/product"}],"version-history":[{"count":2,"href":"https:\/\/wimar.net\/fr\/wp-json\/wp\/v2\/product\/4893\/revisions"}],"predecessor-version":[{"id":4897,"href":"https:\/\/wimar.net\/fr\/wp-json\/wp\/v2\/product\/4893\/revisions\/4897"}],"wp:featuredmedia":[{"embeddable":true,"href":"https:\/\/wimar.net\/fr\/wp-json\/wp\/v2\/media\/4895"}],"wp:attachment":[{"href":"https:\/\/wimar.net\/fr\/wp-json\/wp\/v2\/media?parent=4893"}],"wp:term":[{"taxonomy":"product_brand","embeddable":true,"href":"https:\/\/wimar.net\/fr\/wp-json\/wp\/v2\/product_brand?post=4893"},{"taxonomy":"product_cat","embeddable":true,"href":"https:\/\/wimar.net\/fr\/wp-json\/wp\/v2\/product_cat?post=4893"},{"taxonomy":"product_tag","embeddable":true,"href":"https:\/\/wimar.net\/fr\/wp-json\/wp\/v2\/product_tag?post=4893"}],"curies":[{"name":"wp","href":"https:\/\/api.w.org\/{rel}","templated":true}]}}