{"id":4919,"date":"2025-03-05T12:08:12","date_gmt":"2025-03-05T11:08:12","guid":{"rendered":"https:\/\/wimar.net\/?post_type=product&#038;p=4919"},"modified":"2025-03-24T15:21:19","modified_gmt":"2025-03-24T14:21:19","slug":"karton-otwarty-zielony-600x400mm-na-owoce-warzywa-7kg","status":"publish","type":"product","link":"https:\/\/wimar.net\/fr\/produit\/karton-otwarty-zielony-600x400mm-na-owoce-warzywa-7kg\/","title":{"rendered":"Karton otwarty zielony 600x400mm na owoce, warzywa wykr\u00f3j 7kg"},"content":{"rendered":"<h3 data-start=\"0\" data-end=\"47\"><strong data-start=\"0\" data-end=\"45\">Karton otwarty klejony na warzywa i owoce<\/strong><\/h3>\n<p data-start=\"49\" data-end=\"389\">Karton otwarty klejony to wytrzyma\u0142e i ekologiczne rozwi\u0105zanie do przechowywania oraz transportu warzyw i owoc\u00f3w. Jego konstrukcja zapewnia odpowiedni\u0105 cyrkulacj\u0119 powietrza, co pomaga w utrzymaniu \u015bwie\u017co\u015bci produkt\u00f3w przez d\u0142u\u017cszy czas. Idealnie sprawdzi si\u0119 do pakowania ziemniak\u00f3w, cebuli, jab\u0142ek, burak\u00f3w oraz innych produkt\u00f3w rolnych.<\/p>\n<h3 data-start=\"391\" data-end=\"421\"><strong data-start=\"395\" data-end=\"419\">Caract\u00e9ristiques principales :<\/strong><\/h3>\n<ul>\n<li data-start=\"422\" data-end=\"963\"><strong data-start=\"424\" data-end=\"451\">Ekologiczne rozwi\u0105zanie<\/strong> \u2013 Wykonany z tektury nadaj\u0105cej si\u0119 do recyklingu, przyjazny dla \u015brodowiska.<\/li>\n<li data-start=\"422\" data-end=\"963\"><strong data-start=\"532\" data-end=\"562\">Perm\u00e9abilit\u00e9 \u00e0 l'air<\/strong> \u2013 Otwarta konstrukcja zapewnia odpowiedni\u0105 wentylacj\u0119, zapobiegaj\u0105c nadmiernemu gromadzeniu si\u0119 wilgoci.<\/li>\n<li data-start=\"422\" data-end=\"963\"><strong data-start=\"672\" data-end=\"684\">Trwa\u0142o\u015b\u0107<\/strong> \u2013 Mocna tektura gwarantuje odporno\u015b\u0107 na obci\u0105\u017cenia i uszkodzenia mechaniczne.<\/li>\n<li data-start=\"422\" data-end=\"963\"><strong data-start=\"859\" data-end=\"887\">Uniwersalne zastosowanie<\/strong> \u2013 Nadaje si\u0119 zar\u00f3wno do przechowywania, jak i transportu warzyw i owoc\u00f3w.<\/li>\n<li data-start=\"422\" data-end=\"963\"><strong>Longueur<\/strong> &#8211; 600 mm<\/li>\n<li data-start=\"422\" data-end=\"963\"><strong>Largeur<\/strong> &#8211; 400 mm<\/li>\n<li data-start=\"422\" data-end=\"963\"><strong>Pojemno\u015b\u0107<\/strong> &#8211; 7 kg<\/li>\n<li data-start=\"422\" data-end=\"963\"><strong>Rodzaj<\/strong> &#8211;\u00a0 Wykr\u00f3j<\/li>\n<\/ul>\n<h3 data-start=\"965\" data-end=\"988\"><strong data-start=\"969\" data-end=\"986\">Application :<\/strong><\/h3>\n<ul>\n<li data-start=\"989\" data-end=\"1294\"><strong data-start=\"992\" data-end=\"1038\">Przechowywanie i transport warzyw i owoc\u00f3w<\/strong> \u2013 Idealny dla producent\u00f3w rolnych, hurtowni i sklep\u00f3w.<\/li>\n<li data-start=\"989\" data-end=\"1294\"><strong data-start=\"1099\" data-end=\"1123\">Ekspozycja produkt\u00f3w<\/strong> \u2013 Doskona\u0142y do prezentacji warzyw i owoc\u00f3w w sklepach oraz na targowiskach.<\/li>\n<li data-start=\"989\" data-end=\"1294\"><strong data-start=\"1205\" data-end=\"1236\">Pakowanie produkt\u00f3w rolnych<\/strong> \u2013 Stosowany w rolnictwie oraz przetw\u00f3rstwie spo\u017cywczym.<\/li>\n<\/ul>\n<h3 data-start=\"1296\" data-end=\"1351\"><strong data-start=\"1300\" data-end=\"1349\">Dlaczego warto wybra\u0107 karton otwarty klejony?<\/strong><\/h3>\n<p data-start=\"1352\" data-end=\"1715\" data-is-last-node=\"\" data-is-only-node=\"\">Kartony otwarte klejone to trwa\u0142a i ekologiczna alternatywa dla plastikowych opakowa\u0144. S\u0105 w pe\u0142ni biodegradowalne i nadaj\u0105 si\u0119 do recyklingu, co czyni je doskona\u0142ym wyborem dla firm dbaj\u0105cych o \u015brodowisko. Dzi\u0119ki swojej konstrukcji zapewniaj\u0105 wygodne i bezpieczne przechowywanie warzyw i owoc\u00f3w, chroni\u0105c je przed uszkodzeniami i zapewniaj\u0105c ich d\u0142u\u017csz\u0105 \u015bwie\u017co\u015b\u0107.<\/p>","protected":false},"excerpt":{"rendered":"<p>Karton otwarty klejony na warzywa i owoce Karton otwarty klejony to wytrzyma\u0142e i ekologiczne rozwi\u0105zanie do przechowywania oraz transportu warzyw i owoc\u00f3w. Jego konstrukcja zapewnia odpowiedni\u0105 cyrkulacj\u0119 powietrza, co pomaga w utrzymaniu \u015bwie\u017co\u015bci produkt\u00f3w przez d\u0142u\u017cszy czas. Idealnie sprawdzi si\u0119 do pakowania ziemniak\u00f3w, cebuli, jab\u0142ek, burak\u00f3w oraz innych produkt\u00f3w rolnych. Najwa\u017cniejsze cechy: Ekologiczne rozwi\u0105zanie \u2013 [&hellip;]<\/p>","protected":false},"featured_media":4921,"template":"","meta":{"site-sidebar-layout":"default","site-content-layout":"","ast-site-content-layout":"default","site-content-style":"default","site-sidebar-style":"default","ast-global-header-display":"","ast-banner-title-visibility":"","ast-main-header-display":"","ast-hfb-above-header-display":"","ast-hfb-below-header-display":"","ast-hfb-mobile-header-display":"","site-post-title":"","ast-breadcrumbs-content":"","ast-featured-img":"","footer-sml-layout":"","theme-transparent-header-meta":"default","adv-header-id-meta":"","stick-header-meta":"default","header-above-stick-meta":"","header-main-stick-meta":"","header-below-stick-meta":"","astra-migrate-meta-layouts":"set","ast-page-background-enabled":"default","ast-page-background-meta":{"desktop":{"background-color":"var(--ast-global-color-4)","background-image":"","background-repeat":"repeat","background-position":"center center","background-size":"auto","background-attachment":"scroll","background-type":"","background-media":"","overlay-type":"","overlay-color":"","overlay-opacity":"","overlay-gradient":""},"tablet":{"background-color":"","background-image":"","background-repeat":"repeat","background-position":"center center","background-size":"auto","background-attachment":"scroll","background-type":"","background-media":"","overlay-type":"","overlay-color":"","overlay-opacity":"","overlay-gradient":""},"mobile":{"background-color":"","background-image":"","background-repeat":"repeat","background-position":"center center","background-size":"auto","background-attachment":"scroll","background-type":"","background-media":"","overlay-type":"","overlay-color":"","overlay-opacity":"","overlay-gradient":""}},"ast-content-background-meta":{"desktop":{"background-color":"var(--ast-global-color-5)","background-image":"","background-repeat":"repeat","background-position":"center center","background-size":"auto","background-attachment":"scroll","background-type":"","background-media":"","overlay-type":"","overlay-color":"","overlay-opacity":"","overlay-gradient":""},"tablet":{"background-color":"var(--ast-global-color-5)","background-image":"","background-repeat":"repeat","background-position":"center center","background-size":"auto","background-attachment":"scroll","background-type":"","background-media":"","overlay-type":"","overlay-color":"","overlay-opacity":"","overlay-gradient":""},"mobile":{"background-color":"var(--ast-global-color-5)","background-image":"","background-repeat":"repeat","background-position":"center center","background-size":"auto","background-attachment":"scroll","background-type":"","background-media":"","overlay-type":"","overlay-color":"","overlay-opacity":"","overlay-gradient":""}}},"product_brand":[],"product_cat":[367],"product_tag":[],"class_list":{"0":"post-4919","1":"product","2":"type-product","3":"status-publish","4":"has-post-thumbnail","6":"product_cat-7-kg","7":"desktop-align-left","8":"tablet-align-left","9":"mobile-align-left","10":"ast-product-gallery-layout-horizontal","11":"ast-product-tabs-layout-horizontal","13":"first","14":"instock","15":"shipping-taxable","16":"product-type-simple"},"_links":{"self":[{"href":"https:\/\/wimar.net\/fr\/wp-json\/wp\/v2\/product\/4919","targetHints":{"allow":["GET"]}}],"collection":[{"href":"https:\/\/wimar.net\/fr\/wp-json\/wp\/v2\/product"}],"about":[{"href":"https:\/\/wimar.net\/fr\/wp-json\/wp\/v2\/types\/product"}],"version-history":[{"count":3,"href":"https:\/\/wimar.net\/fr\/wp-json\/wp\/v2\/product\/4919\/revisions"}],"predecessor-version":[{"id":7354,"href":"https:\/\/wimar.net\/fr\/wp-json\/wp\/v2\/product\/4919\/revisions\/7354"}],"wp:featuredmedia":[{"embeddable":true,"href":"https:\/\/wimar.net\/fr\/wp-json\/wp\/v2\/media\/4921"}],"wp:attachment":[{"href":"https:\/\/wimar.net\/fr\/wp-json\/wp\/v2\/media?parent=4919"}],"wp:term":[{"taxonomy":"product_brand","embeddable":true,"href":"https:\/\/wimar.net\/fr\/wp-json\/wp\/v2\/product_brand?post=4919"},{"taxonomy":"product_cat","embeddable":true,"href":"https:\/\/wimar.net\/fr\/wp-json\/wp\/v2\/product_cat?post=4919"},{"taxonomy":"product_tag","embeddable":true,"href":"https:\/\/wimar.net\/fr\/wp-json\/wp\/v2\/product_tag?post=4919"}],"curies":[{"name":"wp","href":"https:\/\/api.w.org\/{rel}","templated":true}]}}