{"id":4964,"date":"2025-03-06T08:31:57","date_gmt":"2025-03-06T07:31:57","guid":{"rendered":"https:\/\/wimar.net\/?post_type=product&#038;p=4964"},"modified":"2025-03-06T08:47:38","modified_gmt":"2025-03-06T07:47:38","slug":"odciag-do-slupkow-linka-naciagowa-gripple-4mmx5m","status":"publish","type":"product","link":"https:\/\/wimar.net\/fr\/produit\/odciag-do-slupkow-linka-naciagowa-gripple-4mmx5m\/","title":{"rendered":"Odci\u0105g do s\u0142upk\u00f3w, linka naci\u0105gowa gripple 4mmx5m"},"content":{"rendered":"<h3 data-start=\"0\" data-end=\"50\"><strong data-start=\"0\" data-end=\"48\">Linka naci\u0105gowa Gripple do s\u0142upk\u00f3w skrajnych<\/strong><\/h3>\n<p data-start=\"52\" data-end=\"294\">Linka naci\u0105gowa Gripple to nowoczesne i wydajne rozwi\u0105zanie do stabilizacji oraz napinania ogrodze\u0144 i konstrukcji rolniczych. Dzi\u0119ki swojej wytrzyma\u0142o\u015bci i \u0142atwo\u015bci monta\u017cu stanowi idealne rozwi\u0105zanie dla rolnik\u00f3w, sadownik\u00f3w oraz hodowc\u00f3w.<\/p>\n<h3 data-start=\"296\" data-end=\"326\"><strong data-start=\"300\" data-end=\"324\">Caract\u00e9ristiques principales :<\/strong><\/h3>\n<ul>\n<li data-start=\"328\" data-end=\"1025\"><strong data-start=\"463\" data-end=\"479\">\u0141atwy monta\u017c<\/strong> \u2013 System samoblokuj\u0105cych uchwyt\u00f3w Gripple umo\u017cliwia szybkie i bezproblemowe napinanie linki bez potrzeby stosowania narz\u0119dzi czy w\u0119z\u0142\u00f3w.<\/li>\n<li data-start=\"328\" data-end=\"1025\"><strong data-start=\"622\" data-end=\"637\">Efektywno\u015b\u0107<\/strong> \u2013 Umo\u017cliwia skuteczne i r\u00f3wnomierne napinanie siatki, co zwi\u0119ksza trwa\u0142o\u015b\u0107 i stabilno\u015b\u0107 ogrodzenia.<\/li>\n<li data-start=\"328\" data-end=\"1025\"><strong data-start=\"743\" data-end=\"762\">Polyvalence<\/strong> \u2013 Mo\u017ce by\u0107 stosowana w ogrodzeniach rolniczych, sadowniczych, winnicach oraz przy budowie tuneli foliowych i konstrukcji wsporczych.<\/li>\n<li data-start=\"328\" data-end=\"1025\"><strong data-start=\"901\" data-end=\"925\">Odporno\u015b\u0107 na korozj\u0119<\/strong> \u2013 Pow\u0142oka ochronna sprawia, \u017ce linka doskonale sprawdza si\u0119 w trudnych warunkach atmosferycznych.<\/li>\n<li data-start=\"328\" data-end=\"1025\"><strong>Longueur<\/strong> &#8211; 5 mb<\/li>\n<li data-start=\"328\" data-end=\"1025\"><strong>\u015arednica<\/strong> &#8211; 4 mm<\/li>\n<\/ul>\n<h3 data-start=\"1027\" data-end=\"1050\"><strong data-start=\"1031\" data-end=\"1048\">Application :<\/strong><\/h3>\n<ul>\n<li data-start=\"1052\" data-end=\"1462\"><strong data-start=\"1054\" data-end=\"1076\">Mocowanie ogrodze\u0144<\/strong> \u2013 Idealna do naci\u0105gania siatki ogrodzeniowej na s\u0142upkach skrajnych.<\/li>\n<li data-start=\"1052\" data-end=\"1462\"><strong data-start=\"1149\" data-end=\"1181\">Podpory w sadach i winnicach<\/strong> \u2013 Sprawdzi si\u0119 w konstrukcjach podtrzymuj\u0105cych drzewa i winoro\u015ble.<\/li>\n<li data-start=\"1052\" data-end=\"1462\"><strong data-start=\"1253\" data-end=\"1286\">Stabilizacja tuneli foliowych<\/strong> \u2013 Wzmacnia i utrzymuje konstrukcj\u0119 w stabilnym po\u0142o\u017ceniu.<\/li>\n<li data-start=\"1052\" data-end=\"1462\"><strong data-start=\"1349\" data-end=\"1373\">Zabezpieczenie upraw<\/strong> \u2013 Pomaga w budowie system\u00f3w ochronnych przed zwierz\u0119tami i czynnikami atmosferycznymi.<\/li>\n<\/ul>\n<h3 data-start=\"1464\" data-end=\"1520\"><strong data-start=\"1468\" data-end=\"1518\">Dlaczego warto wybra\u0107 link\u0119 naci\u0105gow\u0105 Gripple?<\/strong><\/h3>\n<p data-start=\"1522\" data-end=\"1844\" data-is-last-node=\"\" data-is-only-node=\"\">Linka naci\u0105gowa Gripple to gwarancja trwa\u0142o\u015bci, \u0142atwo\u015bci monta\u017cu oraz niezawodno\u015bci. Jej zastosowanie pozwala na szybkie i skuteczne tworzenie wytrzyma\u0142ych konstrukcji, bez konieczno\u015bci stosowania skomplikowanych narz\u0119dzi. Dzi\u0119ki wysokiej odporno\u015bci na korozj\u0119 i uszkodzenia mechaniczne, jest to inwestycja na d\u0142ugie lata.<\/p>","protected":false},"excerpt":{"rendered":"<p>Linka naci\u0105gowa Gripple do s\u0142upk\u00f3w skrajnych Linka naci\u0105gowa Gripple to nowoczesne i wydajne rozwi\u0105zanie do stabilizacji oraz napinania ogrodze\u0144 i konstrukcji rolniczych. Dzi\u0119ki swojej wytrzyma\u0142o\u015bci i \u0142atwo\u015bci monta\u017cu stanowi idealne rozwi\u0105zanie dla rolnik\u00f3w, sadownik\u00f3w oraz hodowc\u00f3w. Najwa\u017cniejsze cechy: \u0141atwy monta\u017c \u2013 System samoblokuj\u0105cych uchwyt\u00f3w Gripple umo\u017cliwia szybkie i bezproblemowe napinanie linki bez potrzeby stosowania narz\u0119dzi [&hellip;]<\/p>","protected":false},"featured_media":4966,"template":"","meta":{"site-sidebar-layout":"default","site-content-layout":"","ast-site-content-layout":"default","site-content-style":"default","site-sidebar-style":"default","ast-global-header-display":"","ast-banner-title-visibility":"","ast-main-header-display":"","ast-hfb-above-header-display":"","ast-hfb-below-header-display":"","ast-hfb-mobile-header-display":"","site-post-title":"","ast-breadcrumbs-content":"","ast-featured-img":"","footer-sml-layout":"","theme-transparent-header-meta":"default","adv-header-id-meta":"","stick-header-meta":"default","header-above-stick-meta":"","header-main-stick-meta":"","header-below-stick-meta":"","astra-migrate-meta-layouts":"set","ast-page-background-enabled":"default","ast-page-background-meta":{"desktop":{"background-color":"var(--ast-global-color-4)","background-image":"","background-repeat":"repeat","background-position":"center center","background-size":"auto","background-attachment":"scroll","background-type":"","background-media":"","overlay-type":"","overlay-color":"","overlay-opacity":"","overlay-gradient":""},"tablet":{"background-color":"","background-image":"","background-repeat":"repeat","background-position":"center center","background-size":"auto","background-attachment":"scroll","background-type":"","background-media":"","overlay-type":"","overlay-color":"","overlay-opacity":"","overlay-gradient":""},"mobile":{"background-color":"","background-image":"","background-repeat":"repeat","background-position":"center center","background-size":"auto","background-attachment":"scroll","background-type":"","background-media":"","overlay-type":"","overlay-color":"","overlay-opacity":"","overlay-gradient":""}},"ast-content-background-meta":{"desktop":{"background-color":"var(--ast-global-color-5)","background-image":"","background-repeat":"repeat","background-position":"center center","background-size":"auto","background-attachment":"scroll","background-type":"","background-media":"","overlay-type":"","overlay-color":"","overlay-opacity":"","overlay-gradient":""},"tablet":{"background-color":"var(--ast-global-color-5)","background-image":"","background-repeat":"repeat","background-position":"center center","background-size":"auto","background-attachment":"scroll","background-type":"","background-media":"","overlay-type":"","overlay-color":"","overlay-opacity":"","overlay-gradient":""},"mobile":{"background-color":"var(--ast-global-color-5)","background-image":"","background-repeat":"repeat","background-position":"center center","background-size":"auto","background-attachment":"scroll","background-type":"","background-media":"","overlay-type":"","overlay-color":"","overlay-opacity":"","overlay-gradient":""}}},"product_brand":[],"product_cat":[313],"product_tag":[],"class_list":{"0":"post-4964","1":"product","2":"type-product","3":"status-publish","4":"has-post-thumbnail","6":"product_cat-linka-naciagowa-4mmx-5mb","7":"desktop-align-left","8":"tablet-align-left","9":"mobile-align-left","10":"ast-product-gallery-layout-horizontal","11":"ast-product-tabs-layout-horizontal","13":"first","14":"instock","15":"shipping-taxable","16":"product-type-simple"},"_links":{"self":[{"href":"https:\/\/wimar.net\/fr\/wp-json\/wp\/v2\/product\/4964","targetHints":{"allow":["GET"]}}],"collection":[{"href":"https:\/\/wimar.net\/fr\/wp-json\/wp\/v2\/product"}],"about":[{"href":"https:\/\/wimar.net\/fr\/wp-json\/wp\/v2\/types\/product"}],"version-history":[{"count":2,"href":"https:\/\/wimar.net\/fr\/wp-json\/wp\/v2\/product\/4964\/revisions"}],"predecessor-version":[{"id":7349,"href":"https:\/\/wimar.net\/fr\/wp-json\/wp\/v2\/product\/4964\/revisions\/7349"}],"wp:featuredmedia":[{"embeddable":true,"href":"https:\/\/wimar.net\/fr\/wp-json\/wp\/v2\/media\/4966"}],"wp:attachment":[{"href":"https:\/\/wimar.net\/fr\/wp-json\/wp\/v2\/media?parent=4964"}],"wp:term":[{"taxonomy":"product_brand","embeddable":true,"href":"https:\/\/wimar.net\/fr\/wp-json\/wp\/v2\/product_brand?post=4964"},{"taxonomy":"product_cat","embeddable":true,"href":"https:\/\/wimar.net\/fr\/wp-json\/wp\/v2\/product_cat?post=4964"},{"taxonomy":"product_tag","embeddable":true,"href":"https:\/\/wimar.net\/fr\/wp-json\/wp\/v2\/product_tag?post=4964"}],"curies":[{"name":"wp","href":"https:\/\/api.w.org\/{rel}","templated":true}]}}