{"id":5136,"date":"2025-03-13T08:53:30","date_gmt":"2025-03-13T07:53:30","guid":{"rendered":"https:\/\/wimar.net\/?post_type=product&#038;p=5136"},"modified":"2025-03-21T14:57:17","modified_gmt":"2025-03-21T13:57:17","slug":"folia-do-sianokiszonki-biala-750x1650-22mic","status":"publish","type":"product","link":"https:\/\/wimar.net\/fr\/produit\/folia-do-sianokiszonki-biala-750x1650-22mic\/","title":{"rendered":"Folia do sianokiszonki bia\u0142a 750&#215;1650 22mic"},"content":{"rendered":"<h3 data-start=\"0\" data-end=\"40\"><strong data-start=\"0\" data-end=\"38\">Film de foin<\/strong><\/h3>\n<p data-start=\"42\" data-end=\"366\">Folia do sianokiszonki o grubo\u015bci 22 mikron\u00f3w to wysokiej jako\u015bci produkt przeznaczony do zabezpieczania kiszonki i zapewnienia optymalnych warunk\u00f3w fermentacji. Dzi\u0119ki swojej wytrzyma\u0142o\u015bci i elastyczno\u015bci skutecznie chroni pasz\u0119 przed dzia\u0142aniem czynnik\u00f3w zewn\u0119trznych, takich jak wilgo\u0107, powietrze czy promieniowanie UV.<\/p>\n<h3 data-start=\"368\" data-end=\"398\"><strong data-start=\"372\" data-end=\"396\">Caract\u00e9ristiques principales :<\/strong><\/h3>\n<ul>\n<li data-start=\"400\" data-end=\"942\"><strong data-start=\"402\" data-end=\"418\">Wytrzyma\u0142o\u015b\u0107<\/strong> \u2013 folia o grubo\u015bci 22 mikron\u00f3w cechuje si\u0119 wysok\u0105 odporno\u015bci\u0105 na rozdarcia i przebicia \u2013 350g zgodnie z metodologi\u0105 spadaj\u0105cego grotu *- gwarantuj\u0105c\u0105 bardzo dobr\u0105 ochron\u0119 przed warunkami pogodowymi.<\/li>\n<li data-start=\"400\" data-end=\"942\"><strong data-start=\"511\" data-end=\"535\">Doskona\u0142a szczelno\u015b\u0107<\/strong> \u2013 dzi\u0119ki zastosowaniu innowacyjnego, r\u00f3wnomiernie roz\u0142o\u017conego kleju skutecznie zapobiega dost\u0119powi powietrza, co zapewnia idealne warunki do fermentacji.<\/li>\n<li data-start=\"400\" data-end=\"942\"><strong data-start=\"628\" data-end=\"647\">Odporno\u015b\u0107 na UV<\/strong> \u2013 gwarantowane skuteczne zabezpieczenie kiszonki przed szkodliwym dzia\u0142aniem promieniowania s\u0142onecznego przez okres 12 miesi\u0119cy.<\/li>\n<li data-start=\"400\" data-end=\"942\"><strong data-start=\"731\" data-end=\"747\">Elastyczno\u015b\u0107<\/strong> \u2013 \u0142atwe dopasowanie do beli, co minimalizuje ryzyko uszkodze\u0144.<\/li>\n<li data-start=\"400\" data-end=\"942\"><strong data-start=\"815\" data-end=\"843\">Bezpiecze\u0144stwo dla paszy<\/strong> \u2013 folia nie zawiera szkodliwych substancji, co gwarantuje wysok\u0105 jako\u015b\u0107 przechowywanej kiszonki.<\/li>\n<li data-start=\"400\" data-end=\"942\"><strong>Largeur<\/strong> &#8211; 750 mm<\/li>\n<li data-start=\"400\" data-end=\"942\"><strong>Longueur<\/strong> &#8211; 1650 m &#8211; 150 m wi\u0119cej od standardowej d\u0142ugo\u015bci rolki, dzi\u0119ki czemu mo\u017cna zawin\u0105\u0107 wi\u0119cej balot\u00f3w.<\/li>\n<li data-start=\"400\" data-end=\"942\"><strong>Grubo\u015b\u0107<\/strong> &#8211; 22 mikron\u00f3w<\/li>\n<li data-start=\"400\" data-end=\"942\"><strong>Warstwy<\/strong> &#8211; 7<\/li>\n<\/ul>\n<p>*Badanie odporno\u015bci na uderzenie UNE-EN ISO 7765-1 Metoda A (test przebicia metod\u0105 spadaj\u0105cego grodu).<\/p>\n<h3 data-start=\"944\" data-end=\"967\"><strong data-start=\"948\" data-end=\"965\">Application :<\/strong><\/h3>\n<ul>\n<li data-start=\"969\" data-end=\"1265\"><strong data-start=\"972\" data-end=\"999\">Produkcja sianokiszonki<\/strong> \u2013 idealna do owijania bel z traw\u0105, lucern\u0105 czy innymi paszami.<\/li>\n<li data-start=\"969\" data-end=\"1265\"><strong data-start=\"1068\" data-end=\"1085\">Ochrona paszy<\/strong> \u2013 skutecznie zabezpiecza kiszonk\u0119 przed ple\u015bni\u0105, bakteriami i zanieczyszczeniami.<\/li>\n<li data-start=\"969\" data-end=\"1265\"><strong data-start=\"1173\" data-end=\"1202\">D\u0142ugotrwa\u0142e magazynowanie<\/strong> \u2013 przed\u0142u\u017ca \u015bwie\u017co\u015b\u0107 i warto\u015b\u0107 od\u017cywcz\u0105 paszy na d\u0142ugi czas.<\/li>\n<\/ul>\n<h3 data-start=\"1267\" data-end=\"1334\"><strong data-start=\"1271\" data-end=\"1332\">Dlaczego warto wybra\u0107 foli\u0119 do sianokiszonki?<\/strong><\/h3>\n<p data-start=\"1336\" data-end=\"1633\" data-is-last-node=\"\" data-is-only-node=\"\">Folia do sianokiszonki to niezast\u0105pione rozwi\u0105zanie dla rolnik\u00f3w, kt\u00f3rzy chc\u0105 zapewni\u0107 wysok\u0105 jako\u015b\u0107 paszy dla swoich zwierz\u0105t. Jej trwa\u0142o\u015b\u0107, szczelno\u015b\u0107 i odporno\u015b\u0107 na warunki atmosferyczne sprawiaj\u0105, \u017ce jest to ekonomiczne i skuteczne rozwi\u0105zanie do przechowywania sianokiszonki przez ca\u0142y sezon.<\/p>","protected":false},"excerpt":{"rendered":"<p>Folia do sianokiszonki Folia do sianokiszonki o grubo\u015bci 22 mikron\u00f3w to wysokiej jako\u015bci produkt przeznaczony do zabezpieczania kiszonki i zapewnienia optymalnych warunk\u00f3w fermentacji. Dzi\u0119ki swojej wytrzyma\u0142o\u015bci i elastyczno\u015bci skutecznie chroni pasz\u0119 przed dzia\u0142aniem czynnik\u00f3w zewn\u0119trznych, takich jak wilgo\u0107, powietrze czy promieniowanie UV. Najwa\u017cniejsze cechy: Wytrzyma\u0142o\u015b\u0107 \u2013 folia o grubo\u015bci 22 mikron\u00f3w cechuje si\u0119 wysok\u0105 odporno\u015bci\u0105 [&hellip;]<\/p>","protected":false},"featured_media":5134,"template":"","meta":{"site-sidebar-layout":"default","site-content-layout":"","ast-site-content-layout":"default","site-content-style":"default","site-sidebar-style":"default","ast-global-header-display":"","ast-banner-title-visibility":"","ast-main-header-display":"","ast-hfb-above-header-display":"","ast-hfb-below-header-display":"","ast-hfb-mobile-header-display":"","site-post-title":"","ast-breadcrumbs-content":"","ast-featured-img":"","footer-sml-layout":"","theme-transparent-header-meta":"default","adv-header-id-meta":"","stick-header-meta":"default","header-above-stick-meta":"","header-main-stick-meta":"","header-below-stick-meta":"","astra-migrate-meta-layouts":"set","ast-page-background-enabled":"default","ast-page-background-meta":{"desktop":{"background-color":"var(--ast-global-color-4)","background-image":"","background-repeat":"repeat","background-position":"center center","background-size":"auto","background-attachment":"scroll","background-type":"","background-media":"","overlay-type":"","overlay-color":"","overlay-opacity":"","overlay-gradient":""},"tablet":{"background-color":"","background-image":"","background-repeat":"repeat","background-position":"center center","background-size":"auto","background-attachment":"scroll","background-type":"","background-media":"","overlay-type":"","overlay-color":"","overlay-opacity":"","overlay-gradient":""},"mobile":{"background-color":"","background-image":"","background-repeat":"repeat","background-position":"center center","background-size":"auto","background-attachment":"scroll","background-type":"","background-media":"","overlay-type":"","overlay-color":"","overlay-opacity":"","overlay-gradient":""}},"ast-content-background-meta":{"desktop":{"background-color":"var(--ast-global-color-5)","background-image":"","background-repeat":"repeat","background-position":"center center","background-size":"auto","background-attachment":"scroll","background-type":"","background-media":"","overlay-type":"","overlay-color":"","overlay-opacity":"","overlay-gradient":""},"tablet":{"background-color":"var(--ast-global-color-5)","background-image":"","background-repeat":"repeat","background-position":"center center","background-size":"auto","background-attachment":"scroll","background-type":"","background-media":"","overlay-type":"","overlay-color":"","overlay-opacity":"","overlay-gradient":""},"mobile":{"background-color":"var(--ast-global-color-5)","background-image":"","background-repeat":"repeat","background-position":"center center","background-size":"auto","background-attachment":"scroll","background-type":"","background-media":"","overlay-type":"","overlay-color":"","overlay-opacity":"","overlay-gradient":""}}},"product_brand":[],"product_cat":[214],"product_tag":[],"class_list":{"0":"post-5136","1":"product","2":"type-product","3":"status-publish","4":"has-post-thumbnail","6":"product_cat-folia-do-sianokiszonki","7":"desktop-align-left","8":"tablet-align-left","9":"mobile-align-left","10":"ast-product-gallery-layout-horizontal","11":"ast-product-gallery-with-no-image","12":"ast-product-tabs-layout-horizontal","14":"first","15":"instock","16":"shipping-taxable","17":"product-type-simple"},"_links":{"self":[{"href":"https:\/\/wimar.net\/fr\/wp-json\/wp\/v2\/product\/5136","targetHints":{"allow":["GET"]}}],"collection":[{"href":"https:\/\/wimar.net\/fr\/wp-json\/wp\/v2\/product"}],"about":[{"href":"https:\/\/wimar.net\/fr\/wp-json\/wp\/v2\/types\/product"}],"version-history":[{"count":5,"href":"https:\/\/wimar.net\/fr\/wp-json\/wp\/v2\/product\/5136\/revisions"}],"predecessor-version":[{"id":6004,"href":"https:\/\/wimar.net\/fr\/wp-json\/wp\/v2\/product\/5136\/revisions\/6004"}],"wp:featuredmedia":[{"embeddable":true,"href":"https:\/\/wimar.net\/fr\/wp-json\/wp\/v2\/media\/5134"}],"wp:attachment":[{"href":"https:\/\/wimar.net\/fr\/wp-json\/wp\/v2\/media?parent=5136"}],"wp:term":[{"taxonomy":"product_brand","embeddable":true,"href":"https:\/\/wimar.net\/fr\/wp-json\/wp\/v2\/product_brand?post=5136"},{"taxonomy":"product_cat","embeddable":true,"href":"https:\/\/wimar.net\/fr\/wp-json\/wp\/v2\/product_cat?post=5136"},{"taxonomy":"product_tag","embeddable":true,"href":"https:\/\/wimar.net\/fr\/wp-json\/wp\/v2\/product_tag?post=5136"}],"curies":[{"name":"wp","href":"https:\/\/api.w.org\/{rel}","templated":true}]}}