{"id":5873,"date":"2025-03-19T09:53:07","date_gmt":"2025-03-19T08:53:07","guid":{"rendered":"https:\/\/wimar.net\/?post_type=product&#038;p=5873"},"modified":"2025-03-19T09:58:33","modified_gmt":"2025-03-19T08:58:33","slug":"noz-szkolkarski-do-szczepienia-roz-due-buoi-213c","status":"publish","type":"product","link":"https:\/\/wimar.net\/fr\/produit\/noz-szkolkarski-do-szczepienia-roz-due-buoi-213c\/","title":{"rendered":"N\u00f3\u017c szk\u00f3\u0142karski do szczepienia r\u00f3\u017c Due Buoi 213C"},"content":{"rendered":"<h3 data-start=\"0\" data-end=\"298\">N\u00f3\u017c szk\u00f3\u0142karski do szczepie\u0144<\/h3>\n<p data-start=\"0\" data-end=\"298\">N\u00f3\u017c szk\u00f3\u0142karski do szczepienia r\u00f3\u017c Due Buoi 213C to profesjonalne narz\u0119dzie stworzone z my\u015bl\u0105 o precyzyjnych pracach ogrodniczych, zw\u0142aszcza przy szczepieniu r\u00f3\u017c i innych ro\u015blin. Wykonany z wysokiej jako\u015bci materia\u0142\u00f3w, zapewnia precyzj\u0119 ci\u0119cia oraz komfort pracy, niezb\u0119dny zar\u00f3wno dla profesjonalnych szk\u00f3\u0142karzy, jak i pasjonat\u00f3w ogrodnictwa.<\/p>\n<p data-start=\"0\" data-end=\"298\">Due Buoi (Dwa Wo\u0142y) to rodzinna firma za\u0142o\u017cona w 1884 roku we W\u0142oszech od czterech pokole\u0144 produkuj\u0105ca no\u017ce i narz\u0119dzia dla rolnictwa. DueBuoi opracowa\u0142a w\u0142asn\u0105, pilnie przechowywan\u0105 metod\u0119 obr\u00f3bki metalu\u00a0<em>extra duro<\/em>, dzi\u0119ki kt\u00f3rej ostrza produkowanych no\u017cy i sekator\u00f3w zachowuj\u0105 wyj\u0105tkow\u0105 trwa\u0142o\u015b\u0107. Firma z Maniago (miasta sztu\u0107c\u00f3w) znana jest w Italii z produkcji no\u017cy kuchennych, szk\u00f3\u0142karskich i survivalowych, sekator\u00f3w i siekier.<\/p>\n<h3 data-start=\"300\" data-end=\"324\">Caract\u00e9ristiques principales :<\/h3>\n<ul>\n<li data-start=\"326\" data-end=\"993\"><strong data-start=\"378\" data-end=\"405\">Wysoka jako\u015b\u0107 wykonania<\/strong> \u2013 Ostrze wykonane ze stali w\u0119glowej, gwarantuj\u0105ce trwa\u0142o\u015b\u0107 i precyzyjne ci\u0119cie.<\/li>\n<li data-start=\"326\" data-end=\"993\"><strong data-start=\"490\" data-end=\"523\">Specjalistyczne przeznaczenie<\/strong> \u2013 Zaprojektowany z my\u015bl\u0105 o szczepieniu r\u00f3\u017c, ale sprawdzi si\u0119 r\u00f3wnie\u017c przy innych precyzyjnych pracach ogrodniczych.<\/li>\n<li data-start=\"326\" data-end=\"993\"><strong data-start=\"644\" data-end=\"669\">Ergonomiczna r\u0119koje\u015b\u0107<\/strong> \u2013 Drewniana, wygodna r\u0119koje\u015b\u0107 zapewnia pewny chwyt i komfort pracy nawet podczas d\u0142ugiego u\u017cytkowania.<\/li>\n<li data-start=\"326\" data-end=\"993\"><strong data-start=\"777\" data-end=\"805\">Tradycyjna w\u0142oska jako\u015b\u0107<\/strong> \u2013 Produkt renomowanej w\u0142oskiej marki Due Buoi, znanej z produkcji profesjonalnych narz\u0119dzi ogrodniczych.<\/li>\n<li data-start=\"326\" data-end=\"993\"><strong data-start=\"915\" data-end=\"937\">Ostrze profilowane<\/strong> \u2013 U\u0142atwia wykonywanie precyzyjnych ci\u0119\u0107 niezb\u0119dnych przy szczepieniach.<\/li>\n<li data-start=\"326\" data-end=\"993\"><strong>D\u0142ugo\u015b\u0107 ostrza<\/strong> &#8211; 3 cm<\/li>\n<li data-start=\"326\" data-end=\"993\"><strong>Rozmiar ca\u0142kowity<\/strong> &#8211; 14 cm<\/li>\n<li data-start=\"326\" data-end=\"993\"><strong>Materia\u0142<\/strong> &#8211; R\u00f3g bawoli (r\u0119koje\u015b\u0107), lity mosi\u0105dz (wk\u0142adka), stal w\u0119glowa (ostrze)<\/li>\n<\/ul>\n<h3 data-start=\"995\" data-end=\"1012\">Application :<\/h3>\n<ul data-start=\"1014\" data-end=\"1347\">\n<li data-start=\"1035\" data-end=\"1137\"><strong data-start=\"1037\" data-end=\"1056\">Szczepienie r\u00f3\u017c<\/strong> \u2013 Idealny do wykonywania precyzyjnych naci\u0119\u0107 i szczepie\u0144 w szk\u00f3\u0142kach r\u00f3\u017canych.<\/li>\n<li data-start=\"1138\" data-end=\"1246\"><strong data-start=\"1140\" data-end=\"1162\">Prace szk\u00f3\u0142karskie<\/strong> \u2013 Doskona\u0142y do szczepienia i okulizacji drzew oraz krzew\u00f3w owocowych i ozdobnych.<\/li>\n<li data-start=\"1247\" data-end=\"1387\"><strong data-start=\"1249\" data-end=\"1289\">Prace ogrodnicze wymagaj\u0105ce precyzji<\/strong> \u2013 Sprawdzi si\u0119 wsz\u0119dzie tam, gdzie konieczne s\u0105 dok\u0142adne ci\u0119cia w delikatnym materiale ro\u015blinnym.<\/li>\n<\/ul>\n<h3 data-start=\"1394\" data-end=\"1450\">Dlaczego warto wybra\u0107 n\u00f3\u017c szk\u00f3\u0142karski Due Buoi 213C?<\/h3>\n<p data-start=\"1451\" data-end=\"1808\" data-is-last-node=\"\" data-is-only-node=\"\">N\u00f3\u017c Due Buoi 213C to niezast\u0105pione narz\u0119dzie dla ka\u017cdego ogrodnika i szk\u00f3\u0142karza ceni\u0105cego precyzj\u0119, jako\u015b\u0107 i komfort pracy. Dzi\u0119ki solidnemu wykonaniu i specjalistycznemu profilowi ostrza u\u0142atwia wykonywanie trudnych ci\u0119\u0107 przy szczepieniu ro\u015blin, gwarantuj\u0105c skuteczno\u015b\u0107 zabiegu i zdrowy rozw\u00f3j ro\u015blin. To inwestycja w profesjonalizm i niezawodno\u015b\u0107 na lata.<\/p>","protected":false},"excerpt":{"rendered":"<p>N\u00f3\u017c szk\u00f3\u0142karski do szczepie\u0144 N\u00f3\u017c szk\u00f3\u0142karski do szczepienia r\u00f3\u017c Due Buoi 213C to profesjonalne narz\u0119dzie stworzone z my\u015bl\u0105 o precyzyjnych pracach ogrodniczych, zw\u0142aszcza przy szczepieniu r\u00f3\u017c i innych ro\u015blin. Wykonany z wysokiej jako\u015bci materia\u0142\u00f3w, zapewnia precyzj\u0119 ci\u0119cia oraz komfort pracy, niezb\u0119dny zar\u00f3wno dla profesjonalnych szk\u00f3\u0142karzy, jak i pasjonat\u00f3w ogrodnictwa. Due Buoi (Dwa Wo\u0142y) to rodzinna [&hellip;]<\/p>","protected":false},"featured_media":5874,"template":"","meta":{"site-sidebar-layout":"default","site-content-layout":"","ast-site-content-layout":"default","site-content-style":"default","site-sidebar-style":"default","ast-global-header-display":"","ast-banner-title-visibility":"","ast-main-header-display":"","ast-hfb-above-header-display":"","ast-hfb-below-header-display":"","ast-hfb-mobile-header-display":"","site-post-title":"","ast-breadcrumbs-content":"","ast-featured-img":"","footer-sml-layout":"","theme-transparent-header-meta":"default","adv-header-id-meta":"","stick-header-meta":"default","header-above-stick-meta":"","header-main-stick-meta":"","header-below-stick-meta":"","astra-migrate-meta-layouts":"set","ast-page-background-enabled":"default","ast-page-background-meta":{"desktop":{"background-color":"var(--ast-global-color-4)","background-image":"","background-repeat":"repeat","background-position":"center center","background-size":"auto","background-attachment":"scroll","background-type":"","background-media":"","overlay-type":"","overlay-color":"","overlay-opacity":"","overlay-gradient":""},"tablet":{"background-color":"","background-image":"","background-repeat":"repeat","background-position":"center center","background-size":"auto","background-attachment":"scroll","background-type":"","background-media":"","overlay-type":"","overlay-color":"","overlay-opacity":"","overlay-gradient":""},"mobile":{"background-color":"","background-image":"","background-repeat":"repeat","background-position":"center center","background-size":"auto","background-attachment":"scroll","background-type":"","background-media":"","overlay-type":"","overlay-color":"","overlay-opacity":"","overlay-gradient":""}},"ast-content-background-meta":{"desktop":{"background-color":"var(--ast-global-color-5)","background-image":"","background-repeat":"repeat","background-position":"center center","background-size":"auto","background-attachment":"scroll","background-type":"","background-media":"","overlay-type":"","overlay-color":"","overlay-opacity":"","overlay-gradient":""},"tablet":{"background-color":"var(--ast-global-color-5)","background-image":"","background-repeat":"repeat","background-position":"center center","background-size":"auto","background-attachment":"scroll","background-type":"","background-media":"","overlay-type":"","overlay-color":"","overlay-opacity":"","overlay-gradient":""},"mobile":{"background-color":"var(--ast-global-color-5)","background-image":"","background-repeat":"repeat","background-position":"center center","background-size":"auto","background-attachment":"scroll","background-type":"","background-media":"","overlay-type":"","overlay-color":"","overlay-opacity":"","overlay-gradient":""}}},"product_brand":[],"product_cat":[253,258],"product_tag":[],"class_list":{"0":"post-5873","1":"product","2":"type-product","3":"status-publish","4":"has-post-thumbnail","6":"product_cat-noze","7":"product_cat-reczne-narzedzia-ogrodnicze","8":"desktop-align-left","9":"tablet-align-left","10":"mobile-align-left","11":"ast-product-gallery-layout-horizontal","12":"ast-product-gallery-with-no-image","13":"ast-product-tabs-layout-horizontal","15":"first","16":"instock","17":"shipping-taxable","18":"product-type-simple"},"_links":{"self":[{"href":"https:\/\/wimar.net\/fr\/wp-json\/wp\/v2\/product\/5873","targetHints":{"allow":["GET"]}}],"collection":[{"href":"https:\/\/wimar.net\/fr\/wp-json\/wp\/v2\/product"}],"about":[{"href":"https:\/\/wimar.net\/fr\/wp-json\/wp\/v2\/types\/product"}],"version-history":[{"count":2,"href":"https:\/\/wimar.net\/fr\/wp-json\/wp\/v2\/product\/5873\/revisions"}],"predecessor-version":[{"id":7312,"href":"https:\/\/wimar.net\/fr\/wp-json\/wp\/v2\/product\/5873\/revisions\/7312"}],"wp:featuredmedia":[{"embeddable":true,"href":"https:\/\/wimar.net\/fr\/wp-json\/wp\/v2\/media\/5874"}],"wp:attachment":[{"href":"https:\/\/wimar.net\/fr\/wp-json\/wp\/v2\/media?parent=5873"}],"wp:term":[{"taxonomy":"product_brand","embeddable":true,"href":"https:\/\/wimar.net\/fr\/wp-json\/wp\/v2\/product_brand?post=5873"},{"taxonomy":"product_cat","embeddable":true,"href":"https:\/\/wimar.net\/fr\/wp-json\/wp\/v2\/product_cat?post=5873"},{"taxonomy":"product_tag","embeddable":true,"href":"https:\/\/wimar.net\/fr\/wp-json\/wp\/v2\/product_tag?post=5873"}],"curies":[{"name":"wp","href":"https:\/\/api.w.org\/{rel}","templated":true}]}}